{"id":2238,"date":"2024-12-10T16:11:57","date_gmt":"2024-12-10T08:11:57","guid":{"rendered":"https:\/\/ruiqigo.com\/?post_type=product&#038;p=2238"},"modified":"2024-12-10T16:13:07","modified_gmt":"2024-12-10T08:13:07","slug":"vanilla-essential-oil","status":"publish","type":"product","link":"https:\/\/www.ruiqigo.com\/fr\/product\/vanilla-essential-oil","title":{"rendered":"Huile essentielle de vanille"},"content":{"rendered":"<h2 class=\"wp-block-heading\">Formules courantes de fabrication de l&#039;huile essentielle de vanille<\/h2>\n\n\n\n<p>Lors de la production d&#039;huile essentielle de vanille, nous avons con\u00e7u une vari\u00e9t\u00e9 de formulations scientifiques en fonction de diff\u00e9rents types de cheveux et pr\u00e9f\u00e9rences, dans le but de vous proposer une huile essentielle s\u00fbre et efficace pour le soin des cheveux.<\/p>\n\n\n\n<p>1. Huile essentielle de vanille : elle joue un r\u00f4le important en tant qu&#039;ingr\u00e9dient de base. En plus d&#039;apporter une hydratation et des nutriments ad\u00e9quats aux cheveux, elle peut p\u00e9n\u00e9trer profond\u00e9ment dans les cheveux pour r\u00e9parer la texture des cheveux ab\u00eem\u00e9s et restaurer l&#039;\u00e9lasticit\u00e9 des cheveux. En m\u00eame temps, il a \u00e9galement un certain effet r\u00e9parateur, renfor\u00e7ant les racines des cheveux et emp\u00eachant les cheveux de se dess\u00e9cher, de se casser et de se fendre.<\/p>\n\n\n\n<p>2. Vitamines : L&#039;huile essentielle de vanille est riche en une vari\u00e9t\u00e9 de vitamines, elles ont un certain effet antioxydant et peuvent r\u00e9sister aux dommages des radicaux libres, pour prot\u00e9ger les cheveux des dommages de l&#039;environnement ext\u00e9rieur.<\/p>\n\n\n\n<p>3. Vanilline : Principale source de saveur de vanille, cet ar\u00f4me riche peut vous aider \u00e0 vous d\u00e9tendre, \u00e0 soulager le stress et \u00e0 apporter une bonne exp\u00e9rience utilisateur.<\/p>\n\n\n\n<p>4. Eug\u00e9nol : L&#039;huile essentielle de vanille contient des propri\u00e9t\u00e9s antibact\u00e9riennes et anti-inflammatoires qui r\u00e9duisent l&#039;inflammation du cuir chevelu et r\u00e9parent les follicules pileux endommag\u00e9s. Elle am\u00e9liore \u00e9galement la circulation sanguine, ce qui favorise la pousse des cheveux.<\/p>\n\n\n\n<h2 class=\"wp-block-heading\">Les fonctions de l&#039;huile essentielle de vanille<\/h2>\n\n\n\n<p>En tant que fabricant professionnel d&#039;huile essentielle de vanille, nous nous engageons \u00e0 cr\u00e9er pour vous des produits de haute qualit\u00e9 et performants. Non seulement des mati\u00e8res premi\u00e8res soigneusement s\u00e9lectionn\u00e9es, mais aussi l&#039;utilisation d&#039;une technologie d&#039;extraction avanc\u00e9e et le chauffage par pressage, pour assurer l&#039;efficacit\u00e9 maximale du produit.<\/p>\n\n\n\n<p>1. Hydratant et nourrissant : l&#039;huile essentielle de vanille a un effet hydratant efficace et est riche en une vari\u00e9t\u00e9 de nutriments, qui peuvent non seulement compl\u00e9ter la nutrition en profondeur dans les cheveux, mais aussi former un film protecteur sur les cheveux pour retenir l&#039;eau, emp\u00eachant ainsi les cheveux de s\u00e9cher et de se casser. Une utilisation \u00e0 long terme rendra vos cheveux doux et brillants.<\/p>\n\n\n\n<p>2. Am\u00e9liore la qualit\u00e9 des cheveux : l&#039;application d&#039;huile essentielle de soin capillaire r\u00e9parera les cheveux ab\u00eem\u00e9s et renforcera leur fonction barri\u00e8re. Pour les cheveux secs, cassants et fourchus, vos cheveux seront plus forts et plus sains tant que vous insisterez pour l&#039;utiliser.<\/p>\n\n\n\n<p>3. Parfum durable : l&#039;huile essentielle de vanille a un ar\u00f4me unique qui est agr\u00e9able \u00e0 utiliser. Elle peut \u00e9galement d\u00e9tendre le corps et l&#039;esprit et soulager le stress et la fatigue. En m\u00eame temps, cet effet aromatique charmant dure et am\u00e9liore \u00e9galement le temp\u00e9rament de l&#039;image personnelle.<\/p>\n\n\n\n<p>4. Apaisant et anti-inflammatoire : Nos huiles essentielles contiennent des ingr\u00e9dients anti-inflammatoires et apaisants qui apaisent le cuir chevelu, \u00e9liminent l&#039;inflammation, r\u00e9duisent davantage les pellicules et les d\u00e9mangeaisons et rendent les cheveux plus sains.<\/p>\n\n\n\n<p>5. Favorise la croissance : l&#039;huile essentielle de vanille peut stimuler la circulation sanguine du cuir chevelu et fournir plus de nutriments aux follicules pileux, favorisant ainsi la croissance des cheveux, rendant les cheveux plus sains et plus denses.<\/p>\n\n\n\n<h2 class=\"wp-block-heading\">Comment utiliser l\u2019huile essentielle de vanille ?<\/h2>\n\n\n\n<p>Nous attachons une grande importance \u00e0 la qualit\u00e9 des produits, c&#039;est pourquoi, dans le processus de production de l&#039;huile essentielle de vanille, nous disposons de diff\u00e9rents syst\u00e8mes de test de qualit\u00e9 pour garantir la qualit\u00e9 et la s\u00e9curit\u00e9 des produits. Nous \u00e9chantillonnerons \u00e9galement le produit fini pour garantir que chaque bouteille a des performances stables. Dans le m\u00eame temps, nous marquerons \u00e9galement l&#039;utilisation de l&#039;emballage.<\/p>\n\n\n\n<p>1. Avant le shampooing : Appliquez uniform\u00e9ment la quantit\u00e9 appropri\u00e9e d&#039;huile essentielle de vanille sur les cheveux et le cuir chevelu et massez doucement le c\u00f4t\u00e9 des doigts, puis enveloppez les cheveux avec une serviette et laissez agir 10 \u00e0 15 minutes avant le shampooing.<\/p>\n\n\n\n<p>2. Apr\u00e8s le shampooing : Apr\u00e8s le shampooing, vous pouvez l&#039;appliquer deux fois. Pour la premi\u00e8re fois, s\u00e9chez doucement vos cheveux avec une serviette, prenez une quantit\u00e9 appropri\u00e9e d&#039;huile essentielle de vanille, frottez-la et chauffez-la, puis appliquez-la uniform\u00e9ment du milieu jusqu&#039;aux pointes de vos cheveux. Vous pouvez ensuite masser doucement vos cheveux et les laisser s\u00e9cher \u00e0 l&#039;air libre ou les s\u00e9cher au s\u00e8che-cheveux. La deuxi\u00e8me fois, r\u00e9p\u00e9tez l&#039;op\u00e9ration une fois que les cheveux sont l\u00e9g\u00e8rement secs, puis continuez \u00e0 s\u00e9cher. Veillez \u00e0 ne pas l&#039;appliquer sur le cuir chevelu pendant ce processus, car cela peut obstruer les pores.<\/p>\n\n\n\n<p>3. Soins quotidiens : Lorsque les cheveux sont secs, vous pouvez frotter une petite quantit\u00e9 d&#039;huile essentielle de soin capillaire, l&#039;appliquer sur les pointes des cheveux apr\u00e8s chauffage et masser doucement pour l&#039;absorber.<\/p>\n\n\n\n<h2 class=\"wp-block-heading\">Prudence<\/h2>\n\n\n\n<p>1. Lors du choix des produits, vous devez choisir votre huile essentielle de soin capillaire en fonction de la qualit\u00e9 de vos cheveux et de vos besoins\u00a0;<\/p>\n\n\n\n<p>2. Des tests allergiques doivent \u00eatre effectu\u00e9s la premi\u00e8re fois. En cas d&#039;inconfort, veuillez cesser imm\u00e9diatement de l&#039;utiliser.<\/p>\n\n\n\n<p>3. Faites attention au principe de la quantit\u00e9 appropri\u00e9e lors de l&#039;application, pour \u00e9viter un exc\u00e8s d&#039;huile essentielle de soin des cheveux qui entra\u00eene des cheveux gras et bloque les pores\u00a0;<\/p>\n\n\n\n<p>4. Faites attention \u00e0 la fr\u00e9quence d&#039;utilisation, 2 \u00e0 3 fois par semaine sont recommand\u00e9es, une utilisation fr\u00e9quente peut affecter l&#039;effet du soin capillaire ;<\/p>\n\n\n\n<p>5. Observer r\u00e9guli\u00e8rement les changements dans la qualit\u00e9 des cheveux et proc\u00e9der aux ajustements correspondants ;<\/p>\n\n\n\n<p>6. Il est recommand\u00e9 de conserver dans un endroit frais et sec pour \u00e9viter la lumi\u00e8re directe du soleil et les environnements \u00e0 haute temp\u00e9rature entra\u00eenant la d\u00e9t\u00e9rioration des huiles essentielles<\/p>\n\n\n\n<h2 class=\"wp-block-heading\">Conclusion<\/h2>\n\n\n\n<p>En tant que fabricant, nous comprenons votre d\u00e9sir d&#039;avoir des cheveux sains et doux. Nous combinons donc l&#039;huile essentielle de vanille naturelle avec des ingr\u00e9dients nourrissants tr\u00e8s efficaces pour donner au produit une puissante fonction de gu\u00e9rison. Dans le m\u00eame temps, nous pr\u00eatons \u00e9galement attention \u00e0 la diversification et \u00e0 l&#039;individualisation des produits, en cr\u00e9ant une s\u00e9rie d&#039;huiles essentielles de vanille, adapt\u00e9es \u00e0 diff\u00e9rents types de cheveux et pr\u00e9f\u00e9rences, vous pouvez \u00eatre assur\u00e9 que vous pouvez les utiliser. En termes de contr\u00f4le qualit\u00e9, nous accordons plus d&#039;attention \u00e0 l&#039;ensemble du processus de production avec diff\u00e9rents contr\u00f4les qualit\u00e9 et tests de s\u00e9curit\u00e9 pour garantir la s\u00e9curit\u00e9 et l&#039;efficacit\u00e9 de chaque bouteille d&#039;huile essentielle de vanille. Veuillez nous contacter si vous \u00eates \u00e9galement int\u00e9ress\u00e9.<\/p>","protected":false},"excerpt":{"rendered":"Vanilla Essential Oil Manufacturing Common Formulas In the production of vanilla essential oil, we have designed a variety of scientific formulations according to different hair types and preferences, aiming to bring you safe and effective essential oil for hair care. 1. Vanilla essential oil: It plays an important role as a core ingredient. In addition [&hellip;]","protected":false},"featured_media":2239,"menu_order":0,"template":"","meta":[],"product-tag":[],"products":[53],"class_list":["post-2238","product","type-product","status-publish","has-post-thumbnail","hentry","products-essential-oil"],"acf":[],"_links":{"self":[{"href":"https:\/\/www.ruiqigo.com\/fr\/wp-json\/wp\/v2\/product\/2238","targetHints":{"allow":["GET"]}}],"collection":[{"href":"https:\/\/www.ruiqigo.com\/fr\/wp-json\/wp\/v2\/product"}],"about":[{"href":"https:\/\/www.ruiqigo.com\/fr\/wp-json\/wp\/v2\/types\/product"}],"version-history":[{"count":0,"href":"https:\/\/www.ruiqigo.com\/fr\/wp-json\/wp\/v2\/product\/2238\/revisions"}],"wp:featuredmedia":[{"embeddable":true,"href":"https:\/\/www.ruiqigo.com\/fr\/wp-json\/wp\/v2\/media\/2239"}],"wp:attachment":[{"href":"https:\/\/www.ruiqigo.com\/fr\/wp-json\/wp\/v2\/media?parent=2238"}],"wp:term":[{"taxonomy":"product-tag","embeddable":true,"href":"https:\/\/www.ruiqigo.com\/fr\/wp-json\/wp\/v2\/product-tag?post=2238"},{"taxonomy":"products","embeddable":true,"href":"https:\/\/www.ruiqigo.com\/fr\/wp-json\/wp\/v2\/products?post=2238"}],"curies":[{"name":"wp","href":"https:\/\/api.w.org\/{rel}","templated":true}]}}