{"id":2246,"date":"2024-12-12T11:22:05","date_gmt":"2024-12-12T03:22:05","guid":{"rendered":"https:\/\/ruiqigo.com\/?post_type=product&#038;p=2246"},"modified":"2024-12-12T11:22:55","modified_gmt":"2024-12-12T03:22:55","slug":"rose-essential-oil","status":"publish","type":"product","link":"https:\/\/www.ruiqigo.com\/fr\/product\/rose-essential-oil","title":{"rendered":"Huile essentielle de rose"},"content":{"rendered":"<h2 class=\"wp-block-heading\">Formules courantes de fabrication de l&#039;huile essentielle de rose<\/h2>\n\n\n\n<p>Le processus de production de l&#039;huile essentielle de rose est relativement d\u00e9licat et des param\u00e8tres tels que la temp\u00e9rature, la pression et le temps doivent \u00eatre strictement contr\u00f4l\u00e9s pour garantir la qualit\u00e9 et l&#039;efficacit\u00e9 optimales de l&#039;huile essentielle. Voici ses principaux ingr\u00e9dients :<\/p>\n\n\n\n<p>1. Roses : En tant qu&#039;ingr\u00e9dient de base, les roses jouent un r\u00f4le important. Elles ont des propri\u00e9t\u00e9s antibact\u00e9riennes qui \u00e9liminent les bact\u00e9ries et la salet\u00e9, nettoient les follicules pileux et \u00e9liminent les pellicules. Elles favorisent \u00e9galement la circulation sanguine ainsi qu&#039;une bonne digestion et une bonne d\u00e9toxification, stimulant ainsi une croissance saine des cheveux.<\/p>\n\n\n\n<p>2. Huile de Babajo : En tant qu&#039;huile de base, l&#039;huile de jojoba peut diluer la concentration d&#039;huile essentielle de rose pour r\u00e9duire l&#039;irritation. En m\u00eame temps, elle a d&#039;excellents effets hydratants et p\u00e9n\u00e9trants, qui peuvent p\u00e9n\u00e9trer profond\u00e9ment dans la peau et retenir l&#039;eau, jouant un r\u00f4le hydratant synergique. De plus, elle a un effet r\u00e9parateur sur les probl\u00e8mes de peau s\u00e8che, rugueuse et sensible et peut favoriser la sant\u00e9 de la peau.<\/p>\n\n\n\n<p>3. Vitamine E : La vitamine E poss\u00e8de des propri\u00e9t\u00e9s antioxydantes qui peuvent r\u00e9sister aux dommages caus\u00e9s par les radicaux libres, r\u00e9duire les dommages cellulaires et retarder le vieillissement de la peau. Elle peut \u00e9galement favoriser le m\u00e9tabolisme, acc\u00e9l\u00e9rer le taux de renouvellement cellulaire et rendre la peau plus lisse et plus d\u00e9licate.<\/p>\n\n\n\n<p>4. Citronellol : L&#039;huile essentielle de rose au citronellol a un ar\u00f4me charmant et peut apaiser le cuir chevelu et d\u00e9tendre le corps et l&#039;esprit, mais peut \u00e9galement soulager le stress, l&#039;anxi\u00e9t\u00e9 et d&#039;autres \u00e9motions. De plus, cet ar\u00f4me peut am\u00e9liorer l&#039;odeur des cheveux.<\/p>\n\n\n\n<h2 class=\"wp-block-heading\">Les fonctions de l&#039;huile essentielle de rose<\/h2>\n\n\n\n<p>En tant que fabricants professionnels d&#039;huile essentielle de rose, nous avons \u00e9tudi\u00e9 les principes actifs des roses et cr\u00e9\u00e9 une huile essentielle de rose adapt\u00e9e \u00e0 la plupart des personnes en fonction des multiples fonctions conf\u00e9r\u00e9es par ces ingr\u00e9dients. D\u00e9couvrons ses effets.<\/p>\n\n\n\n<p>1. Hydrater et retenir l&#039;eau : l&#039;huile essentielle de rose peut fournir de l&#039;humidit\u00e9 et de la nutrition en profondeur dans la peau et retenir l&#039;eau pour garder la peau hydrat\u00e9e.<\/p>\n\n\n\n<p>2. \u00c9limination des pellicules : notre produit \u00e9limine efficacement les bact\u00e9ries et la salet\u00e9, hydrate les follicules pileux, nettoie les follicules pileux, \u00e9limine davantage les pellicules et garde le cuir chevelu frais.<\/p>\n\n\n\n<p>3. Favorise la pousse des cheveux : lors de l&#039;application d&#039;huile essentielle, elle favorisera la circulation sanguine, fournira une nutrition ad\u00e9quate aux follicules pileux et favorisera le taux de renouvellement cellulaire. Dans le m\u00eame temps, l&#039;huile essentielle de rose peut \u00e9galement lisser les cheveux ab\u00eem\u00e9s, renforcer les follicules pileux, pr\u00e9venir la casse des cheveux et favoriser davantage la pousse des cheveux.<\/p>\n\n\n\n<p>4. \u00c9liminez les cernes et les rides : les antioxydants riches peuvent aider \u00e0 \u00e9liminer les poches et \u00e0 am\u00e9liorer les cernes. En m\u00eame temps, ils r\u00e9sistent constamment aux dommages des radicaux libres, retardent le vieillissement cellulaire, favorisent le m\u00e9tabolisme de la peau, r\u00e9duisent encore l&#039;apparence des rides et rendent la peau plus tendre et plus \u00e9lastique.<\/p>\n\n\n\n<p>5. Soulage le stress et la douleur : le parfum des roses peut d\u00e9tendre votre corps et votre esprit, soulager le stress et la mauvaise humeur, et \u00e9galement soulager la douleur. L&#039;ar\u00f4me am\u00e9liorera \u00e9galement la qualit\u00e9 de votre sommeil.<\/p>\n\n\n\n<p>6. Antibact\u00e9rien et anti-inflammatoire : Notre huile essentielle poss\u00e8de d&#039;excellentes propri\u00e9t\u00e9s antibact\u00e9riennes et anti-inflammatoires, peut traiter les infections cutan\u00e9es, les inflammations, les d\u00e9mangeaisons du cuir chevelu et d&#039;autres probl\u00e8mes, mais peut \u00e9galement r\u00e9guler l&#039;huile du cuir chevelu, en particulier les cheveux gras.<\/p>\n\n\n\n<h2 class=\"wp-block-heading\">Comment utiliser l&#039;huile essentielle de rose ?<\/h2>\n\n\n\n<p>Nous utilisons un emballage d\u00e9licat et portable dans la production, qu&#039;il soit adapt\u00e9 \u00e0 un cadeau ou \u00e0 un usage familial. L&#039;huile essentielle de rose a une texture rafra\u00eechissante et est facilement absorb\u00e9e, elle est donc polyvalente et peut \u00eatre utilis\u00e9e dans les soins de la peau, du visage, des cheveux, etc. Je vais aborder en d\u00e9tail la section sur les soins capillaires :<\/p>\n\n\n\n<p>1. Traitement en profondeur : m\u00e9langez d&#039;abord l&#039;huile essentielle de rose avec l&#039;huile de base en proportions, puis appliquez uniform\u00e9ment sur les cheveux et massez doucement le cuir chevelu et les cheveux avec les doigts pour favoriser l&#039;absorption. Enveloppez vos cheveux dans une serviette chaude et maintenez-les au chaud pendant 15 \u00e0 20 minutes avant de les rincer \u00e0 l&#039;eau ou de les laver au shampoing.<\/p>\n\n\n\n<p>1. Soins capillaires quotidiens : apr\u00e8s avoir lav\u00e9 vos cheveux, s\u00e9chez-les d\u00e9licatement avec une serviette, puis m\u00e9langez une quantit\u00e9 appropri\u00e9e d&#039;huile essentielle de rose avec l&#039;huile de base et appliquez-la uniform\u00e9ment du milieu jusqu&#039;aux pointes de vos cheveux, en particulier l\u00e0 o\u00f9 ils sont secs et fourchus. Apr\u00e8s l&#039;application, vous pouvez masser doucement vos cheveux pour favoriser l&#039;absorption, puis laisser s\u00e9cher vos cheveux \u00e0 l&#039;air libre ou les s\u00e9cher au s\u00e8che-cheveux.<\/p>\n\n\n\n<h2 class=\"wp-block-heading\">Prudence<\/h2>\n\n\n\n<p>1. L&#039;huile essentielle de rose a une concentration \u00e9lev\u00e9e et doit \u00eatre dilu\u00e9e avec une huile de base, comme l&#039;huile de jojoba, l&#039;huile de coco, etc.<\/p>\n\n\n\n<p>2. Faites attention au principe de la quantit\u00e9 appropri\u00e9e lors de l&#039;utilisation, pour \u00e9viter les exc\u00e8s d&#039;huiles essentielles qui entra\u00eenent des cheveux gras et des pores obstru\u00e9s\u00a0;<\/p>\n\n\n\n<p>3. Des tests allergiques doivent \u00eatre effectu\u00e9s la premi\u00e8re fois. En cas d&#039;inconfort, arr\u00eatez imm\u00e9diatement l&#039;utilisation ;<\/p>\n\n\n\n<p>4. Il est recommand\u00e9 de l&#039;utiliser 1 \u00e0 2 fois par semaine pour \u00e9viter qu&#039;une application fr\u00e9quente n&#039;affecte son effet ;<\/p>\n\n\n\n<p>5. Il est recommand\u00e9 de stocker dans un endroit frais et sec, et d&#039;\u00e9viter la lumi\u00e8re directe du soleil et les environnements \u00e0 haute temp\u00e9rature\u00a0;<\/p>\n\n\n\n<h2 class=\"wp-block-heading\">Conclusion<\/h2>\n\n\n\n<p>Notre huile essentielle de rose soigneusement \u00e9labor\u00e9e contient non seulement des ingr\u00e9dients s\u00fbrs, doux et inoffensifs, mais a \u00e9galement de multiples effets pour prot\u00e9ger votre sant\u00e9 et votre beaut\u00e9 sous tous les aspects. Nous proposons une vari\u00e9t\u00e9 d&#039;options, vous pouvez en fonction de vos pr\u00e9f\u00e9rences et de vos besoins choisir celle qui vous convient. Bien entendu, nous proposons \u00e9galement un service de personnalisation complet, qu&#039;il s&#039;agisse d&#039;ajustement de formule ou de conception d&#039;emballage, nous poursuivrons le nec plus ultra, pour cr\u00e9er votre marque et vous aider \u00e0 gagner un avantage concurrentiel sur le march\u00e9 de l&#039;huile de rose. Si vous \u00eates \u00e9galement int\u00e9ress\u00e9 par nos produits, veuillez nous contacter.<\/p>","protected":false},"excerpt":{"rendered":"Rose Essential Oil Manufacturing Common Formulas The production process of rose essential oil is relatively delicate, and parameters such as temperature, pressure, and time must be strictly controlled to ensure the optimal quality and efficacy of the essential oil. Here are its main ingredients: 1. Roses: As the core ingredient, roses play an important role. [&hellip;]","protected":false},"featured_media":2247,"menu_order":0,"template":"","meta":[],"product-tag":[],"products":[53],"class_list":["post-2246","product","type-product","status-publish","has-post-thumbnail","hentry","products-essential-oil"],"acf":[],"_links":{"self":[{"href":"https:\/\/www.ruiqigo.com\/fr\/wp-json\/wp\/v2\/product\/2246","targetHints":{"allow":["GET"]}}],"collection":[{"href":"https:\/\/www.ruiqigo.com\/fr\/wp-json\/wp\/v2\/product"}],"about":[{"href":"https:\/\/www.ruiqigo.com\/fr\/wp-json\/wp\/v2\/types\/product"}],"version-history":[{"count":0,"href":"https:\/\/www.ruiqigo.com\/fr\/wp-json\/wp\/v2\/product\/2246\/revisions"}],"wp:featuredmedia":[{"embeddable":true,"href":"https:\/\/www.ruiqigo.com\/fr\/wp-json\/wp\/v2\/media\/2247"}],"wp:attachment":[{"href":"https:\/\/www.ruiqigo.com\/fr\/wp-json\/wp\/v2\/media?parent=2246"}],"wp:term":[{"taxonomy":"product-tag","embeddable":true,"href":"https:\/\/www.ruiqigo.com\/fr\/wp-json\/wp\/v2\/product-tag?post=2246"},{"taxonomy":"products","embeddable":true,"href":"https:\/\/www.ruiqigo.com\/fr\/wp-json\/wp\/v2\/products?post=2246"}],"curies":[{"name":"wp","href":"https:\/\/api.w.org\/{rel}","templated":true}]}}