{"id":2252,"date":"2024-12-13T16:30:51","date_gmt":"2024-12-13T08:30:51","guid":{"rendered":"https:\/\/ruiqigo.com\/?post_type=product&#038;p=2252"},"modified":"2024-12-13T16:32:03","modified_gmt":"2024-12-13T08:32:03","slug":"deep-conditioner","status":"publish","type":"product","link":"https:\/\/www.ruiqigo.com\/fr\/product\/deep-conditioner","title":{"rendered":"Revitalisant en profondeur"},"content":{"rendered":"<h2 class=\"wp-block-heading\">Formules courantes de fabrication de revitalisants en profondeur<\/h2>\n\n\n\n<p>En tant que fabricant professionnel de revitalisants en profondeur, nous utilisons une vari\u00e9t\u00e9 d&#039;ingr\u00e9dients naturels et efficaces et une correspondance scientifique, dans le but de cr\u00e9er un revitalisant capillaire r\u00e9parateur en profondeur et nourrissant pour vous.<\/p>\n\n\n\n<p>1. Essence de prot\u00e9ines : les prot\u00e9ines sont un \u00e9l\u00e9ment important des cheveux et l&#039;essence de prot\u00e9ines peut p\u00e9n\u00e9trer profond\u00e9ment dans les cheveux et les impr\u00e9gner fortement, et reconstituer les prot\u00e9ines perdues, pour r\u00e9parer les cheveux ab\u00eem\u00e9s. Elle renforce \u00e9galement la k\u00e9ratine, rendant les cheveux plus forts et r\u00e9duisant la casse des cheveux.<\/p>\n\n\n\n<p>2. Huile d&#039;amande : L&#039;huile d&#039;amande peut fournir suffisamment d&#039;hydratation et de nutrition aux cheveux tout en r\u00e9parant les cheveux ab\u00eem\u00e9s, les rendant plus lisses et moins cassants. En m\u00eame temps, elle stimule \u00e9galement les follicules pileux, ce qui favorise une croissance saine des cheveux.<\/p>\n\n\n\n<p>3. Beurre de karit\u00e9 : Le beurre de karit\u00e9 a des propri\u00e9t\u00e9s antibact\u00e9riennes et anti-inflammatoires, qui peuvent r\u00e9duire l&#039;inflammation et l&#039;inconfort du cuir chevelu. Il apporte \u00e9galement des nutriments et de l&#039;humidit\u00e9 au cuir chevelu, donnant aux cheveux un \u00e9clat plus brillant.<\/p>\n\n\n\n<p>4. Multivitamines : les multivitamines peuvent non seulement r\u00e9guler la s\u00e9cr\u00e9tion de s\u00e9bum sur le cuir chevelu et garder les cheveux frais, mais aussi fournir une nutrition compl\u00e8te, nourrir en profondeur les cheveux et favoriser leur croissance saine. En m\u00eame temps, la vitamine E a un effet antioxydant, qui peut r\u00e9duire les dommages caus\u00e9s par les radicaux libres et am\u00e9liorer l&#039;\u00e9lasticit\u00e9 et la r\u00e9sistance des cheveux.<\/p>\n\n\n\n<p>5. Extrait d&#039;algues : les ingr\u00e9dients actifs de l&#039;extrait d&#039;algues peuvent r\u00e9parer les m\u00e8ches de cheveux ab\u00eem\u00e9es, stimuler l&#039;activit\u00e9 des follicules pileux et am\u00e9liorer la perte de cheveux. Il cr\u00e9e \u00e9galement un film protecteur \u00e0 la surface de vos cheveux, r\u00e9duisant ainsi la perte d&#039;eau et rendant vos cheveux plus doux.<\/p>\n\n\n\n<h2 class=\"wp-block-heading\">Les fonctions du revitalisant en profondeur<\/h2>\n\n\n\n<p>Con\u00e7u pour les dommages capillaires graves, ce revitalisant en profondeur a de multiples fonctions pour prot\u00e9ger la sant\u00e9 de vos cheveux. Nous contr\u00f4lons strictement la qualit\u00e9 de la production dans le processus de production, vous pouvez donc \u00eatre assur\u00e9 de son utilisation. Voici ses principales fonctions :<\/p>\n\n\n\n<p>1. Renforce la k\u00e9ratine : le processus de repassage et de teinture et l&#039;environnement ext\u00e9rieur agressif entra\u00eeneront une perte importante de prot\u00e9ines dans les cheveux, ce qui entra\u00eenera des cheveux secs et cassants. Il contient beaucoup d&#039;essence prot\u00e9ique, que les cheveux peuvent absorber rapidement, inverser les dommages et rendre les cheveux plus forts et plus doux.<\/p>\n\n\n\n<p>2. Hydratant et hydratant : le revitalisant en profondeur peut p\u00e9n\u00e9trer le noyau du cheveu et ajouter de l&#039;eau et des nutriments, hydratant efficacement et formant un film protecteur pour \u00e9viter la perte d&#039;eau. Une utilisation \u00e0 long terme laissera vos cheveux lisses et souples.<\/p>\n\n\n\n<p>3. R\u00e9parer les cheveux : lors de l&#039;utilisation de nos produits, nous pouvons r\u00e9parer efficacement la structure des cheveux et am\u00e9liorer leur \u00e9lasticit\u00e9, r\u00e9duisant ainsi les pointes fourchues et les cassures, soulageant les frisottis.<\/p>\n\n\n\n<p>4. Am\u00e9liore la qualit\u00e9 des cheveux : il nourrit continuellement les cheveux en les adoucissant et en renfor\u00e7ant la couche corn\u00e9e. Avec une utilisation r\u00e9guli\u00e8re, vos cheveux retrouveront leur \u00e9clat et leur matit\u00e9. En m\u00eame temps, il peut r\u00e9duire le ph\u00e9nom\u00e8ne d&#039;\u00e9lectricit\u00e9 statique et les enchev\u00eatrements dans les cheveux, les rendant plus lisses.<\/p>\n\n\n\n<p>5. \u00c9quilibre l&#039;huile : l&#039;apr\u00e8s-shampooing capillaire en profondeur a \u00e9galement une certaine fonction de r\u00e9gulation de la s\u00e9cr\u00e9tion d&#039;huile sur le cuir chevelu, ce qui peut r\u00e9duire la sensation grasse du cuir chevelu, apaiser le cuir chevelu et le rendre plus rafra\u00eechissant.<\/p>\n\n\n\n<p>6. Cheveux faciles \u00e0 coiffer : des soins r\u00e9guliers peuvent vous aider \u00e0 r\u00e9duire la casse caus\u00e9e par le processus de repassage, mais aussi \u00e0 r\u00e9duire le ph\u00e9nom\u00e8ne de frisottis, de n\u0153uds, de soins plus pratiques et de modelage.<\/p>\n\n\n\n<h2 class=\"wp-block-heading\">Comment utiliser un revitalisant en profondeur ?<\/h2>\n\n\n\n<p>Lors de la conception de la formule, nous avons pris en compte les besoins des diff\u00e9rents types de cheveux, nous avons donc d\u00e9velopp\u00e9 une vari\u00e9t\u00e9 de revitalisants en profondeur tels que le contr\u00f4le de l&#039;huile rafra\u00eechissante, la r\u00e9paration hydratante et les nutriments r\u00e9parateurs riches. Lorsque vous utilisez un revitalisant en profondeur, vous pouvez choisir un produit et un traitement qui vous conviennent en fonction de la qualit\u00e9 de vos cheveux et de vos besoins. Nous marquerons \u00e9galement les instructions sur l&#039;emballage pour votre r\u00e9f\u00e9rence :<\/p>\n\n\n\n<p>1. Apr\u00e8s le shampooing : lavez vos cheveux selon le processus normal, puis s\u00e9chez-les doucement avec une serviette pour absorber l&#039;exc\u00e8s d&#039;eau. Appliquez ensuite une quantit\u00e9 appropri\u00e9e de revitalisant profond uniform\u00e9ment du milieu jusqu&#039;aux pointes des cheveux, en \u00e9vitant tout contact avec le cuir chevelu. Vous pouvez masser doucement pour favoriser l&#039;absorption et le laisser agir sur les cheveux pendant 3 \u00e0 5 minutes. Si les cheveux sont gravement ab\u00eem\u00e9s, vous pouvez prolonger le temps de pose de mani\u00e8re appropri\u00e9e. Rincez \u00e0 l&#039;eau ti\u00e8de une fois le temps \u00e9coul\u00e9 pour vous assurer qu&#039;il n&#039;y a pas de r\u00e9sidus.<\/p>\n\n\n\n<p>2. Soin fortifiant : Pour les cheveux particuli\u00e8rement secs et ab\u00eem\u00e9s, vous pouvez appliquer un soin fortifiant apr\u00e8s le lavage. Apr\u00e8s avoir appliqu\u00e9 uniform\u00e9ment l&#039;apr\u00e8s-shampoing, enveloppez vos cheveux dans une serviette chaude et mettez un bonnet de douche. Attendez 20 \u00e0 30 minutes avant de rincer \u00e0 l&#039;eau ti\u00e8de.<\/p>\n\n\n\n<p>3. Utiliser avant de se coucher : Pour que la fonction r\u00e9paratrice du revitalisant en profondeur soit pleinement exploit\u00e9e, vous pouvez l&#039;utiliser avant d&#039;aller vous coucher. Tout d&#039;abord, lavez et enveloppez vos cheveux selon le processus normal, puis mettez un bonnet de douche, attendez le lendemain matin apr\u00e8s vous \u00eatre lev\u00e9, puis rincez \u00e0 l&#039;eau ti\u00e8de.<\/p>\n\n\n\n<h2 class=\"wp-block-heading\">Prudence<\/h2>\n\n\n\n<p>1. Il est recommand\u00e9 de choisir un apr\u00e8s-shampooing en profondeur adapt\u00e9 \u00e0 la qualit\u00e9 et aux besoins de vos cheveux\u00a0;<\/p>\n\n\n\n<p>2. Des tests allergiques doivent \u00eatre effectu\u00e9s la premi\u00e8re fois. En cas d&#039;inconfort, arr\u00eatez imm\u00e9diatement l&#039;utilisation ;<\/p>\n\n\n\n<p>3. Faites attention \u00e0 la fr\u00e9quence d&#039;utilisation, il est recommand\u00e9 de l&#039;utiliser 1 \u00e0 2 fois par semaine pour \u00e9viter les cheveux gras caus\u00e9s par une utilisation excessive ;<\/p>\n\n\n\n<p>4. Faites attention au principe de la quantit\u00e9 appropri\u00e9e, trop de revitalisant provoquera \u00e9galement des cheveux gras et obstruera les pores\u00a0;<\/p>\n\n\n\n<p>5. \u00c9vitez d\u2019utiliser le m\u00eame apr\u00e8s-shampooing pendant une longue p\u00e9riode, sinon il deviendra d\u00e9pendant ;<\/p>\n\n\n\n<p>6. Il est recommand\u00e9 de stocker dans un endroit frais et sec pour \u00e9viter la d\u00e9t\u00e9rioration caus\u00e9e par la lumi\u00e8re directe du soleil et un environnement \u00e0 haute temp\u00e9rature.<\/p>\n\n\n\n<h2 class=\"wp-block-heading\">Conclusion<\/h2>\n\n\n\n<p>En tant que fabricant de revitalisants en profondeur ax\u00e9 sur une production de haute qualit\u00e9, nous nous engageons \u00e0 produire des produits avec des ingr\u00e9dients naturels, des soins efficaces et un emballage unique. Pour garantir une r\u00e9tention maximale des ingr\u00e9dients actifs dans le processus de production, nous utilisons une technologie d&#039;\u00e9mulsification avanc\u00e9e et des processus de traitement \u00e0 basse temp\u00e9rature et effectuons des tests de s\u00e9curit\u00e9 sur le produit fini pour garantir que chaque bouteille est s\u00fbre \u00e0 utiliser. Le choix de notre revitalisant en profondeur n&#039;est pas seulement pour le soin des cheveux, mais aussi pour la recherche d&#039;une qualit\u00e9 de vie. Si vous \u00eates plus int\u00e9ress\u00e9, veuillez nous contacter.<\/p>","protected":false},"excerpt":{"rendered":"Deep Conditioner Manufacturing Common Formulas As a professional deep conditioner manufacturer, we use a variety of natural and effective ingredients and scientific matching, aiming to create a deep repair and nourishing hair conditioner for you. 1. Protein essence: Protein is an important part of the hair, and protein essence can penetrate deeply into the hair [&hellip;]","protected":false},"featured_media":2253,"menu_order":0,"template":"","meta":[],"product-tag":[],"products":[52],"class_list":["post-2252","product","type-product","status-publish","has-post-thumbnail","hentry","products-conditioner"],"acf":[],"_links":{"self":[{"href":"https:\/\/www.ruiqigo.com\/fr\/wp-json\/wp\/v2\/product\/2252","targetHints":{"allow":["GET"]}}],"collection":[{"href":"https:\/\/www.ruiqigo.com\/fr\/wp-json\/wp\/v2\/product"}],"about":[{"href":"https:\/\/www.ruiqigo.com\/fr\/wp-json\/wp\/v2\/types\/product"}],"version-history":[{"count":0,"href":"https:\/\/www.ruiqigo.com\/fr\/wp-json\/wp\/v2\/product\/2252\/revisions"}],"wp:featuredmedia":[{"embeddable":true,"href":"https:\/\/www.ruiqigo.com\/fr\/wp-json\/wp\/v2\/media\/2253"}],"wp:attachment":[{"href":"https:\/\/www.ruiqigo.com\/fr\/wp-json\/wp\/v2\/media?parent=2252"}],"wp:term":[{"taxonomy":"product-tag","embeddable":true,"href":"https:\/\/www.ruiqigo.com\/fr\/wp-json\/wp\/v2\/product-tag?post=2252"},{"taxonomy":"products","embeddable":true,"href":"https:\/\/www.ruiqigo.com\/fr\/wp-json\/wp\/v2\/products?post=2252"}],"curies":[{"name":"wp","href":"https:\/\/api.w.org\/{rel}","templated":true}]}}