{"id":226,"date":"2024-06-30T23:13:01","date_gmt":"2024-06-30T15:13:01","guid":{"rendered":"https:\/\/ruiqigo.com\/?post_type=product&#038;p=226"},"modified":"2024-09-25T15:10:51","modified_gmt":"2024-09-25T07:10:51","slug":"sulfate-free-shampoo","status":"publish","type":"product","link":"https:\/\/www.ruiqigo.com\/fr\/product\/sulfate-free-shampoo","title":{"rendered":"Shampoing sans sulfate"},"content":{"rendered":"<h3 class=\"wp-block-heading\">Fabrication de shampoing sans sulfate Formules courantes<\/h3>\n\n\n\n<p>Nous savons que les personnes qui choisissent un shampoing sans sulfate ont souvent le cuir chevelu sensible. C&#039;est pourquoi nos produits utilisent une vari\u00e9t\u00e9 d&#039;ingr\u00e9dients doux mais efficaces. Nous avons choisi le lauroyl sarcosinate de sodium comme principal agent nettoyant. C&#039;est un tensioactif d\u00e9riv\u00e9 d&#039;acides amin\u00e9s, qui est doux et nettoie bien. Il \u00e9limine la salet\u00e9 du cuir chevelu et des cheveux sans perturber l&#039;\u00e9quilibre naturel du cuir chevelu. Nous avons inclus de la cocamidopropyl b\u00e9ta\u00efne et du disodium laureth sulfosuccinate pour nettoyer en profondeur le cuir chevelu et les follicules pileux. Ces ingr\u00e9dients cr\u00e9ent \u00e9galement une mousse riche et maintiennent vos cheveux et votre cuir chevelu hydrat\u00e9s pendant le processus de nettoyage en profondeur. De plus, nous avons utilis\u00e9 du cocamide m\u00e9thyl MEA pour am\u00e9liorer l&#039;efficacit\u00e9 des autres ingr\u00e9dients. Il agit comme \u00e9mulsifiant et stabilisateur, et il ajoute \u00e9galement une couche de protection suppl\u00e9mentaire \u00e0 vos cheveux contre les dommages environnementaux.<\/p>\n\n\n\n<h3 class=\"wp-block-heading\">Sc\u00e9narios applicables \u00e0 la fabrication de shampoing sans sulfate<\/h3>\n\n\n\n<p>Les shampooings sans sulfate fonctionnent bien dans tous les types de temps, mais ils sont particuli\u00e8rement utiles dans les zones s\u00e8ches et froides. Ils ont une formule douce qui peut soulager l&#039;irritation de votre cuir chevelu caus\u00e9e par de telles conditions. De plus, ces shampooings sont fabriqu\u00e9s d&#039;une mani\u00e8re plus respectueuse de l&#039;environnement et peuvent \u00eatre fabriqu\u00e9s de mani\u00e8re \u00e0 durer plus longtemps. Vous pouvez \u00e9galement l&#039;associer \u00e0 un <a href=\"https:\/\/www.ruiqigo.com\/fr\/product\/salt-free-water-conditioner\/\">conditionneur d&#039;eau sans sulfate<\/a> pour des r\u00e9sultats encore meilleurs.<\/p>\n\n\n\n<h3 class=\"wp-block-heading\">\u00c0 qui conviennent les shampooings sans sulfate ?<\/h3>\n\n\n\n<p>La formule douce du shampoing sans sulfate le rend particuli\u00e8rement adapt\u00e9 \u00e0 ceux qui souhaitent \u00e9viter les irritations chimiques. Pour ceux qui colorent ou d\u00e9frisent r\u00e9guli\u00e8rement leurs cheveux, le shampoing sans sulfate aide \u00e0 prot\u00e9ger et \u00e0 prolonger le maintien de la couleur des cheveux. De plus, les personnes au cuir chevelu sensible peuvent b\u00e9n\u00e9ficier de shampoings sans sulfate. Ces shampoings peuvent r\u00e9duire les r\u00e9actions allergiques et les irritations, offrant une exp\u00e9rience de lavage et de soin des cheveux douce et apaisante. Plus <a href=\"https:\/\/www.ruiqigo.com\/fr\/products\/shampoo\/\">shampoings aux ingr\u00e9dients naturels<\/a> pour que vous puissiez choisir parmi 3TOP.<\/p>\n\n\n\n<h3 class=\"wp-block-heading\">Processus de production de shampoing sans sulfate<\/h3>\n\n\n\n<p>Les shampoings sans sulfate sont plus doux car ils n&#039;utilisent pas de sulfates agressifs. Nous les rempla\u00e7ons par des tensioactifs \u00e0 base d&#039;acides amin\u00e9s, moins chers et plus doux. Ils se rincent facilement, ne laissent pas beaucoup de r\u00e9sidus et n&#039;endommagent pas les prot\u00e9ines de vos cheveux et de votre cuir chevelu, les gardant ainsi en bonne sant\u00e9. La fabrication de ces shampoings est \u00e9galement meilleure pour l&#039;environnement car ils ne contiennent pas de sulfates, ce qui contribue \u00e0 rendre le processus plus \u00e9cologique.<\/p>","protected":false},"excerpt":{"rendered":"Sulfate free shampoo manufacturing Common Formulas We know that people who choose sulfate free shampoo often have sensitive scalps. That&#8217;s why our products use a variety of gentle yet effective ingredients. We&#8217;ve chosen Sodium Lauroyl Sarcosinate as our main cleaning agent. It&#8217;s a surfactant derived from amino acids, which is mild and cleans well. It [&hellip;]","protected":false},"featured_media":222,"menu_order":0,"template":"","meta":[],"product-tag":[],"products":[51],"class_list":["post-226","product","type-product","status-publish","has-post-thumbnail","hentry","products-shampoo"],"acf":[],"_links":{"self":[{"href":"https:\/\/www.ruiqigo.com\/fr\/wp-json\/wp\/v2\/product\/226","targetHints":{"allow":["GET"]}}],"collection":[{"href":"https:\/\/www.ruiqigo.com\/fr\/wp-json\/wp\/v2\/product"}],"about":[{"href":"https:\/\/www.ruiqigo.com\/fr\/wp-json\/wp\/v2\/types\/product"}],"version-history":[{"count":0,"href":"https:\/\/www.ruiqigo.com\/fr\/wp-json\/wp\/v2\/product\/226\/revisions"}],"wp:featuredmedia":[{"embeddable":true,"href":"https:\/\/www.ruiqigo.com\/fr\/wp-json\/wp\/v2\/media\/222"}],"wp:attachment":[{"href":"https:\/\/www.ruiqigo.com\/fr\/wp-json\/wp\/v2\/media?parent=226"}],"wp:term":[{"taxonomy":"product-tag","embeddable":true,"href":"https:\/\/www.ruiqigo.com\/fr\/wp-json\/wp\/v2\/product-tag?post=226"},{"taxonomy":"products","embeddable":true,"href":"https:\/\/www.ruiqigo.com\/fr\/wp-json\/wp\/v2\/products?post=226"}],"curies":[{"name":"wp","href":"https:\/\/api.w.org\/{rel}","templated":true}]}}