{"id":227,"date":"2024-06-30T23:19:42","date_gmt":"2024-06-30T15:19:42","guid":{"rendered":"https:\/\/ruiqigo.com\/?post_type=product&#038;p=227"},"modified":"2024-09-25T15:09:48","modified_gmt":"2024-09-25T07:09:48","slug":"moroccanoil-shampoo","status":"publish","type":"product","link":"https:\/\/www.ruiqigo.com\/fr\/product\/moroccanoil-shampoo","title":{"rendered":"Shampoing Moroccanoil"},"content":{"rendered":"<h3 class=\"wp-block-heading\">Formules courantes de fabrication du shampoing Moroccanoil<\/h3>\n\n\n\n<p>Les shampoings Moroccanoil contiennent une gamme d&#039;ingr\u00e9dients r\u00e9parateurs, \u00e0 commencer par l&#039;huile d&#039;argan. L&#039;huile d&#039;argan est riche en vitamine E et en antioxydants, qui sont absorb\u00e9s relativement rapidement par les cheveux pour former un film protecteur qui r\u00e9duit les rayons UV, r\u00e9pare les \u00e9cailles et am\u00e9liore la texture des cheveux. Le shampoing Moroccanoil regorge de bonnes choses comme des acides gras, des antioxydants et de la vitamine E. Il r\u00e9pare les cheveux ab\u00eem\u00e9s, les rend plus rebondissants et plus brillants et les prot\u00e8ge des mauvaises choses pr\u00e9sentes dans l&#039;air. La prot\u00e9ine de bl\u00e9 hydrolys\u00e9e contenue dans le shampoing p\u00e9n\u00e8tre profond\u00e9ment dans vos cheveux. Elle donne aux cheveux les acides amin\u00e9s dont ils ont besoin pour \u00eatre forts et r\u00e9sistants. De plus, il contient de l&#039;extrait de champignon argent\u00e9, plein de bonnes choses comme des polysaccharides, des prot\u00e9ines et de minuscules morceaux de nutriments. Il nourrit votre cuir chevelu et vos cheveux en profondeur et rend le cuir chevelu plus sain.<\/p>\n\n\n\n<h3 class=\"wp-block-heading\">Sc\u00e9narios applicables au shampooing Moroccanoil<\/h3>\n\n\n\n<p>Avec ses nutriments riches et ses propri\u00e9t\u00e9s nourrissantes, le shampooing Moroccanoil convient \u00e0 tous les climats et environnements, en particulier aux climats secs. Dans les climats secs, les cheveux sont sujets aux frottements et \u00e0 l&#039;\u00e9lectricit\u00e9 statique, et le manque d&#039;humidit\u00e9 entra\u00eene la s\u00e9cheresse. Les ingr\u00e9dients r\u00e9parateurs tels que l&#039;huile d&#039;argan contenus dans le shampooing Moroccanoil apportent une hydratation suppl\u00e9mentaire aux cheveux, contribuant ainsi \u00e0 r\u00e9duire l&#039;\u00e9lectricit\u00e9 statique et la casse des cheveux secs. Vous pouvez \u00e9galement l&#039;associer \u00e0 un <a href=\"https:\/\/www.ruiqigo.com\/fr\/products\/conditioner\/\">revitalisant \u00e0 base d&#039;ingr\u00e9dients naturels<\/a> pour des r\u00e9sultats encore meilleurs.<\/p>\n\n\n\n<h3 class=\"wp-block-heading\">\u00c0 qui s&#039;adresse le shampoing moroccanoil ?<\/h3>\n\n\n\n<p>Les shampoings Moroccanoil sont un excellent choix pour les personnes aux prises avec des cheveux ab\u00eem\u00e9s, secs ou cassants. Ce shampoing est formul\u00e9 avec des ingr\u00e9dients riches et nourrissants qui agissent pour revitaliser et revitaliser en profondeur les cheveux, les laissant doux, lisses et faciles \u00e0 coiffer. L&#039;ingr\u00e9dient cl\u00e9, l&#039;huile marocaine, est connue pour sa teneur \u00e9lev\u00e9e en nutriments, qui p\u00e9n\u00e8tre dans la tige capillaire pour r\u00e9parer les dommages et restaurer la force et l&#039;\u00e9lasticit\u00e9.<a href=\"https:\/\/www.ruiqigo.com\/fr\/products\/shampoo\/\">shampoings aux ingr\u00e9dients naturels<\/a> pour que vous puissiez choisir parmi 3TOP.<\/p>\n\n\n\n<h3 class=\"wp-block-heading\">Processus de production du shampoing Moroccanoil<\/h3>\n\n\n\n<p>Les shampoings Moroccanoil sont infus\u00e9s de nutriments naturels soigneusement s\u00e9lectionn\u00e9s pour leur capacit\u00e9 \u00e0 am\u00e9liorer consid\u00e9rablement la force et la sant\u00e9 de vos cheveux. L&#039;ingr\u00e9dient vedette, extrait de l&#039;arganier originaire du Maroc, est riche en acides gras essentiels, en antioxydants et en vitamine E. Ces composants agissent ensemble pour fortifier chaque m\u00e8che, la prot\u00e9ger contre la casse et favoriser la r\u00e9silience.<\/p>","protected":false},"excerpt":{"rendered":"Moroccanoil shampoo manufacturing common formulas Moroccanoil shampoos contain a range of repairing ingredients, starting with argan oil. Argan oil is rich in vitamin E and antioxidants, which are absorbed relatively quickly by the hair to form a protective film that reduces UV rays, repairs the scales, and improves hair texture. Moroccanoil Shampoo is packed with [&hellip;]","protected":false},"featured_media":228,"menu_order":0,"template":"","meta":[],"product-tag":[],"products":[51],"class_list":["post-227","product","type-product","status-publish","has-post-thumbnail","hentry","products-shampoo"],"acf":[],"_links":{"self":[{"href":"https:\/\/www.ruiqigo.com\/fr\/wp-json\/wp\/v2\/product\/227","targetHints":{"allow":["GET"]}}],"collection":[{"href":"https:\/\/www.ruiqigo.com\/fr\/wp-json\/wp\/v2\/product"}],"about":[{"href":"https:\/\/www.ruiqigo.com\/fr\/wp-json\/wp\/v2\/types\/product"}],"version-history":[{"count":0,"href":"https:\/\/www.ruiqigo.com\/fr\/wp-json\/wp\/v2\/product\/227\/revisions"}],"wp:featuredmedia":[{"embeddable":true,"href":"https:\/\/www.ruiqigo.com\/fr\/wp-json\/wp\/v2\/media\/228"}],"wp:attachment":[{"href":"https:\/\/www.ruiqigo.com\/fr\/wp-json\/wp\/v2\/media?parent=227"}],"wp:term":[{"taxonomy":"product-tag","embeddable":true,"href":"https:\/\/www.ruiqigo.com\/fr\/wp-json\/wp\/v2\/product-tag?post=227"},{"taxonomy":"products","embeddable":true,"href":"https:\/\/www.ruiqigo.com\/fr\/wp-json\/wp\/v2\/products?post=227"}],"curies":[{"name":"wp","href":"https:\/\/api.w.org\/{rel}","templated":true}]}}