{"id":2291,"date":"2024-12-17T16:20:43","date_gmt":"2024-12-17T08:20:43","guid":{"rendered":"https:\/\/ruiqigo.com\/?post_type=product&#038;p=2291"},"modified":"2024-12-17T16:22:39","modified_gmt":"2024-12-17T08:22:39","slug":"frankincense-essential-oil","status":"publish","type":"product","link":"https:\/\/www.ruiqigo.com\/fr\/product\/frankincense-essential-oil","title":{"rendered":"Huile essentielle d&#039;encens"},"content":{"rendered":"<h2 class=\"wp-block-heading\">Formules courantes de fabrication de l&#039;huile essentielle d&#039;encens<\/h2>\n\n\n\n<p>Lors de la production, nous avons con\u00e7u une vari\u00e9t\u00e9 de formules adapt\u00e9es \u00e0 vos besoins afin de garantir l&#039;efficacit\u00e9 de chacune. Si la concentration d&#039;huile essentielle d&#039;encens est \u00e9lev\u00e9e, il est g\u00e9n\u00e9ralement n\u00e9cessaire de diluer l&#039;huile de base pour un meilleur respect de votre sant\u00e9.<\/p>\n\n\n\n<p>1. Huile essentielle d&#039;encens\u00a0: Elle joue un r\u00f4le important en tant qu&#039;ingr\u00e9dient de base. Par exemple, l&#039;huile essentielle d&#039;encens poss\u00e8de des propri\u00e9t\u00e9s antibact\u00e9riennes et anti-inflammatoires, ce qui peut inhiber la prolif\u00e9ration bact\u00e9rienne, r\u00e9duire l&#039;apparition d&#039;inflammations, favoriser la cicatrisation et traiter les affections bucco-dentaires, les infections cutan\u00e9es, les inflammations du cuir chevelu et autres probl\u00e8mes. Elle stimule \u00e9galement la circulation sanguine, ce qui permet aux follicules pileux d&#039;absorber davantage de nutriments, favorisant ainsi la croissance des cheveux. Parall\u00e8lement, elle p\u00e9n\u00e8tre dans les cheveux pour les hydrater, r\u00e9duire les frisottis, les cassures et les fourches, et les rendre plus souples. De plus, elle favorise la r\u00e9g\u00e9n\u00e9ration cellulaire, r\u00e9pare les tissus endommag\u00e9s du cuir chevelu et contribue \u00e0 la protection de la sant\u00e9 du cuir chevelu.<\/p>\n\n\n\n<p>2. Huile de babajo\u00a0: Riche en vitamine E et en acides gras, elle nourrit intens\u00e9ment les cheveux et les enrichit en nutriments. Elle r\u00e9pare \u00e9galement les cheveux ab\u00eem\u00e9s et lisse les frisottis. De plus, cette huile de base l\u00e9g\u00e8re et facilement absorb\u00e9e n&#039;alourdit pas les cheveux.<\/p>\n\n\n\n<p>3. Huile de coco\u00a0: L&#039;huile de coco a un excellent effet hydratant, p\u00e9n\u00e8tre profond\u00e9ment dans le cheveu et lui apporte suffisamment d&#039;hydratation et de nutriments. Elle \u00e9limine \u00e9galement efficacement l&#039;\u00e9lectricit\u00e9 statique et les frisottis.<\/p>\n\n\n\n<p>4. Colophane\u00a0: La colophane est le composant essentiel de l&#039;huile essentielle d&#039;encens, qui d\u00e9gage un ar\u00f4me bois\u00e9 chaleureux et un l\u00e9ger parfum fruit\u00e9. Cet ar\u00f4me unique soulage \u00e9galement l&#039;anxi\u00e9t\u00e9, r\u00e9gule l&#039;humeur et favorise la d\u00e9tente.<\/p>\n\n\n\n<h2 class=\"wp-block-heading\">Les fonctions de l&#039;huile essentielle d&#039;encens<\/h2>\n\n\n\n<p>En tant que fabricant professionnel d&#039;huiles essentielles d&#039;encens, nous accordons une attention particuli\u00e8re \u00e0 la qualit\u00e9 et \u00e0 l&#039;efficacit\u00e9 de nos produits. C&#039;est pourquoi nous s\u00e9lectionnons soigneusement les mati\u00e8res premi\u00e8res et contr\u00f4lons rigoureusement chaque \u00e9tape de la production afin de garantir l&#039;efficacit\u00e9 et la s\u00e9curit\u00e9 de nos produits. Voici ses principaux avantages\u00a0:<\/p>\n\n\n\n<p>1. Am\u00e9liorer l&#039;immunit\u00e9\u00a0: l&#039;huile essentielle d&#039;encens peut renforcer le syst\u00e8me immunitaire et am\u00e9liorer la r\u00e9sistance aux maladies, afin de pr\u00e9venir l&#039;apparition de maladies, telles que les affections bucco-dentaires. Elle poss\u00e8de \u00e9galement des effets anticanc\u00e9reux potentiels.<\/p>\n\n\n\n<p>2. Prot\u00e9ger la peau\u00a0: elle favorise non seulement la r\u00e9g\u00e9n\u00e9ration cellulaire et la r\u00e9paration des tissus endommag\u00e9s, mais acc\u00e9l\u00e8re \u00e9galement la cicatrisation. Elle hydrate \u00e9galement la peau, att\u00e9nue les rides, les cicatrices, les points noirs et autres probl\u00e8mes, prot\u00e8ge la peau et pr\u00e9vient le vieillissement cutan\u00e9.<\/p>\n\n\n\n<p>3. Soins capillaires\u00a0: Nos huiles essentielles stimulent la circulation sanguine du cuir chevelu, ce qui acc\u00e9l\u00e8re la pousse des cheveux. Elles soulagent \u00e9galement les d\u00e9mangeaisons et l&#039;inconfort du cuir chevelu, r\u00e9duisent la pression sur le cuir chevelu et am\u00e9liorent la sant\u00e9 des cheveux. Elles poss\u00e8dent \u00e9galement un fort pouvoir hydratant, nourrissent et lissent les cheveux.<\/p>\n\n\n\n<p>4. Soulage le stress\u00a0: L&#039;ar\u00f4me unique de l&#039;huile essentielle d&#039;encens favorise la relaxation, soulage le stress, r\u00e9gule les \u00e9motions n\u00e9gatives et r\u00e9duit ainsi la d\u00e9pression. Il stimule \u00e9galement les nerfs et am\u00e9liore la m\u00e9moire.<\/p>\n\n\n\n<p>5. Douleur et gonflement : lorsqu&#039;ils sont utilis\u00e9s, les composants antibact\u00e9riens et anti-inflammatoires de l&#039;huile essentielle d&#039;encens peuvent tuer efficacement la reproduction bact\u00e9rienne et r\u00e9duire les sympt\u00f4mes inflammatoires, tels que les rougeurs et les gonflements, et ils peuvent \u00e9galement soulager l&#039;arthrite, les douleurs musculaires et jouer davantage le r\u00f4le de la douleur et du gonflement.<\/p>\n\n\n\n<h2 class=\"wp-block-heading\">Comment utiliser l\u2019huile essentielle d\u2019encens ?<\/h2>\n\n\n\n<p>L&#039;huile essentielle d&#039;encens peut \u00eatre utilis\u00e9e de diff\u00e9rentes mani\u00e8res selon les situations et les besoins. Nous avons \u00e9galement con\u00e7u diverses formules et test\u00e9 l&#039;efficacit\u00e9 des produits finis afin de garantir une utilisation en toute confiance. Voici comment utiliser les soins capillaires\u00a0:<\/p>\n\n\n\n<p>1. Massage du cuir chevelu\u00a0: Commencez par diluer 4 gouttes d\u2019huile essentielle d\u2019encens avec 1 cuill\u00e8re \u00e0 soupe d\u2019huile de jojoba. Appliquez ensuite l\u2019huile dilu\u00e9e uniform\u00e9ment sur le cuir chevelu et massez d\u00e9licatement. Enveloppez ensuite votre t\u00eate dans une serviette chaude et attendez 30\u00a0minutes pour que l\u2019huile p\u00e9n\u00e8tre. Une fois le temps \u00e9coul\u00e9, rincez \u00e0 l\u2019eau ti\u00e8de pour \u00e9liminer tout r\u00e9sidu.<\/p>\n\n\n\n<p>2. M\u00e9lange\u00a0: Lors du lavage des cheveux, vous pouvez ajouter 3 gouttes de notre huile essentielle \u00e0 votre shampoing ou apr\u00e8s-shampoing pour bien m\u00e9langer, puis laver vos cheveux selon le proc\u00e9d\u00e9 habituel. Massez d\u00e9licatement, surtout sur les cheveux tr\u00e8s ab\u00eem\u00e9s et secs, pour favoriser l&#039;absorption.<\/p>\n\n\n\n<p>3. Th\u00e9rapie par parfum : Il peut \u00eatre inhal\u00e9 directement ou \u00e0 l&#039;aide de diffuseurs de parfum pour soulager le stress, d\u00e9tendre le corps et l&#039;esprit et r\u00e9duire indirectement la perte de cheveux li\u00e9e au stress.<\/p>\n\n\n\n<h2 class=\"wp-block-heading\">Prudence<\/h2>\n\n\n\n<p>1. Choisissez une huile essentielle d&#039;encens adapt\u00e9e \u00e0 votre type de peau ou de cheveux et \u00e0 vos besoins\u00a0;<\/p>\n\n\n\n<p>2. Des tests allergiques doivent \u00eatre effectu\u00e9s la premi\u00e8re fois. En cas d&#039;inconfort, arr\u00eatez imm\u00e9diatement l&#039;utilisation ;<\/p>\n\n\n\n<p>3. \u00c9vitez tout contact avec les yeux et autres parties sensibles. En cas de contact, veuillez rincer avec de l&#039;huile de base (pas d&#039;eau) et observer. Si l&#039;inconfort persiste, consultez un m\u00e9decin.<\/p>\n\n\n\n<p>4. Faites attention \u00e0 la fr\u00e9quence d&#039;utilisation, il est recommand\u00e9 de l&#039;utiliser 1 \u00e0 2 fois par semaine, pour \u00e9viter une utilisation excessive caus\u00e9e par la charge du cuir chevelu\u00a0;<\/p>\n\n\n\n<p>5. Faites attention au principe d&#039;une quantit\u00e9 appropri\u00e9e, un exc\u00e8s d&#039;huile essentielle rendra le cuir chevelu gras et obstruera les pores\u00a0;<\/p>\n\n\n\n<p>6. Il est recommand\u00e9 de stocker dans un endroit frais et sec pour \u00e9viter la lumi\u00e8re directe du soleil et un environnement \u00e0 haute temp\u00e9rature.<\/p>\n\n\n\n<h2 class=\"wp-block-heading\">Conclusion<\/h2>\n\n\n\n<p>En tant que producteur exp\u00e9riment\u00e9 d&#039;huiles essentielles d&#039;encens, nous comprenons votre exigence de qualit\u00e9 et d&#039;efficacit\u00e9. C&#039;est pourquoi chacun de nos processus est soumis \u00e0 un contr\u00f4le qualit\u00e9 strict, ainsi qu&#039;\u00e0 un contr\u00f4le pr\u00e9cis de la dur\u00e9e et de la temp\u00e9rature, afin de garantir que chaque flacon contienne des ingr\u00e9dients riches et offre une efficacit\u00e9 maximale.<\/p>\n\n\n\n<p>Bien entendu, nous proposons \u00e9galement d&#039;excellents services de personnalisation pour cr\u00e9er votre marque d&#039;huiles essentielles selon vos besoins et vous aider \u00e0 acqu\u00e9rir un avantage concurrentiel sur le march\u00e9. N&#039;h\u00e9sitez pas \u00e0 nous contacter si vous \u00eates int\u00e9ress\u00e9.<\/p>","protected":false},"excerpt":{"rendered":"Frankincense Essential Oil Manufacturing Common Formulas In the production process, we have designed a variety of formulations according to your different needs to ensure that they can play their respective effects. If the concentration of frankincense essential oil is higher, you usually need to dilute the base oil, to better care for your health. 1. [&hellip;]","protected":false},"featured_media":2292,"menu_order":0,"template":"","meta":[],"product-tag":[],"products":[53],"class_list":["post-2291","product","type-product","status-publish","has-post-thumbnail","hentry","products-essential-oil"],"acf":[],"_links":{"self":[{"href":"https:\/\/www.ruiqigo.com\/fr\/wp-json\/wp\/v2\/product\/2291","targetHints":{"allow":["GET"]}}],"collection":[{"href":"https:\/\/www.ruiqigo.com\/fr\/wp-json\/wp\/v2\/product"}],"about":[{"href":"https:\/\/www.ruiqigo.com\/fr\/wp-json\/wp\/v2\/types\/product"}],"version-history":[{"count":0,"href":"https:\/\/www.ruiqigo.com\/fr\/wp-json\/wp\/v2\/product\/2291\/revisions"}],"wp:featuredmedia":[{"embeddable":true,"href":"https:\/\/www.ruiqigo.com\/fr\/wp-json\/wp\/v2\/media\/2292"}],"wp:attachment":[{"href":"https:\/\/www.ruiqigo.com\/fr\/wp-json\/wp\/v2\/media?parent=2291"}],"wp:term":[{"taxonomy":"product-tag","embeddable":true,"href":"https:\/\/www.ruiqigo.com\/fr\/wp-json\/wp\/v2\/product-tag?post=2291"},{"taxonomy":"products","embeddable":true,"href":"https:\/\/www.ruiqigo.com\/fr\/wp-json\/wp\/v2\/products?post=2291"}],"curies":[{"name":"wp","href":"https:\/\/api.w.org\/{rel}","templated":true}]}}