{"id":232,"date":"2024-06-30T23:25:32","date_gmt":"2024-06-30T15:25:32","guid":{"rendered":"https:\/\/ruiqigo.com\/?post_type=product&#038;p=232"},"modified":"2024-09-25T15:08:28","modified_gmt":"2024-09-25T07:08:28","slug":"biotin-shampoo","status":"publish","type":"product","link":"https:\/\/www.ruiqigo.com\/fr\/product\/biotin-shampoo","title":{"rendered":"Shampoing \u00e0 la biotine"},"content":{"rendered":"<h3 class=\"wp-block-heading\">Fabrication de shampoing \u00e0 la biotine Formules courantes<\/h3>\n\n\n\n<p>Les shampoings Biotin contiennent des agents nettoyants sp\u00e9ciaux appel\u00e9s Sodium Methyl Cocoyl Taurate et Sodium Cocoyl Glycinate. Ils nettoient tr\u00e8s bien et pr\u00e9servent l&#039;\u00e9quilibre naturel de votre cuir chevelu. Le shampoing contient \u00e9galement de la cocamidopropyl b\u00e9ta\u00efne, qui produit beaucoup de bulles et aide \u00e0 garder votre cuir chevelu et vos cheveux hydrat\u00e9s tout en les nettoyant. De plus, le shampoing est enrichi de l&#039;ingr\u00e9dient cl\u00e9 Biotin VB7, qui intervient dans la synth\u00e8se de la k\u00e9ratine, la principale prot\u00e9ine qui compose les cheveux et les ongles. Par cons\u00e9quent, la pr\u00e9sence de biotine contribue \u00e0 am\u00e9liorer la force et l&#039;\u00e9lasticit\u00e9 des cheveux et convient aux personnes sujettes \u00e0 la perte et \u00e0 la casse des cheveux pour am\u00e9liorer la sant\u00e9 des cheveux.<\/p>\n\n\n\n<h3 class=\"wp-block-heading\">Sc\u00e9narios applicables au shampooing \u00e0 la biotine<\/h3>\n\n\n\n<p>Les shampooings \u00e0 la biotine fonctionnent bien dans divers climats, en particulier les climats secs et humides, en raison de leurs bienfaits nourrissants et fortifiants. Dans les climats secs, o\u00f9 l&#039;\u00e9tat des cheveux a tendance \u00e0 devenir malsain, le VB7 des shampooings \u00e0 la biotine am\u00e9liore l&#039;\u00e9tat des cheveux de l&#039;int\u00e9rieur. Dans les climats excessivement humides, les cheveux ont tendance \u00e0 devenir gras et plats. Les shampooings \u00e0 la biotine r\u00e9gulent la s\u00e9cr\u00e9tion d&#039;huile du cuir chevelu, gardant les cheveux frais et volumineux. Vous pouvez \u00e9galement l&#039;associer \u00e0 un <a href=\"https:\/\/www.ruiqigo.com\/fr\/products\/conditioner\/\">revitalisant \u00e0 base d&#039;ingr\u00e9dients naturels <\/a>pour des r\u00e9sultats encore meilleurs.<\/p>\n\n\n\n<h3 class=\"wp-block-heading\">\u00c0 qui conviennent les shampooings \u00e0 la biotine<\/h3>\n\n\n\n<p>Les shampooings \u00e0 la biotine conviennent aux personnes qui ont des probl\u00e8mes de perte de cheveux et de cheveux cassants et qui utilisent ce shampooing pour am\u00e9liorer la texture des cheveux. De plus, le shampooing convient \u00e9galement aux personnes dont les cheveux sont en mauvaise sant\u00e9 en raison d&#039;une carence en biotine. Pour les personnes dont les cheveux manquent de brillance ou semblent en mauvaise sant\u00e9, les shampooings \u00e0 la biotine peuvent aider \u00e0 am\u00e9liorer la sant\u00e9 g\u00e9n\u00e9rale des cheveux. <a href=\"https:\/\/www.ruiqigo.com\/fr\/products\/shampoo\/\">shampoings aux ingr\u00e9dients naturels<\/a> pour que vous puissiez choisir parmi 3TOP.<\/p>\n\n\n\n<h3 class=\"wp-block-heading\">Processus de production du shampoing \u00e0 la biotine<\/h3>\n\n\n\n<p>Dans la production de shampoings \u00e0 la biotine, nous utilisons la fermentation microbienne pour produire de la biotine. Cette m\u00e9thode de production de biotine permet d&#039;obtenir une biotine plus active et plus efficace, et un processus de production plus respectueux de l&#039;environnement.<\/p>","protected":false},"excerpt":{"rendered":"Biotin shampoo manufacturing Common Formulas Biotin Shampoos has special cleaning helpers called Sodium Methyl Cocoyl Taurate and Sodium Cocoyl Glycinate. They clean really well and keep your scalp&#8217;s natural balance. The shampoo also has Cocamidopropyl Betaine, which makes lots of bubbles and helps to keep your scalp and hair moisturized while it cleans them. In [&hellip;]","protected":false},"featured_media":233,"menu_order":0,"template":"","meta":[],"product-tag":[],"products":[51],"class_list":["post-232","product","type-product","status-publish","has-post-thumbnail","hentry","products-shampoo"],"acf":[],"_links":{"self":[{"href":"https:\/\/www.ruiqigo.com\/fr\/wp-json\/wp\/v2\/product\/232","targetHints":{"allow":["GET"]}}],"collection":[{"href":"https:\/\/www.ruiqigo.com\/fr\/wp-json\/wp\/v2\/product"}],"about":[{"href":"https:\/\/www.ruiqigo.com\/fr\/wp-json\/wp\/v2\/types\/product"}],"version-history":[{"count":0,"href":"https:\/\/www.ruiqigo.com\/fr\/wp-json\/wp\/v2\/product\/232\/revisions"}],"wp:featuredmedia":[{"embeddable":true,"href":"https:\/\/www.ruiqigo.com\/fr\/wp-json\/wp\/v2\/media\/233"}],"wp:attachment":[{"href":"https:\/\/www.ruiqigo.com\/fr\/wp-json\/wp\/v2\/media?parent=232"}],"wp:term":[{"taxonomy":"product-tag","embeddable":true,"href":"https:\/\/www.ruiqigo.com\/fr\/wp-json\/wp\/v2\/product-tag?post=232"},{"taxonomy":"products","embeddable":true,"href":"https:\/\/www.ruiqigo.com\/fr\/wp-json\/wp\/v2\/products?post=232"}],"curies":[{"name":"wp","href":"https:\/\/api.w.org\/{rel}","templated":true}]}}