{"id":2322,"date":"2024-12-19T14:17:49","date_gmt":"2024-12-19T06:17:49","guid":{"rendered":"https:\/\/ruiqigo.com\/?post_type=product&#038;p=2322"},"modified":"2024-12-19T17:21:20","modified_gmt":"2024-12-19T09:21:20","slug":"best-body-lotion-for-dry-skin","status":"publish","type":"product","link":"https:\/\/www.ruiqigo.com\/fr\/product\/best-body-lotion-for-dry-skin","title":{"rendered":"La meilleure lotion corporelle pour la peau s\u00e8che"},"content":{"rendered":"<h2 class=\"wp-block-heading\">Meilleure lotion corporelle pour la peau s\u00e8che Fabrication de formules courantes<\/h2>\n\n\n\n<p>Tout au long du processus de production, nous utilisons des installations de production avanc\u00e9es et des syst\u00e8mes de test stricts pour garantir la s\u00e9curit\u00e9 et l&#039;efficacit\u00e9 des produits. Et nous avons con\u00e7u diff\u00e9rentes formules pour vos diff\u00e9rents types de peau et pr\u00e9f\u00e9rences afin de r\u00e9pondre aux besoins de la plupart des gens.<\/p>\n\n\n\n<p>1. Acide hyaluronique : l&#039;acide hyaluronique est un hydratant courant, qui a une forte capacit\u00e9 \u00e0 hydrater et \u00e0 absorber l&#039;eau. Il hydrate non seulement la peau et aide \u00e0 \u00e9liminer les cellules mortes de la peau, mais forme \u00e9galement une couche protectrice \u00e0 la surface de la peau pour \u00e9viter la perte d&#039;eau et maintenir la peau hydrat\u00e9e.<\/p>\n\n\n\n<p>2. Vaseline : En tant que sorte d&#039;occlusif, la vaseline peut aider \u00e0 retenir l&#039;eau, r\u00e9duire l&#039;\u00e9vaporation de l&#039;eau dans la peau, soulager davantage le probl\u00e8me de la peau s\u00e8che et de la desquamation et garder la peau hydrat\u00e9e pendant longtemps.<\/p>\n\n\n\n<p>3. Beurre de karit\u00e9 : Le beurre de karit\u00e9 est un excellent \u00e9mollient. En plus de son effet hydratant, le beurre de karit\u00e9 peut \u00e9galement r\u00e9parer les cellules des tissus endommag\u00e9es par le dess\u00e8chement, favorisant ainsi la r\u00e9g\u00e9n\u00e9ration cellulaire, aidant \u00e0 r\u00e9duire les rides et les ridules et rendant votre peau plus lisse et plus douce.<\/p>\n\n\n\n<p>4. Vitamine C : La vitamine C a un effet antioxydant et peut r\u00e9sister aux radicaux libres, aux dommages caus\u00e9s par l&#039;environnement ext\u00e9rieur. En m\u00eame temps, il peut \u00e9galement favoriser la production de collag\u00e8ne, pour obtenir une peau ferme et un effet anti-\u00e2ge.<\/p>\n\n\n\n<p>5. Nicotinamide : La nicotinamide peut am\u00e9liorer la fonction barri\u00e8re de la peau, am\u00e9liorer la capacit\u00e9 d&#039;hydratation de la peau, aider \u00e0 r\u00e9tr\u00e9cir les pores, lisser les rides et am\u00e9liorer l&#039;\u00e9lasticit\u00e9 de votre peau.<\/p>\n\n\n\n<h2 class=\"wp-block-heading\">Les fonctions de la meilleure lotion corporelle pour peau s\u00e8che<\/h2>\n\n\n\n<p>En tant que fabricant professionnel de lotions pour le corps, nous avons une compr\u00e9hension approfondie des caract\u00e9ristiques de la peau s\u00e8che avant de concevoir la formule. Comprendre que la peau s\u00e8che manque souvent de suffisamment d&#039;huiles naturelles pour maintenir la barri\u00e8re d&#039;hydratation de la peau peut entra\u00eener une multitude de probl\u00e8mes. Nous avons cr\u00e9\u00e9 ce produit en fonction de ce probl\u00e8me pour que votre peau soit \u00e0 nouveau hydrat\u00e9e et lisse.<\/p>\n\n\n\n<p>1. Hydratant et hydratant : la meilleure lotion corporelle pour peau s\u00e8che est facile \u00e0 absorber, ce qui peut reconstituer en profondeur l&#039;eau et les nutriments et \u00eatre rapidement absorb\u00e9e par la peau. En m\u00eame temps, il emprisonnera l&#039;humidit\u00e9, obtiendra un effet hydratant durable, r\u00e9parera la peau s\u00e8che et ab\u00eem\u00e9e et une utilisation \u00e0 long terme rendra votre peau plus hydrat\u00e9e et plus douce.<\/p>\n\n\n\n<p>2. Exfoliation : vous pouvez masser doucement lors de l&#039;application, ce qui favorise l&#039;\u00e9limination de la salet\u00e9 et de l&#039;huile et l&#039;exfoliation. Il aide \u00e9galement \u00e0 d\u00e9boucher les pores, \u00e0 pr\u00e9venir l&#039;acn\u00e9 et \u00e0 prendre davantage soin de la sant\u00e9 de votre peau.<\/p>\n\n\n\n<p>3. Am\u00e9liorer la qualit\u00e9 de la peau : notre lotion pour le corps a \u00e9galement un certain effet \u00e9claircissant sur la peau, ce qui peut am\u00e9liorer le teint terne de la peau, lisser les rides et rendre la peau plus \u00e9lastique, lisse et d\u00e9licate.<\/p>\n\n\n\n<p>4. Apaisant et relaxant : une essence v\u00e9g\u00e9tale naturelle est ajout\u00e9e au produit, qui a un ar\u00f4me unique, qui peut apaiser le corps et l&#039;esprit, soulager l&#039;humeur et le stress.<\/p>\n\n\n\n<p>5. R\u00e9paration de la barri\u00e8re : la meilleure lotion corporelle pour peau s\u00e8che a pour fonction de r\u00e9parer la barri\u00e8re cutan\u00e9e, de renforcer la r\u00e9sistance et de r\u00e9parer les tissus endommag\u00e9s, prot\u00e9geant ainsi la peau de l&#039;environnement ext\u00e9rieur et adh\u00e9rant \u00e0 votre peau sera plus saine.<\/p>\n\n\n\n<h2 class=\"wp-block-heading\">Comment utiliser la meilleure lotion pour le corps pour la peau s\u00e8che ?<\/h2>\n\n\n\n<p>L&#039;utilisation r\u00e9guli\u00e8re de la meilleure lotion corporelle pour peau s\u00e8che peut am\u00e9liorer la peau et lui redonner sa sant\u00e9. Bien entendu, il est \u00e9galement important de choisir un produit qui vous convient. Voici comment l&#039;utiliser :<\/p>\n\n\n\n<p>1. Nettoyer la peau : douchez-vous normalement avant utilisation pour \u00e9liminer la salet\u00e9 et l&#039;huile \u00e0 la surface de la peau. Veillez \u00e0 bien nettoyer pour que le lait de notre corps puisse \u00eatre mieux absorb\u00e9.<\/p>\n\n\n\n<p>2. Appliquer uniform\u00e9ment : apr\u00e8s avoir pris un bain, s\u00e9chez doucement avec une serviette mais gardez-la l\u00e9g\u00e8rement humide, puis appliquez une quantit\u00e9 appropri\u00e9e de lotion corporelle uniform\u00e9ment sur tout le corps, en particulier sur les zones faciles \u00e0 ignorer. L&#039;\u00e9paisseur de la couche corn\u00e9e peut \u00eatre augment\u00e9e de mani\u00e8re appropri\u00e9e pour augmenter la quantit\u00e9 d&#039;application.<\/p>\n\n\n\n<p>3. Absorption par massage : apr\u00e8s avoir appliqu\u00e9 les mains pour masser doucement tout le corps de mani\u00e8re circulaire, vous pouvez favoriser l&#039;absorption. Les zones \u00e0 cuticules particuli\u00e8rement s\u00e8ches ou \u00e9paisses peuvent augmenter la force du massage.<\/p>\n\n\n\n<p>4. Attendez l&#039;absorption : apr\u00e8s le massage, vous pouvez attendre quelques minutes pour que la lotion soit compl\u00e8tement absorb\u00e9e par la peau, et enfin vous pouvez mettre des v\u00eatements.<\/p>\n\n\n\n<h2 class=\"wp-block-heading\">Prudence<\/h2>\n\n\n\n<p>1. Des tests allergiques doivent \u00eatre effectu\u00e9s la premi\u00e8re fois. En cas d&#039;inconfort, arr\u00eatez imm\u00e9diatement l&#039;utilisation ;<\/p>\n\n\n\n<p>2. \u00c9viter tout contact avec les yeux et autres parties sensibles. En cas de contact avec les yeux, rincer imm\u00e9diatement \u00e0 l&#039;eau ;<\/p>\n\n\n\n<p>3. Tenir hors de port\u00e9e des enfants pour \u00e9viter toute mauvaise utilisation\u00a0;<\/p>\n\n\n\n<p>4. Faites attention \u00e0 la fr\u00e9quence d&#039;utilisation, il est recommand\u00e9 de l&#039;utiliser chaque matin et soir, s&#039;il s&#039;agit d&#039;un environnement particuli\u00e8rement sec, la fr\u00e9quence d&#039;utilisation peut \u00eatre augment\u00e9e de mani\u00e8re appropri\u00e9e ;<\/p>\n\n\n\n<p>5. Faites attention \u00e0 la quantit\u00e9, un exc\u00e8s de lait corporel peut rendre la peau grasse et obstruer les pores, difficiles \u00e0 absorber\u00a0;<\/p>\n\n\n\n<p>6. Il est recommand\u00e9 de stocker dans un endroit frais et sec, en \u00e9vitant la lumi\u00e8re directe du soleil et un environnement \u00e0 haute temp\u00e9rature.<\/p>\n\n\n\n<h2 class=\"wp-block-heading\">Conclusion<\/h2>\n\n\n\n<p>Adapt\u00e9e \u00e0 la plupart des types de peau, notre meilleure lotion corporelle pour peau s\u00e8che est facile \u00e0 utiliser et l\u00e9g\u00e8re, ce qui en fait le choix id\u00e9al pour une hydratation efficace et une nutrition douce. En outre. Nous proposons \u00e9galement une gamme compl\u00e8te de services de personnalisation pour cr\u00e9er un produit unique et digne de votre marque en fonction de vos besoins. Contactez-nous si vous souhaitez vous faire un nom sur le march\u00e9 des lotions corporelles.<\/p>\n\n\n\n<p><\/p>","protected":false},"excerpt":{"rendered":"Best Body Lotion For Dry Skin Manufacturing Common Formulas Throughout the entire production process, we use advanced production facilities and strict testing systems to ensure the safety and effectiveness of products. And we&#8217;ve designed different formulas for your different skin types and preferences to meet the needs of most people. 1. Hyaluronic acid: hyaluronic acid [&hellip;]","protected":false},"featured_media":2323,"menu_order":0,"template":"","meta":[],"product-tag":[],"products":[56],"class_list":["post-2322","product","type-product","status-publish","has-post-thumbnail","hentry","products-body-lotion"],"acf":[],"_links":{"self":[{"href":"https:\/\/www.ruiqigo.com\/fr\/wp-json\/wp\/v2\/product\/2322","targetHints":{"allow":["GET"]}}],"collection":[{"href":"https:\/\/www.ruiqigo.com\/fr\/wp-json\/wp\/v2\/product"}],"about":[{"href":"https:\/\/www.ruiqigo.com\/fr\/wp-json\/wp\/v2\/types\/product"}],"version-history":[{"count":0,"href":"https:\/\/www.ruiqigo.com\/fr\/wp-json\/wp\/v2\/product\/2322\/revisions"}],"wp:featuredmedia":[{"embeddable":true,"href":"https:\/\/www.ruiqigo.com\/fr\/wp-json\/wp\/v2\/media\/2323"}],"wp:attachment":[{"href":"https:\/\/www.ruiqigo.com\/fr\/wp-json\/wp\/v2\/media?parent=2322"}],"wp:term":[{"taxonomy":"product-tag","embeddable":true,"href":"https:\/\/www.ruiqigo.com\/fr\/wp-json\/wp\/v2\/product-tag?post=2322"},{"taxonomy":"products","embeddable":true,"href":"https:\/\/www.ruiqigo.com\/fr\/wp-json\/wp\/v2\/products?post=2322"}],"curies":[{"name":"wp","href":"https:\/\/api.w.org\/{rel}","templated":true}]}}