{"id":2328,"date":"2024-12-20T16:51:35","date_gmt":"2024-12-20T08:51:35","guid":{"rendered":"https:\/\/ruiqigo.com\/?post_type=product&#038;p=2328"},"modified":"2024-12-20T16:52:31","modified_gmt":"2024-12-20T08:52:31","slug":"color-depositing-conditioner","status":"publish","type":"product","link":"https:\/\/www.ruiqigo.com\/fr\/product\/color-depositing-conditioner","title":{"rendered":"Apr\u00e8s-shampoing colorant"},"content":{"rendered":"<h2 class=\"wp-block-heading\">Formules courantes de fabrication de conditionneurs colorants<\/h2>\n\n\n\n<p>En tant que fabricant professionnel de revitalisants colorants, nous nous engageons \u00e0 cr\u00e9er des produits de haute qualit\u00e9. Par cons\u00e9quent, nous s\u00e9lectionnons des mati\u00e8res premi\u00e8res de haute qualit\u00e9, telles que des extraits de plantes naturelles et des ingr\u00e9dients de soins capillaires avanc\u00e9s, et utilisons une technologie de production avanc\u00e9e pour conserver au maximum leurs ingr\u00e9dients actifs.<\/p>\n\n\n\n<p>1. Huile d&#039;argan : L&#039;huile d&#039;argan a des effets antioxydants, qui peuvent pr\u00e9venir les dommages caus\u00e9s par l&#039;oxydation et maintenir la couleur des cheveux apr\u00e8s la coloration. Elle nourrit \u00e9galement les cheveux en profondeur, aide \u00e0 r\u00e9parer les cheveux ab\u00eem\u00e9s et rend les cheveux plus lisses et plus doux.<\/p>\n\n\n\n<p>2. Huile d&#039;amande : L&#039;huile d&#039;amande peut non seulement hydrater les cheveux, mais aussi les adoucir et r\u00e9duire le probl\u00e8me de l&#039;\u00e9lectricit\u00e9 statique cr\u00e9pue. En m\u00eame temps, elle peut r\u00e9parer les cheveux ab\u00eem\u00e9s et am\u00e9liorer l&#039;\u00e9lasticit\u00e9 et la r\u00e9sistance des cheveux. De plus, elle favorise \u00e9galement la circulation sanguine vers le cuir chevelu et fournit des nutriments ad\u00e9quats aux follicules pileux, favorisant ainsi une croissance saine des cheveux.<\/p>\n\n\n\n<p>3. Colorant : Le colorant est d\u00e9pos\u00e9 \u00e0 la surface des cheveux ou p\u00e9n\u00e8tre dans les cheveux pour compl\u00e9ter la couleur perdue, am\u00e9liorant ainsi l&#039;effet de couleur apr\u00e8s la teinture des cheveux.<\/p>\n\n\n\n<p>4. Tensioactif : Il agit comme un \u00e9mulsifiant pour aider les autres ingr\u00e9dients des soins capillaires \u00e0 mieux se disperser et se dissoudre dans l&#039;eau et \u00e0 se r\u00e9partir uniform\u00e9ment sur les cheveux.<\/p>\n\n\n\n<p>5. Cr\u00e8me solaire : la cr\u00e8me solaire peut prot\u00e9ger les cheveux des dommages caus\u00e9s par les UV, ralentissant ainsi la vitesse de d\u00e9coloration des cheveux.<\/p>\n\n\n\n<h2 class=\"wp-block-heading\">Les fonctions du conditionneur colorant<\/h2>\n\n\n\n<p>Lors du processus de production, nous avons consid\u00e9r\u00e9 que la coloration normale des cheveux \u00e9tait tr\u00e8s nocive pour les cheveux, c&#039;est pourquoi nous avons d\u00e9velopp\u00e9 cette combinaison de fonctions de coloration et de soin des cheveux. Elle peut non seulement r\u00e9pondre \u00e0 vos besoins en mati\u00e8re de coloration des cheveux, mais \u00e9galement prot\u00e9ger vos cheveux, ce qui a de multiples effets.<\/p>\n\n\n\n<p>1. Compl\u00e9ter et am\u00e9liorer la couleur : Le revitalisant colorant peut compl\u00e9ter ou ajouter la couleur souhait\u00e9e aux cheveux, il se fixe uniquement en douceur \u00e0 la surface des cheveux, n&#039;ouvre pas la cuticule, il n&#039;endommagera donc pas les cheveux.<\/p>\n\n\n\n<p>2. Nourrissant et r\u00e9parateur : notre apr\u00e8s-shampooing colorant est riche en une vari\u00e9t\u00e9 d&#039;ingr\u00e9dients de soins capillaires tr\u00e8s efficaces pour r\u00e9parer les cheveux ab\u00eem\u00e9s. Il ajoute \u00e9galement de l&#039;humidit\u00e9 et des nutriments au c\u0153ur du cheveu pour garder vos cheveux hydrat\u00e9s, brillants et souples.<\/p>\n\n\n\n<p>3. Inhiber le jaunissement : un apr\u00e8s-shampoing colorant peut \u00e9liminer la couleur bronzante, conserver la luminosit\u00e9 et le ton des cheveux et inhiber le jaunissement et la s\u00e9cheresse. Par exemple, apr\u00e8s avoir d\u00e9color\u00e9 des cheveux jaunis apr\u00e8s une longue exposition au soleil, vous pouvez utiliser un apr\u00e8s-shampoing violet fonc\u00e9 pour rendre la couleur des cheveux plus lumineuse et plus dense.<\/p>\n\n\n\n<p>4. Soin du cuir chevelu : La formule que nous utilisons est douce et ne contient pas d&#039;ingr\u00e9dients irritants tels que le silicone, elle est donc plus respectueuse du cuir chevelu. Il nourrit, adoucit et prot\u00e8ge \u00e9galement le cuir chevelu tout en teignant les cheveux.<\/p>\n\n\n\n<p>5. Teinture capillaire tendance : nous avons cr\u00e9\u00e9 une vari\u00e9t\u00e9 de couleurs vives et uniques parmi lesquelles vous pouvez choisir, pour r\u00e9pondre \u00e0 la recherche de couleur de cheveux de la majorit\u00e9 des gens.<\/p>\n\n\n\n<h2 class=\"wp-block-heading\">Comment utiliser l&#039;apr\u00e8s-shampooing colorant ?<\/h2>\n\n\n\n<p>Le revitalisant colorant est plus facile \u00e0 utiliser que la coloration classique et le temps de pose est plus rapide. Il est plus adapt\u00e9 aux couleurs fonc\u00e9es ou pour neutraliser les tons cuivr\u00e9s et donner \u00e0 vos cheveux un ton chaud. Voici comment cela fonctionne :<\/p>\n\n\n\n<p>1. Lavez vos cheveux : lavez-les d&#039;abord selon le processus habituel et lavez-les au shampoing pour \u00e9liminer l&#039;huile et la salet\u00e9. S\u00e9chez-les d\u00e9licatement avec une serviette apr\u00e8s le lavage.<\/p>\n\n\n\n<p>2. Appliquer uniform\u00e9ment : Divisez les cheveux en deux parties, s&#039;il y a une grande quantit\u00e9 de cheveux, vous pouvez les diviser en quatre parties, puis appliquez uniform\u00e9ment le revitalisant colorant sur les cheveux, en vous concentrant sur la zone \u00e0 teindre et en le combinant avec vos doigts ou votre peigne pour vous assurer que chaque cheveu est appliqu\u00e9 ;<\/p>\n\n\n\n<p>3. Attendez la couleur : laissez l&#039;apr\u00e8s-shampooing colorant agir sur vos cheveux pendant 5 \u00e0 10 minutes, selon l&#039;intensit\u00e9 de la coloration que vous souhaitez obtenir ;<\/p>\n\n\n\n<p>4. Rin\u00e7age : Une fois le temps \u00e9coul\u00e9, rincez vos cheveux \u00e0 l&#039;eau, assurez-vous qu&#039;il ne reste plus d&#039;apr\u00e8s-shampoing et veillez \u00e0 ce que la temp\u00e9rature de l&#039;eau ne soit pas trop \u00e9lev\u00e9e. Apr\u00e8s le rin\u00e7age, vous pouvez utiliser un apr\u00e8s-shampoing pour entretenir la couleur de vos cheveux.<\/p>\n\n\n\n<h2 class=\"wp-block-heading\">Prudence<\/h2>\n\n\n\n<p>1. Effectuez un test cutan\u00e9 derri\u00e8re l\u2019oreille avant utilisation pour vous assurer qu\u2019il n\u2019y a pas d\u2019allergie ;<\/p>\n\n\n\n<p>2. Utilisez des gants pour \u00e9viter de vous tacher les mains\u00a0;<\/p>\n\n\n\n<p>3. \u00c9viter tout contact avec les yeux. En cas de contact avec les yeux, rincer imm\u00e9diatement \u00e0 l&#039;eau claire.<\/p>\n\n\n\n<p>4. Apr\u00e8s avoir teint vos cheveux, essayez d&#039;\u00e9viter d&#039;utiliser des outils \u00e0 haute temp\u00e9rature tels que les s\u00e8che-cheveux et la lumi\u00e8re directe du soleil pendant un certain temps pour \u00e9viter une d\u00e9coloration rapide\u00a0;<\/p>\n\n\n\n<p>5. Il est recommand\u00e9 d&#039;utiliser r\u00e9guli\u00e8rement du shampoing et de l&#039;apr\u00e8s-shampoing pour la coloration des cheveux afin de maintenir la couleur des cheveux et de les nourrir\u00a0;<\/p>\n\n\n\n<p>6. L&#039;apr\u00e8s-shampooing colorant peut durer jusqu&#039;\u00e0 6 mois et il est recommand\u00e9 de l&#039;utiliser toutes les quelques semaines pour maintenir la couleur des cheveux\u00a0;<\/p>\n\n\n\n<p>7. Les cheveux plus clairs et les cheveux poreux ou l\u00e9g\u00e8rement ab\u00eem\u00e9s dureront plus longtemps avec un apr\u00e8s-shampooing colorant<\/p>\n\n\n\n<h2 class=\"wp-block-heading\">Conclusion<\/h2>\n\n\n\n<p>Notre revitalisant colorant soigneusement \u00e9tudi\u00e9 est une formule douce qui peut facilement ajouter de la couleur \u00e0 vos cheveux, tout en les nourrissant en profondeur, en r\u00e9parant les m\u00e8ches ab\u00eem\u00e9es et en rendant vos cheveux plus soyeux et brillants. De plus, nos produits sont faciles \u00e0 utiliser, aucune op\u00e9ration professionnelle, il suffit de suivre les instructions pour faire briller vos cheveux. Nous continuerons \u00e9galement \u00e0 innover pour vous permettre de d\u00e9velopper des solutions de soins capillaires plus efficaces et de meilleure qualit\u00e9. Si vous \u00eates int\u00e9ress\u00e9, veuillez nous contacter.<\/p>","protected":false},"excerpt":{"rendered":"Color Depositing Conditioner Manufacturing Common Formulas As a professional color depositing conditioner manufacturer, we are committed to creating high-quality products. Therefore, we select high-quality raw materials, such as natural plant extracts and advanced hair care ingredients, and use advanced production technology to retain their active ingredients to the maximum extent. 1. Argan oil: Argan oil [&hellip;]","protected":false},"featured_media":2329,"menu_order":0,"template":"","meta":[],"product-tag":[],"products":[52],"class_list":["post-2328","product","type-product","status-publish","has-post-thumbnail","hentry","products-conditioner"],"acf":[],"_links":{"self":[{"href":"https:\/\/www.ruiqigo.com\/fr\/wp-json\/wp\/v2\/product\/2328","targetHints":{"allow":["GET"]}}],"collection":[{"href":"https:\/\/www.ruiqigo.com\/fr\/wp-json\/wp\/v2\/product"}],"about":[{"href":"https:\/\/www.ruiqigo.com\/fr\/wp-json\/wp\/v2\/types\/product"}],"version-history":[{"count":0,"href":"https:\/\/www.ruiqigo.com\/fr\/wp-json\/wp\/v2\/product\/2328\/revisions"}],"wp:featuredmedia":[{"embeddable":true,"href":"https:\/\/www.ruiqigo.com\/fr\/wp-json\/wp\/v2\/media\/2329"}],"wp:attachment":[{"href":"https:\/\/www.ruiqigo.com\/fr\/wp-json\/wp\/v2\/media?parent=2328"}],"wp:term":[{"taxonomy":"product-tag","embeddable":true,"href":"https:\/\/www.ruiqigo.com\/fr\/wp-json\/wp\/v2\/product-tag?post=2328"},{"taxonomy":"products","embeddable":true,"href":"https:\/\/www.ruiqigo.com\/fr\/wp-json\/wp\/v2\/products?post=2328"}],"curies":[{"name":"wp","href":"https:\/\/api.w.org\/{rel}","templated":true}]}}