{"id":237,"date":"2024-06-30T23:30:38","date_gmt":"2024-06-30T15:30:38","guid":{"rendered":"https:\/\/ruiqigo.com\/?post_type=product&#038;p=237"},"modified":"2024-09-25T15:06:45","modified_gmt":"2024-09-25T07:06:45","slug":"keratin-shampoo","status":"publish","type":"product","link":"https:\/\/www.ruiqigo.com\/fr\/product\/keratin-shampoo","title":{"rendered":"Shampoing \u00e0 la k\u00e9ratine"},"content":{"rendered":"<h3 class=\"wp-block-heading\">Fabrication de shampoing \u00e0 la k\u00e9ratine Formules courantes<\/h3>\n\n\n\n<p>Les shampooings \u00e0 la k\u00e9ratine sont riches en k\u00e9ratine, une prot\u00e9ine similaire \u00e0 la structure naturelle des cheveux. La k\u00e9ratine forme un film protecteur sur les cheveux, ce qui est bon pour prot\u00e9ger les cheveux des dommages caus\u00e9s par la surchauffe et des polluants. Le shampooing est \u00e9galement enrichi en k\u00e9ratine hydrolys\u00e9e, qui est une forme de k\u00e9ratine trait\u00e9e chimiquement ou enzymatiquement en mol\u00e9cules plus petites qui peuvent p\u00e9n\u00e9trer plus facilement l&#039;int\u00e9rieur des cheveux pour fournir une r\u00e9paration et une nutrition en profondeur. De plus, le shampooing int\u00e8gre un agent revitalisant riche en acides amin\u00e9s. Les acides amin\u00e9s sont les \u00e9l\u00e9ments de base de la k\u00e9ratine capillaire et peuvent rapidement reconstituer les cheveux avec les nutriments dont ils ont besoin.<\/p>\n\n\n\n<h3 class=\"wp-block-heading\">Sc\u00e9narios applicables au shampooing \u00e0 la k\u00e9ratine<\/h3>\n\n\n\n<p>Les shampooings \u00e0 la k\u00e9ratine fonctionnent bien quel que soit le temps, car ils sont pleins de bonnes choses pour vos cheveux. Il est parfait pour les endroits secs o\u00f9 les cheveux deviennent secs, cassants et ternes. La k\u00e9ratine et les autres nutriments contenus dans le shampooing p\u00e9n\u00e8trent profond\u00e9ment dans les cheveux pour leur donner la nutrition dont ils ont besoin, les rendant \u00e0 nouveau sains et rebondissants. Vous pouvez \u00e9galement l&#039;associer \u00e0 un <a href=\"https:\/\/www.ruiqigo.com\/fr\/products\/conditioner\/\">revitalisant \u00e0 base d&#039;ingr\u00e9dients naturels<\/a> pour des r\u00e9sultats encore meilleurs.<\/p>\n\n\n\n<h3 class=\"wp-block-heading\">\u00c0 qui s&#039;adresse le shampoing \u00e0 la k\u00e9ratine ?<\/h3>\n\n\n\n<p>Les shampoings \u00e0 la k\u00e9ratine conviennent aux personnes qui ont besoin de r\u00e9parer leurs cheveux. Pour les dommages caus\u00e9s par les traitements chimiques tels que les permanentes et les colorations, les facteurs environnementaux quotidiens ou les frottements, le shampoing \u00e0 la k\u00e9ratine peut aider \u00e0 r\u00e9parer et \u00e0 renforcer les cheveux. De plus, pour les personnes aux cheveux cr\u00e9pus et indisciplin\u00e9s et celles qui utilisent fr\u00e9quemment des outils chauffants pour se coiffer, le shampoing \u00e0 la k\u00e9ratine peut aider \u00e0 lisser les frisottis et \u00e0 rendre les cheveux plus faciles \u00e0 coiffer, tout en offrant une protection contre les dommages caus\u00e9s par la chaleur caus\u00e9s par l&#039;utilisation fr\u00e9quente de s\u00e8che-cheveux \u00e0 air chaud, de fers \u00e0 permanente, etc. <a href=\"https:\/\/www.ruiqigo.com\/fr\/products\/shampoo\/\">shampoings aux ingr\u00e9dients naturels<\/a> pour que vous puissiez choisir parmi 3TOP.<\/p>\n\n\n\n<h3 class=\"wp-block-heading\">Processus de production du shampoing \u00e0 la k\u00e9ratine<\/h3>\n\n\n\n<p>La fabrication des shampoings \u00e0 la k\u00e9ratine commence par la fabrication de la k\u00e9ratine. Nous utilisons une m\u00e9thode scientifique sp\u00e9ciale appel\u00e9e technologie de l&#039;ADN recombinant. Elle comprend des \u00e9tapes telles que la pr\u00e9paration de la fermentation, l&#039;ajout des ingr\u00e9dients appropri\u00e9s, la fermentation, le pr\u00e9l\u00e8vement d&#039;\u00e9chantillons, les tests, la destruction des bact\u00e9ries et le nettoyage. Nous pouvons \u00e9galement fabriquer de la k\u00e9ratine d\u00e9compos\u00e9e en utilisant des produits chimiques ou des enzymes sp\u00e9ciaux. Cela permet de fabriquer de minuscules morceaux de k\u00e9ratine parfaitement adapt\u00e9s aux produits pour les cheveux et le corps.<\/p>","protected":false},"excerpt":{"rendered":"Keratin shampoo manufacturing Common Formulas Keratin shampoos are rich in keratin, a protein similar to the natural structure of hair Keratin forms a protective film on the hair, which is good for protecting the hair from overheating damage and pollutants. The shampoo is also enriched with hydrolyzed keratin, which is a chemically or enzymatically processed [&hellip;]","protected":false},"featured_media":238,"menu_order":0,"template":"","meta":[],"product-tag":[],"products":[51],"class_list":["post-237","product","type-product","status-publish","has-post-thumbnail","hentry","products-shampoo"],"acf":[],"_links":{"self":[{"href":"https:\/\/www.ruiqigo.com\/fr\/wp-json\/wp\/v2\/product\/237","targetHints":{"allow":["GET"]}}],"collection":[{"href":"https:\/\/www.ruiqigo.com\/fr\/wp-json\/wp\/v2\/product"}],"about":[{"href":"https:\/\/www.ruiqigo.com\/fr\/wp-json\/wp\/v2\/types\/product"}],"version-history":[{"count":0,"href":"https:\/\/www.ruiqigo.com\/fr\/wp-json\/wp\/v2\/product\/237\/revisions"}],"wp:featuredmedia":[{"embeddable":true,"href":"https:\/\/www.ruiqigo.com\/fr\/wp-json\/wp\/v2\/media\/238"}],"wp:attachment":[{"href":"https:\/\/www.ruiqigo.com\/fr\/wp-json\/wp\/v2\/media?parent=237"}],"wp:term":[{"taxonomy":"product-tag","embeddable":true,"href":"https:\/\/www.ruiqigo.com\/fr\/wp-json\/wp\/v2\/product-tag?post=237"},{"taxonomy":"products","embeddable":true,"href":"https:\/\/www.ruiqigo.com\/fr\/wp-json\/wp\/v2\/products?post=237"}],"curies":[{"name":"wp","href":"https:\/\/api.w.org\/{rel}","templated":true}]}}