{"id":2373,"date":"2024-12-27T16:46:51","date_gmt":"2024-12-27T08:46:51","guid":{"rendered":"https:\/\/ruiqigo.com\/?post_type=product&#038;p=2373"},"modified":"2024-12-27T16:48:31","modified_gmt":"2024-12-27T08:48:31","slug":"shampoo-and-conditioner-sulphate-free","status":"publish","type":"product","link":"https:\/\/www.ruiqigo.com\/fr\/product\/shampoo-and-conditioner-sulphate-free","title":{"rendered":"Shampoing et revitalisant sans sulfate"},"content":{"rendered":"<h2 class=\"wp-block-heading\">Fabrication de formules courantes de shampooings et d&#039;apr\u00e8s-shampooings sans sulfate<\/h2>\n\n\n\n<p>Dans la production de shampooing et d&#039;apr\u00e8s-shampooing sans sulfate, nous utilisons une vari\u00e9t\u00e9 d&#039;ingr\u00e9dients naturels pour maintenir une barri\u00e8re hydratante naturelle pour le cuir chevelu. Ces ingr\u00e9dients agissent ensemble pour nettoyer, soigner et hydrater.<\/p>\n\n\n\n<p>1. Aloe vera : L&#039;aloe vera peut rapidement reconstituer l&#039;humidit\u00e9 et les nutriments n\u00e9cessaires au cuir chevelu et aux cheveux, et les retenir fermement, afin que les cheveux puissent rester hydrat\u00e9s et brillants. Mais il aide \u00e9galement \u00e0 soulager l&#039;irritation et l&#039;inflammation, am\u00e9liore les probl\u00e8mes du cuir chevelu et contr\u00f4le la production de s\u00e9bum du cuir chevelu, ce qui aide les cheveux \u00e0 maintenir un \u00e9quilibre huile-eau. Il nettoie \u00e9galement en douceur le cuir chevelu sans le priver d&#039;hydratation naturelle.<\/p>\n\n\n\n<p>2. Huile de coco : L&#039;huile de coco est un FPS naturel qui prot\u00e8ge les cheveux des dommages caus\u00e9s par les UV. Elle est \u00e9galement facilement absorb\u00e9e par la cuticule, procurant un effet hydratant longue dur\u00e9e aux cheveux et r\u00e9duisant la perte d&#039;eau. De plus, elle peut \u00e9galement vous aider \u00e0 r\u00e9parer les cheveux ab\u00eem\u00e9s et \u00e0 am\u00e9liorer les probl\u00e8mes tels que les pointes fourchues et les cassures.<\/p>\n\n\n\n<p>3. Tensioactifs : Nous utilisons des tensioactifs doux, qui ont un pouvoir nettoyant doux et peuvent r\u00e9duire l&#039;irritation du cuir chevelu, g\u00e9n\u00e9ralement moins de mousse, plus adapt\u00e9s aux personnes sensibles aux cheveux secs.<\/p>\n\n\n\n<p>4. Vitamine E : est un antioxydant qui prot\u00e8ge les cheveux des dommages caus\u00e9s par les radicaux libres.<\/p>\n\n\n\n<p>5. R\u00e9gulateur de pH : Il peut ajuster le pH, de sorte que le produit soit plus proche du pH des cheveux, r\u00e9duisant ainsi l&#039;irritation.<\/p>\n\n\n\n<h2 class=\"wp-block-heading\">Les fonctions du shampoing et de l&#039;apr\u00e8s-shampoing sans sulfate<\/h2>\n\n\n\n<p>En tant que fabricant professionnel de shampoings et d&#039;apr\u00e8s-shampoings sans sulfate, nous combinons le pouvoir nettoyant des shampoings avec le pouvoir nourrissant des apr\u00e8s-shampoings, tout en \u00e9vitant l&#039;irritation des sulfates dans vos cheveux, pour vous offrir un produit tout-en-un, doux et non irritant. Voici ses principales fonctions :<\/p>\n\n\n\n<p>1. Hydratant et hydratant : nos produits peuvent non seulement reconstituer l&#039;humidit\u00e9 en profondeur dans le noyau du cheveu, mais aussi rendre les cheveux plus hydrat\u00e9s. Il conserve \u00e9galement l&#039;humidit\u00e9 naturelle du cuir chevelu et des cheveux, ce qui est b\u00e9n\u00e9fique pour la sant\u00e9 globale de vos cheveux et am\u00e9liore les probl\u00e8mes de pointes fourchues et de cassures.<\/p>\n\n\n\n<p>2. Texture naturelle : les shampooings et apr\u00e8s-shampooings sans sulfate sont plus doux, conservent la partie huileuse naturelle, emp\u00eachent les cheveux de se dess\u00e9cher et de friser, rendent les cheveux plus doux et plus sains, et aucun soin particulier n&#039;est n\u00e9cessaire pour les cheveux boucl\u00e9s.<\/p>\n\n\n\n<p>3. Nettoyage doux : nous utilisons une vari\u00e9t\u00e9 d&#039;ingr\u00e9dients v\u00e9g\u00e9taux naturels et d&#039;ingr\u00e9dients de soins capillaires doux pour r\u00e9duire l&#039;irritation des cheveux et du cuir chevelu et provoquer des frisottis et des cheveux secs, en particulier pour les muscles sensibles.<\/p>\n\n\n\n<p>4. Maintenir la couleur des cheveux : il n&#039;ouvre pas la cuticule pendant l&#039;utilisation et peut \u00e9galement aider \u00e0 maintenir la force du pigment de teinture capillaire, prolongeant ainsi la dur\u00e9e de vie de la teinture capillaire.<\/p>\n\n\n\n<p>5. R\u00e9parer et nourrir : les shampooings et apr\u00e8s-shampooings sans sulfate peuvent r\u00e9parer les cheveux ab\u00eem\u00e9s et cr\u00e9er un rev\u00eatement protecteur \u00e0 la surface, r\u00e9duisant ainsi la perte d&#039;eau et nourrissant davantage vos cheveux.<\/p>\n\n\n\n<p>6. Respectueux de l&#039;environnement et pratique : par rapport aux ingr\u00e9dients \u00e0 base de sulfate, nos ingr\u00e9dients sont plus respectueux de l&#039;environnement et plus sains, et ils permettent non seulement un nettoyage en profondeur mais aussi un traitement en profondeur, rendant les cheveux plus sains. Le double effet est plus pratique pour votre utilisation et \u00e9vite \u00e9galement la sensation de lourdeur qui peut \u00eatre caus\u00e9e par l&#039;utilisation superpos\u00e9e de plusieurs produits.<\/p>\n\n\n\n<h2 class=\"wp-block-heading\">Comment utiliser un shampooing et un apr\u00e8s-shampooing sans sulfate ?<\/h2>\n\n\n\n<p>Notre shampooing et notre apr\u00e8s-shampooing sans sulfate combinent plusieurs fonctions pour les rendre plus faciles \u00e0 utiliser, faciles \u00e0 utiliser et adapt\u00e9s \u00e0 la plupart des sc\u00e9narios.<\/p>\n\n\n\n<p>1. Cheveux mouill\u00e9s : Mouillez d\u2019abord les cheveux avec de l\u2019eau ti\u00e8de pour vous assurer que chaque cheveu est humide ;<\/p>\n\n\n\n<p>2. Nettoyage et entretien : pour le premier nettoyage, appliquez une quantit\u00e9 appropri\u00e9e de shampoing et d&#039;apr\u00e8s-shampoing sans sulfate sur la paume de la main, frottez les bulles, puis appliquez uniform\u00e9ment la mousse sur les cheveux et le cuir chevelu. Vous pouvez masser doucement le cuir chevelu pour favoriser la circulation sanguine et rincer \u00e0 l&#039;eau apr\u00e8s le massage. Le deuxi\u00e8me nettoyage est le m\u00eame que la premi\u00e8re \u00e9tape de nettoyage, ce processus peut aider \u00e0 \u00e9liminer la salet\u00e9 et l&#039;huile r\u00e9siduelles sur les cheveux, propices \u00e0 un nettoyage en profondeur.<\/p>\n\n\n\n<p>3. Rincez : rincez la mousse \u00e0 l&#039;eau, assurez-vous qu&#039;il n&#039;y a plus de mousse et s\u00e9chez d\u00e9licatement avec une serviette. Apr\u00e8s avoir lav\u00e9 vos cheveux, vous pouvez les revitaliser en profondeur avec de l&#039;huile essentielle selon vos besoins personnels et laisser vos cheveux s\u00e9cher \u00e0 l&#039;air libre ou au s\u00e8che-cheveux.<\/p>\n\n\n\n<h2 class=\"wp-block-heading\">Prudence<\/h2>\n\n\n\n<p>1. Choisissez des produits adapt\u00e9s \u00e0 vos cheveux en fonction de vos propres besoins capillaires\u00a0;<\/p>\n\n\n\n<p>2. Un test allergique doit \u00eatre effectu\u00e9 pour la premi\u00e8re fois et cesser l&#039;utilisation s&#039;il n&#039;y a pas d&#039;adaptation ;<\/p>\n\n\n\n<p>3. \u00c9vitez la surutilisation, prenez la quantit\u00e9 appropri\u00e9e en fonction de la longueur de vos cheveux et \u00e9vitez de les surcharger ;<\/p>\n\n\n\n<p>4. \u00c9vitez une utilisation fr\u00e9quente, il est recommand\u00e9 d&#039;utiliser 1 \u00e0 2 fois par semaine, si les cheveux sont clairsem\u00e9s ou gras, vous pouvez augmenter le nombre de fois de mani\u00e8re appropri\u00e9e ;<\/p>\n\n\n\n<p>5. Il est recommand\u00e9 de stocker dans un endroit frais et sec, d&#039;\u00e9viter la lumi\u00e8re directe du soleil et les environnements \u00e0 haute temp\u00e9rature.<\/p>\n\n\n\n<h2 class=\"wp-block-heading\">Conclusion<\/h2>\n\n\n\n<p>Nos produits utilisent une vari\u00e9t\u00e9 d&#039;ingr\u00e9dients v\u00e9g\u00e9taux naturels et des ingr\u00e9dients de soins capillaires hautement efficaces pour remplacer le sulfate, non seulement pour r\u00e9pondre aux exigences de sant\u00e9, de s\u00e9curit\u00e9 et de protection de l&#039;environnement de votre produit, mais aussi pour combiner les caract\u00e9ristiques de votre marque pour obtenir un avantage concurrentiel diff\u00e9renci\u00e9. Bien entendu, nous proposons \u00e9galement une gamme compl\u00e8te de services de personnalisation, qu&#039;il s&#039;agisse d&#039;ajustement de formule ou de conception d&#039;emballage, nous pouvons cr\u00e9er une marque unique selon vos besoins. Si vous \u00eates \u00e9galement int\u00e9ress\u00e9 par nos shampooings et apr\u00e8s-shampooings sans sulfate, veuillez nous contacter.<\/p>","protected":false},"excerpt":{"rendered":"Shampoo And Conditioner Sulphate Free Manufacturing Common Formulas In the production of shampoo and conditioner sulphate free, we use a variety of natural ingredients to maintain a natural moisturizing barrier for the scalp. These ingredients work together to cleanse, care, and moisturize. 1. Aloe vera: Aloe vera can quickly replenish the moisture and nutrients needed [&hellip;]","protected":false},"featured_media":2374,"menu_order":0,"template":"","meta":[],"product-tag":[],"products":[54],"class_list":["post-2373","product","type-product","status-publish","has-post-thumbnail","hentry","products-shampoo-and-conditioner"],"acf":[],"_links":{"self":[{"href":"https:\/\/www.ruiqigo.com\/fr\/wp-json\/wp\/v2\/product\/2373","targetHints":{"allow":["GET"]}}],"collection":[{"href":"https:\/\/www.ruiqigo.com\/fr\/wp-json\/wp\/v2\/product"}],"about":[{"href":"https:\/\/www.ruiqigo.com\/fr\/wp-json\/wp\/v2\/types\/product"}],"version-history":[{"count":0,"href":"https:\/\/www.ruiqigo.com\/fr\/wp-json\/wp\/v2\/product\/2373\/revisions"}],"wp:featuredmedia":[{"embeddable":true,"href":"https:\/\/www.ruiqigo.com\/fr\/wp-json\/wp\/v2\/media\/2374"}],"wp:attachment":[{"href":"https:\/\/www.ruiqigo.com\/fr\/wp-json\/wp\/v2\/media?parent=2373"}],"wp:term":[{"taxonomy":"product-tag","embeddable":true,"href":"https:\/\/www.ruiqigo.com\/fr\/wp-json\/wp\/v2\/product-tag?post=2373"},{"taxonomy":"products","embeddable":true,"href":"https:\/\/www.ruiqigo.com\/fr\/wp-json\/wp\/v2\/products?post=2373"}],"curies":[{"name":"wp","href":"https:\/\/api.w.org\/{rel}","templated":true}]}}