{"id":242,"date":"2024-06-30T23:36:11","date_gmt":"2024-06-30T15:36:11","guid":{"rendered":"https:\/\/ruiqigo.com\/?post_type=product&#038;p=242"},"modified":"2024-09-20T09:56:45","modified_gmt":"2024-09-20T01:56:45","slug":"herbal-essences-shampoo","status":"publish","type":"product","link":"https:\/\/www.ruiqigo.com\/fr\/product\/herbal-essences-shampoo","title":{"rendered":"Shampoing aux essences de plantes"},"content":{"rendered":"<h3 class=\"wp-block-heading\">Formules courantes de fabrication de shampooings aux essences de plantes<\/h3>\n\n\n\n<p>Dans notre shampooing Herbal Essence, nous avons ajout\u00e9 une tr\u00e8s grande vari\u00e9t\u00e9 d&#039;extraits de plantes, notamment de l&#039;ang\u00e9lique, de la lavande, de l&#039;ylang-ylang, du patchouli, des prot\u00e9ines de bl\u00e9 et d&#039;autres extraits de plantes, ainsi que des huiles essentielles, de l&#039;extrait de Channellus (Melaleuca alternifolia), de l&#039;extrait de racine de gingembre, de l&#039;extrait de feuille de Sapindus, de l&#039;extrait de Polygonatum odoratum et de l&#039;extrait de Polygonum multiflorum. Parmi eux, l&#039;extrait d&#039;ang\u00e9lique est cens\u00e9 augmenter la circulation sanguine dans le cuir chevelu, ce qui favorise la croissance des cheveux et r\u00e9duit la chute des cheveux. L&#039;huile de lavande est r\u00e9put\u00e9e pour calmer le cuir chevelu et tuer les germes, et elle donne \u00e9galement une odeur agr\u00e9able. La racine de gingembre, la feuille de Sib\u00e9rie et le Polygonum Multiflorum sont des produits naturels cens\u00e9s aider les cheveux \u00e0 rester en bonne sant\u00e9 et \u00e0 mieux pousser.<\/p>\n\n\n\n<h3 class=\"wp-block-heading\">Sc\u00e9narios d&#039;application du shampooing aux essences de plantes<\/h3>\n\n\n\n<p>Le shampooing aux essences de plantes est adapt\u00e9 \u00e0 tous les types de temps car il est fabriqu\u00e9 \u00e0 partir de produits naturels et est doux. Il fonctionne tr\u00e8s bien dans les endroits secs et humides. Par temps sec, des ingr\u00e9dients comme la prot\u00e9ine de bl\u00e9 contenus dans le shampooing emp\u00eachent les cheveux de devenir secs et statiques. Lorsqu&#039;il fait humide, des herbes comme l&#039;huile d&#039;ylang ylang contenue dans le shampooing aident \u00e0 emp\u00eacher votre cuir chevelu de devenir trop gras, de sorte que vos cheveux ne paraissent pas gras ou plats. Vous pouvez \u00e9galement l&#039;associer \u00e0 un <a href=\"https:\/\/www.ruiqigo.com\/fr\/products\/conditioner\/\">revitalisant \u00e0 base d&#039;ingr\u00e9dients naturels <\/a>pour des r\u00e9sultats encore meilleurs.<\/p>\n\n\n\n<h3 class=\"wp-block-heading\">\u00c0 qui s&#039;adresse le shampooing Herbal Essences ?<\/h3>\n\n\n\n<p>Le shampoing Herbal Essence est parfait pour ceux qui pr\u00e9f\u00e8rent les produits naturels et qui se soucient de la provenance des ingr\u00e9dients. Il est \u00e9galement id\u00e9al pour les personnes ayant des probl\u00e8mes de cuir chevelu comme les pellicules, le cuir chevelu gras ou sec ou le cuir chevelu sensible. Les ingr\u00e9dients naturels du shampoing peuvent aider \u00e0 apaiser ces probl\u00e8mes. Plus <a href=\"https:\/\/www.ruiqigo.com\/fr\/products\/shampoo\/\">shampoings aux ingr\u00e9dients naturels<\/a> pour que vous puissiez choisir parmi 3TOP.<\/p>\n\n\n\n<h3 class=\"wp-block-heading\">Processus de production du shampoing aux essences de plantes<\/h3>\n\n\n\n<p>Le shampoing Herbal Essence utilise un certain nombre de proc\u00e9d\u00e9s de production sp\u00e9ciaux. Le shampoing Herbal Essence est fabriqu\u00e9 de deux mani\u00e8res sp\u00e9ciales. Tout d&#039;abord, il est bouilli \u00e0 la main, une ancienne m\u00e9thode de fabrication qui consiste \u00e0 utiliser des outils et des techniques traditionnels pour m\u00e9langer les parties de la plante. Ensuite, il y a la distillation \u00e0 la vapeur, qui extrait les parties parfum\u00e9es des plantes. Celles-ci peuvent \u00eatre utilis\u00e9es comme \u00e9l\u00e9ments nutritifs dans le shampoing. Ces processus de production sp\u00e9ciaux garantissent la qualit\u00e9 naturelle de nos shampoings aux extraits de plantes.<\/p>","protected":false},"excerpt":{"rendered":"Herbal essences shampoo manufacturing common formulas In our Herbal Essence Shampoo, we have added a very wide variety of herbal extracts, including Angelica, Lavender, Ylang Ylang, Patchouli, Wheat Protein and other herbal extracts, as well as essential oils, Channellus Extract (Melaleuca alternifolia), Ginger Root Extract, Sapindus Leaf Extract, Polygonatum odoratum Extract, and Polygonum multiflorum Extract. [&hellip;]","protected":false},"featured_media":243,"menu_order":0,"template":"","meta":[],"product-tag":[],"products":[51],"class_list":["post-242","product","type-product","status-publish","has-post-thumbnail","hentry","products-shampoo"],"acf":[],"_links":{"self":[{"href":"https:\/\/www.ruiqigo.com\/fr\/wp-json\/wp\/v2\/product\/242","targetHints":{"allow":["GET"]}}],"collection":[{"href":"https:\/\/www.ruiqigo.com\/fr\/wp-json\/wp\/v2\/product"}],"about":[{"href":"https:\/\/www.ruiqigo.com\/fr\/wp-json\/wp\/v2\/types\/product"}],"version-history":[{"count":0,"href":"https:\/\/www.ruiqigo.com\/fr\/wp-json\/wp\/v2\/product\/242\/revisions"}],"wp:featuredmedia":[{"embeddable":true,"href":"https:\/\/www.ruiqigo.com\/fr\/wp-json\/wp\/v2\/media\/243"}],"wp:attachment":[{"href":"https:\/\/www.ruiqigo.com\/fr\/wp-json\/wp\/v2\/media?parent=242"}],"wp:term":[{"taxonomy":"product-tag","embeddable":true,"href":"https:\/\/www.ruiqigo.com\/fr\/wp-json\/wp\/v2\/product-tag?post=242"},{"taxonomy":"products","embeddable":true,"href":"https:\/\/www.ruiqigo.com\/fr\/wp-json\/wp\/v2\/products?post=242"}],"curies":[{"name":"wp","href":"https:\/\/api.w.org\/{rel}","templated":true}]}}