{"id":2576,"date":"2025-01-07T13:52:35","date_gmt":"2025-01-07T05:52:35","guid":{"rendered":"https:\/\/ruiqigo.com\/?post_type=product&#038;p=2576"},"modified":"2025-01-07T13:52:38","modified_gmt":"2025-01-07T05:52:38","slug":"hydrating-facial-cleanser","status":"publish","type":"product","link":"https:\/\/www.ruiqigo.com\/fr\/product\/hydrating-facial-cleanser","title":{"rendered":"Nettoyant hydratant pour le visage"},"content":{"rendered":"<h2 class=\"wp-block-heading\">Fabrication de formules courantes de nettoyants hydratants pour le visage<\/h2>\n\n\n\n<p>Au cours du processus de production, nous avons combin\u00e9 les probl\u00e8mes de plusieurs types de peau et adopt\u00e9 des solutions relatives pour d\u00e9velopper un nettoyant hydratant que les muscles sensibles peuvent utiliser en toute s\u00e9curit\u00e9. Voici ses principaux ingr\u00e9dients :<\/p>\n\n\n\n<p>1. Acide hyaluronique : l&#039;acide hyaluronique a un composant hautement hydratant, qui peut fournir suffisamment d&#039;eau \u00e0 la peau et retenir fermement l&#039;eau pour maintenir l&#039;\u00e9quilibre hydrique. De plus, il pr\u00e9vient la peau rugueuse et s\u00e8che et aide la peau \u00e0 retrouver son \u00e9lasticit\u00e9 et sa brillance.<\/p>\n\n\n\n<p>2. C\u00e9ramide : La c\u00e9ramide a une forte capacit\u00e9 \u00e0 retenir l&#039;eau. Elle peut p\u00e9n\u00e9trer rapidement dans la couche corn\u00e9e et former une structure en r\u00e9seau pour retenir l&#039;eau et emp\u00eacher la perte d&#039;eau. En m\u00eame temps, il peut \u00e9galement r\u00e9parer la barri\u00e8re cutan\u00e9e endommag\u00e9e et am\u00e9liorer la capacit\u00e9 de d\u00e9fense de la peau pour r\u00e9duire les dommages caus\u00e9s par les stimuli externes \u00e0 la peau.<\/p>\n\n\n\n<p>3. Tensioactifs : Nous utilisons des tensioactifs doux qui peuvent nettoyer en douceur la peau sans l&#039;irriter, m\u00eame pour les muscles sensibles.<\/p>\n\n\n\n<p>4. Extrait de camomille : la camomille a un effet apaisant et anti-inflammatoire, qui peut apaiser la peau, aider \u00e0 soulager les sympt\u00f4mes tels que les rougeurs, la s\u00e9cheresse et les d\u00e9mangeaisons, et restaurer le calme. Il a des propri\u00e9t\u00e9s antibact\u00e9riennes et anti-inflammatoires naturelles, peut r\u00e9duire l&#039;inflammation cutan\u00e9e, favoriser la r\u00e9paration et la gu\u00e9rison de la peau et r\u00e9duire davantage l&#039;apparition de l&#039;acn\u00e9, une utilisation \u00e0 long terme peut am\u00e9liorer l&#039;\u00e9tat de la peau.<\/p>\n\n\n\n<p>5. Acide salicylique : L&#039;acide salicylique peut inhiber la s\u00e9cr\u00e9tion de s\u00e9bum sur le visage, aidant ainsi \u00e0 r\u00e9guler l&#039;\u00e9quilibre du s\u00e9bum et \u00e0 rendre la peau plus rafra\u00eechissante. Il poss\u00e8de \u00e9galement des propri\u00e9t\u00e9s antibact\u00e9riennes, ce qui peut r\u00e9duire l&#039;apparition de l&#039;acn\u00e9. En m\u00eame temps, il peut \u00e9galement adoucir la couche corn\u00e9e, \u00e9liminer en douceur les cellules mortes de la peau, favoriser le renouvellement des cellules \u00e9pidermiques et rendre la peau plus lisse et plus d\u00e9licate.<\/p>\n\n\n\n<h2 class=\"wp-block-heading\">Les fonctions du nettoyant hydratant pour le visage<\/h2>\n\n\n\n<p>Notre nettoyant hydratant utilise des proc\u00e9d\u00e9s de fabrication avanc\u00e9s et combine une vari\u00e9t\u00e9 d&#039;ingr\u00e9dients hydratants hautement efficaces pour vous offrir une exp\u00e9rience de nettoyage confortable et s\u00fbre. Voyons ce qu&#039;il fait :<\/p>\n\n\n\n<p>1. Nettoyage doux : le nettoyant hydratant utilise une formule douce, qui peut non seulement \u00e9liminer efficacement la salet\u00e9, l&#039;huile et les r\u00e9sidus de cosm\u00e9tiques \u00e0 la surface de la peau, mais ne provoquera pas non plus de peau s\u00e8che et tendue, ce qui peut r\u00e9duire l&#039;irritation de la peau et s&#039;appliquer \u00e9galement aux muscles sensibles.<\/p>\n\n\n\n<p>2. Hydratation en profondeur : notre nettoyant contient une vari\u00e9t\u00e9 d&#039;ingr\u00e9dients hydratants naturels qui peuvent hydrater la peau en profondeur pendant le nettoyage et retenir l&#039;humidit\u00e9 pour \u00e9viter la perte d&#039;humidit\u00e9. Et pour les peaux grasses, il peut \u00e9galement r\u00e9guler la s\u00e9cr\u00e9tion d&#039;huile pour maintenir l&#039;\u00e9quilibre entre l&#039;eau et l&#039;huile dans la peau, de sorte que la peau soit plus hydrat\u00e9e et plus \u00e9lastique.<\/p>\n\n\n\n<p>3. R\u00e9paration apaisante : la camomille et d&#039;autres ingr\u00e9dients du nettoyant hydratant ont un effet calmant et apaisant, ce qui peut soulager l&#039;inconfort caus\u00e9 par la stimulation environnementale externe et r\u00e9duire la sensibilit\u00e9 de la peau. En m\u00eame temps, il peut \u00e9galement aider \u00e0 r\u00e9parer la barri\u00e8re cutan\u00e9e endommag\u00e9e, \u00e0 am\u00e9liorer la capacit\u00e9 de d\u00e9fense de la peau et \u00e0 rendre la peau plus saine.<\/p>\n\n\n\n<p>5. Am\u00e9liore la peau : les nettoyants hydratants peuvent non seulement r\u00e9duire l&#039;apparition de l&#039;acn\u00e9 mais aussi renforcer la barri\u00e8re cutan\u00e9e. Et l&#039;effet hydratant longue dur\u00e9e rend votre peau plus d\u00e9licate, lisse et \u00e9lastique. En m\u00eame temps, il exfolie la peau, la rendant plus uniforme et plus lumineuse. Par cons\u00e9quent, il peut am\u00e9liorer l&#039;\u00e9tat de la peau et la garder en bonne sant\u00e9.<\/p>\n\n\n\n<h2 class=\"wp-block-heading\">Comment utiliser un nettoyant visage hydratant ?<\/h2>\n\n\n\n<p>Nos produits sont faciles \u00e0 utiliser et s\u00fbrs, ce qui en fait un excellent nettoyant parmi lesquels choisir. Nous soumettrons nos produits \u00e0 des tests dermatologiques stricts pour garantir qu&#039;ils ne contiennent pas d&#039;alcool, d&#039;ar\u00f4me, de colorant ou d&#039;autres ingr\u00e9dients irritants ajout\u00e9s et qu&#039;ils prennent soin de votre peau en douceur.<\/p>\n\n\n\n<p>1. Mouillez d\u2019abord votre visage pour favoriser la propret\u00e9\u00a0;<\/p>\n\n\n\n<p>2. Appliquez la quantit\u00e9 appropri\u00e9e de nettoyant hydratant pour le visage dans la paume de la main et ajoutez un peu d&#039;eau pour faire mousser ;<\/p>\n\n\n\n<p>3. Appliquer uniform\u00e9ment la mousse sur le visage et masser doucement ;<\/p>\n\n\n\n<p>4. Rincez abondamment \u00e0 l\u2019eau claire pour \u00e9viter toute formation de mousse ;<\/p>\n\n\n\n<p>5. S\u00e9chez doucement avec une serviette, puis vous pouvez assortir la m\u00eame s\u00e9rie de produits hydratants pour favoriser davantage l&#039;hydratation.<\/p>\n\n\n\n<h2 class=\"wp-block-heading\">Prudence<\/h2>\n\n\n\n<p>1. Choisissez un nettoyant hydratant adapt\u00e9 \u00e0 votre type de peau\u00a0;<\/p>\n\n\n\n<p>2. Un test allergique doit \u00eatre effectu\u00e9 la premi\u00e8re fois et arr\u00eater imm\u00e9diatement l&#039;utilisation s&#039;il n&#039;y a pas d&#039;adaptation ;<\/p>\n\n\n\n<p>3. Il est recommand\u00e9 d&#039;utiliser une fois le matin et une fois le soir pour \u00e9viter d&#039;endommager la barri\u00e8re cutan\u00e9e caus\u00e9e par une utilisation fr\u00e9quente ;<\/p>\n\n\n\n<p>4. Faites attention au principe de la quantit\u00e9 appropri\u00e9e lors de l&#039;utilisation, pour \u00e9viter une mousse excessive entra\u00eenant une peau grasse et \u00e9paisse\u00a0;<\/p>\n\n\n\n<p>5. Il est recommand\u00e9 d\u2019ajuster l\u2019utilisation des nettoyants hydratants en fonction des changements saisonniers\u00a0;<\/p>\n\n\n\n<p>6. Il est recommand\u00e9 de stocker dans un endroit frais et sec pour \u00e9viter la lumi\u00e8re directe du soleil et les environnements \u00e0 haute temp\u00e9rature affectant l&#039;effet du produit.<\/p>\n\n\n\n<h2 class=\"wp-block-heading\">Conclusion<\/h2>\n\n\n\n<p>En tant que fabricant professionnel de nettoyants hydratants pour le visage, nous avons cr\u00e9\u00e9 un produit sp\u00e9cialement con\u00e7u pour chaque type de peau en fonction de vos besoins et de l&#039;\u00e9tat de votre peau. En plus de l&#039;\u00e9tude de l&#039;efficacit\u00e9, nous accordons \u00e9galement une grande attention \u00e0 la qualit\u00e9 du processus de production, du criblage des mati\u00e8res premi\u00e8res \u00e0 l&#039;emballage du produit fini, nous disposons d&#039;un syst\u00e8me de contr\u00f4le qualit\u00e9 strict pour garantir que chaque bouteille de nettoyant hydratant est s\u00fbre \u00e0 utiliser. Dans le m\u00eame temps, nous proposons \u00e9galement une gamme compl\u00e8te de services personnalis\u00e9s, en fonction de vos besoins, pour vous aider \u00e0 cr\u00e9er des produits uniques et de grande marque afin que vous obteniez un avantage concurrentiel. Si vous \u00eates \u00e9galement int\u00e9ress\u00e9, veuillez nous contacter.<\/p>\n\n\n\n<p><\/p>","protected":false},"excerpt":{"rendered":"Hydrating Facial Cleanser Manufacturing Common Formulas In the production process, we have combined the problems of multiple skin types and adopted relative solutions to develop a moisturizing cleanser that sensitive muscles can safely use. Here are its main ingredients: 1. Hyaluronic acid: hyaluronic acid has a highly moisturizing component, which can provide adequate water for [&hellip;]","protected":false},"featured_media":2577,"menu_order":0,"template":"","meta":[],"product-tag":[],"products":[65],"class_list":["post-2576","product","type-product","status-publish","has-post-thumbnail","hentry","products-facial-cleanser"],"acf":[],"_links":{"self":[{"href":"https:\/\/www.ruiqigo.com\/fr\/wp-json\/wp\/v2\/product\/2576","targetHints":{"allow":["GET"]}}],"collection":[{"href":"https:\/\/www.ruiqigo.com\/fr\/wp-json\/wp\/v2\/product"}],"about":[{"href":"https:\/\/www.ruiqigo.com\/fr\/wp-json\/wp\/v2\/types\/product"}],"version-history":[{"count":0,"href":"https:\/\/www.ruiqigo.com\/fr\/wp-json\/wp\/v2\/product\/2576\/revisions"}],"wp:featuredmedia":[{"embeddable":true,"href":"https:\/\/www.ruiqigo.com\/fr\/wp-json\/wp\/v2\/media\/2577"}],"wp:attachment":[{"href":"https:\/\/www.ruiqigo.com\/fr\/wp-json\/wp\/v2\/media?parent=2576"}],"wp:term":[{"taxonomy":"product-tag","embeddable":true,"href":"https:\/\/www.ruiqigo.com\/fr\/wp-json\/wp\/v2\/product-tag?post=2576"},{"taxonomy":"products","embeddable":true,"href":"https:\/\/www.ruiqigo.com\/fr\/wp-json\/wp\/v2\/products?post=2576"}],"curies":[{"name":"wp","href":"https:\/\/api.w.org\/{rel}","templated":true}]}}