{"id":2591,"date":"2025-01-09T10:16:02","date_gmt":"2025-01-09T02:16:02","guid":{"rendered":"https:\/\/ruiqigo.com\/?post_type=product&#038;p=2591"},"modified":"2025-01-09T10:16:37","modified_gmt":"2025-01-09T02:16:37","slug":"salicylic-acid-facial-cleanser","status":"publish","type":"product","link":"https:\/\/www.ruiqigo.com\/fr\/product\/salicylic-acid-facial-cleanser","title":{"rendered":"Nettoyant visage \u00e0 l&#039;acide salicylique"},"content":{"rendered":"<h2 class=\"wp-block-heading\">Formules courantes de fabrication de nettoyants pour le visage \u00e0 base d&#039;acide salicylique<\/h2>\n\n\n\n<p>Le processus de nettoyage \u00e0 l&#039;acide salicylique peut \u00eatre irritant, c&#039;est pourquoi nous avons ajout\u00e9 une vari\u00e9t\u00e9 de tensioactifs doux et d&#039;ingr\u00e9dients hydratants naturels lors de la recherche de formulation. L&#039;objectif est de r\u00e9duire l&#039;irritation cutan\u00e9e et de rendre le produit adapt\u00e9 \u00e0 la plupart des types de peau.<\/p>\n\n\n\n<p>1. Acide salicylique : L&#039;acide salicylique est l&#039;ingr\u00e9dient principal et \u00e9galement un exfoliant. Non seulement il p\u00e9n\u00e8tre profond\u00e9ment dans les pores, dissout l&#039;huile et la salet\u00e9 accumul\u00e9es et emp\u00eache les pores de se boucher, r\u00e9duisant ainsi la formation de boutons et de points noirs. Il peut \u00e9galement r\u00e9duire l&#039;exc\u00e8s de s\u00e9bum et \u00e9quilibrer davantage la s\u00e9cr\u00e9tion de s\u00e9bum, ce qui est propice \u00e0 r\u00e9duire les probl\u00e8mes de peau caus\u00e9s par un exc\u00e8s de s\u00e9bum, tels que l&#039;acn\u00e9 et l&#039;acn\u00e9. Dans le m\u00eame temps, l&#039;acide salicylique peut \u00e9galement favoriser la croissance de nouvelles cellules, am\u00e9liorer le probl\u00e8me du vieillissement cutan\u00e9 et rendre la peau plus lisse et plus d\u00e9licate.<\/p>\n\n\n\n<p>2. Niacinamide : la niacinamide peut am\u00e9liorer la fonction barri\u00e8re de la peau et a un certain effet antioxydant, ce qui peut r\u00e9sister aux dommages de l&#039;environnement ext\u00e9rieur sur la peau. De plus, elle joue \u00e9galement un r\u00f4le dans l&#039;\u00e9claircissement de la peau, en aidant \u00e0 r\u00e9duire les taches et le teint terne et en rendant la peau plus transparente.<\/p>\n\n\n\n<p>3. Acide hyaluronique : L&#039;acide hyaluronique est un ingr\u00e9dient hydratant courant qui conf\u00e8re \u00e0 la peau un effet hydratant longue dur\u00e9e. Lorsqu&#039;il est utilis\u00e9 en association avec l&#039;acide salicylique, il \u00e9quilibre la s\u00e9cheresse de l&#039;acide salicylique et soulage l&#039;irritation de la peau, la gardant ainsi hydrat\u00e9e.<\/p>\n\n\n\n<p>4. R\u00e9tinol : Le r\u00e9tinol a un puissant effet anti-\u00e2ge, il peut favoriser le renouvellement cellulaire et la production de collag\u00e8ne, afin de restaurer l&#039;\u00e9lasticit\u00e9 de la peau, plus serr\u00e9e. En m\u00eame temps, il peut \u00e9galement r\u00e9duire la s\u00e9cr\u00e9tion d&#039;huile et am\u00e9liorer l&#039;effet de contr\u00f4le de l&#039;huile.<\/p>\n\n\n\n<h2 class=\"wp-block-heading\">Les fonctions du nettoyant visage \u00e0 l&#039;acide salicylique<\/h2>\n\n\n\n<p>En tant que fabricant professionnel de nettoyants pour le visage \u00e0 l&#039;acide salicylique, nous nous engageons \u00e0 vous fournir des solutions de soins de la peau hautement efficaces. Par cons\u00e9quent, nous utilisons une technologie de production avanc\u00e9e pour garantir que son activit\u00e9 peut \u00eatre conserv\u00e9e au maximum et jouer le plus grand effet. Voici ses principales fonctions :<\/p>\n\n\n\n<p>1. Exfolier : utilisez un nettoyant \u00e0 l&#039;acide salicylique pour \u00e9liminer les cellules mortes de la peau, dissoudre et \u00e9liminer en douceur une grande quantit\u00e9 de peau vieillissante accumul\u00e9e, favorisant ainsi la croissance de nouvelles cellules, laissant la peau plus lisse et plus d\u00e9licate.<\/p>\n\n\n\n<p>2. Contr\u00f4le de l&#039;\u00e9quilibre du s\u00e9bum : notre nettoyant peut d\u00e9boucher les pores tout en \u00e9liminant l&#039;exc\u00e8s de s\u00e9bum, en contr\u00f4lant l&#039;\u00e9quilibre du s\u00e9bum, en particulier pour les muscles atteints de variole du s\u00e9bum. La r\u00e9duction de la brillance permet de garder le visage frais et sans tiraillements.<\/p>\n\n\n\n<p>3. Nettoie l&#039;acn\u00e9 : l&#039;acide salicylique est perm\u00e9able et peut nettoyer en profondeur les pores et emp\u00eacher leur obstruction. Il ralentit \u00e9galement la desquamation des cellules cutan\u00e9es des follicules pileux, r\u00e9duisant ainsi la formation de points noirs et de boutons.<\/p>\n\n\n\n<p>4. Am\u00e9liorer la qualit\u00e9 de la peau : le nettoyant \u00e0 l&#039;acide salicylique peut favoriser le renouvellement des cellules \u00e9pidermiques, ce qui peut non seulement pr\u00e9venir la pigmentation, mais aussi ralentir le vieillissement cutan\u00e9 et rendre la peau plus ferme. En m\u00eame temps, les ingr\u00e9dients blanchissants du nettoyant pour le visage aident \u00e9galement \u00e0 \u00e9claircir la peau et \u00e0 att\u00e9nuer les taches.<\/p>\n\n\n\n<p>5. Antibact\u00e9rien et anti-inflammatoire : notre nettoyant a des effets antibact\u00e9riens et anti-inflammatoires, qui peuvent soulager les rougeurs du visage, r\u00e9duire l&#039;acn\u00e9 et l&#039;inflammation et acc\u00e9l\u00e9rer la gu\u00e9rison de l&#039;acn\u00e9.<\/p>\n\n\n\n<h2 class=\"wp-block-heading\">Comment utiliser le nettoyant visage \u00e0 l\u2019acide salicylique\u00a0?<\/h2>\n\n\n\n<p>Nous produisons diff\u00e9rentes concentrations de nettoyants pour le visage \u00e0 base d&#039;acide salicylique, vous pouvez choisir. Les d\u00e9butants recommandent de commencer par une faible concentration pour d\u00e9velopper progressivement la tol\u00e9rance, afin de ne pas irriter le visage. Dans le m\u00eame temps, nous marquerons \u00e9galement l&#039;utilisation de l&#039;emballage :<\/p>\n\n\n\n<p>1. Mouillez d\u2019abord le visage avec de l\u2019eau ti\u00e8de pour faciliter la formation de mousse ;<\/p>\n\n\n\n<p>2. Appliquez une quantit\u00e9 appropri\u00e9e de nettoyant visage \u00e0 l&#039;acide salicylique dans la paume de la main et frottez pour faire mousser, puis appliquez uniform\u00e9ment la mousse sur le visage et massez doucement les deux parties dans un mouvement circulaire. Notez que les zones sujettes \u00e0 l&#039;huile dans la zone T peuvent \u00eatre mass\u00e9es pendant un certain temps pour aider \u00e0 \u00e9liminer l&#039;huile et la salet\u00e9.<\/p>\n\n\n\n<p>3. Rincez la mousse \u00e0 l\u2019eau claire apr\u00e8s le massage pour vous assurer qu\u2019il n\u2019y a aucun r\u00e9sidu ;<\/p>\n\n\n\n<p>4. Apr\u00e8s avoir s\u00e9ch\u00e9 d\u00e9licatement avec une serviette, vous pouvez associer la m\u00eame s\u00e9rie de produits hydratants et les utiliser pendant la journ\u00e9e avec des produits de protection solaire. Comme l&#039;acide salicylique rend la peau plus sensible au soleil, une cr\u00e8me solaire peut \u00eatre utilis\u00e9e pour se prot\u00e9ger des rayons UV.<\/p>\n\n\n\n<h2 class=\"wp-block-heading\">Prudence<\/h2>\n\n\n\n<p>1. Lors de l&#039;utilisation, choisissez le nettoyant visage \u00e0 l&#039;acide salicylique adapt\u00e9 \u00e0 votre type de peau\u00a0;<\/p>\n\n\n\n<p>2. Un test allergique doit \u00eatre effectu\u00e9 pour la premi\u00e8re fois et l\u2019utilisation doit \u00eatre imm\u00e9diatement interrompue en cas d\u2019inconfort\u00a0;<\/p>\n\n\n\n<p>3. Faites attention \u00e0 la fr\u00e9quence d&#039;utilisation, il est recommand\u00e9 d&#039;utiliser une fois le matin et le soir. Les d\u00e9butants peuvent augmenter progressivement de 2 \u00e0 3 fois par semaine \u00e0 une utilisation quotidienne pour s&#039;adapter aux conditions de la peau ;<\/p>\n\n\n\n<p>4. Si vous avez des probl\u00e8mes de peau sp\u00e9cifiques, il doit \u00eatre utilis\u00e9 sous l\u2019avis d\u2019un m\u00e9decin ;<\/p>\n\n\n\n<p>5. Les femmes enceintes et allaitantes doivent consulter un m\u00e9decin avant utilisation\u00a0;<\/p>\n\n\n\n<p>6. Il est recommand\u00e9 de stocker dans un endroit frais et sec pour \u00e9viter la lumi\u00e8re directe du soleil et un environnement \u00e0 haute temp\u00e9rature.<\/p>\n\n\n\n<h2 class=\"wp-block-heading\">Conclusion<\/h2>\n\n\n\n<p>En tant que fabricant d&#039;acide salicylique ax\u00e9 sur une production de haute qualit\u00e9, nous disposons d&#039;une \u00e9quipe de recherche et d\u00e9veloppement professionnelle avec une riche exp\u00e9rience dans le d\u00e9veloppement et la production de produits de soins de la peau. Dans le m\u00eame temps, nous disposons d&#039;un syst\u00e8me de contr\u00f4le qualit\u00e9 strict \u00e0 chaque \u00e9tape, de l&#039;approvisionnement en mati\u00e8res premi\u00e8res \u00e0 la production et \u00e0 l&#039;emballage, pour garantir l&#039;efficacit\u00e9 et la s\u00e9curit\u00e9 de chaque produit. En outre, nous fournissons \u00e9galement des services de personnalisation complets et nous effor\u00e7ons d&#039;atteindre la perfection, afin de garantir que votre marque se d\u00e9marque sur le march\u00e9. Si vous \u00eates \u00e9galement int\u00e9ress\u00e9, veuillez nous contacter.<\/p>","protected":false},"excerpt":{"rendered":"Salicylic Acid Facial Cleanser Manufacturing Common Formulas The salicylic acid cleansing process can be irritating, so we added a variety of mild surfactants and natural moisturizing ingredients during formulation research. This aim is to reduce skin irritation and make the product suitable for most skin types. 1. Salicylic acid: Salicylic acid is the core ingredient [&hellip;]","protected":false},"featured_media":2592,"menu_order":0,"template":"","meta":[],"product-tag":[],"products":[65],"class_list":["post-2591","product","type-product","status-publish","has-post-thumbnail","hentry","products-facial-cleanser"],"acf":[],"_links":{"self":[{"href":"https:\/\/www.ruiqigo.com\/fr\/wp-json\/wp\/v2\/product\/2591","targetHints":{"allow":["GET"]}}],"collection":[{"href":"https:\/\/www.ruiqigo.com\/fr\/wp-json\/wp\/v2\/product"}],"about":[{"href":"https:\/\/www.ruiqigo.com\/fr\/wp-json\/wp\/v2\/types\/product"}],"version-history":[{"count":0,"href":"https:\/\/www.ruiqigo.com\/fr\/wp-json\/wp\/v2\/product\/2591\/revisions"}],"wp:featuredmedia":[{"embeddable":true,"href":"https:\/\/www.ruiqigo.com\/fr\/wp-json\/wp\/v2\/media\/2592"}],"wp:attachment":[{"href":"https:\/\/www.ruiqigo.com\/fr\/wp-json\/wp\/v2\/media?parent=2591"}],"wp:term":[{"taxonomy":"product-tag","embeddable":true,"href":"https:\/\/www.ruiqigo.com\/fr\/wp-json\/wp\/v2\/product-tag?post=2591"},{"taxonomy":"products","embeddable":true,"href":"https:\/\/www.ruiqigo.com\/fr\/wp-json\/wp\/v2\/products?post=2591"}],"curies":[{"name":"wp","href":"https:\/\/api.w.org\/{rel}","templated":true}]}}