{"id":2598,"date":"2025-01-10T15:23:06","date_gmt":"2025-01-10T07:23:06","guid":{"rendered":"https:\/\/ruiqigo.com\/?post_type=product&#038;p=2598"},"modified":"2025-01-10T15:23:54","modified_gmt":"2025-01-10T07:23:54","slug":"jasmine-essential-oil","status":"publish","type":"product","link":"https:\/\/www.ruiqigo.com\/fr\/product\/jasmine-essential-oil","title":{"rendered":"Huile essentielle de jasmin"},"content":{"rendered":"<h2 class=\"wp-block-heading\">Formules courantes de fabrication de l&#039;huile essentielle de jasmin<\/h2>\n\n\n\n<p>Dans la production d&#039;huile essentielle de jasmin, nous utilisons une technologie avanc\u00e9e d&#039;extraction \u00e0 basse temp\u00e9rature pour maximiser la r\u00e9tention de ses ingr\u00e9dients actifs naturels. Dans le m\u00eame temps, la concentration d&#039;huile essentielle est trop \u00e9lev\u00e9e et l&#039;huile de base est g\u00e9n\u00e9ralement ajout\u00e9e pour diluer lors de l&#039;application. Et nous pouvons vous aider \u00e0 adapter l&#039;huile aux diff\u00e9rentes parties du traitement.<\/p>\n\n\n\n<p>1. Huile essentielle de jasmin : en tant qu&#039;ingr\u00e9dient principal, elle a non seulement une forte capacit\u00e9 hydratante, mais peut \u00e9galement reconstituer l&#039;hydratation du cuir chevelu et de la peau, offrant un effet hydratant durable. Elle est \u00e9galement riche en antioxydants, qui peuvent retarder le vieillissement et favoriser la croissance des cheveux. De plus, elle poss\u00e8de des propri\u00e9t\u00e9s antibact\u00e9riennes, qui peuvent r\u00e9duire les pellicules, soulager les d\u00e9mangeaisons et l&#039;inflammation du cuir chevelu et garder les cheveux frais.<\/p>\n\n\n\n<p>2. Huile de coco : L&#039;huile de coco contient de la vitamine E et des antioxydants, qui peuvent aider \u00e0 r\u00e9parer les cheveux ab\u00eem\u00e9s, r\u00e9duire la casse et les pointes fourchues, et rendre les cheveux plus forts et plus sains. Elle fournit \u00e9galement des nutriments aux cheveux, favorise la croissance des cheveux et ajoute de la brillance.<\/p>\n\n\n\n<p>3. Aloe Vera : L&#039;Aloe Vera est riche en facteurs hydratants naturels, qui peuvent hydrater la peau en profondeur et pr\u00e9venir la peau s\u00e8che. Il contient \u00e9galement une grande quantit\u00e9 de vitamines qui aident \u00e0 favoriser la r\u00e9g\u00e9n\u00e9ration et la r\u00e9paration cellulaires, r\u00e9parant ainsi la peau endommag\u00e9e et offrant une texture douce et soyeuse.<\/p>\n\n\n\n<p>4. Huile d&#039;olive : L&#039;huile d&#039;olive peut contr\u00f4ler l&#039;exc\u00e8s de s\u00e9bum et soulager les sympt\u00f4mes de l&#039;exc\u00e8s de s\u00e9bum et des d\u00e9mangeaisons du cuir chevelu. Elle aide \u00e9galement \u00e0 \u00e9claircir la brillance des cheveux, \u00e0 pr\u00e9venir les pointes fourchues et \u00e0 revitaliser les cheveux fourchus. De plus, l&#039;huile d&#039;olive est riche en acides gras, qui peuvent hydrater efficacement la peau et la rendre plus lisse. Elle a \u00e9galement un certain effet antioxydant, qui peut favoriser la production de collag\u00e8ne, retarder le vieillissement cutan\u00e9 et augmenter l&#039;\u00e9lasticit\u00e9 de la peau.<\/p>\n\n\n\n<p>5. Huile essentielle de noix de muscade : L&#039;huile essentielle de noix de muscade contient des compos\u00e9s anti-inflammatoires, elle peut soulager les d\u00e9mangeaisons cutan\u00e9es, les irritations et autres d\u00e9sagr\u00e9ments, et m\u00eame le teint de la peau. En m\u00eame temps, elle est riche en vitamines, qui peuvent favoriser le m\u00e9tabolisme de la peau pour am\u00e9liorer la peau s\u00e8che, la desquamation et d&#039;autres probl\u00e8mes.<\/p>\n\n\n\n<h2 class=\"wp-block-heading\">Les fonctions de l&#039;huile essentielle de jasmin<\/h2>\n\n\n\n<p>En tant que fabricant professionnel d&#039;huile essentielle de jasmin, nous nous engageons \u00e0 cr\u00e9er des produits de haute qualit\u00e9. Non seulement les mati\u00e8res premi\u00e8res sont soigneusement s\u00e9lectionn\u00e9es, mais un syst\u00e8me de gestion de la qualit\u00e9 strict est \u00e9galement mis en place pour chaque maillon de la production afin de garantir que chaque goutte d&#039;huile essentielle puisse vous apporter une exp\u00e9rience confortable.<\/p>\n\n\n\n<p>1. Nourrir les cheveux : l&#039;huile essentielle de jasmin peut fournir aux cheveux l&#039;hydratation et la nutrition n\u00e9cessaires pour leur donner de l&#039;\u00e9clat. Elle est \u00e9galement efficace pour r\u00e9parer les cheveux secs et ab\u00eem\u00e9s, lisser les frisottis et pr\u00e9venir les pointes fourchues et les cassures.<\/p>\n\n\n\n<p>2. Prot\u00e9gez la sant\u00e9 du cuir chevelu : les propri\u00e9t\u00e9s antibact\u00e9riennes du jasmin peuvent apaiser les d\u00e9mangeaisons du cuir chevelu et pr\u00e9venir les pellicules et l&#039;inflammation du cuir chevelu, gardant ainsi le cuir chevelu frais et sain. De plus, il a \u00e9galement un certain effet sur la limitation des poux de t\u00eate.<\/p>\n\n\n\n<p>3. Soin hydratant de la peau : Le facteur hydratant de l&#039;huile essentielle de jasmin peut am\u00e9liorer l&#039;\u00e9tat sec de la peau, fournir un effet hydratant durable et rendre votre peau plus hydrat\u00e9e et lisse.<\/p>\n\n\n\n<p>4. R\u00e9parer l&#039;acn\u00e9 : Notre huile essentielle affecte \u00e9galement l&#039;acn\u00e9, ses propri\u00e9t\u00e9s antibact\u00e9riennes et anti-inflammatoires sont propices \u00e0 l&#039;am\u00e9lioration de la surface de la peau caus\u00e9e par les rougeurs de l&#039;acn\u00e9, la douleur et autres inconforts, \u00e0 la r\u00e9paration de la peau endommag\u00e9e, \u00e0 l&#039;am\u00e9lioration de la barri\u00e8re protectrice de la peau et \u00e0 la cr\u00e9ation de votre peau plus saine.<\/p>\n\n\n\n<p>5. Soulage le stress : l&#039;ar\u00f4me unique du jasmin peut non seulement calmer les \u00e9tats \u00e9motionnels et l&#039;activit\u00e9 neuronale, mais aussi soulager le stress et la d\u00e9pression, et d\u00e9tendre le corps et l&#039;esprit. En m\u00eame temps, il peut \u00e9galement augmenter la vigilance, ce qui est propice \u00e0 l&#039;am\u00e9lioration de la concentration.<\/p>\n\n\n\n<h2 class=\"wp-block-heading\">Comment utiliser l\u2019huile essentielle de jasmin ?<\/h2>\n\n\n\n<p>L&#039;huile essentielle de jasmin est largement utilis\u00e9e, elle est donc utilis\u00e9e de diff\u00e9rentes mani\u00e8res. Nous indiquerons son fonctionnement sur l&#039;emballage afin que vous puissiez l&#039;utiliser en toute s\u00e9curit\u00e9.<\/p>\n\n\n\n<p>1. Utilisation en aromath\u00e9rapie : d\u00e9posez 1 \u00e0 2 gouttes d&#039;huile essentielle de jasmin dans la lampe ou le diffuseur d&#039;aromath\u00e9rapie pour remplir toute la pi\u00e8ce d&#039;ar\u00f4me. Le parfum cr\u00e9\u00e9 est bon pour apaiser le corps et l&#039;esprit, r\u00e9duisant le stress et la fatigue.<\/p>\n\n\n\n<p>2. Utilisation en massage : M\u00e9langez notre huile essentielle avec d&#039;autres huiles de base en proportion et appliquez sur le corps ou le visage. Elle peut non seulement favoriser la circulation sanguine mais aussi am\u00e9liorer le manque d&#039;eau et la peau s\u00e8che.<\/p>\n\n\n\n<p>3. Utiliser avec : Lors du lavage des cheveux, l&#039;huile essentielle de jasmin peut \u00eatre m\u00e9lang\u00e9e au shampooing ou \u00e0 l&#039;apr\u00e8s-shampooing proportionnellement \u00e0 l&#039;utilisation, ce qui peut renforcer l&#039;effet de soin des cheveux.<\/p>\n\n\n\n<h2 class=\"wp-block-heading\">Prudence<\/h2>\n\n\n\n<p>1. Test allergique avanc\u00e9 avant utilisation, en cas de r\u00e9action ind\u00e9sirable, il faut imm\u00e9diatement arr\u00eater l&#039;utilisation\u00a0;<\/p>\n\n\n\n<p>2. La concentration d&#039;huile essentielle de jasmin est \u00e9lev\u00e9e, il est donc recommand\u00e9 de la diluer avec de l&#039;huile de base pour \u00e9viter une application directe entra\u00eenant une irritation ;<\/p>\n\n\n\n<p>3. Les femmes enceintes, les enfants et les personnes souffrant de troubles mentaux doivent \u00e9viter d&#039;utiliser ce produit. Si n\u00e9cessaire, veuillez l&#039;utiliser sous la supervision d&#039;un m\u00e9decin\u00a0;<\/p>\n\n\n\n<p>4. Faites attention au dosage lors de l&#039;utilisation pour \u00e9viter un inconfort excessif sur la peau ;<\/p>\n\n\n\n<p>5. Il est recommand\u00e9 de stocker dans un endroit frais et sec et d&#039;\u00e9viter la lumi\u00e8re directe du soleil et les environnements \u00e0 haute temp\u00e9rature.<\/p>\n\n\n\n<h2 class=\"wp-block-heading\">Conclusion<\/h2>\n\n\n\n<p>Sur le march\u00e9 f\u00e9roce de l&#039;huile essentielle de jasmin, nos produits apportent aux clients une exp\u00e9rience de soin ultime avec leurs effets uniques, devenant l&#039;un des partenaires de nombreuses marques de soins de la peau et centres SPA. En tant que fabricant de production haut de gamme, nous s\u00e9lectionnons non seulement des fleurs de jasmin de haute qualit\u00e9, mais int\u00e9grons \u00e9galement des processus de purification de technologie moderne pour garantir que chaque bouteille puisse vous apporter des soins efficaces. De plus, nous fournissons \u00e9galement des services personnalis\u00e9s pour cr\u00e9er votre marque d&#039;huile essentielle de jasmin selon vos besoins. Si vous \u00eates \u00e9galement int\u00e9ress\u00e9, veuillez nous contacter.<\/p>","protected":false},"excerpt":{"rendered":"Jasmine Essential Oil Manufacturing Common Formulas In the production of jasmine essential oil, we use advanced low-temperature extraction technology to maximize the retention of its natural active ingredients. At the same time, the concentration of essential oil is too high, and the base oil is usually added to dilute when applied. And we can help [&hellip;]","protected":false},"featured_media":2599,"menu_order":0,"template":"","meta":[],"product-tag":[],"products":[53],"class_list":["post-2598","product","type-product","status-publish","has-post-thumbnail","hentry","products-essential-oil"],"acf":[],"_links":{"self":[{"href":"https:\/\/www.ruiqigo.com\/fr\/wp-json\/wp\/v2\/product\/2598","targetHints":{"allow":["GET"]}}],"collection":[{"href":"https:\/\/www.ruiqigo.com\/fr\/wp-json\/wp\/v2\/product"}],"about":[{"href":"https:\/\/www.ruiqigo.com\/fr\/wp-json\/wp\/v2\/types\/product"}],"version-history":[{"count":0,"href":"https:\/\/www.ruiqigo.com\/fr\/wp-json\/wp\/v2\/product\/2598\/revisions"}],"wp:featuredmedia":[{"embeddable":true,"href":"https:\/\/www.ruiqigo.com\/fr\/wp-json\/wp\/v2\/media\/2599"}],"wp:attachment":[{"href":"https:\/\/www.ruiqigo.com\/fr\/wp-json\/wp\/v2\/media?parent=2598"}],"wp:term":[{"taxonomy":"product-tag","embeddable":true,"href":"https:\/\/www.ruiqigo.com\/fr\/wp-json\/wp\/v2\/product-tag?post=2598"},{"taxonomy":"products","embeddable":true,"href":"https:\/\/www.ruiqigo.com\/fr\/wp-json\/wp\/v2\/products?post=2598"}],"curies":[{"name":"wp","href":"https:\/\/api.w.org\/{rel}","templated":true}]}}