{"id":269,"date":"2024-07-05T16:45:37","date_gmt":"2024-07-05T08:45:37","guid":{"rendered":"https:\/\/ruiqigo.com\/?post_type=product&#038;p=269"},"modified":"2024-11-15T16:39:48","modified_gmt":"2024-11-15T08:39:48","slug":"peppermint-essential-oil","status":"publish","type":"product","link":"https:\/\/www.ruiqigo.com\/fr\/product\/peppermint-essential-oil","title":{"rendered":"Huile essentielle de menthe poivr\u00e9e"},"content":{"rendered":"<h2 class=\"wp-block-heading\">Formules courantes de fabrication d&#039;huile essentielle de menthe poivr\u00e9e<\/h2>\n\n\n\n<p>La fabrication de l&#039;huile essentielle de menthe poivr\u00e9e consiste principalement \u00e0 r\u00e9colter les feuilles et les tiges de la plante de menthe poivr\u00e9e, puis \u00e0 extraire l&#039;essence par distillation \u00e0 la vapeur. Au cours du processus de distillation, en tant que fabricant d&#039;huile essentielle de menthe poivr\u00e9e durable, la mati\u00e8re v\u00e9g\u00e9tale est chauff\u00e9e et la vapeur d&#039;huile de menthe poivr\u00e9e lib\u00e9r\u00e9e est refroidie et condens\u00e9e en un liquide, qui est ensuite s\u00e9par\u00e9 de l&#039;eau pour obtenir de l&#039;huile essentielle de menthe poivr\u00e9e pure. Ce processus n\u00e9cessite un contr\u00f4le strict de la temp\u00e9rature et du temps pour garantir la puret\u00e9 de l&#039;huile et l&#039;int\u00e9grit\u00e9 des ingr\u00e9dients actifs.<\/p>\n\n\n\n<h2 class=\"wp-block-heading\">Sc\u00e9narios d&#039;application de l&#039;huile essentielle de menthe poivr\u00e9e<\/h2>\n\n\n\n<p>L&#039;huile essentielle de menthe poivr\u00e9e peut \u00eatre utilis\u00e9e dans de nombreux cas : en aromath\u00e9rapie pour rafra\u00eechir l&#039;esprit et soulager le stress, en application topique pour soulager les douleurs musculaires et l&#039;inconfort cutan\u00e9, comme insectifuge naturel contre les moustiques, ajout\u00e9e aux produits de soin de la peau pour soigner la peau grasse et utilis\u00e9e comme aromath\u00e9rapie d&#039;int\u00e9rieur pour purifier l&#039;air. Ses divers effets la rendent adapt\u00e9e aux soins de sant\u00e9 quotidiens et aux soins d&#039;urgence.<\/p>\n\n\n\n<h2 class=\"wp-block-heading\">\u00c0 qui convient l&#039;huile essentielle de menthe poivr\u00e9e<\/h2>\n\n\n\n<p>L&#039;huile essentielle de menthe poivr\u00e9e convient aux employ\u00e9s de bureau qui ont besoin d&#039;un coup de fouet, aux sportifs qui souhaitent soulager leurs douleurs musculaires, aux amateurs de beaut\u00e9 qui souhaitent am\u00e9liorer leur peau grasse et \u00e0 ceux qui recherchent des rem\u00e8des naturels pour soulager les troubles digestifs. Cependant, elle doit \u00eatre utilis\u00e9e avec prudence par les femmes enceintes, les enfants ou les personnes \u00e0 la peau sensible, et il est pr\u00e9f\u00e9rable de demander l&#039;avis d&#039;un professionnel avant utilisation.<\/p>\n\n\n\n<h2 class=\"wp-block-heading\">Processus de production de l&#039;huile essentielle de menthe poivr\u00e9e<\/h2>\n\n\n\n<p>Le proc\u00e9d\u00e9 sp\u00e9cial de l&#039;huile essentielle de menthe poivr\u00e9e repose sur l&#039;utilisation d&#039;une distillation \u00e0 la vapeur \u00e0 basse temp\u00e9rature, une m\u00e9thode qui extrait d\u00e9licatement l&#039;huile essentielle des feuilles de menthe poivr\u00e9e, \u00e9vitant ainsi la destruction des composants qui peuvent \u00eatre caus\u00e9s par des temp\u00e9ratures \u00e9lev\u00e9es. En tant que fabricant honn\u00eate d&#039;huile essentielle de menthe poivr\u00e9e, un contr\u00f4le pr\u00e9cis du processus de distillation garantit que la puret\u00e9 de l&#039;huile, ses principes actifs et son ar\u00f4me naturel sont conserv\u00e9s intacts, garantissant ainsi sa haute performance et sa s\u00e9curit\u00e9 en aromath\u00e9rapie et en utilisation quotidienne.<\/p>","protected":false},"excerpt":{"rendered":"Peppermint essential oil manufacturing common formulas Making peppermint essential oil mainly involves harvesting the leaves and stems of the peppermint plant and then extracting the essence through steam distillation. During the distillation process, as a durable Peppermint essential oil manufacturer, the plant material is heated and the released peppermint oil vapor is cooled and condensed [&hellip;]","protected":false},"featured_media":271,"menu_order":0,"template":"","meta":[],"product-tag":[],"products":[53],"class_list":["post-269","product","type-product","status-publish","has-post-thumbnail","hentry","products-essential-oil"],"acf":[],"_links":{"self":[{"href":"https:\/\/www.ruiqigo.com\/fr\/wp-json\/wp\/v2\/product\/269","targetHints":{"allow":["GET"]}}],"collection":[{"href":"https:\/\/www.ruiqigo.com\/fr\/wp-json\/wp\/v2\/product"}],"about":[{"href":"https:\/\/www.ruiqigo.com\/fr\/wp-json\/wp\/v2\/types\/product"}],"version-history":[{"count":0,"href":"https:\/\/www.ruiqigo.com\/fr\/wp-json\/wp\/v2\/product\/269\/revisions"}],"wp:featuredmedia":[{"embeddable":true,"href":"https:\/\/www.ruiqigo.com\/fr\/wp-json\/wp\/v2\/media\/271"}],"wp:attachment":[{"href":"https:\/\/www.ruiqigo.com\/fr\/wp-json\/wp\/v2\/media?parent=269"}],"wp:term":[{"taxonomy":"product-tag","embeddable":true,"href":"https:\/\/www.ruiqigo.com\/fr\/wp-json\/wp\/v2\/product-tag?post=269"},{"taxonomy":"products","embeddable":true,"href":"https:\/\/www.ruiqigo.com\/fr\/wp-json\/wp\/v2\/products?post=269"}],"curies":[{"name":"wp","href":"https:\/\/api.w.org\/{rel}","templated":true}]}}