{"id":275,"date":"2024-07-05T16:23:28","date_gmt":"2024-07-05T08:23:28","guid":{"rendered":"https:\/\/ruiqigo.com\/?post_type=product&#038;p=275"},"modified":"2024-11-15T16:43:01","modified_gmt":"2024-11-15T08:43:01","slug":"lavender-essential-oil","status":"publish","type":"product","link":"https:\/\/www.ruiqigo.com\/fr\/product\/lavender-essential-oil","title":{"rendered":"Huile essentielle de lavande"},"content":{"rendered":"<h2 class=\"wp-block-heading\">Formules courantes de fabrication d&#039;huile essentielle de lavande<\/h2>\n\n\n\n<p>Les mati\u00e8res premi\u00e8res de haute qualit\u00e9 que nous utilisons pour produire l&#039;huile essentielle de lavande proviennent de lavandes s\u00e9lectionn\u00e9es qui sont cultiv\u00e9es dans des conditions climatiques et p\u00e9dologiques appropri\u00e9es, choisies dans des zones ensoleill\u00e9es et bien drain\u00e9es. L&#039;huile essentielle de lavande de qualit\u00e9 sup\u00e9rieure n\u00e9cessite que les fleurs soient cueillies \u00e0 la main en pleine floraison pour conserver le meilleur ar\u00f4me et les ingr\u00e9dients actifs. En tant que fabricant leader d&#039;huile essentielle de lavande, la fra\u00eecheur et la puret\u00e9 de la mati\u00e8re premi\u00e8re affectent directement la qualit\u00e9 de l&#039;huile essentielle, nous contr\u00f4lons donc soigneusement chaque \u00e9tape du processus, de la plantation et de la r\u00e9colte \u00e0 l&#039;extraction.<\/p>\n\n\n\n<h2 class=\"wp-block-heading\">Sc\u00e9narios d&#039;application de l&#039;huile essentielle de lavande<\/h2>\n\n\n\n<p>L&#039;huile essentielle de lavande convient \u00e0 une utilisation dans une grande vari\u00e9t\u00e9 de climats, en particulier pendant les saisons s\u00e8ches ou chaudes, o\u00f9 ses propri\u00e9t\u00e9s rafra\u00eechissantes et apaisantes sont efficaces pour soulager les coups de soleil et les inflammations de la peau. Dans les climats froids ou humides, elle aide \u00e0 d\u00e9tendre les muscles et \u00e0 soulager les douleurs articulaires. L&#039;huile essentielle de lavande favorise la r\u00e9g\u00e9n\u00e9ration cellulaire et \u00e9quilibre la production de s\u00e9bum. Elle convient donc \u00e0 tous les types de peau. L&#039;huile essentielle de lavande est bien connue pour son efficacit\u00e9 dans le traitement des br\u00fblures et des coups de soleil. Elle am\u00e9liore \u00e9galement les ampoules, l&#039;ecz\u00e9ma, inhibe la croissance bact\u00e9rienne et minimise les gonflements et les cicatrices.<\/p>\n\n\n\n<h2 class=\"wp-block-heading\">\u00c0 qui convient l&#039;huile essentielle de lavande<\/h2>\n\n\n\n<p>L&#039;huile essentielle de lavande convient aux personnes \u00e0 la recherche de rem\u00e8des naturels pour soulager le stress et am\u00e9liorer le sommeil, notamment les employ\u00e9s de bureau stress\u00e9s, les personnes \u00e2g\u00e9es en qu\u00eate de d\u00e9tente et les personnes souffrant de probl\u00e8mes cutan\u00e9s l\u00e9gers tels que l&#039;acn\u00e9 et l&#039;ecz\u00e9ma. Elle est \u00e9galement b\u00e9n\u00e9fique pour les personnes ayant des tendances anxieuses ou des sympt\u00f4mes d&#039;insomnie. Cependant, elle doit \u00eatre utilis\u00e9e avec prudence par les femmes enceintes, allaitantes, les enfants ou les personnes \u00e0 la peau sensible, et il est pr\u00e9f\u00e9rable de demander l&#039;avis d&#039;un professionnel avant utilisation pour \u00e9viter d&#039;\u00e9ventuelles r\u00e9actions allergiques. Ne pas utiliser en concentration \u00e9lev\u00e9e, les plaies rouges et gonfl\u00e9es doivent \u00eatre utilis\u00e9es avec une compresse froide. Ne pas m\u00e9langer avec de l&#039;huile essentielle d&#039;armoise (de la m\u00eame couleur), les personnes souffrant d&#039;hypotension art\u00e9rielle avec de l&#039;huile essentielle de lavande, il est facile de se produire apr\u00e8s le ph\u00e9nom\u00e8ne de stagnation.<\/p>\n\n\n\n<h2 class=\"wp-block-heading\">Processus de production de l&#039;huile essentielle de lavande<\/h2>\n\n\n\n<p>La particularit\u00e9 de la production d&#039;huile essentielle de lavande r\u00e9side dans les exigences strictes concernant le moment de la r\u00e9colte des fleurs et le contr\u00f4le pr\u00e9cis du processus d&#039;extraction. En tant que fabricant honn\u00eate d&#039;huile essentielle de lavande, les fleurs sont g\u00e9n\u00e9ralement cueillies \u00e0 la main en pleine floraison pour garantir la plus haute concentration d&#039;ingr\u00e9dients actifs et d&#039;ar\u00f4mes. Les huiles sont extraites dans des conditions douces en utilisant la distillation \u00e0 la vapeur traditionnelle pour maintenir la puret\u00e9 et les propri\u00e9t\u00e9s th\u00e9rapeutiques des huiles essentielles. En tant que fabricant leader d&#039;huile essentielle de lavande, le contr\u00f4le pr\u00e9cis de la temp\u00e9rature et du moment de ce processus garantit la haute qualit\u00e9 et les bienfaits th\u00e9rapeutiques uniques de l&#039;huile essentielle de lavande.<\/p>\n\n\n\n<p><\/p>","protected":false},"excerpt":{"rendered":"Lavender essential oil manufacturing common formulas The high quality raw materials we use to produce lavender essential oil come from selected lavenders that are grown in suitable climatic and soil conditions, chosen from sunny, well-drained areas. Premium lavender essential oil requires the flowers to be hand-picked during full bloom to retain the highest aroma and [&hellip;]","protected":false},"featured_media":276,"menu_order":0,"template":"","meta":[],"product-tag":[],"products":[53],"class_list":["post-275","product","type-product","status-publish","has-post-thumbnail","hentry","products-essential-oil"],"acf":[],"_links":{"self":[{"href":"https:\/\/www.ruiqigo.com\/fr\/wp-json\/wp\/v2\/product\/275","targetHints":{"allow":["GET"]}}],"collection":[{"href":"https:\/\/www.ruiqigo.com\/fr\/wp-json\/wp\/v2\/product"}],"about":[{"href":"https:\/\/www.ruiqigo.com\/fr\/wp-json\/wp\/v2\/types\/product"}],"version-history":[{"count":0,"href":"https:\/\/www.ruiqigo.com\/fr\/wp-json\/wp\/v2\/product\/275\/revisions"}],"wp:featuredmedia":[{"embeddable":true,"href":"https:\/\/www.ruiqigo.com\/fr\/wp-json\/wp\/v2\/media\/276"}],"wp:attachment":[{"href":"https:\/\/www.ruiqigo.com\/fr\/wp-json\/wp\/v2\/media?parent=275"}],"wp:term":[{"taxonomy":"product-tag","embeddable":true,"href":"https:\/\/www.ruiqigo.com\/fr\/wp-json\/wp\/v2\/product-tag?post=275"},{"taxonomy":"products","embeddable":true,"href":"https:\/\/www.ruiqigo.com\/fr\/wp-json\/wp\/v2\/products?post=275"}],"curies":[{"name":"wp","href":"https:\/\/api.w.org\/{rel}","templated":true}]}}