{"id":2838,"date":"2025-01-14T11:22:00","date_gmt":"2025-01-14T03:22:00","guid":{"rendered":"https:\/\/ruiqigo.com\/?post_type=product&#038;p=2838"},"modified":"2025-01-14T11:22:33","modified_gmt":"2025-01-14T03:22:33","slug":"vetiver-essential-oil","status":"publish","type":"product","link":"https:\/\/www.ruiqigo.com\/fr\/product\/vetiver-essential-oil","title":{"rendered":"Huile essentielle de v\u00e9tiver"},"content":{"rendered":"<h2 class=\"wp-block-heading\">Formules courantes de fabrication de l&#039;huile essentielle de v\u00e9tiver<\/h2>\n\n\n\n<p>En tant que fabricant professionnel d&#039;huile essentielle de v\u00e9tiver, nous contr\u00f4lons strictement la qualit\u00e9 de la production, de l&#039;approvisionnement en mati\u00e8res premi\u00e8res \u00e0 l&#039;inspection du produit fini pour garantir sa haute qualit\u00e9. De plus, sa concentration est plus \u00e9lev\u00e9e, nous adapterons donc la formule correspondante en fonction des diff\u00e9rentes parties du soin.<\/p>\n\n\n\n<p>1. Huile essentielle de v\u00e9tiver : En tant qu&#039;ingr\u00e9dient de base, elle pr\u00e9sente de multiples avantages. Non seulement elle r\u00e9duit l&#039;inflammation et renforce le syst\u00e8me immunitaire, mais elle am\u00e9liore \u00e9galement la circulation sanguine et soulage les sympt\u00f4mes tels que les douleurs articulaires. En m\u00eame temps, elle peut \u00e9galement r\u00e9duire les pellicules, favoriser une croissance saine des cheveux et raffermir la peau, en l&#039;hydratant en profondeur. De plus, son ar\u00f4me bois\u00e9 et fum\u00e9 est b\u00e9n\u00e9fique pour soulager le stress et la mauvaise humeur, et d\u00e9tendre davantage le corps et l&#039;esprit.<\/p>\n\n\n\n<p>2. Huile essentielle de lavande : L&#039;huile essentielle de lavande a des effets apaisants et anti-inflammatoires. Lorsqu&#039;elles sont utilis\u00e9es ensemble, elles peuvent soulager la sensibilit\u00e9 cutan\u00e9e et r\u00e9parer la peau. Et son ar\u00f4me aide \u00e9galement \u00e0 soulager le stress mental et \u00e0 favoriser le sommeil.<\/p>\n\n\n\n<p>3. Huile d&#039;arbre \u00e0 th\u00e9 : L&#039;arbre \u00e0 th\u00e9 a des propri\u00e9t\u00e9s antibact\u00e9riennes et anti-inflammatoires, qui peuvent combattre les bact\u00e9ries et l&#039;inflammation de la peau et r\u00e9duire la production d&#039;acn\u00e9 et d&#039;acn\u00e9.<\/p>\n\n\n\n<p>4. Huile d&#039;olive : L&#039;huile d&#039;olive a de bonnes propri\u00e9t\u00e9s hydratantes, peut fournir de l&#039;humidit\u00e9 et de la nutrition aux cheveux pendant une longue p\u00e9riode et r\u00e9parer en permanence les cheveux ab\u00eem\u00e9s, am\u00e9liorant ainsi la qualit\u00e9 des cheveux.<\/p>\n\n\n\n<p>5. Huile essentielle de rose : L&#039;huile essentielle de rose a un effet nourrissant et hydratant, peut am\u00e9liorer l&#039;\u00e9lasticit\u00e9 et l&#039;\u00e9clat de la peau et est propice \u00e0 la r\u00e9gulation du syst\u00e8me endocrinien.<\/p>\n\n\n\n<p>6. Huile essentielle d&#039;orange douce : L&#039;huile essentielle d&#039;orange douce a des effets agr\u00e9ables et stimulants, qui peuvent am\u00e9liorer l&#039;humeur, soulager l&#039;anxi\u00e9t\u00e9 et la d\u00e9pression et augmenter le bonheur.<\/p>\n\n\n\n<h2 class=\"wp-block-heading\">Les fonctions de l&#039;huile essentielle de v\u00e9tiver<\/h2>\n\n\n\n<p>L\u2019huile essentielle de v\u00e9tiver est si polyvalente que notre \u00e9quipe de recherche et d\u00e9veloppement l\u2019a test\u00e9e dans diff\u00e9rents sc\u00e9narios et r\u00e9sum\u00e9 ses multiples avantages.<\/p>\n\n\n\n<p>1. Nettoyage en profondeur : l&#039;huile essentielle de v\u00e9tiver peut nettoyer en profondeur les pores, \u00e9liminer l&#039;huile et la salet\u00e9 \u00e0 la surface de la peau, d\u00e9boucher les pores et r\u00e9duire la production de points noirs et de points blancs.<\/p>\n\n\n\n<p>2. R\u00e9duit les pellicules : nos huiles essentielles contiennent des ingr\u00e9dients antibact\u00e9riens et anti-inflammatoires qui r\u00e9duisent le risque d&#039;inflammation et d&#039;infection du cuir chevelu en tuant les micro-organismes nocifs pr\u00e9sents sur le cuir chevelu, r\u00e9duisant ainsi les pellicules et la chute des cheveux. De plus, il am\u00e9liore la circulation sanguine vers les follicules pileux et favorise la formation de collag\u00e8ne, favorisant ainsi davantage la croissance des cheveux.<\/p>\n\n\n\n<p>3. Anti-\u00e2ge : nos produits peuvent r\u00e9sister aux dommages caus\u00e9s par les radicaux libres et r\u00e9duire le ph\u00e9nom\u00e8ne de vieillissement cutan\u00e9. En m\u00eame temps, il apaise et compl\u00e8te \u00e9galement la peau s\u00e8che, am\u00e9liore la capacit\u00e9 de la peau \u00e0 retenir l&#039;eau, resserre davantage la peau, fait converger les pores et redonne de l&#039;\u00e9lasticit\u00e9 \u00e0 la peau.<\/p>\n\n\n\n<p>4. Favorise la cicatrisation : les propri\u00e9t\u00e9s antioxydantes et anti-inflammatoires peuvent aider \u00e0 traiter les affections cutan\u00e9es telles que l&#039;ecz\u00e9ma, ainsi qu&#039;\u00e0 favoriser la cicatrisation des plaies cutan\u00e9es et \u00e0 r\u00e9duire la formation de cicatrices. De plus, il aide \u00e0 traiter des probl\u00e8mes tels que les douleurs articulaires et musculaires.<\/p>\n\n\n\n<p>5. Apaisant et calmant : l&#039;ar\u00f4me de l&#039;huile essentielle de v\u00e9tiver a un effet calmant et apaisant, qui peut soulager la tension et l&#039;anxi\u00e9t\u00e9, r\u00e9duire le stress et favoriser le sommeil. C&#039;est \u00e9galement bon pour la concentration.<\/p>\n\n\n\n<p>6. Insectifuge naturel : Son ar\u00f4me unique repousse \u00e9galement les moustiques et autres parasites.<\/p>\n\n\n\n<h2 class=\"wp-block-heading\">Comment utiliser l&#039;huile essentielle de v\u00e9tiver ?<\/h2>\n\n\n\n<p>L&#039;huile essentielle de v\u00e9tiver peut \u00eatre utilis\u00e9e de diverses mani\u00e8res, vous pouvez l&#039;utiliser selon vos besoins, nous marquerons \u00e9galement l&#039;utilisation de l&#039;emballage du produit.<\/p>\n\n\n\n<p>1. Application directe : L\u2019huile essentielle de v\u00e9tiver peut \u00eatre pr\u00e9par\u00e9e proportionnellement avec d\u2019autres huiles de base puis appliqu\u00e9e localement sur la peau n\u00e9cessitant des soins.<\/p>\n\n\n\n<p>2. Utilisation de l&#039;encens : D\u00e9posez de l&#039;huile essentielle de v\u00e9tiver dans le diffuseur et restez dans l&#039;atmosph\u00e8re parfum\u00e9e, propice \u00e0 la d\u00e9tente du corps et de l&#039;esprit et favorisant le sommeil.<\/p>\n\n\n\n<p>3. Utiliser en combinaison : vous pouvez m\u00e9langer nos huiles essentielles avec du shampooing, de l&#039;apr\u00e8s-shampooing, de la cr\u00e8me pour le visage, de la cr\u00e8me hydratante et d&#039;autres ingr\u00e9dients de soin de la peau pour favoriser le soin de la peau.<\/p>\n\n\n\n<p>4. Utilisation du massage : Souvent utilis\u00e9 dans le traitement SPA, il peut \u00eatre combin\u00e9 avec d&#039;autres huiles de base pour le massage, pour hydrater fortement la peau et soulager les douleurs musculaires.<\/p>\n\n\n\n<h2 class=\"wp-block-heading\">Prudence<\/h2>\n\n\n\n<p>1. Avant utilisation, choisissez l\u2019huile essentielle de v\u00e9tiver appropri\u00e9e en fonction de vos propres besoins et de votre type de peau ;<\/p>\n\n\n\n<p>2. Des tests allergiques doivent \u00eatre effectu\u00e9s la premi\u00e8re fois. En cas d&#039;inconfort, arr\u00eatez imm\u00e9diatement l&#039;utilisation ;<\/p>\n\n\n\n<p>3. La concentration de racine de vanille est \u00e9lev\u00e9e et doit \u00eatre dilu\u00e9e avec de l\u2019huile de base\u00a0;<\/p>\n\n\n\n<p>4. Parce que l\u2019huile essentielle de v\u00e9tiver a une fonction menstruelle, les femmes enceintes doivent \u00e9viter de l\u2019utiliser ;<\/p>\n\n\n\n<p>5. Les enfants et les femmes qui allaitent doivent \u00eatre utilis\u00e9s sous la surveillance d\u2019un m\u00e9decin\u00a0;<\/p>\n\n\n\n<p>6. Il est recommand\u00e9 de stocker dans un endroit frais et sec, et d&#039;\u00e9viter la lumi\u00e8re directe du soleil et les environnements \u00e0 haute temp\u00e9rature\u00a0;<\/p>\n\n\n\n<h2 class=\"wp-block-heading\">Conclusion<\/h2>\n\n\n\n<p>Nous nous engageons \u00e0 fournir des solutions d&#039;huile essentielle de v\u00e9tiver de haute qualit\u00e9 et \u00e0 r\u00e9pondre \u00e0 vos besoins en mati\u00e8re de sant\u00e9 et de beaut\u00e9. Non seulement l&#039;utilisation d&#039;une technologie de distillation de production avanc\u00e9e, mais \u00e9galement un contr\u00f4le qualit\u00e9 strict pour garantir la s\u00e9curit\u00e9 et l&#039;efficacit\u00e9 de chaque goutte d&#039;huile essentielle. Dans le m\u00eame temps, nous disposons \u00e9galement d&#039;un service de personnalisation complet, qui peut r\u00e9pondre \u00e0 vos diff\u00e9rents sc\u00e9narios et besoins en mati\u00e8re de formules, pour vous aider \u00e0 cr\u00e9er des produits uniques et \u00e0 obtenir un avantage concurrentiel sur le march\u00e9. Veuillez nous contacter si vous \u00eates int\u00e9ress\u00e9.<\/p>","protected":false},"excerpt":{"rendered":"Vetiver Essential Oil Manufacturing Common Formulas As a professional vetiver essential oil manufacturer, we strictly control the quality of production, from raw material procurement to finished product inspection to ensure its high quality. In addition, its concentration is higher, so we will match the corresponding formula according to the different parts of the care. 1. [&hellip;]","protected":false},"featured_media":2841,"menu_order":0,"template":"","meta":[],"product-tag":[],"products":[53],"class_list":["post-2838","product","type-product","status-publish","has-post-thumbnail","hentry","products-essential-oil"],"acf":[],"_links":{"self":[{"href":"https:\/\/www.ruiqigo.com\/fr\/wp-json\/wp\/v2\/product\/2838","targetHints":{"allow":["GET"]}}],"collection":[{"href":"https:\/\/www.ruiqigo.com\/fr\/wp-json\/wp\/v2\/product"}],"about":[{"href":"https:\/\/www.ruiqigo.com\/fr\/wp-json\/wp\/v2\/types\/product"}],"version-history":[{"count":0,"href":"https:\/\/www.ruiqigo.com\/fr\/wp-json\/wp\/v2\/product\/2838\/revisions"}],"wp:featuredmedia":[{"embeddable":true,"href":"https:\/\/www.ruiqigo.com\/fr\/wp-json\/wp\/v2\/media\/2841"}],"wp:attachment":[{"href":"https:\/\/www.ruiqigo.com\/fr\/wp-json\/wp\/v2\/media?parent=2838"}],"wp:term":[{"taxonomy":"product-tag","embeddable":true,"href":"https:\/\/www.ruiqigo.com\/fr\/wp-json\/wp\/v2\/product-tag?post=2838"},{"taxonomy":"products","embeddable":true,"href":"https:\/\/www.ruiqigo.com\/fr\/wp-json\/wp\/v2\/products?post=2838"}],"curies":[{"name":"wp","href":"https:\/\/api.w.org\/{rel}","templated":true}]}}