{"id":2847,"date":"2025-01-16T13:55:57","date_gmt":"2025-01-16T05:55:57","guid":{"rendered":"https:\/\/ruiqigo.com\/?post_type=product&#038;p=2847"},"modified":"2025-01-16T13:56:32","modified_gmt":"2025-01-16T05:56:32","slug":"purple-conditioner","status":"publish","type":"product","link":"https:\/\/www.ruiqigo.com\/fr\/product\/purple-conditioner","title":{"rendered":"Apr\u00e8s-shampoing violet"},"content":{"rendered":"<h2 class=\"wp-block-heading\">Formules courantes de fabrication de revitalisant violet<\/h2>\n\n\n\n<p>Notre \u00e9quipe de recherche et d\u00e9veloppement a con\u00e7u la formule avec une vari\u00e9t\u00e9 d&#039;ingr\u00e9dients hydratants naturels, en tenant compte de l&#039;\u00e9tat de vos cheveux et de leurs besoins de soins, pour garantir que vos cheveux sont enti\u00e8rement prot\u00e9g\u00e9s pendant le traitement.<\/p>\n\n\n\n<p>1. Beurre de karit\u00e9 : Le beurre de karit\u00e9 a un effet hydratant. Il peut hydrater les cheveux en profondeur et retenir l&#039;eau pour \u00e9viter la perte d&#039;eau, r\u00e9duisant ainsi le probl\u00e8me des cheveux secs et des pointes fourchues.<\/p>\n\n\n\n<p>2. Pigment violet : Le pigment violet est extrait des p\u00e9tales de violette de la plante naturelle. Il s&#039;agit d&#039;un pigment naturel dot\u00e9 d&#039;une couleur violette unique et d&#039;une bonne stabilit\u00e9. Il peut aider \u00e0 r\u00e9guler et \u00e0 am\u00e9liorer la couleur des cheveux, leur donnant une couleur plus saine.<\/p>\n\n\n\n<p>3. Extrait d&#039;alo\u00e8s : L&#039;alo\u00e8s vera a des propri\u00e9t\u00e9s hydratantes et r\u00e9paratrices, ce qui peut r\u00e9parer les cheveux ab\u00eem\u00e9s tout en hydratant les cheveux et en les rendant plus souples.<\/p>\n\n\n\n<p>4. Huile de coco : L&#039;huile de coco a \u00e9galement un fort effet hydratant avec le beurre de karit\u00e9, en plus de prot\u00e9ger les cheveux des rayons UV et d&#039;autres environnements ext\u00e9rieurs et de r\u00e9duire la perte de prot\u00e9ines, favorisant ainsi la croissance des cheveux.<\/p>\n\n\n\n<p>5. Prot\u00e9ine d&#039;avoine : La prot\u00e9ine d&#039;avoine est riche en acides amin\u00e9s et en prot\u00e9ines, qui peuvent non seulement fournir les nutriments n\u00e9cessaires aux cheveux pour am\u00e9liorer la force et la r\u00e9sistance des cheveux, mais \u00e9galement aider \u00e0 am\u00e9liorer la texture et la brillance des cheveux afin que les cheveux soient plus forts et plus sains.<\/p>\n\n\n\n<h2 class=\"wp-block-heading\">Les fonctions de l&#039;apr\u00e8s-shampoing violet<\/h2>\n\n\n\n<p>En tant que fabricant ax\u00e9 sur une production de haute qualit\u00e9, nous attachons une grande importance \u00e0 la qualit\u00e9 et \u00e0 la s\u00e9curit\u00e9 de nos produits. L&#039;ensemble du processus de production des apr\u00e8s-shampooings violets dispose de diff\u00e9rents syst\u00e8mes d&#039;inspection de qualit\u00e9 pour garantir la s\u00e9curit\u00e9 et l&#039;efficacit\u00e9 du produit. Jetons un \u0153il \u00e0 ses caract\u00e9ristiques :<\/p>\n\n\n\n<p>1. Neutraliser le jaune : la fonction principale de l&#039;apr\u00e8s-shampooing violet est de neutraliser le ton cuivr\u00e9 des cheveux blonds, laissant un ton plus propre et plus lumineux et restaurant la couleur saine d&#039;origine des cheveux.<\/p>\n\n\n\n<p>2. R\u00e9paration de la couleur : notre apr\u00e8s-shampooing peut fixer la couleur apr\u00e8s la teinture, emp\u00eacher la couleur de s&#039;estomper trop rapidement et peut \u00e9galement r\u00e9parer en profondeur les cheveux ab\u00eem\u00e9s, les rendant plus souples et plus sains. Sachez cependant qu&#039;il est con\u00e7u pour les cheveux blonds, clairs et gris et qu&#039;il peut ne pas \u00eatre aussi efficace si vous avez les cheveux noirs.<\/p>\n\n\n\n<p>3. Hydratant et nourrissant : des ingr\u00e9dients hydratants et nourrissants naturels sont ajout\u00e9s \u00e0 l&#039;apr\u00e8s-shampooing, ce qui peut fournir nutrition et hydratation aux cheveux pendant une longue p\u00e9riode, pr\u00e9venir la s\u00e9cheresse des cheveux et les pointes fourchues, lisser les frisottis et adoucir les cheveux.<\/p>\n\n\n\n<p>4. Apaiser le cuir chevelu : l&#039;apr\u00e8s-shampoing violet contient \u00e9galement des ingr\u00e9dients apaisants, qui peuvent soulager la tension du cuir chevelu, d\u00e9tendre le cuir chevelu et favoriser l&#039;absorption des nutriments. De plus, il r\u00e9duit les pellicules et favorise une croissance saine des cheveux.<\/p>\n\n\n\n<p>5. Am\u00e9liorer la qualit\u00e9 des cheveux : une utilisation \u00e0 long terme peut am\u00e9liorer consid\u00e9rablement la texture et la brillance des cheveux, les rendant plus souples, lisses, forts et sains.<\/p>\n\n\n\n<h2 class=\"wp-block-heading\">Comment utiliser l&#039;apr\u00e8s-shampooing violet ?<\/h2>\n\n\n\n<p>Nos apr\u00e8s-shampooings violets sont g\u00e9n\u00e9ralement utilis\u00e9s avec des shampoings violets. Avant d&#039;en utiliser un, vous devez choisir celui qui convient \u00e0 l&#039;\u00e9tat de vos cheveux et \u00e0 vos besoins en mati\u00e8re de soins. L&#039;emballage indique \u00e9galement comment l&#039;utiliser.<\/p>\n\n\n\n<p>1. \u00c9tape de pr\u00e9paration : Mouillez d\u2019abord les cheveux, l\u2019eau chaude rendra l\u2019effet du produit plus significatif ;<\/p>\n\n\n\n<p>2. \u00c9tape du shampoing : lavez vos cheveux selon le processus normal, ce processus peut utiliser un shampoing ordinaire ou un shampoing violet. Si vous utilisez un shampoing violet, appliquez le produit des racines aux pointes pour assurer une r\u00e9partition uniforme de la couleur.<\/p>\n\n\n\n<p>3. \u00c9tape de soin des cheveux : apr\u00e8s avoir rinc\u00e9 le shampoing, prenez une quantit\u00e9 appropri\u00e9e d&#039;apr\u00e8s-shampoing violet et appliquez-le uniform\u00e9ment sur les cheveux, en particulier l\u00e0 o\u00f9 la couleur doit \u00eatre fix\u00e9e ou jaunir. Assurez-vous que l&#039;apr\u00e8s-shampoing atteint chaque m\u00e8che de vos cheveux, en particulier les pointes.<\/p>\n\n\n\n<p>4. Rin\u00e7age : apr\u00e8s l&#039;application, laissez poser l&#039;apr\u00e8s-shampoing pendant 5 \u00e0 15 minutes, puis rincez-le \u00e0 l&#039;eau ti\u00e8de pour vous assurer qu&#039;il n&#039;y a aucun r\u00e9sidu. Massez doucement votre cuir chevelu pendant le rin\u00e7age pour \u00e9liminer l&#039;exc\u00e8s de s\u00e9bum et d&#039;apr\u00e8s-shampoing. Notez que plus le temps de pose est long, plus le changement de couleur est \u00e9vident, vous pouvez ajuster le temps en fonction de vos propres besoins.<\/p>\n\n\n\n<h2 class=\"wp-block-heading\">Prudence<\/h2>\n\n\n\n<p>1. Des tests allergiques doivent \u00eatre effectu\u00e9s avant utilisation. En cas d&#039;inconfort, arr\u00eatez imm\u00e9diatement l&#039;utilisation ;<\/p>\n\n\n\n<p>2. \u00c9vitez une utilisation excessive, sinon cela peut entra\u00eener une couleur de cheveux trop fonc\u00e9e ou des taches de couleur in\u00e9gales\u00a0;<\/p>\n\n\n\n<p>3. Utiliser r\u00e9guli\u00e8rement, 2 \u00e0 3 fois par semaine est recommand\u00e9, \u00e9viter une utilisation fr\u00e9quente ;<\/p>\n\n\n\n<p>4. Faites attention aux changements de cheveux pendant l&#039;utilisation. En cas d&#039;inconfort pendant l&#039;utilisation, arr\u00eatez l&#039;utilisation et consultez un m\u00e9decin ;<\/p>\n\n\n\n<p>5. Lorsque vous utilisez d\u2019autres produits capillaires, assurez-vous qu\u2019ils sont compatibles avec l\u2019apr\u00e8s-shampooing violet\u00a0;<\/p>\n\n\n\n<p>6. Il est recommand\u00e9 de stocker dans un endroit frais et sec, en \u00e9vitant la lumi\u00e8re directe du soleil et un environnement \u00e0 haute temp\u00e9rature.<\/p>\n\n\n\n<h2 class=\"wp-block-heading\">Conclusion<\/h2>\n\n\n\n<p>Notre revitalisant violet ajoute non seulement une vari\u00e9t\u00e9 d&#039;extraits de plantes naturelles, mais utilise \u00e9galement une technologie de production avanc\u00e9e afin que chaque goutte de revitalisant capillaire contienne une puissante r\u00e9paration de couleur et nourrisse et hydrate. Qu&#039;il s&#039;agisse du sens de la mode du design de l&#039;emballage ou de la performance sup\u00e9rieure instinctive du produit, il est con\u00e7u pour ajouter de la couleur \u00e0 votre marque. Bien entendu, nous proposons \u00e9galement une vari\u00e9t\u00e9 de solutions de soins capillaires, si vous \u00eates \u00e9galement int\u00e9ress\u00e9, veuillez nous contacter.<\/p>","protected":false},"excerpt":{"rendered":"Purple Conditioner Manufacturing Common Formulas Our research and development team has designed the formula with a variety of natural moisturizing ingredients, taking into account your hair&#8217;s condition and care needs, to ensure that your hair is fully protected during treatment. 1. Shea butter: Shea butter has a moisturizing effect. It can deeply moisturize hair and [&hellip;]","protected":false},"featured_media":2848,"menu_order":0,"template":"","meta":[],"product-tag":[],"products":[52],"class_list":["post-2847","product","type-product","status-publish","has-post-thumbnail","hentry","products-conditioner"],"acf":[],"_links":{"self":[{"href":"https:\/\/www.ruiqigo.com\/fr\/wp-json\/wp\/v2\/product\/2847","targetHints":{"allow":["GET"]}}],"collection":[{"href":"https:\/\/www.ruiqigo.com\/fr\/wp-json\/wp\/v2\/product"}],"about":[{"href":"https:\/\/www.ruiqigo.com\/fr\/wp-json\/wp\/v2\/types\/product"}],"version-history":[{"count":0,"href":"https:\/\/www.ruiqigo.com\/fr\/wp-json\/wp\/v2\/product\/2847\/revisions"}],"wp:featuredmedia":[{"embeddable":true,"href":"https:\/\/www.ruiqigo.com\/fr\/wp-json\/wp\/v2\/media\/2848"}],"wp:attachment":[{"href":"https:\/\/www.ruiqigo.com\/fr\/wp-json\/wp\/v2\/media?parent=2847"}],"wp:term":[{"taxonomy":"product-tag","embeddable":true,"href":"https:\/\/www.ruiqigo.com\/fr\/wp-json\/wp\/v2\/product-tag?post=2847"},{"taxonomy":"products","embeddable":true,"href":"https:\/\/www.ruiqigo.com\/fr\/wp-json\/wp\/v2\/products?post=2847"}],"curies":[{"name":"wp","href":"https:\/\/api.w.org\/{rel}","templated":true}]}}