{"id":2853,"date":"2025-01-17T17:00:37","date_gmt":"2025-01-17T09:00:37","guid":{"rendered":"https:\/\/ruiqigo.com\/?post_type=product&#038;p=2853"},"modified":"2025-01-17T17:00:40","modified_gmt":"2025-01-17T09:00:40","slug":"clove-essential-oil","status":"publish","type":"product","link":"https:\/\/www.ruiqigo.com\/fr\/product\/clove-essential-oil","title":{"rendered":"Huile essentielle de clou de girofle"},"content":{"rendered":"<h2 class=\"wp-block-heading\">Formules courantes de fabrication de l&#039;huile essentielle de clou de girofle<\/h2>\n\n\n\n<p>Dans le processus de production, nous s\u00e9lectionnons non seulement soigneusement des mati\u00e8res premi\u00e8res de haute qualit\u00e9, mais nous utilisons \u00e9galement une technologie d&#039;extraction avanc\u00e9e et un syst\u00e8me de contr\u00f4le qualit\u00e9 strict, visant \u00e0 conserver le maximum d&#039;ingr\u00e9dients actifs de l&#039;huile essentielle de clou de girofle. Voici ses principaux ingr\u00e9dients :<\/p>\n\n\n\n<p>1. Vitamine E : En tant qu&#039;antioxydant, la vitamine E peut lutter contre les dommages caus\u00e9s par les radicaux libres et maintenir l&#039;int\u00e9grit\u00e9 cellulaire, am\u00e9liorant ainsi la circulation sanguine du cuir chevelu. En m\u00eame temps, elle peut \u00e9galement favoriser le m\u00e9tabolisme de la peau et am\u00e9liorer sa capacit\u00e9 d&#039;hydratation. Cela permet non seulement de r\u00e9duire la production de rides et de rendre la peau plus \u00e9lastique, mais aussi d&#039;am\u00e9liorer la peau rugueuse et s\u00e8che, la rendant plus lisse et d\u00e9licate.<\/p>\n\n\n\n<p>2. Eug\u00e9nol : L&#039;eug\u00e9nol est le composant principal, qui a des effets antibact\u00e9riens et anti-inflammatoires importants, peut inhiber la croissance bact\u00e9rienne et peut \u00eatre utilis\u00e9 pour pr\u00e9venir les probl\u00e8mes buccaux tels que les infections buccales. Ses propri\u00e9t\u00e9s anti-inflammatoires soulagent les douleurs musculaires et articulaires et inhibent la conduction nerveuse pour r\u00e9duire la douleur buccale, il est donc souvent utilis\u00e9 comme anesth\u00e9sique analg\u00e9sique. De plus, il a \u00e9galement pour effet de favoriser la digestion et d&#039;am\u00e9liorer la flore intestinale, ce qui peut encore am\u00e9liorer la fonction digestive.<\/p>\n\n\n\n<p>3. B\u00eata-carot\u00e8ne : Le b\u00eata-carot\u00e8ne est converti par l&#039;organisme en vitamine A, qui r\u00e9gule le s\u00e9bum dans le cycle du follicule pileux et fournit au cuir chevelu de riches nutriments. Ainsi, une utilisation \u00e0 long terme peut pr\u00e9venir les cheveux secs, cassants et la chute des cheveux, et garder les cheveux sains et brillants. En m\u00eame temps, il peut \u00e9galement favoriser la croissance et le d\u00e9veloppement et renforcer l&#039;immunit\u00e9.<\/p>\n\n\n\n<p>4. Acides gras : Les acides gras ont une certaine activit\u00e9 antibact\u00e9rienne, peuvent renforcer l&#039;efficacit\u00e9 de l&#039;huile essentielle de clou de girofle et aider \u00e0 pr\u00e9venir la perte de cheveux et l&#039;irritation du cuir chevelu, pour rendre les cheveux plus forts et plus sains.<\/p>\n\n\n\n<h2 class=\"wp-block-heading\">Les fonctions de l&#039;huile essentielle de clou de girofle<\/h2>\n\n\n\n<p>Nous connaissons la valeur et le potentiel de l\u2019huile essentielle de clou de girofle, et gr\u00e2ce au d\u00e9veloppement continu de la recherche et de l\u2019innovation de l\u2019\u00e9quipe R&amp;D, nous avons cr\u00e9\u00e9 ce produit pur et tout-en-un.<\/p>\n\n\n\n<p>1. Antibact\u00e9rien et anti-inflammatoire : l&#039;huile essentielle de clou de girofle est appr\u00e9ci\u00e9e pour ses excellentes propri\u00e9t\u00e9s antibact\u00e9riennes et anti-inflammatoires, qui peuvent rapidement inhiber la croissance bact\u00e9rienne et r\u00e9duire l&#039;inflammation. Par cons\u00e9quent, il peut d\u00e9toxifier les cheveux, r\u00e9duire l&#039;obstruction des pores, pr\u00e9venir diverses maladies de la peau et infections fongiques, et peut \u00e9galement \u00eatre utilis\u00e9 comme anesth\u00e9sique naturel pour soulager l&#039;irritation et le gonflement des zones enflamm\u00e9es.<\/p>\n\n\n\n<p>2. Favorise la sant\u00e9 gastro-intestinale : nos huiles essentielles peuvent favoriser la production de mucus gastrique pour prot\u00e9ger la muqueuse du tube digestif, favorisant ainsi la motilit\u00e9 gastro-intestinale, ce qui est propice \u00e0 la digestion et \u00e0 l&#039;absorption des aliments. Elles peuvent \u00e9galement traiter divers probl\u00e8mes de sant\u00e9 intestinale, tels que le mal des transports, les ballonnements, l&#039;indigestion, les ballonnements et les naus\u00e9es.<\/p>\n\n\n\n<p>3. Pr\u00e9venir les maladies bucco-dentaires : l&#039;huile essentielle de clou de girofle peut \u00eatre dilu\u00e9e pour se gargariser, ce qui peut non seulement \u00e9liminer la mauvaise haleine et soulager les maux de dents et l&#039;\u00e9rosion dentaire, mais \u00e9galement pr\u00e9venir efficacement la carie dentaire et la gingivite.<\/p>\n\n\n\n<p>4. Favorise la sant\u00e9 : l&#039;huile essentielle de clou de girofle contient une vari\u00e9t\u00e9 de substances actives, qui peuvent renforcer la capacit\u00e9 immunitaire du corps et favoriser une bonne sant\u00e9. Elle peut augmenter l&#039;apport de sucre dans le sang cellulaire et favoriser la s\u00e9cr\u00e9tion d&#039;insuline, am\u00e9liorant ainsi les cellules productrices d&#039;insuline, aidant \u00e0 dilater l&#039;aorte, soulageant l&#039;hypertension art\u00e9rielle et am\u00e9liorant la fonction h\u00e9patique et d&#039;autres sympt\u00f4mes.<\/p>\n\n\n\n<p>5. Apaisant pour le corps et l&#039;esprit : l&#039;ar\u00f4me unique des clous de girofle est \u00e0 la fois \u00e9pic\u00e9 et chaleureux, peut \u00eatre utilis\u00e9 pour la th\u00e9rapie par l&#039;encens, ce processus peut soulager l&#039;oppression thoracique caus\u00e9e par la d\u00e9pression \u00e9motionnelle, et d\u00e9tendre le corps et l&#039;esprit et le stress, soulager l&#039;anxi\u00e9t\u00e9. C&#039;est \u00e9galement bon pour la concentration et la m\u00e9moire.<\/p>\n\n\n\n<p>6. Soins capillaires : Lorsqu&#039;ils sont utilis\u00e9s avec des produits de soins capillaires, nos produits exploitent pleinement leurs propri\u00e9t\u00e9s antibact\u00e9riennes et antioxydantes, r\u00e9duisant ainsi les pellicules et les d\u00e9mangeaisons du cuir chevelu. Ils \u00e9liminent \u00e9galement efficacement l&#039;huile et la salet\u00e9 des cheveux, nourrissant pleinement les cheveux pour une croissance saine des cheveux.<\/p>\n\n\n\n<p>7. Am\u00e9liore la qualit\u00e9 de la peau : l&#039;huile essentielle de clou de girofle peut pr\u00e9venir diverses maladies de la peau et infections fongiques, r\u00e9duire l&#039;inflammation et les rougeurs de la peau, am\u00e9liorer la qualit\u00e9 de la peau et rendre votre peau plus lisse et d\u00e9licate. Elle r\u00e9duit \u00e9galement la perte d&#039;humidit\u00e9 de la peau, pr\u00e9vient la s\u00e9cheresse et prot\u00e8ge votre peau.<\/p>\n\n\n\n<h2 class=\"wp-block-heading\">Comment utiliser l&#039;huile essentielle de clou de girofle ?<\/h2>\n\n\n\n<p>L&#039;huile essentielle de clou de girofle est largement utilis\u00e9e, convient \u00e0 la plupart des sc\u00e9narios et peut \u00eatre utilis\u00e9e de nombreuses fa\u00e7ons. Nous indiquerons la m\u00e9thode d&#039;utilisation sur l&#039;emballage du produit fini et vous devrez \u00e9galement choisir en fonction de l&#039;\u00e9tat de votre peau lors de l&#039;achat.<\/p>\n\n\n\n<p>1. Application locale : L&#039;huile essentielle de clou de girofle et d&#039;autres huiles de base sont m\u00e9lang\u00e9es et dilu\u00e9es proportionnellement puis appliqu\u00e9es localement sur les parties \u00e0 traiter, qui peuvent \u00eatre doucement mass\u00e9es et absorb\u00e9es.<\/p>\n\n\n\n<p>2. Aromath\u00e9rapie : d\u00e9posez quelques gouttes d&#039;huile essentielle de clou de girofle dans le diffuseur et aromath\u00e9rapie, aromath\u00e9rapie 1 \u00e0 2 fois par jour, \u00e0 chaque fois il est recommand\u00e9 de faire de l&#039;aromath\u00e9rapie pendant 30 minutes \u00e0 1 heure environ.<\/p>\n\n\n\n<p>3. Soins bucco-dentaires : M\u00e9langez l&#039;huile essentielle de clou de girofle avec de l&#039;eau en proportions et utilisez-la pour vous gargariser. Rincez-vous la bouche pendant environ 30 secondes trois fois par jour.<\/p>\n\n\n\n<p>4. Inhalation \u00e0 la vapeur : m\u00e9langez l&#039;huile essentielle de clou de girofle avec l&#039;huile essentielle de c\u00e8dre, l&#039;huile essentielle d&#039;eucalyptus, etc., et ajoutez-la \u00e0 l&#039;inhalateur \u00e0 vapeur pour l&#039;inhalation \u00e0 la vapeur. Chaque inhalation dure 10 \u00e0 15 minutes, 2 \u00e0 3 fois par jour. Ce processus favorise la st\u00e9rilisation et la purification de l&#039;air et peut soulager les infections respiratoires.<\/p>\n\n\n\n<h2 class=\"wp-block-heading\">Prudence<\/h2>\n\n\n\n<p>1. Choisissez une huile essentielle de clou de girofle adapt\u00e9e \u00e0 votre type de peau avant utilisation\u00a0;<\/p>\n\n\n\n<p>2 La concentration en huile essentielle de clou de girofle est tr\u00e8s \u00e9lev\u00e9e, si vous souhaitez l&#039;appliquer, il faut la diluer avec l&#039;huile de base proportionnellement \u00e0 l&#039;utilisation<\/p>\n\n\n\n<p>3. Des tests allergiques doivent \u00eatre effectu\u00e9s avant utilisation. En cas d&#039;inconfort, arr\u00eatez imm\u00e9diatement l&#039;utilisation ;<\/p>\n\n\n\n<p>4. \u00c9vitez tout contact avec les zones sensibles telles que les yeux. En cas de contact, rincez imm\u00e9diatement \u00e0 l&#039;eau et consultez un m\u00e9decin.<\/p>\n\n\n\n<p>5. Gardez l\u2019huile essentielle de clou de girofle hors de port\u00e9e des enfants pour \u00e9viter toute ingestion ou mauvaise utilisation ;<\/p>\n\n\n\n<p>6. Il est recommand\u00e9 de stocker dans un endroit frais et sec, \u00e0 l&#039;abri de la lumi\u00e8re directe du soleil et d&#039;un environnement humide \u00e0 haute temp\u00e9rature.<\/p>\n\n\n\n<h2 class=\"wp-block-heading\">Conclusion<\/h2>\n\n\n\n<p>En tant que fabricant ax\u00e9 sur la production de clous de girofle de haute qualit\u00e9, nous veillons \u00e0 ce que chaque goutte d&#039;huile essentielle joue son r\u00f4le, non seulement en achetant des mati\u00e8res premi\u00e8res naturelles, pures et non polluantes, mais \u00e9galement gr\u00e2ce \u00e0 des \u00e9quipements de production avanc\u00e9s pour extraire l&#039;huile essentielle. Dans tout ce processus, il existe un syst\u00e8me de contr\u00f4le qualit\u00e9 complet pour garantir la s\u00e9curit\u00e9 et l&#039;efficacit\u00e9 du produit. Bien entendu, nous proposons \u00e9galement une gamme compl\u00e8te de services personnalis\u00e9s et pouvons fournir des solutions personnalis\u00e9es en fonction de vos besoins, pour vous aider \u00e0 ouvrir rapidement le march\u00e9 et \u00e0 obtenir un avantage concurrentiel. Si vous \u00eates int\u00e9ress\u00e9, veuillez nous contacter imm\u00e9diatement.<\/p>","protected":false},"excerpt":{"rendered":"Clove Essential Oil Manufacturing Common Formulas In the production process, we not only carefully select high-quality raw materials, but also use advanced extraction technology and a strict quality control system, aiming to retain the maximum active ingredient of clove essential oil. Here are its main ingredients: 1. Vitamin E: As an antioxidant, vitamin E can [&hellip;]","protected":false},"featured_media":2854,"menu_order":0,"template":"","meta":[],"product-tag":[],"products":[53],"class_list":["post-2853","product","type-product","status-publish","has-post-thumbnail","hentry","products-essential-oil"],"acf":[],"_links":{"self":[{"href":"https:\/\/www.ruiqigo.com\/fr\/wp-json\/wp\/v2\/product\/2853","targetHints":{"allow":["GET"]}}],"collection":[{"href":"https:\/\/www.ruiqigo.com\/fr\/wp-json\/wp\/v2\/product"}],"about":[{"href":"https:\/\/www.ruiqigo.com\/fr\/wp-json\/wp\/v2\/types\/product"}],"version-history":[{"count":0,"href":"https:\/\/www.ruiqigo.com\/fr\/wp-json\/wp\/v2\/product\/2853\/revisions"}],"wp:featuredmedia":[{"embeddable":true,"href":"https:\/\/www.ruiqigo.com\/fr\/wp-json\/wp\/v2\/media\/2854"}],"wp:attachment":[{"href":"https:\/\/www.ruiqigo.com\/fr\/wp-json\/wp\/v2\/media?parent=2853"}],"wp:term":[{"taxonomy":"product-tag","embeddable":true,"href":"https:\/\/www.ruiqigo.com\/fr\/wp-json\/wp\/v2\/product-tag?post=2853"},{"taxonomy":"products","embeddable":true,"href":"https:\/\/www.ruiqigo.com\/fr\/wp-json\/wp\/v2\/products?post=2853"}],"curies":[{"name":"wp","href":"https:\/\/api.w.org\/{rel}","templated":true}]}}