{"id":286,"date":"2024-07-05T16:24:54","date_gmt":"2024-07-05T08:24:54","guid":{"rendered":"https:\/\/ruiqigo.com\/?post_type=product&#038;p=286"},"modified":"2024-11-15T16:42:19","modified_gmt":"2024-11-15T08:42:19","slug":"cinnamon-essential-oil","status":"publish","type":"product","link":"https:\/\/www.ruiqigo.com\/fr\/product\/cinnamon-essential-oil","title":{"rendered":"Huile essentielle de cannelle"},"content":{"rendered":"<h2 class=\"wp-block-heading\">Formules courantes de fabrication de l&#039;huile essentielle de cannelle<\/h2>\n\n\n\n<p>L&#039;huile essentielle de cannelle est fabriqu\u00e9e \u00e0 partir de canneliers cultiv\u00e9s dans nos propres fermes. Gr\u00e2ce au climat subtropical id\u00e9al, au sol fertile et aux techniques de plantation professionnelles, l&#039;\u00e9corce des canneliers est de haute qualit\u00e9. Pendant le processus de r\u00e9colte, les ouvriers sont d\u00e9vou\u00e9s et attentifs \u00e0 ce que chaque lot de mati\u00e8re premi\u00e8re atteigne l&#039;intensit\u00e9 aromatique et la teneur en principes actifs souhait\u00e9es. Apr\u00e8s un processus complexe d&#039;extraction et de distillation, l&#039;huile essentielle de cannelle extraite finale pr\u00e9sente un fort ar\u00f4me de cannelle, une couleur pure et une texture fine, refl\u00e9tant pleinement les caract\u00e9ristiques de qualit\u00e9 de la mati\u00e8re premi\u00e8re. En tant que fabricant durable d&#039;huile essentielle de cannelle, cette mati\u00e8re v\u00e9g\u00e9tale naturelle de haute qualit\u00e9 pose une base solide pour l&#039;excellente qualit\u00e9 de l&#039;huile essentielle de cannelle.<\/p>\n\n\n\n<h2 class=\"wp-block-heading\">\u00a0Sc\u00e9narios d&#039;application de l&#039;huile essentielle de cannelle<\/h2>\n\n\n\n<p>L&#039;huile essentielle de cannelle est particuli\u00e8rement adapt\u00e9e aux climats subtropicaux ou tropicaux. Pendant les mois d&#039;\u00e9t\u00e9 chauds et humides, l&#039;huile essentielle de cannelle apporte une exp\u00e9rience rafra\u00eechissante \u00e0 l&#039;utilisateur, aidant \u00e0 soulager les humeurs chaudes et irritables. Pendant les mois d&#039;hiver, le doux ar\u00f4me de l&#039;huile essentielle de cannelle peut ajouter une touche de chaleur aux environnements froids, aidant \u00e0 d\u00e9tendre et \u00e0 apaiser l&#039;esprit et le corps. Qu&#039;il s&#039;agisse d&#039;un diffuseur d&#039;aromath\u00e9rapie \u00e0 la maison ou d&#039;un soin de bien-\u00eatre en plein air, l&#039;huile essentielle de cannelle est particuli\u00e8rement adapt\u00e9e \u00e0 diff\u00e9rents climats. Cependant, en raison de la forte irritation, elle doit \u00eatre dilu\u00e9e \u00e0 une concentration s\u00fbre. Les nourrissons et les jeunes enfants, les femmes enceintes et les femmes enceintes doivent \u00e9viter de l&#039;utiliser.<\/p>\n\n\n\n<h2 class=\"wp-block-heading\">\u00c0 qui convient l&#039;huile essentielle de cannelle<\/h2>\n\n\n\n<p>L&#039;huile essentielle de cannelle convient aux utilisateurs de tous \u00e2ges. Pour les adolescents, elle peut efficacement am\u00e9liorer l&#039;acn\u00e9 et d&#039;autres probl\u00e8mes de peau, soulager l&#039;anxi\u00e9t\u00e9 \u00e9motionnelle et favoriser une bonne nuit de sommeil. Pour les personnes d&#039;\u00e2ge moyen et les personnes \u00e2g\u00e9es, l&#039;huile essentielle de cannelle peut aider \u00e0 am\u00e9liorer les douleurs articulaires, \u00e0 renforcer le syst\u00e8me immunitaire et \u00e0 pr\u00e9venir les maladies cardiovasculaires. Cependant, en raison de la forte irritation, elle doit \u00eatre dilu\u00e9e \u00e0 une concentration s\u00fbre avant utilisation, et les nourrissons et les femmes enceintes doivent \u00e9viter de l&#039;utiliser.<\/p>\n\n\n\n<h2 class=\"wp-block-heading\">Processus de production de l&#039;huile essentielle de cannelle<\/h2>\n\n\n\n<p>Le processus de production de l&#039;huile essentielle de cannelle est assez complexe, n\u00e9cessitant une gestion minutieuse de la plantation, de la r\u00e9colte et du traitement, de l&#039;extraction et de la distillation. Tout d&#039;abord, les ouvriers agricoles taillent r\u00e9guli\u00e8rement les arbres pour s&#039;assurer qu&#039;ils poussent bien et produisent en abondance. Pendant la saison de r\u00e9colte, ils cueillent soigneusement l&#039;\u00e9corce des arbres pour \u00e9viter tout dommage. En tant que fabricant d&#039;huile essentielle de cannelle respectueux de l&#039;environnement, la mati\u00e8re premi\u00e8re entre ensuite dans l&#039;usine d&#039;extraction, o\u00f9 elle subit une distillation \u00e0 la vapeur \u00e0 haute temp\u00e9rature pour extraire l&#039;huile essentielle de cannelle pure et riche.<\/p>","protected":false},"excerpt":{"rendered":"Cinnamon essential oil manufacturing common formulas Cinnamon essential oil is made from cinnamon trees grown on our own farms. With the ideal subtropical climate, fertile soil and professional planting techniques, the bark of cinnamon trees is of high quality. During the harvesting process, workers are dedicated and careful to ensure that each batch of raw [&hellip;]","protected":false},"featured_media":287,"menu_order":0,"template":"","meta":[],"product-tag":[],"products":[53],"class_list":["post-286","product","type-product","status-publish","has-post-thumbnail","hentry","products-essential-oil"],"acf":[],"_links":{"self":[{"href":"https:\/\/www.ruiqigo.com\/fr\/wp-json\/wp\/v2\/product\/286","targetHints":{"allow":["GET"]}}],"collection":[{"href":"https:\/\/www.ruiqigo.com\/fr\/wp-json\/wp\/v2\/product"}],"about":[{"href":"https:\/\/www.ruiqigo.com\/fr\/wp-json\/wp\/v2\/types\/product"}],"version-history":[{"count":0,"href":"https:\/\/www.ruiqigo.com\/fr\/wp-json\/wp\/v2\/product\/286\/revisions"}],"wp:featuredmedia":[{"embeddable":true,"href":"https:\/\/www.ruiqigo.com\/fr\/wp-json\/wp\/v2\/media\/287"}],"wp:attachment":[{"href":"https:\/\/www.ruiqigo.com\/fr\/wp-json\/wp\/v2\/media?parent=286"}],"wp:term":[{"taxonomy":"product-tag","embeddable":true,"href":"https:\/\/www.ruiqigo.com\/fr\/wp-json\/wp\/v2\/product-tag?post=286"},{"taxonomy":"products","embeddable":true,"href":"https:\/\/www.ruiqigo.com\/fr\/wp-json\/wp\/v2\/products?post=286"}],"curies":[{"name":"wp","href":"https:\/\/api.w.org\/{rel}","templated":true}]}}