{"id":2899,"date":"2025-01-21T16:29:00","date_gmt":"2025-01-21T08:29:00","guid":{"rendered":"https:\/\/ruiqigo.com\/?post_type=product&#038;p=2899"},"modified":"2025-01-21T16:29:31","modified_gmt":"2025-01-21T08:29:31","slug":"mens-body-wash","status":"publish","type":"product","link":"https:\/\/www.ruiqigo.com\/fr\/product\/mens-body-wash","title":{"rendered":"Gel douche pour hommes"},"content":{"rendered":"<h2 class=\"wp-block-heading\">Formules courantes de fabrication de gels douche pour hommes<\/h2>\n\n\n\n<p>Lors de la production et du d\u00e9veloppement de produits de lavage corporel pour hommes, nous avons con\u00e7u une vari\u00e9t\u00e9 de formules en fonction des diff\u00e9rents types de peau et des besoins en mati\u00e8re de soins de la peau, et les ingr\u00e9dients des diff\u00e9rentes formules sont diff\u00e9rents. Avant de l&#039;utiliser, vous devez choisir un produit adapt\u00e9 \u00e0 votre type de peau.<\/p>\n\n\n\n<p>1. Huile de lavande : L&#039;ar\u00f4me chaleureux et \u00e9l\u00e9gant de la lavande peut non seulement d\u00e9tendre le corps et l&#039;esprit, et soulager le stress, mais aussi durer longtemps et vous aider \u00e0 \u00e9liminer les odeurs. En m\u00eame temps, ses propri\u00e9t\u00e9s anti-inflammatoires peuvent \u00e9galement r\u00e9duire les rougeurs et les taches cutan\u00e9es, et r\u00e9guler la production de s\u00e9bum de la peau, pour r\u00e9duire la sensation de gras.<\/p>\n\n\n\n<p>2. Huile de graines de moringa : L&#039;huile de graines de moringa est riche en antioxydants, qui peuvent lutter contre les dommages caus\u00e9s par les radicaux libres, maintenir les niveaux de collag\u00e8ne et d&#039;acide hyaluronique et retarder le vieillissement cutan\u00e9. Ses nutriments aident \u00e0 r\u00e9parer la peau ab\u00eem\u00e9e, \u00e0 am\u00e9liorer la texture de la peau et \u00e0 nourrir la peau tout en la prot\u00e9geant des dommages caus\u00e9s par le soleil.<\/p>\n\n\n\n<p>3. Huile d&#039;argan : L&#039;huile d&#039;argan est l\u00e9g\u00e8re et facile \u00e0 absorber, laissant la peau lisse et d\u00e9licate apr\u00e8s utilisation. Les hommes ont \u00e9galement tendance \u00e0 produire plus de s\u00e9bum, et l&#039;exc\u00e8s de s\u00e9bum sur la peau peut entra\u00eener des pores obstru\u00e9s et des points douloureux. Notre huile d&#039;argan aidera \u00e0 r\u00e9guler la production de s\u00e9bum et \u00e0 fournir une hydratation en profondeur.<\/p>\n\n\n\n<p>4. Aloe Vera : L&#039;aloe vera naturel contient une vari\u00e9t\u00e9 de vitamines, ainsi que des ingr\u00e9dients de soin de la peau qui non seulement favorisent la production de collag\u00e8ne pour prot\u00e9ger la peau des dommages, mais apaisent \u00e9galement la peau irrit\u00e9e et br\u00fbl\u00e9e par le soleil et favorisent la cicatrisation des plaies. De plus, ses enzymes aident \u00e0 exfolier et \u00e0 \u00e9liminer les cellules mortes de la peau et forment un film protecteur pour \u00e9viter la perte d&#039;eau.<\/p>\n\n\n\n<p>5. Acide salicylique : L&#039;acide salicylique peut p\u00e9n\u00e9trer les pores, \u00e9liminer efficacement l&#039;huile et la salet\u00e9 \u00e0 la surface de la peau et favoriser le m\u00e9tabolisme de la peau pour r\u00e9duire la s\u00e9cr\u00e9tion excessive d&#039;huile.<\/p>\n\n\n\n<h2 class=\"wp-block-heading\">Les fonctions du gel douche pour hommes<\/h2>\n\n\n\n<p>Pour vous offrir une exp\u00e9rience de bain ultime, nous utilisons des ingr\u00e9dients naturels, purs et non polluants. Que vous ayez besoin d&#039;hydrater votre peau, de contr\u00f4ler le s\u00e9bum ou de lutter contre les plaies corporelles et d&#039;autres soins particuliers, notre gel douche peut prendre soin de votre peau, m\u00eame des muscles sensibles.<\/p>\n\n\n\n<p>1. Nettoyage en profondeur : le gel douche pour hommes a une forte capacit\u00e9 de nettoyage, il peut p\u00e9n\u00e9trer les pores et produire une mousse riche pour \u00e9liminer la salet\u00e9, l&#039;huile et les impuret\u00e9s de la peau afin que votre peau reste fra\u00eeche et non grasse.<\/p>\n\n\n\n<p>2. Hydratant et hydratant : notre gel douche ajoute une vari\u00e9t\u00e9 d&#039;ingr\u00e9dients hydratants pour reconstituer l&#039;hydratation de la peau et la maintenir fermement pour \u00e9viter la s\u00e9cheresse. Il fournit \u00e9galement des nutriments qui aident \u00e0 am\u00e9liorer la texture de la peau et \u00e0 restaurer son \u00e9lasticit\u00e9.<\/p>\n\n\n\n<p>3. Rafra\u00eechissant et r\u00e9gulateur d&#039;huile : les ingr\u00e9dients r\u00e9gulateurs d&#039;huile contenus dans le gel douche peuvent r\u00e9guler la s\u00e9cr\u00e9tion d&#039;huile et r\u00e9duire la sensation de gras. Une utilisation \u00e0 long terme permet de r\u00e9duire la s\u00e9cr\u00e9tion d&#039;huile pour obtenir l&#039;effet r\u00e9gulateur d&#039;huile.<\/p>\n\n\n\n<p>4. \u00c9limination des plaies des si\u00e8ges : une utilisation r\u00e9guli\u00e8re peut r\u00e9duire les bact\u00e9ries et l&#039;inflammation de la peau, ainsi que l&#039;accumulation de cellules mortes de la peau, pr\u00e9venant ainsi l&#039;acn\u00e9 et les plaies des si\u00e8ges et favorisant la sant\u00e9 globale de la peau.<\/p>\n\n\n\n<p>5. Parfum durable : les ingr\u00e9dients parfum\u00e9s du gel douche pour hommes ont une capacit\u00e9 de r\u00e9tention de parfum durable, ce qui favorise la r\u00e9duction des odeurs, l&#039;am\u00e9lioration du charme personnel et l&#039;augmentation de la confiance en soi.<\/p>\n\n\n\n<h2 class=\"wp-block-heading\">Comment utiliser le gel douche pour hommes\u00a0?<\/h2>\n\n\n\n<p>La bonne fa\u00e7on de l&#039;utiliser vous aidera \u00e0 mieux profiter de votre bain et \u00e0 prendre soin de votre peau. Nous indiquerons \u00e9galement l&#039;utilisation du produit sur l&#039;emballage.<\/p>\n\n\n\n<p>1. Hydratez la peau : mouillez le corps avant d&#039;utiliser le gel douche, vous pouvez utiliser de l&#039;eau ti\u00e8de pour mieux ouvrir les pores ;<\/p>\n\n\n\n<p>2. Frotter et faire mousser : Appliquez une quantit\u00e9 appropri\u00e9e de gel douche pour hommes dans la paume de la main ou sur la boule de bain et frottez pour faire mousser ;<\/p>\n\n\n\n<p>3. Massage : appliquez uniform\u00e9ment la mousse sur tout le corps et massez doucement, en particulier le coude, le genou et les autres parties \u00e0 cuticules \u00e9paisses pour augmenter consid\u00e9rablement le temps de massage ;<\/p>\n\n\n\n<p>4. Rincer \u00e0 l&#039;eau : Apr\u00e8s le massage, rincez la mousse \u00e0 l&#039;eau pour vous assurer qu&#039;il n&#039;y a pas de r\u00e9sidus de mousse et s\u00e9chez d\u00e9licatement avec une serviette ;<\/p>\n\n\n\n<p>5. Soins de suivi : apr\u00e8s avoir pris un bain, vous pouvez utiliser une lotion pour le corps ou une cr\u00e8me hydratante pour garder la peau humide et douce, en particulier dans les environnements secs et froids.<\/p>\n\n\n\n<h2 class=\"wp-block-heading\">Prudence<\/h2>\n\n\n\n<p>1. Choisissez un gel douche masculin adapt\u00e9 \u00e0 votre type de peau avant utilisation\u00a0;<\/p>\n\n\n\n<p>2. Des tests allergiques doivent \u00eatre effectu\u00e9s avant utilisation. En cas d&#039;inconfort, arr\u00eatez imm\u00e9diatement l&#039;utilisation et consultez un m\u00e9decin pour obtenir des conseils ;<\/p>\n\n\n\n<p>3. \u00c9vitez un nettoyage excessif, il est recommand\u00e9 de l&#039;utiliser une fois par jour, si la peau est sensible, vous pouvez l&#039;utiliser 2 \u00e0 3 fois par semaine ;<\/p>\n\n\n\n<p>4. Faites attention \u00e0 la s\u00e9curit\u00e9 des ingr\u00e9dients, v\u00e9rifiez la liste des ingr\u00e9dients lors de la s\u00e9lection et \u00e9vitez d&#039;utiliser des produits contenant des ingr\u00e9dients irritants ou allergiques\u00a0;<\/p>\n\n\n\n<p>5. Il est recommand\u00e9 de stocker dans un endroit frais et sec, d&#039;\u00e9viter la lumi\u00e8re directe du soleil et les environnements \u00e0 haute temp\u00e9rature et de faire attention \u00e0 l&#039;\u00e9tanch\u00e9it\u00e9.<\/p>\n\n\n\n<h2 class=\"wp-block-heading\">Conclusion<\/h2>\n\n\n\n<p>Pour ceux d&#039;entre vous qui recherchent la qualit\u00e9 et l&#039;efficacit\u00e9, notre gel douche pour hommes est le meilleur choix. Nous int\u00e9grons non seulement le double effet de nettoyage en profondeur et d&#039;hydratation en profondeur, mais nous disposons \u00e9galement d&#039;\u00e9quipements de production avanc\u00e9s et d&#039;un atelier de production \u00e0 grande \u00e9chelle, qui peut r\u00e9pondre \u00e0 une production \u00e0 grande \u00e9chelle. Notre conception d&#039;emballage met en valeur le go\u00fbt et le style des hommes urbains, vous aidant \u00e0 vous d\u00e9marquer sur le march\u00e9 concurrentiel. Veuillez nous contacter si vous \u00eates int\u00e9ress\u00e9.<\/p>\n\n\n\n<p><\/p>","protected":false},"excerpt":{"rendered":"Men\u2019s Body Wash Manufacturing Common Formulas In the production and development of men&#8217;s body wash, we have designed a variety of formulas according to different skin types and skin care needs, and the ingredients of different formulas are different. Before you use it, you should choose a product that is suitable for your skin type. [&hellip;]","protected":false},"featured_media":2900,"menu_order":0,"template":"","meta":[],"product-tag":[],"products":[57],"class_list":["post-2899","product","type-product","status-publish","has-post-thumbnail","hentry","products-body-wash"],"acf":[],"_links":{"self":[{"href":"https:\/\/www.ruiqigo.com\/fr\/wp-json\/wp\/v2\/product\/2899","targetHints":{"allow":["GET"]}}],"collection":[{"href":"https:\/\/www.ruiqigo.com\/fr\/wp-json\/wp\/v2\/product"}],"about":[{"href":"https:\/\/www.ruiqigo.com\/fr\/wp-json\/wp\/v2\/types\/product"}],"version-history":[{"count":0,"href":"https:\/\/www.ruiqigo.com\/fr\/wp-json\/wp\/v2\/product\/2899\/revisions"}],"wp:featuredmedia":[{"embeddable":true,"href":"https:\/\/www.ruiqigo.com\/fr\/wp-json\/wp\/v2\/media\/2900"}],"wp:attachment":[{"href":"https:\/\/www.ruiqigo.com\/fr\/wp-json\/wp\/v2\/media?parent=2899"}],"wp:term":[{"taxonomy":"product-tag","embeddable":true,"href":"https:\/\/www.ruiqigo.com\/fr\/wp-json\/wp\/v2\/product-tag?post=2899"},{"taxonomy":"products","embeddable":true,"href":"https:\/\/www.ruiqigo.com\/fr\/wp-json\/wp\/v2\/products?post=2899"}],"curies":[{"name":"wp","href":"https:\/\/api.w.org\/{rel}","templated":true}]}}