{"id":291,"date":"2024-07-05T16:27:41","date_gmt":"2024-07-05T08:27:41","guid":{"rendered":"https:\/\/ruiqigo.com\/?post_type=product&#038;p=291"},"modified":"2024-11-15T16:41:32","modified_gmt":"2024-11-15T08:41:32","slug":"organic-essential-oil","status":"publish","type":"product","link":"https:\/\/www.ruiqigo.com\/fr\/product\/organic-essential-oil","title":{"rendered":"Huile essentielle bio"},"content":{"rendered":"<h2 class=\"wp-block-heading\">Formules courantes de fabrication d&#039;huiles essentielles biologiques<\/h2>\n\n\n\n<p>Les huiles essentielles biologiques proviennent de fermes certifi\u00e9es biologiques, qui utilisent des m\u00e9thodes agricoles naturelles et non polluantes pour garantir que les mati\u00e8res premi\u00e8res ne contiennent aucun produit chimique. Les ouvriers sont extr\u00eamement prudents pendant le processus de r\u00e9colte pour \u00e9viter d&#039;endommager les plantes. Apr\u00e8s un processus d&#039;extraction professionnel, les huiles essentielles biologiques extraites conservent l&#039;activit\u00e9 aromatique d&#039;origine des plantes, garantissant la meilleure qualit\u00e9 et efficacit\u00e9. En tant qu&#039;excellent fabricant d&#039;huiles essentielles biologiques, ce contr\u00f4le standardis\u00e9 de la culture et de l&#039;extraction offre une garantie solide pour la qualit\u00e9 des huiles essentielles biologiques.<\/p>\n\n\n\n<h2 class=\"wp-block-heading\">Sc\u00e9narios d&#039;application des huiles essentielles biologiques<\/h2>\n\n\n\n<p>En tant qu&#039;essence de plantes naturelles, les huiles essentielles biologiques peuvent \u00eatre utilis\u00e9es dans divers environnements. Pendant les mois chauds de l&#039;\u00e9t\u00e9, l&#039;ar\u00f4me rafra\u00eechissant des huiles essentielles biologiques peut aider \u00e0 soulager la chaleur et ajouter une exp\u00e9rience relaxante et agr\u00e9able. Pendant les mois froids de l&#039;hiver, le doux parfum des huiles essentielles biologiques peut apporter chaleur et soulagement \u00e0 l&#039;utilisateur et am\u00e9liorer l&#039;anxi\u00e9t\u00e9 \u00e9motionnelle. Que ce soit pour l&#039;aromath\u00e9rapie en int\u00e9rieur ou pour les activit\u00e9s en ext\u00e9rieur, les huiles essentielles biologiques offrent une exp\u00e9rience naturelle unique. Leur polyvalence les rend id\u00e9ales pour un large \u00e9ventail d&#039;occasions.<\/p>\n\n\n\n<h2 class=\"wp-block-heading\">\u00c0 qui s&#039;adresse l&#039;huile essentielle bio<\/h2>\n\n\n\n<p>Les huiles essentielles biologiques conviennent \u00e0 un large \u00e9ventail de personnes, notamment celles qui recherchent des rem\u00e8des naturels pour am\u00e9liorer l\u2019\u00e9tat de leur peau, soulager le stress, am\u00e9liorer leur humeur ou profiter d\u2019une exp\u00e9rience d\u2019aromath\u00e9rapie. Que vous soyez une personne \u00e0 la peau sensible, un employ\u00e9 de bureau en qu\u00eate de d\u00e9tente, une femme au foyer cherchant \u00e0 am\u00e9liorer sa qualit\u00e9 de vie ou un passionn\u00e9 de naturopathie soucieux de sa sant\u00e9, les huiles essentielles biologiques peuvent vous offrir des traitements naturels et purs et des effets apaisants. Cependant, les huiles essentielles biologiques doivent \u00eatre utilis\u00e9es avec prudence pour les femmes enceintes, les enfants, les personnes souffrant de maladies sp\u00e9cifiques et les personnes ayant une peau particuli\u00e8rement sensible ou une g\u00eane physique.<\/p>\n\n\n\n<h2 class=\"wp-block-heading\">Proc\u00e9d\u00e9 de production d&#039;huile essentielle biologique<\/h2>\n\n\n\n<p>En tant que fabricant d&#039;huiles essentielles biologiques de premier ordre, le processus de production d&#039;huiles essentielles biologiques est assez sp\u00e9cialis\u00e9 et complexe, de la culture des mati\u00e8res premi\u00e8res \u00e0 l&#039;extraction finale, chaque \u00e9tape doit \u00eatre strictement contr\u00f4l\u00e9e. L&#039;entreprise a non seulement introduit des \u00e9quipements de test avanc\u00e9s pour surveiller enti\u00e8rement chaque lot de mati\u00e8res premi\u00e8res, mais a \u00e9galement mis en place un syst\u00e8me de gestion de la qualit\u00e9 parfait pour garantir que les produits r\u00e9pondent aux normes de certification biologique. Pendant le processus d&#039;extraction, en tant que fabricant d&#039;huiles essentielles biologiques de pr\u00e9cision, les travailleurs utilisent une basse temp\u00e9rature et une basse pression pour minimiser les dommages aux composants de la plante et conserver la meilleure activit\u00e9 des mati\u00e8res premi\u00e8res.<\/p>\n\n\n\n<p><\/p>","protected":false},"excerpt":{"rendered":"Organic essential oil manufacturing common formulas Organic essential oil are sourced from certified organic farms, which use natural and pollution-free farming methods to ensure that the raw materials do not contain any chemicals. Workers are extremely careful during the harvesting process to avoid damaging the plants. After a professional extraction process, the extracted organic essential [&hellip;]","protected":false},"featured_media":371,"menu_order":0,"template":"","meta":[],"product-tag":[],"products":[53],"class_list":["post-291","product","type-product","status-publish","has-post-thumbnail","hentry","products-essential-oil"],"acf":[],"_links":{"self":[{"href":"https:\/\/www.ruiqigo.com\/fr\/wp-json\/wp\/v2\/product\/291","targetHints":{"allow":["GET"]}}],"collection":[{"href":"https:\/\/www.ruiqigo.com\/fr\/wp-json\/wp\/v2\/product"}],"about":[{"href":"https:\/\/www.ruiqigo.com\/fr\/wp-json\/wp\/v2\/types\/product"}],"version-history":[{"count":0,"href":"https:\/\/www.ruiqigo.com\/fr\/wp-json\/wp\/v2\/product\/291\/revisions"}],"wp:featuredmedia":[{"embeddable":true,"href":"https:\/\/www.ruiqigo.com\/fr\/wp-json\/wp\/v2\/media\/371"}],"wp:attachment":[{"href":"https:\/\/www.ruiqigo.com\/fr\/wp-json\/wp\/v2\/media?parent=291"}],"wp:term":[{"taxonomy":"product-tag","embeddable":true,"href":"https:\/\/www.ruiqigo.com\/fr\/wp-json\/wp\/v2\/product-tag?post=291"},{"taxonomy":"products","embeddable":true,"href":"https:\/\/www.ruiqigo.com\/fr\/wp-json\/wp\/v2\/products?post=291"}],"curies":[{"name":"wp","href":"https:\/\/api.w.org\/{rel}","templated":true}]}}