{"id":296,"date":"2024-07-05T16:38:45","date_gmt":"2024-07-05T08:38:45","guid":{"rendered":"https:\/\/ruiqigo.com\/?post_type=product&#038;p=296"},"modified":"2024-11-15T16:40:07","modified_gmt":"2024-11-15T08:40:07","slug":"tea-tree-essential-oil","status":"publish","type":"product","link":"https:\/\/www.ruiqigo.com\/fr\/product\/tea-tree-essential-oil","title":{"rendered":"Huile essentielle d&#039;arbre \u00e0 th\u00e9"},"content":{"rendered":"<h2 class=\"wp-block-heading\">Formules courantes de fabrication d&#039;huile essentielle d&#039;arbre \u00e0 th\u00e9<\/h2>\n\n\n\n<p>L&#039;huile essentielle d&#039;arbre \u00e0 th\u00e9 provient de plantations certifi\u00e9es biologiques, o\u00f9 les arbres \u00e0 th\u00e9 sont cultiv\u00e9s de mani\u00e8re naturelle et \u00e9cologique sans aucun additif chimique. Lors du processus de r\u00e9colte, les ouvriers veillent \u00e0 ne pas endommager les arbres \u00e0 th\u00e9 autant que possible. En tant que fabricant leader d&#039;huile essentielle d&#039;arbre \u00e0 th\u00e9, l&#039;arbre \u00e0 th\u00e9 est distill\u00e9 et extrait, ce qui pr\u00e9serve enti\u00e8rement les principes actifs d&#039;origine de l&#039;arbre \u00e0 th\u00e9, tels que les monoterp\u00e8nes, pour garantir la meilleure qualit\u00e9 de l&#039;huile essentielle.<\/p>\n\n\n\n<h2 class=\"wp-block-heading\">Sc\u00e9narios d&#039;application de l&#039;huile essentielle d&#039;arbre \u00e0 th\u00e9<\/h2>\n\n\n\n<p>L&#039;huile essentielle d&#039;arbre \u00e0 th\u00e9 fonctionne bien dans une vari\u00e9t\u00e9 de climats en raison de son ar\u00f4me frais unique et de ses propri\u00e9t\u00e9s antiseptiques \u00e0 large spectre. Pendant les mois d&#039;\u00e9t\u00e9 chauds et humides, elle peut aider \u00e0 soulager les d\u00e9mangeaisons de la peau et \u00e0 inhiber la croissance bact\u00e9rienne ; pendant les mois d&#039;hiver froids et secs, l&#039;huile d&#039;arbre \u00e0 th\u00e9 peut jouer un r\u00f4le anti-inflammatoire et hydratant pour am\u00e9liorer l&#039;\u00e9tat de la peau. De plus, pour purifier la peau, \u00e9liminer la varicelle, l&#039;herp\u00e8s, le pus des plaies, les verrues, les plaies, les br\u00fblures, les coups de soleil, ainsi que pour am\u00e9liorer la teigne, le pied d&#039;athl\u00e8te, les pellicules, etc., l&#039;huile essentielle d&#039;arbre \u00e0 th\u00e9 est \u00e9galement efficace.<\/p>\n\n\n\n<h2 class=\"wp-block-heading\">\u00c0 qui s&#039;adresse l&#039;huile essentielle d&#039;arbre \u00e0 th\u00e9 ?<\/h2>\n\n\n\n<p>L&#039;huile d&#039;arbre \u00e0 th\u00e9 peut \u00eatre utilis\u00e9e par une grande vari\u00e9t\u00e9 de groupes d&#039;utilisateurs. Elle peut efficacement am\u00e9liorer l&#039;acn\u00e9, l&#039;ecz\u00e9ma et d&#039;autres probl\u00e8mes de peau, peut \u00e9galement aider \u00e0 soulager les douleurs articulaires et musculaires et \u00e0 renforcer la fonction immunitaire. Il est important de noter que si vous l&#039;utilisez sur le visage, veillez \u00e0 ne pas vous approcher trop pr\u00e8s du contour des yeux et \u00e0 ne pas provoquer d&#039;inconfort oculaire. Ne pas utiliser sur les zones sensibles de la peau.<\/p>\n\n\n\n<h2 class=\"wp-block-heading\">Processus de production de l&#039;huile essentielle d&#039;arbre \u00e0 th\u00e9<\/h2>\n\n\n\n<p>L&#039;huile essentielle d&#039;arbre \u00e0 th\u00e9 provient principalement de plusieurs esp\u00e8ces de plantes de la famille des myrtes, Melaleuca alternifolia, l&#039;esp\u00e8ce pr\u00e9dominante, connue sous le nom de Melaleuca alternifolia, \u00e9tant originaire d&#039;Australie. Lors de la collecte de la mati\u00e8re premi\u00e8re, les feuilles et les pousses de chaque arbre \u00e0 th\u00e9 sont r\u00e9colt\u00e9es avec pr\u00e9cision pour garantir la qualit\u00e9 de l&#039;huile essentielle extraite. La mati\u00e8re premi\u00e8re de l&#039;arbre \u00e0 th\u00e9 est charg\u00e9e via un r\u00e9servoir de d\u00e9cantation dans un r\u00e9cipient de distillation pour commencer le processus d&#039;extraction par distillation. En tant que fabricant fiable d&#039;huile essentielle d&#039;arbre \u00e0 th\u00e9, cette \u00e9tape consiste \u00e0 g\u00e9n\u00e9rer de la vapeur par chauffage afin que la vapeur d&#039;eau contenant l&#039;huile essentielle d&#039;arbre \u00e0 th\u00e9 soit collect\u00e9e par un conduit et refroidie jusqu&#039;\u00e0 l&#039;\u00e9tat liquide. En raison de la diff\u00e9rence de densit\u00e9 entre l&#039;eau et l&#039;huile essentielle, l&#039;huile essentielle d&#039;arbre \u00e0 th\u00e9 est rapidement s\u00e9par\u00e9e et l&#039;eau restante devient de la pur\u00e9e d&#039;arbre \u00e0 th\u00e9.<\/p>","protected":false},"excerpt":{"rendered":"Tea tree essential oil manufacturing common formulas Tea tree essential oil is sourced from certified organic plantations, where the tea trees are grown in a natural and ecological way without any chemical additives. During the harvesting process, the workers are very careful to avoid harming the tea trees as much as possible. As a leading [&hellip;]","protected":false},"featured_media":380,"menu_order":0,"template":"","meta":[],"product-tag":[],"products":[53],"class_list":["post-296","product","type-product","status-publish","has-post-thumbnail","hentry","products-essential-oil"],"acf":[],"_links":{"self":[{"href":"https:\/\/www.ruiqigo.com\/fr\/wp-json\/wp\/v2\/product\/296","targetHints":{"allow":["GET"]}}],"collection":[{"href":"https:\/\/www.ruiqigo.com\/fr\/wp-json\/wp\/v2\/product"}],"about":[{"href":"https:\/\/www.ruiqigo.com\/fr\/wp-json\/wp\/v2\/types\/product"}],"version-history":[{"count":0,"href":"https:\/\/www.ruiqigo.com\/fr\/wp-json\/wp\/v2\/product\/296\/revisions"}],"wp:featuredmedia":[{"embeddable":true,"href":"https:\/\/www.ruiqigo.com\/fr\/wp-json\/wp\/v2\/media\/380"}],"wp:attachment":[{"href":"https:\/\/www.ruiqigo.com\/fr\/wp-json\/wp\/v2\/media?parent=296"}],"wp:term":[{"taxonomy":"product-tag","embeddable":true,"href":"https:\/\/www.ruiqigo.com\/fr\/wp-json\/wp\/v2\/product-tag?post=296"},{"taxonomy":"products","embeddable":true,"href":"https:\/\/www.ruiqigo.com\/fr\/wp-json\/wp\/v2\/products?post=296"}],"curies":[{"name":"wp","href":"https:\/\/api.w.org\/{rel}","templated":true}]}}