{"id":2967,"date":"2025-01-23T14:50:43","date_gmt":"2025-01-23T06:50:43","guid":{"rendered":"https:\/\/ruiqigo.com\/?post_type=product&#038;p=2967"},"modified":"2025-01-23T14:51:53","modified_gmt":"2025-01-23T06:51:53","slug":"organic-toothpaste","status":"publish","type":"product","link":"https:\/\/www.ruiqigo.com\/fr\/product\/organic-toothpaste","title":{"rendered":"Dentifrice Bio\u00a0"},"content":{"rendered":"<h2 class=\"wp-block-heading\">Formules courantes de fabrication de dentifrice biologique<\/h2>\n\n\n\n<p>En tant que fabricant professionnel de dentifrice biologique, nous nous concentrons sur la nature naturelle et saine des mati\u00e8res premi\u00e8res. Nous s\u00e9lectionnons donc avec soin une vari\u00e9t\u00e9 d&#039;ingr\u00e9dients biologiques et des associations scientifiques, afin que chaque brossage des dents soit un plaisir agr\u00e9able.<\/p>\n\n\n\n<p>1. Aloe Vera : L&#039;Aloe Vera a des propri\u00e9t\u00e9s hydratantes et apaisantes, nourrit les gencives et pr\u00e9vient l&#039;atrophie et les saignements des gencives. De plus, il a \u00e9galement un certain effet antibact\u00e9rien, qui peut tuer les bact\u00e9ries nocives dans la bouche, prot\u00e9geant ainsi la sant\u00e9 bucco-dentaire.<\/p>\n\n\n\n<p>2. Menthe : L&#039;ar\u00f4me frais et le go\u00fbt frais de la menthe peuvent aider \u00e0 \u00e9liminer les odeurs de la bouche et \u00e0 garder votre haleine fra\u00eeche. En m\u00eame temps, il a \u00e9galement un certain effet anti-inflammatoire et bact\u00e9ricide, ce qui est propice \u00e0 r\u00e9duire le nombre de bact\u00e9ries dans la bouche et \u00e0 pr\u00e9venir l&#039;inflammation buccale.<\/p>\n\n\n\n<p>3. Xylitol : Le xylitol est un \u00e9dulcorant naturel et sain qui non seulement r\u00e9duit la production de plaque dentaire mais pr\u00e9vient \u00e9galement les caries dentaires. En m\u00eame temps, il peut favoriser la s\u00e9cr\u00e9tion de salive, ce qui aide \u00e0 nettoyer la bouche et \u00e0 l&#039;hydrater. De plus, le go\u00fbt sucr\u00e9 du xylitol est plus adapt\u00e9 aux enfants.<\/p>\n\n\n\n<p>4. Bicarbonate de soude : Le bicarbonate de soude a un pH de 9 \u00e0 11 et est alcalin, ce qui peut neutraliser l&#039;acide dans la bouche et r\u00e9duire la sensibilit\u00e9 dentaire. Il peut aider \u00e0 \u00e9liminer le tartre et les taches de la surface des dents pour obtenir l&#039;effet de blanchiment des dents. En m\u00eame temps, le bicarbonate de soude a \u00e9galement un effet antibact\u00e9rien, qui peut inhiber la croissance des bact\u00e9ries dans la bouche et pr\u00e9venir l&#039;inflammation et l&#039;infection buccales.<\/p>\n\n\n\n<p>5. Huile d&#039;arbre \u00e0 th\u00e9 : L&#039;huile d&#039;arbre \u00e0 th\u00e9 a des effets anti-inflammatoires et antibact\u00e9riens, ce qui peut soulager l&#039;inflammation parodontale et des gencives et pr\u00e9venir la formation de plaque dentaire. Et elle a un effet rafra\u00eechissant, remplissant votre bouche d&#039;une odeur l\u00e9g\u00e8re et douce.<\/p>\n\n\n\n<h2 class=\"wp-block-heading\">Les fonctions du dentifrice bio<\/h2>\n\n\n\n<p>Notre \u00e9quipe de recherche et d\u00e9veloppement ADAPTERA la formule aux conditions bucco-dentaires de la plupart des personnes afin qu&#039;elle puisse pleinement prendre soin de leur sant\u00e9 bucco-dentaire. Avant de l&#039;utiliser, vous devez choisir un produit adapt\u00e9 \u00e0 votre \u00e9tat bucco-dentaire.<\/p>\n\n\n\n<p>1. Nettoyage doux : nos dentifrices utilisent des abrasifs doux et naturels et d&#039;autres ingr\u00e9dients pour non seulement nettoyer efficacement les dents et \u00e9liminer la plaque dentaire et les r\u00e9sidus physiques, mais \u00e9galement prot\u00e9ger l&#039;\u00e9mail des dents contre les dommages.<\/p>\n\n\n\n<p>2. Aucune substance nocive : le dentifrice bio ne contient pas de fluorure, de triclosan ni d&#039;autres substances, et n&#039;ajoute aucun agent moussant chimique, essence synth\u00e9tique ni autre produit chimique nocif. Cela permet non seulement d&#039;\u00e9viter les r\u00e9sidus de composants chimiques dans la bouche, mais aussi de r\u00e9duire les dommages potentiels \u00e0 la bouche et au corps.<\/p>\n\n\n\n<p>3. Soulager les probl\u00e8mes bucco-dentaires : Nos produits contiennent des ingr\u00e9dients antibact\u00e9riens et anti-inflammatoires, qui peuvent soulager dans une certaine mesure les probl\u00e8mes bucco-dentaires tels que la gingivite et les ulc\u00e8res buccaux, pr\u00e9servant ainsi la sant\u00e9 globale de la cavit\u00e9 buccale.<\/p>\n\n\n\n<p>4. Haleine fra\u00eeche : la menthe et les autres ingr\u00e9dients du dentifrice biologique ont un ar\u00f4me frais, qui peut \u00e9liminer les odeurs, apporter une haleine fra\u00eeche \u00e0 la bouche et vous rendre plus confiant.<\/p>\n\n\n\n<p>5. R\u00e9duit la sensibilit\u00e9 buccale : pour les personnes ayant des dents sensibles, le dentifrice bio est le meilleur choix. Il ne contient aucun produit chimique irritant et peut r\u00e9duire l&#039;irritation des zones sensibles de la bouche pour soulager l&#039;inconfort buccal.<\/p>\n\n\n\n<h2 class=\"wp-block-heading\">Comment utiliser un dentifrice bio ?<\/h2>\n\n\n\n<p>Le dentifrice bio s&#039;utilise de la m\u00eame mani\u00e8re que le dentifrice classique, mais il faut choisir un produit adapt\u00e9 avant de l&#039;utiliser. Nous indiquerons \u00e9galement l&#039;utilisation sur l&#039;emballage.<\/p>\n\n\n\n<p>1. Rincez-vous la bouche avec de l\u2019eau pour la garder humide\u00a0;<\/p>\n\n\n\n<p>2. Appliquez la quantit\u00e9 appropri\u00e9e de dentifrice biologique sur la brosse \u00e0 dents et commencez le brossage.<\/p>\n\n\n\n<p>3. Inclinez la brosse \u00e0 dents \u00e0 un angle de 45 degr\u00e9s et brossez-la doucement \u00e0 la jonction des dents et des gencives. Vous pouvez utiliser un mouvement circulaire doux lors du brossage et n&#039;exercez pas trop de force. L&#039;ensemble du processus dure au moins deux minutes pour garantir que chaque surface des dents est bross\u00e9e et que la bouche est soigneusement nettoy\u00e9e.<\/p>\n\n\n\n<p>4. Rincez-vous \u00e0 nouveau la bouche avec de l\u2019eau apr\u00e8s vous \u00eatre bross\u00e9 les dents pour \u00e9liminer les r\u00e9sidus de dentifrice de votre bouche et \u00e9viter d\u2019avaler.<\/p>\n\n\n\n<h2 class=\"wp-block-heading\">Prudence<\/h2>\n\n\n\n<p>1. V\u00e9rifiez soigneusement la liste des ingr\u00e9dients avant utilisation pour vous assurer qu&#039;il n&#039;y a pas d&#039;ingr\u00e9dients qui vous sont allergiques ou inconfortables\u00a0;<\/p>\n\n\n\n<p>2. L\u2019utilisation d\u2019une m\u00e9thode de brossage appropri\u00e9e, telle que la m\u00e9thode de brossage Pap, peut garantir que les dents peuvent \u00eatre enti\u00e8rement nettoy\u00e9es\u00a0;<\/p>\n\n\n\n<p>3. Il est recommand\u00e9 de changer r\u00e9guli\u00e8rement l\u2019utilisation de diff\u00e9rentes marques et fonctions de dentifrice bio pour r\u00e9duire la r\u00e9sistance des bact\u00e9ries buccales \u00e0 un ingr\u00e9dient sp\u00e9cifique ;<\/p>\n\n\n\n<p>4. Surveillez attentivement la r\u00e9action de la bouche lors de l&#039;utilisation du dentifrice. En cas d&#039;inconfort ou de sympt\u00f4mes allergiques, arr\u00eatez imm\u00e9diatement l&#039;utilisation et consultez votre dentiste pour obtenir des conseils ;<\/p>\n\n\n\n<p>5. Il est recommand\u00e9 de stocker dans un endroit frais et sec et d&#039;\u00e9viter la lumi\u00e8re directe du soleil et les environnements \u00e0 haute temp\u00e9rature, pour prolonger la dur\u00e9e de vie.<\/p>\n\n\n\n<h2 class=\"wp-block-heading\">Conclusion<\/h2>\n\n\n\n<p>En tant que fabricant de dentifrice biologique ax\u00e9 sur la qualit\u00e9 et l&#039;efficacit\u00e9, nous s\u00e9lectionnons non seulement des mati\u00e8res premi\u00e8res biologiques de haute qualit\u00e9 provenant du monde entier, mais nous les m\u00e9langeons \u00e9galement scientifiquement et garantissons que chaque produit peut r\u00e9pondre aux normes les plus \u00e9lev\u00e9es gr\u00e2ce \u00e0 une technologie de production moderne et \u00e0 un syst\u00e8me de gestion de la qualit\u00e9 strict. Dans le m\u00eame temps, nous utilisons \u00e9galement une conception d&#039;emballage recyclable pour r\u00e9duire les dommages environnementaux, non seulement responsables du produit mais \u00e9galement responsables de l&#039;environnement. Veuillez nous contacter si vous \u00eates \u00e9galement int\u00e9ress\u00e9.<\/p>","protected":false},"excerpt":{"rendered":"Organic Toothpaste Manufacturing Common Formulas As a professional manufacturer of organic toothpaste, we focus on the natural and healthy nature of raw materials. So we carefully select a variety of organic ingredients and scientific matching, so that every time you brush your teeth is a pleasant enjoyment. 1. Aloe Vera: Aloe Vera has moisturizing and [&hellip;]","protected":false},"featured_media":2968,"menu_order":0,"template":"","meta":[],"product-tag":[],"products":[71],"class_list":["post-2967","product","type-product","status-publish","has-post-thumbnail","hentry","products-toothpaste"],"acf":[],"_links":{"self":[{"href":"https:\/\/www.ruiqigo.com\/fr\/wp-json\/wp\/v2\/product\/2967","targetHints":{"allow":["GET"]}}],"collection":[{"href":"https:\/\/www.ruiqigo.com\/fr\/wp-json\/wp\/v2\/product"}],"about":[{"href":"https:\/\/www.ruiqigo.com\/fr\/wp-json\/wp\/v2\/types\/product"}],"version-history":[{"count":0,"href":"https:\/\/www.ruiqigo.com\/fr\/wp-json\/wp\/v2\/product\/2967\/revisions"}],"wp:featuredmedia":[{"embeddable":true,"href":"https:\/\/www.ruiqigo.com\/fr\/wp-json\/wp\/v2\/media\/2968"}],"wp:attachment":[{"href":"https:\/\/www.ruiqigo.com\/fr\/wp-json\/wp\/v2\/media?parent=2967"}],"wp:term":[{"taxonomy":"product-tag","embeddable":true,"href":"https:\/\/www.ruiqigo.com\/fr\/wp-json\/wp\/v2\/product-tag?post=2967"},{"taxonomy":"products","embeddable":true,"href":"https:\/\/www.ruiqigo.com\/fr\/wp-json\/wp\/v2\/products?post=2967"}],"curies":[{"name":"wp","href":"https:\/\/api.w.org\/{rel}","templated":true}]}}