{"id":301,"date":"2024-07-05T16:53:57","date_gmt":"2024-07-05T08:53:57","guid":{"rendered":"https:\/\/ruiqigo.com\/?post_type=product&#038;p=301"},"modified":"2024-11-13T09:35:52","modified_gmt":"2024-11-13T01:35:52","slug":"water-conditioner","status":"publish","type":"product","link":"https:\/\/www.ruiqigo.com\/fr\/product\/water-conditioner","title":{"rendered":"Conditionneur d&#039;eau"},"content":{"rendered":"<h2 class=\"wp-block-heading\">Formules courantes de fabrication de conditionneurs d&#039;eau<\/h2>\n\n\n\n<p>L&#039;apr\u00e8s-shampoing pour l&#039;eau est principalement compos\u00e9 d&#039;acides amin\u00e9s d&#039;origine v\u00e9g\u00e9tale, de vitamine B5, d&#039;extrait d&#039;algues et d&#039;autres ingr\u00e9dients naturels. Les acides amin\u00e9s ont d&#039;excellents effets hydratants et r\u00e9parateurs, qui peuvent nourrir les cheveux en profondeur ; la vitamine B5 aide \u00e0 am\u00e9liorer les frisottis et la s\u00e9cheresse, rendant les cheveux plus lisses et plus brillants ; l&#039;extrait d&#039;algues est riche en vitamines et min\u00e9raux, qui peuvent r\u00e9parer les cheveux ab\u00eem\u00e9s et am\u00e9liorer leur \u00e9lasticit\u00e9. En tant que fabricant d&#039;apr\u00e8s-shampoing digne de confiance, nous pensons que ces ingr\u00e9dients naturels de haute qualit\u00e9 fonctionnent ensemble pour cr\u00e9er un apr\u00e8s-shampoing hydratant, nourrissant, r\u00e9parateur et sain.<\/p>\n\n\n\n<h2 class=\"wp-block-heading\">Sc\u00e9narios applicables au conditionneur d&#039;eau<\/h2>\n\n\n\n<p>L&#039;apr\u00e8s-shampoing Aqua convient \u00e0 toutes les saisons et \u00e0 tous les climats. En \u00e9t\u00e9 chaud, il hydrate les cheveux et soulage la s\u00e9cheresse et les frisottis ; en hiver sec, il nourrit en profondeur les cheveux et r\u00e9pare les dommages. Qu&#039;il s&#039;agisse d&#039;entretien quotidien ou de r\u00e9paration des dommages, l&#039;apr\u00e8s-shampoing \u00e0 l&#039;eau peut r\u00e9pondre aux besoins de diff\u00e9rents types de cheveux. En m\u00eame temps, il est rafra\u00eechissant et l\u00e9ger, adapt\u00e9 \u00e0 tous les types de cheveux, c&#039;est le produit de soin capillaire id\u00e9al auquel on peut faire confiance en toutes saisons.<\/p>\n\n\n\n<h2 class=\"wp-block-heading\">\u00c0 qui s&#039;adresse le conditionneur d&#039;eau ?<\/h2>\n\n\n\n<p>L&#039;Aqua Conditioner convient \u00e0 tous les types de cheveux. Les cheveux secs, cassants, ab\u00eem\u00e9s peuvent compter sur son action nourrissante et r\u00e9paratrice ; les cheveux gras peuvent \u00e9galement \u00eatre soign\u00e9s gr\u00e2ce \u00e0 sa texture rafra\u00eechissante ; m\u00eame pour les cheveux sains et normaux, l&#039;utilisation de l&#039;Aqua Conditioner peut \u00e9galement am\u00e9liorer les frisottis et la s\u00e9cheresse des cheveux, les rendant plus souples et brillants. Que vous ayez des cheveux fragilis\u00e9s apr\u00e8s une coloration et une permanente, des cheveux gras et encombrants ou des cheveux normaux et sains, l&#039;Aqua Conditioner peut \u00eatre votre partenaire id\u00e9al pour les soins capillaires.<\/p>\n\n\n\n<h2 class=\"wp-block-heading\">Processus de production d&#039;adoucisseur d&#039;eau<\/h2>\n\n\n\n<p>Water Conditioner utilise une technologie unique dans son processus de production. Tout d&#039;abord, les mati\u00e8res premi\u00e8res sont rigoureusement s\u00e9lectionn\u00e9es pour garantir qu&#039;elles sont 100% naturelles et sans pollution ; deuxi\u00e8mement, une vari\u00e9t\u00e9 d&#039;ingr\u00e9dients nourrissants et r\u00e9parateurs sont int\u00e9gr\u00e9s dans le d\u00e9veloppement de la formulation pour jouer un effet synergique. De plus, en tant que fabricant professionnel de conditionneurs d&#039;eau, le processus de production est strictement contr\u00f4l\u00e9 en termes de temp\u00e9rature et de pression pour \u00e9viter la perte d&#039;ingr\u00e9dients actifs ; enfin, l&#039;emballage du produit est fait de mat\u00e9riaux non toxiques respectueux de l&#039;environnement pour garantir la s\u00e9curit\u00e9 d&#039;utilisation. Ce processus de production r\u00e9fl\u00e9chi, pour assurer la qualit\u00e9 du conditionneur d&#039;eau.<\/p>","protected":false},"excerpt":{"rendered":"Water conditioner manufacturing common formulas Water Conditioner is mainly composed of plant-based amino acids, vitamin B5, seaweed extract and other natural ingredients. Amino acids have excellent moisturizing and repairing effects, which can deeply nourish the hair; vitamin B5 helps to improve frizz and dryness, making the hair smoother and shinier; seaweed extract is rich in [&hellip;]","protected":false},"featured_media":388,"menu_order":0,"template":"","meta":[],"product-tag":[],"products":[52],"class_list":["post-301","product","type-product","status-publish","has-post-thumbnail","hentry","products-conditioner"],"acf":[],"_links":{"self":[{"href":"https:\/\/www.ruiqigo.com\/fr\/wp-json\/wp\/v2\/product\/301","targetHints":{"allow":["GET"]}}],"collection":[{"href":"https:\/\/www.ruiqigo.com\/fr\/wp-json\/wp\/v2\/product"}],"about":[{"href":"https:\/\/www.ruiqigo.com\/fr\/wp-json\/wp\/v2\/types\/product"}],"version-history":[{"count":0,"href":"https:\/\/www.ruiqigo.com\/fr\/wp-json\/wp\/v2\/product\/301\/revisions"}],"wp:featuredmedia":[{"embeddable":true,"href":"https:\/\/www.ruiqigo.com\/fr\/wp-json\/wp\/v2\/media\/388"}],"wp:attachment":[{"href":"https:\/\/www.ruiqigo.com\/fr\/wp-json\/wp\/v2\/media?parent=301"}],"wp:term":[{"taxonomy":"product-tag","embeddable":true,"href":"https:\/\/www.ruiqigo.com\/fr\/wp-json\/wp\/v2\/product-tag?post=301"},{"taxonomy":"products","embeddable":true,"href":"https:\/\/www.ruiqigo.com\/fr\/wp-json\/wp\/v2\/products?post=301"}],"curies":[{"name":"wp","href":"https:\/\/api.w.org\/{rel}","templated":true}]}}