{"id":306,"date":"2024-07-05T17:07:54","date_gmt":"2024-07-05T09:07:54","guid":{"rendered":"https:\/\/ruiqigo.com\/?post_type=product&#038;p=306"},"modified":"2024-11-14T21:10:20","modified_gmt":"2024-11-14T13:10:20","slug":"salt-free-water-conditioner","status":"publish","type":"product","link":"https:\/\/www.ruiqigo.com\/fr\/product\/salt-free-water-conditioner","title":{"rendered":"Conditionneur d&#039;eau sans sel"},"content":{"rendered":"<h2 class=\"wp-block-heading\">Formules courantes de fabrication de conditionneurs d&#039;eau sans sel<\/h2>\n\n\n\n<p>L&#039;apr\u00e8s-shampoing sans sel est fabriqu\u00e9 \u00e0 partir d&#039;ingr\u00e9dients doux tels que des acides amin\u00e9s botaniques, de la glyc\u00e9rine et des huiles de p\u00e9pins de fruits naturels. Les acides amin\u00e9s offrent d&#039;excellentes propri\u00e9t\u00e9s hydratantes et r\u00e9paratrices pour nourrir les cheveux en profondeur ; la glyc\u00e9rine reconstitue l&#039;hydratation et am\u00e9liore les frisottis et la s\u00e9cheresse ; et l&#039;huile de p\u00e9pins de fruits naturelle est riche en vitamines pour aider \u00e0 r\u00e9parer les cheveux ab\u00eem\u00e9s et \u00e0 renforcer l&#039;\u00e9lasticit\u00e9 des cheveux. En tant que fabricant fiable d&#039;apr\u00e8s-shampoing sans sel, ces ingr\u00e9dients naturels de haute qualit\u00e9 fonctionnent en synergie les uns avec les autres pour cr\u00e9er un apr\u00e8s-shampoing sans sel non irritant, doux et nourrissant.<\/p>\n\n\n\n<h2 class=\"wp-block-heading\">Sc\u00e9narios applicables au conditionneur d&#039;eau sans sel<\/h2>\n\n\n\n<p>L&#039;apr\u00e8s-shampoing sans sel convient \u00e0 toutes les saisons et \u00e0 tous les environnements. En \u00e9t\u00e9, il hydrate les cheveux et soulage la s\u00e9cheresse et les frisottis ; en hiver, il nourrit les cheveux en profondeur et r\u00e9pare les dommages. En m\u00eame temps, il est rafra\u00eechissant et l\u00e9ger, n&#039;alourdit pas le cuir chevelu, convient \u00e0 tous les types d&#039;utilisation des cheveux. Que ce soit pour l&#039;entretien quotidien ou la r\u00e9paration des dommages, l&#039;apr\u00e8s-shampoing sans sel peut \u00eatre votre aide fiable pour les soins capillaires en toutes saisons.<\/p>\n\n\n\n<h2 class=\"wp-block-heading\">\u00c0 qui s&#039;adresse le conditionneur d&#039;eau sans sel ?<\/h2>\n\n\n\n<p>L&#039;apr\u00e8s-shampoing sans sel convient \u00e0 tous les types de cheveux. Pour les cheveux secs, cassants et ab\u00eem\u00e9s, il nourrit et r\u00e9pare en profondeur ; pour les cheveux gras, sa texture rafra\u00eechissante et l\u00e9g\u00e8re est parfaite ; et m\u00eame pour les cheveux sains et normaux, l&#039;apr\u00e8s-shampoing sans sel am\u00e9liore les frisottis et la s\u00e9cheresse, laissant les cheveux plus doux et plus brillants. Que vous ayez des cheveux color\u00e9s, des cheveux gras et cr\u00e9pus ou des cheveux normaux et sains, l&#039;apr\u00e8s-shampoing sans sel peut \u00eatre votre partenaire id\u00e9al pour les soins capillaires.<\/p>\n\n\n\n<h2 class=\"wp-block-heading\">Processus de production d&#039;un conditionneur d&#039;eau sans sel<\/h2>\n\n\n\n<p>Le revitalisant \u00e0 l&#039;eau sans sel utilise un certain nombre de technologies uniques dans son processus de production. Tout d&#039;abord, les mati\u00e8res premi\u00e8res sont soigneusement s\u00e9lectionn\u00e9es pour garantir qu&#039;elles sont 100% naturelles et sans pollution. Deuxi\u00e8mement, une vari\u00e9t\u00e9 d&#039;ingr\u00e9dients nourrissants et r\u00e9parateurs sont int\u00e9gr\u00e9s dans la formulation pour cr\u00e9er des effets synergiques. De plus, le processus de production est strictement contr\u00f4l\u00e9 en temp\u00e9rature et en pression pour \u00e9viter la perte d&#039;ingr\u00e9dients actifs. Enfin, l&#039;emballage du produit est fait de mat\u00e9riaux respectueux de l&#039;environnement et non toxiques pour garantir la s\u00e9curit\u00e9 d&#039;utilisation. En tant que fabricant efficace de revitalisant \u00e0 l&#039;eau sans sel, ce processus de production r\u00e9fl\u00e9chi, pour assurer l&#039;excellente qualit\u00e9 du revitalisant \u00e0 l&#039;eau sans sel, afin que les consommateurs puissent l&#039;utiliser sans souci, pour profiter du confort d&#039;une exp\u00e9rience de soins capillaires naturels.<\/p>","protected":false},"excerpt":{"rendered":"Salt free water conditioner manufacturing common formulas Salt free Water Conditioner is made with gentle ingredients such as botanical amino acids, glycerin, and natural fruit seed oils. Amino Acids provide excellent moisturizing and repairing properties to deeply nourish hair; Glycerin replenishes moisture and improves frizz and dryness; and Natural Fruit Seed Oil is rich in [&hellip;]","protected":false},"featured_media":384,"menu_order":0,"template":"","meta":[],"product-tag":[],"products":[52],"class_list":["post-306","product","type-product","status-publish","has-post-thumbnail","hentry","products-conditioner"],"acf":[],"_links":{"self":[{"href":"https:\/\/www.ruiqigo.com\/fr\/wp-json\/wp\/v2\/product\/306","targetHints":{"allow":["GET"]}}],"collection":[{"href":"https:\/\/www.ruiqigo.com\/fr\/wp-json\/wp\/v2\/product"}],"about":[{"href":"https:\/\/www.ruiqigo.com\/fr\/wp-json\/wp\/v2\/types\/product"}],"version-history":[{"count":0,"href":"https:\/\/www.ruiqigo.com\/fr\/wp-json\/wp\/v2\/product\/306\/revisions"}],"wp:featuredmedia":[{"embeddable":true,"href":"https:\/\/www.ruiqigo.com\/fr\/wp-json\/wp\/v2\/media\/384"}],"wp:attachment":[{"href":"https:\/\/www.ruiqigo.com\/fr\/wp-json\/wp\/v2\/media?parent=306"}],"wp:term":[{"taxonomy":"product-tag","embeddable":true,"href":"https:\/\/www.ruiqigo.com\/fr\/wp-json\/wp\/v2\/product-tag?post=306"},{"taxonomy":"products","embeddable":true,"href":"https:\/\/www.ruiqigo.com\/fr\/wp-json\/wp\/v2\/products?post=306"}],"curies":[{"name":"wp","href":"https:\/\/api.w.org\/{rel}","templated":true}]}}