{"id":311,"date":"2024-07-05T17:20:27","date_gmt":"2024-07-05T09:20:27","guid":{"rendered":"https:\/\/ruiqigo.com\/?post_type=product&#038;p=311"},"modified":"2024-11-14T21:14:32","modified_gmt":"2024-11-14T13:14:32","slug":"curly-hair-shampoo-and-conditioner","status":"publish","type":"product","link":"https:\/\/www.ruiqigo.com\/fr\/product\/curly-hair-shampoo-and-conditioner","title":{"rendered":"Shampoing et revitalisant pour cheveux boucl\u00e9s"},"content":{"rendered":"<h2 class=\"wp-block-heading\">Formules courantes de fabrication de shampoings et d&#039;apr\u00e8s-shampoings pour cheveux boucl\u00e9s<\/h2>\n\n\n\n<p>Ce produit 2 en 1 est compos\u00e9 d&#039;ingr\u00e9dients naturels de premi\u00e8re qualit\u00e9, tels que le beurre de karit\u00e9 et l&#039;huile de coco. Riche en vitamines et en acides gras, le beurre de karit\u00e9 hydrate les cheveux en profondeur et renforce l&#039;\u00e9lasticit\u00e9 des pointes. L&#039;huile de coco, quant \u00e0 elle, poss\u00e8de d&#039;excellentes propri\u00e9t\u00e9s lissantes et r\u00e9paratrices, rendant les boucles plus lisses et plus brillantes. De plus, il contient un ingr\u00e9dient coiffant sp\u00e9cifique qui structure et fixe efficacement les boucles. Ce shampooing et apr\u00e8s-shampooing pour cheveux boucl\u00e9s, \u00e0 la fois doux et puissants, est la formule id\u00e9ale pour chouchouter les cheveux boucl\u00e9s.<\/p>\n\n\n\n<h2 class=\"wp-block-heading\">Sc\u00e9narios applicables au shampooing et \u00e0 l&#039;apr\u00e8s-shampooing pour cheveux boucl\u00e9s<\/h2>\n\n\n\n<p>Le shampoing apr\u00e8s-shampoing 2-en-1 pour cheveux boucl\u00e9s convient \u00e0 tous les climats. En \u00e9t\u00e9, il hydrate et r\u00e9pare les cheveux boucl\u00e9s ab\u00eem\u00e9s, tandis qu&#039;en hiver, il les nourrit en profondeur et augmente leur \u00e9lasticit\u00e9 pour pr\u00e9venir le dess\u00e8chement et les frisottis. Ses propri\u00e9t\u00e9s coiffantes permettent de conserver des boucles parfaitement coiff\u00e9es m\u00eame en milieu humide. Que le soleil brille ou que le vent souffle, ce produit deux-en-un prot\u00e8ge vos boucles et les rend brillantes et \u00e9bouriff\u00e9es.<\/p>\n\n\n\n<h2 class=\"wp-block-heading\">\u00c0 qui convient le shampooing et l&#039;apr\u00e8s-shampooing pour cheveux boucl\u00e9s ?<\/h2>\n\n\n\n<p>Ce shampoing-apr\u00e8s-shampoing 2 en 1 pour cheveux boucl\u00e9s est particuli\u00e8rement adapt\u00e9 aux cheveux naturellement boucl\u00e9s ou permanent\u00e9s. Il prot\u00e8ge les boucles fragiles des frisottis et du dess\u00e8chement. Ses propri\u00e9t\u00e9s coiffantes contribuent \u00e9galement \u00e0 cr\u00e9er de belles boucles durables. M\u00eame pour les cheveux lisses, une utilisation occasionnelle leur apportera souplesse et brillance. Que vous ayez des cheveux naturellement boucl\u00e9s, des cheveux permanent\u00e9s artificiellement ou des cheveux lisses n\u00e9cessitant un coiffage occasionnel, ce produit 2 en 1 est le soin id\u00e9al.<\/p>\n\n\n\n<h2 class=\"wp-block-heading\">Processus de production de shampoing et d&#039;apr\u00e8s-shampoing pour cheveux boucl\u00e9s<\/h2>\n\n\n\n<p>Tout d&#039;abord, les mati\u00e8res premi\u00e8res sont s\u00e9lectionn\u00e9es avec soin pour garantir un produit 100% naturel et sans pollution. Ensuite, la recherche et le d\u00e9veloppement, lors de la formulation, int\u00e8grent une vari\u00e9t\u00e9 d&#039;ingr\u00e9dients nourrissants et r\u00e9parateurs, cr\u00e9ant ainsi une synergie. De plus, en tant que fabricant leader de shampooings et d&#039;apr\u00e8s-shampooings pour cheveux boucl\u00e9s, le processus de production est rigoureusement contr\u00f4l\u00e9 en temp\u00e9rature et en pression afin de pr\u00e9server les ingr\u00e9dients actifs. Enfin, une technologie de coiffage professionnelle est utilis\u00e9e pour prolonger la dur\u00e9e de vie des boucles.<\/p>","protected":false},"excerpt":{"rendered":"Curly hair shampoo and conditioner manufacturing common formulas This 2-in-1 product is made with premium natural ingredients such as shea butter and coconut oil. Shea butter is rich in vitamins and fatty acids that deeply moisturize the hair and increase the elasticity of the ends, while coconut oil has excellent smoothing and repairing properties that [&hellip;]","protected":false},"featured_media":392,"menu_order":0,"template":"","meta":[],"product-tag":[],"products":[54],"class_list":["post-311","product","type-product","status-publish","has-post-thumbnail","hentry","products-shampoo-and-conditioner"],"acf":[],"_links":{"self":[{"href":"https:\/\/www.ruiqigo.com\/fr\/wp-json\/wp\/v2\/product\/311","targetHints":{"allow":["GET"]}}],"collection":[{"href":"https:\/\/www.ruiqigo.com\/fr\/wp-json\/wp\/v2\/product"}],"about":[{"href":"https:\/\/www.ruiqigo.com\/fr\/wp-json\/wp\/v2\/types\/product"}],"version-history":[{"count":0,"href":"https:\/\/www.ruiqigo.com\/fr\/wp-json\/wp\/v2\/product\/311\/revisions"}],"wp:featuredmedia":[{"embeddable":true,"href":"https:\/\/www.ruiqigo.com\/fr\/wp-json\/wp\/v2\/media\/392"}],"wp:attachment":[{"href":"https:\/\/www.ruiqigo.com\/fr\/wp-json\/wp\/v2\/media?parent=311"}],"wp:term":[{"taxonomy":"product-tag","embeddable":true,"href":"https:\/\/www.ruiqigo.com\/fr\/wp-json\/wp\/v2\/product-tag?post=311"},{"taxonomy":"products","embeddable":true,"href":"https:\/\/www.ruiqigo.com\/fr\/wp-json\/wp\/v2\/products?post=311"}],"curies":[{"name":"wp","href":"https:\/\/api.w.org\/{rel}","templated":true}]}}