{"id":3132,"date":"2025-04-17T17:12:46","date_gmt":"2025-04-17T09:12:46","guid":{"rendered":"https:\/\/www.ruiqigo.com\/?post_type=product&#038;p=3132"},"modified":"2025-04-17T17:12:47","modified_gmt":"2025-04-17T09:12:47","slug":"sunburn-relief-gel","status":"publish","type":"product","link":"https:\/\/www.ruiqigo.com\/fr\/product\/sunburn-relief-gel","title":{"rendered":"Gel anti-coups de soleil"},"content":{"rendered":"<h2 class=\"wp-block-heading\">Formules courantes de fabrication de gels anti-coups de soleil<\/h2>\n\n\n\n<p>Nous s\u00e9lectionnons des ingr\u00e9dients apaisants naturels tels que l&#039;aloe vera, le menthol et la Centella asiatica, et les appliquons au gel pour fournir des soins complets aux probl\u00e8mes tels que les rougeurs et la fi\u00e8vre apr\u00e8s un coup de soleil, vous offrant ainsi une solution de r\u00e9paration des coups de soleil efficace et fiable. <\/p>\n\n\n\n<p>1. <strong>Aloe vera<\/strong>L&#039;aloe vera est l&#039;un des ingr\u00e9dients cl\u00e9s des soins apr\u00e8s-soleil. Riche en vitamines, il p\u00e9n\u00e8tre rapidement la peau pour l&#039;hydrater et l&#039;apaiser, contribuant ainsi \u00e0 r\u00e9parer les peaux ab\u00eem\u00e9es et \u00e0 soulager les rougeurs, les gonflements et l&#039;inconfort. <\/p>\n\n\n\n<p>2. <strong>Menthol<\/strong>: Beaucoup de gens connaissent le menthol, qui joue \u00e9galement un r\u00f4le important dans la r\u00e9paration de la peau apr\u00e8s un coup de soleil. Il procure \u00e9galement une sensation de fra\u00eecheur instantan\u00e9e, permettant \u00e0 la peau de se rafra\u00eechir rapidement et de soulager efficacement les sympt\u00f4mes tels que les br\u00fblures et les picotements. <\/p>\n\n\n\n<p>3. <strong>Centella asiatica<\/strong>La Centella asiatica est \u00e9galement un ingr\u00e9dient important dans les soins r\u00e9parateurs des coups de soleil. Elle stimule la formation de collag\u00e8ne, am\u00e9liore la fonction de la barri\u00e8re cutan\u00e9e et poss\u00e8de d&#039;excellentes propri\u00e9t\u00e9s r\u00e9paratrices et anti-inflammatoires. Parall\u00e8lement, elle r\u00e9duit le risque de desquamation et de pigmentation cutan\u00e9e apr\u00e8s un coup de soleil, et favorise une r\u00e9paration rapide des zones br\u00fbl\u00e9es. <\/p>\n\n\n\n<p>4. <strong>Panth\u00e9nol<\/strong>: Le panth\u00e9nol a un tr\u00e8s bon effet, c&#039;est qu&#039;il peut p\u00e9n\u00e9trer profond\u00e9ment dans la couche corn\u00e9e de la peau, soulager la desquamation, les ger\u00e7ures et autres affections caus\u00e9es par les coups de soleil, favoriser l&#039;auto-r\u00e9paration de la peau, am\u00e9liorer la capacit\u00e9 de r\u00e9tention d&#039;eau et rendre la peau plus douce et plus lisse. <\/p>\n\n\n\n<p>5. <strong>extrait de calendula<\/strong>Cet ingr\u00e9dient est r\u00e9put\u00e9 pour ses propri\u00e9t\u00e9s antibact\u00e9riennes et anti-inflammatoires. Il soulage efficacement l&#039;inflammation, les br\u00fblures et autres r\u00e9actions apr\u00e8s un coup de soleil. Il est souvent utilis\u00e9 sur les zones rouges, gonfl\u00e9es et sensibles apr\u00e8s un coup de soleil pour am\u00e9liorer significativement la r\u00e9paration cutan\u00e9e.<\/p>\n\n\n\n<h2 class=\"wp-block-heading\">Les fonctions du gel anti-coups de soleil<\/h2>\n\n\n\n<p>Pour am\u00e9liorer l&#039;effet r\u00e9parateur des coups de soleil, nous s\u00e9lectionnons et formulons soigneusement la formule du gel anti-coups de soleil afin de garantir une efficacit\u00e9 optimale. De plus, nous appliquons de nombreux proc\u00e9d\u00e9s pour v\u00e9rifier la s\u00e9curit\u00e9 et la fiabilit\u00e9 des ingr\u00e9dients, afin que vous puissiez utiliser nos produits en toute confiance. Nos produits offrent ainsi de nombreux effets fiables\u00a0: <\/p>\n\n\n\n<p>1. <strong>Rafra\u00eechissant et facile \u00e0 absorber<\/strong>Notre gel anti-coups de soleil a une texture gel, hydratante et facilement absorb\u00e9e, rafra\u00eechissante et non grasse, et n&#039;obstrue pas les pores. Il est absorb\u00e9 par la peau en quelques secondes, ce qui permet un gain de temps consid\u00e9rable et une utilisation rapide en cas de manque de temps.<\/p>\n\n\n\n<p>2. <strong>Effets de r\u00e9paration multiples<\/strong>: Le gel anti-coups de soleil a non seulement un seul effet apaisant, mais a \u00e9galement de multiples effets tels qu&#039;anti-inflammatoire, hydratant et r\u00e9parateur, qui peuvent r\u00e9parer efficacement les dommages cutan\u00e9s apr\u00e8s un coup de soleil.<\/p>\n\n\n\n<p>3. <strong>La formule est naturelle, douce et sans additifs<\/strong>Notre gel anti-coups de soleil ne contient ni alcool, ni parfum, ni conservateur, ni autres substances sensibles. Sa formule est douce, s\u00fbre et \u00e9prouv\u00e9e, avec un faible risque d&#039;allergies. Il peut \u00eatre utilis\u00e9 en toute s\u00e9curit\u00e9 par les personnes \u00e0 la peau sensible, les femmes enceintes et les enfants, et convient \u00e0 un large public.<\/p>\n\n\n\n<h2 class=\"wp-block-heading\">Comment utiliser le gel anti-coups de soleil ?<\/h2>\n\n\n\n<p>Le gel anti-coups de soleil est facile \u00e0 transporter et s&#039;utilise rapidement. Nous vous recommandons de l&#039;appliquer autant que possible apr\u00e8s l&#039;exposition au soleil pour une meilleure r\u00e9paration. Il n&#039;est pas n\u00e9cessaire de rincer apr\u00e8s utilisation. Vous pouvez masser d\u00e9licatement la zone trait\u00e9e pour favoriser l&#039;absorption du gel. <\/p>\n\n\n\n<p>1. <strong>Nettoyer la peau<\/strong>:Avant de commencer \u00e0 appliquer le gel, veuillez d&#039;abord nettoyer la zone br\u00fbl\u00e9e par le soleil avec de l&#039;eau ti\u00e8de et \u00e9viter d&#039;utiliser des produits nettoyants irritants. <\/p>\n\n\n\n<p>2. <strong>Pr\u00e9levez une quantit\u00e9 appropri\u00e9e de gel<\/strong>:Prenez une quantit\u00e9 appropri\u00e9e de gel du flacon (ou autre r\u00e9cipient) et placez-la sur la paume de votre main ou sur un coton. <\/p>\n\n\n\n<p>3. <strong>Appliquer d\u00e9licatement<\/strong>Appliquer le gel d\u00e9licatement et uniform\u00e9ment sur la zone br\u00fbl\u00e9e. Ne pas tirer trop fort pour \u00e9viter de l&#039;ab\u00eemer. <\/p>\n\n\n\n<p>4. <strong>Massage pour favoriser l&#039;absorption<\/strong>Massez d\u00e9licatement la zone appliqu\u00e9e en effectuant des mouvements circulaires pour favoriser l&#039;absorption du gel. Inutile de rincer\u00a0; attendez quelques secondes pour une absorption naturelle. <\/p>\n\n\n\n<h2 class=\"wp-block-heading\">Prudence<\/h2>\n\n\n\n<p>1. Si vous ressentez une g\u00eane pendant l&#039;utilisation, telle qu&#039;une rougeur, un gonflement, une sensation de picotement ou toute autre r\u00e9action allergique, cessez imm\u00e9diatement l&#039;utilisation. En cas de gravit\u00e9, consultez rapidement un m\u00e9decin.<\/p>\n\n\n\n<p>2. Le gel anti-coups de soleil est un produit externe. Ne l&#039;avalez pas. Ne l&#039;appliquez pas directement sur des plaies ou des crevasses cutan\u00e9es pour \u00e9viter toute irritation, tout retard de cicatrisation et m\u00eame toute inflammation.<\/p>\n\n\n\n<p>3. N&#039;utilisez pas ce produit avec des produits irritants tels que l&#039;alcool en m\u00eame temps pour \u00e9viter tout inconfort.<\/p>\n\n\n\n<p>4. Le gel anti-coups de soleil doit \u00eatre conserv\u00e9 dans un endroit frais et sec. \u00c9vitez l&#039;exposition directe au soleil pour \u00e9viter toute d\u00e9t\u00e9rioration et nuire \u00e0 l&#039;efficacit\u00e9 r\u00e9paratrice de la peau. <\/p>\n\n\n\n<h2 class=\"wp-block-heading\">Conclusion<\/h2>\n\n\n\n<p>Le gel anti-coups de soleil est un gel r\u00e9parateur apr\u00e8s-soleil aux propri\u00e9t\u00e9s apaisantes, r\u00e9paratrices, hydratantes et autres. Il convient \u00e0 diff\u00e9rents types de peau et \u00e0 diff\u00e9rents usages, et est tr\u00e8s facile \u00e0 transporter. En tant que fabricant ODM\/OEM professionnel, nous proposons la personnalisation de formules et la production de divers emballages, afin de vous proposer la solution la plus adapt\u00e9e \u00e0 vos besoins. Pour plus d&#039;informations, n&#039;h\u00e9sitez pas \u00e0 nous contacter. <\/p>","protected":false},"excerpt":{"rendered":"Sunburn Relief Gel Manufacturing Common Formulas We select natural soothing ingredients such as aloe vera, menthol, and Centella asiatica, and apply them to the gel to provide comprehensive care for problems such as redness and fever after sunburn, providing you with an efficient and reliable sunburn repair solution. 1. Aloe vera: Aloe vera is one [&hellip;]","protected":false},"featured_media":3137,"menu_order":0,"template":"","meta":[],"product-tag":[],"products":[87],"class_list":["post-3132","product","type-product","status-publish","has-post-thumbnail","hentry","products-sunburn-recovery"],"acf":[],"_links":{"self":[{"href":"https:\/\/www.ruiqigo.com\/fr\/wp-json\/wp\/v2\/product\/3132","targetHints":{"allow":["GET"]}}],"collection":[{"href":"https:\/\/www.ruiqigo.com\/fr\/wp-json\/wp\/v2\/product"}],"about":[{"href":"https:\/\/www.ruiqigo.com\/fr\/wp-json\/wp\/v2\/types\/product"}],"version-history":[{"count":0,"href":"https:\/\/www.ruiqigo.com\/fr\/wp-json\/wp\/v2\/product\/3132\/revisions"}],"wp:featuredmedia":[{"embeddable":true,"href":"https:\/\/www.ruiqigo.com\/fr\/wp-json\/wp\/v2\/media\/3137"}],"wp:attachment":[{"href":"https:\/\/www.ruiqigo.com\/fr\/wp-json\/wp\/v2\/media?parent=3132"}],"wp:term":[{"taxonomy":"product-tag","embeddable":true,"href":"https:\/\/www.ruiqigo.com\/fr\/wp-json\/wp\/v2\/product-tag?post=3132"},{"taxonomy":"products","embeddable":true,"href":"https:\/\/www.ruiqigo.com\/fr\/wp-json\/wp\/v2\/products?post=3132"}],"curies":[{"name":"wp","href":"https:\/\/api.w.org\/{rel}","templated":true}]}}