{"id":316,"date":"2024-07-05T17:33:07","date_gmt":"2024-07-05T09:33:07","guid":{"rendered":"https:\/\/ruiqigo.com\/?post_type=product&#038;p=316"},"modified":"2024-11-14T21:13:36","modified_gmt":"2024-11-14T13:13:36","slug":"natural-shampoo-and-conditioner","status":"publish","type":"product","link":"https:\/\/www.ruiqigo.com\/fr\/product\/natural-shampoo-and-conditioner","title":{"rendered":"Shampoing et revitalisant naturels"},"content":{"rendered":"<h2 class=\"wp-block-heading\">Formules courantes de fabrication de shampoings et d&#039;apr\u00e8s-shampoings naturels<\/h2>\n\n\n\n<p>Ce produit naturel 2 en 1 utilise une vari\u00e9t\u00e9 d&#039;ingr\u00e9dients naturels de haute qualit\u00e9 tels que l&#039;huile de lin et les algues. L&#039;huile de lin est riche en acides gras om\u00e9ga-3, qui nourrissent en profondeur les m\u00e8ches de cheveux et ajoutent douceur et brillance, tandis que les algues sont riches en min\u00e9raux, qui r\u00e9parent les cheveux ab\u00eem\u00e9s et ajoutent de l&#039;\u00e9lasticit\u00e9. En tant qu&#039;excellent fabricant de shampooings et d&#039;apr\u00e8s-shampooings naturels, il contient des ingr\u00e9dients nettoyants naturels qui nettoient en douceur le cuir chevelu sans irritation. Ensemble, ces ingr\u00e9dients naturels constituent cette formule de qualit\u00e9 qui prend soin de vos cheveux en douceur.<\/p>\n\n\n\n<h2 class=\"wp-block-heading\">Sc\u00e9narios d&#039;application du shampooing et de l&#039;apr\u00e8s-shampooing naturels<\/h2>\n\n\n\n<p>Le shampoing et revitalisant naturel convient \u00e0 tous les climats. Pendant les mois chauds de l&#039;\u00e9t\u00e9, il hydrate suffisamment les cheveux pour compenser la perte, tandis que pendant les mois froids de l&#039;hiver, il les nourrit en profondeur, augmente leur \u00e9lasticit\u00e9 et pr\u00e9vient la s\u00e9cheresse et les frisottis. En m\u00eame temps, sa formule douce convient \u00e9galement aux cuirs chevelus sensibles sans provoquer d&#039;irritation. Qu&#039;il fasse beau ou qu&#039;il pleuve, ce produit naturel 2 en 1 gardera vos cheveux doux, brillants et sains.<\/p>\n\n\n\n<h2 class=\"wp-block-heading\">\u00c0 qui conviennent les shampooings et apr\u00e8s-shampooings naturels<\/h2>\n\n\n\n<p>Ce duo de shampoing et d&#039;apr\u00e8s-shampoing naturel est parfait pour les cheveux ab\u00eem\u00e9s, secs et cr\u00e9pus. Il utilise des ingr\u00e9dients naturels pour nettoyer en douceur le cuir chevelu tout en nourrissant les cheveux en profondeur, en r\u00e9parant les dommages et en ajoutant douceur et brillance. Que vos cheveux soient naturellement r\u00eaches, ab\u00eem\u00e9s chimiquement ou secs apr\u00e8s un long s\u00e9chage, ce produit 2 en 1 est le compagnon de soin id\u00e9al pour vos cheveux.<\/p>\n\n\n\n<h2 class=\"wp-block-heading\">Processus de production de shampoing et d&#039;apr\u00e8s-shampoing naturels<\/h2>\n\n\n\n<p>Ce shampooing et revitalisant naturel est fabriqu\u00e9 \u00e0 l&#039;aide de plusieurs technologies avanc\u00e9es. Tout d&#039;abord, les ingr\u00e9dients sont 100% naturels et v\u00e9g\u00e9taux, et ont subi une s\u00e9rie de contr\u00f4les pour garantir qu&#039;ils ne sont pas contamin\u00e9s. Deuxi\u00e8mement, la temp\u00e9rature et la pression sont strictement contr\u00f4l\u00e9es lors du d\u00e9veloppement de la formule pour \u00e9viter d&#039;endommager les ingr\u00e9dients actifs. De plus, l&#039;utilisation d&#039;une technologie professionnelle de s\u00e9paration par tamis mol\u00e9culaire, l&#039;extraction d&#039;une grande puret\u00e9 des ingr\u00e9dients actifs ; Enfin, la production de l&#039;ensemble du processus sans ajout de produits chimiques synth\u00e9tiques pour garantir que le produit est vert et respectueux de l&#039;environnement. En tant que fabricant de shampooing et revitalisant naturels de pr\u00e9cision, ces processus de production r\u00e9fl\u00e9chis garantissent que ce produit naturel 2 en 1 est d&#039;excellente qualit\u00e9 et peut apporter aux consommateurs une meilleure exp\u00e9rience de soins \u00e9cologiques.<\/p>","protected":false},"excerpt":{"rendered":"Natural shampoo and conditioner manufacturing common formulas This natural 2-in-1 product uses a variety of high-quality natural ingredients such as flaxseed oil and seaweed. Flaxseed oil is rich in Omega-3 fatty acids, which deeply nourish the hair strands and add softness and shine, while seaweed is rich in minerals, which repair damaged hair and add [&hellip;]","protected":false},"featured_media":396,"menu_order":0,"template":"","meta":[],"product-tag":[],"products":[54],"class_list":["post-316","product","type-product","status-publish","has-post-thumbnail","hentry","products-shampoo-and-conditioner"],"acf":[],"_links":{"self":[{"href":"https:\/\/www.ruiqigo.com\/fr\/wp-json\/wp\/v2\/product\/316","targetHints":{"allow":["GET"]}}],"collection":[{"href":"https:\/\/www.ruiqigo.com\/fr\/wp-json\/wp\/v2\/product"}],"about":[{"href":"https:\/\/www.ruiqigo.com\/fr\/wp-json\/wp\/v2\/types\/product"}],"version-history":[{"count":0,"href":"https:\/\/www.ruiqigo.com\/fr\/wp-json\/wp\/v2\/product\/316\/revisions"}],"wp:featuredmedia":[{"embeddable":true,"href":"https:\/\/www.ruiqigo.com\/fr\/wp-json\/wp\/v2\/media\/396"}],"wp:attachment":[{"href":"https:\/\/www.ruiqigo.com\/fr\/wp-json\/wp\/v2\/media?parent=316"}],"wp:term":[{"taxonomy":"product-tag","embeddable":true,"href":"https:\/\/www.ruiqigo.com\/fr\/wp-json\/wp\/v2\/product-tag?post=316"},{"taxonomy":"products","embeddable":true,"href":"https:\/\/www.ruiqigo.com\/fr\/wp-json\/wp\/v2\/products?post=316"}],"curies":[{"name":"wp","href":"https:\/\/api.w.org\/{rel}","templated":true}]}}