{"id":3186,"date":"2025-04-24T09:37:21","date_gmt":"2025-04-24T01:37:21","guid":{"rendered":"https:\/\/www.ruiqigo.com\/?post_type=product&#038;p=3186"},"modified":"2025-04-24T09:37:22","modified_gmt":"2025-04-24T01:37:22","slug":"sunburn-lotion","status":"publish","type":"product","link":"https:\/\/www.ruiqigo.com\/fr\/product\/sunburn-lotion","title":{"rendered":"Lotion contre les coups de soleil"},"content":{"rendered":"<h2 class=\"wp-block-heading\">Formules courantes de fabrication de lotions solaires<\/h2>\n\n\n\n<p>En tant que fabricant professionnel de lotions solaires, nous utilisons des extraits de plantes naturelles et des ingr\u00e9dients r\u00e9parateurs, tels que le calendula, l&#039;aloe vera et la camomille, pour aider votre peau \u00e0 se r\u00e9parer et \u00e0 se calmer rapidement apr\u00e8s un coup de soleil, r\u00e9tablir l&#039;\u00e9quilibre hydrique et lipidique et renforcer la barri\u00e8re cutan\u00e9e. De plus, notre formule est douce et non irritante, adapt\u00e9e \u00e0 une utilisation longue dur\u00e9e sur tous types de peau.<\/p>\n\n\n\n<p>1. <strong>Calendula<\/strong>Le calendula poss\u00e8de d&#039;excellentes propri\u00e9t\u00e9s antiallergiques et anti-inflammatoires, soulageant les allergies et l&#039;inconfort caus\u00e9s par les coups de soleil, et r\u00e9duisant l&#039;inflammation apr\u00e8s une exposition au soleil. Il favorise \u00e9galement la cicatrisation des l\u00e9sions cutan\u00e9es mineures et am\u00e9liore la r\u00e9paration de la barri\u00e8re cutan\u00e9e. <\/p>\n\n\n\n<p>2.<strong> Aloe vera :<\/strong> L&#039;aloe vera naturel est riche en vitamines, min\u00e9raux et antioxydants, et poss\u00e8de de puissants effets hydratants, apaisants et anti-inflammatoires. Il aide rapidement la couche corn\u00e9e \u00e0 retenir l&#039;hydratation, favorise la r\u00e9paration cellulaire et renforce la barri\u00e8re cutan\u00e9e. Il aide \u00e9galement la peau \u00e0 se rafra\u00eechir rapidement et \u00e0 r\u00e9duire la sensation de br\u00fblure apr\u00e8s un coup de soleil. <\/p>\n\n\n\n<p>3. <strong>Camomille:<\/strong> La lotion solaire, dont l&#039;ingr\u00e9dient principal est la camomille, peut \u00eatre utilis\u00e9e en toute confiance par les peaux sensibles. Gr\u00e2ce \u00e0 ses excellentes propri\u00e9t\u00e9s antiallergiques et antioxydantes, elle soulage les sympt\u00f4mes tels que les allergies, les rougeurs, les gonflements et les picotements caus\u00e9s par les coups de soleil, et renforce \u00e9galement la r\u00e9sistance de la peau. <\/p>\n\n\n\n<p>4. <strong>Hyaluronate de sodium :<\/strong> L&#039;hyaluronate de sodium est un ingr\u00e9dient efficace qui retient l&#039;eau et hydrate la peau et peut rapidement reconstituer l&#039;hydratation en profondeur, emp\u00eachant la peau br\u00fbl\u00e9e par le soleil de devenir tendue ou craquel\u00e9e, et cr\u00e9ant une base solide pour l&#039;absorption des ingr\u00e9dients r\u00e9parateurs ult\u00e9rieurs. <\/p>\n\n\n\n<p>5.<strong> Panth\u00e9nol<\/strong>Le panth\u00e9nol est \u00e9galement un ingr\u00e9dient important des lotions solaires. Il poss\u00e8de de puissantes propri\u00e9t\u00e9s hydratantes et r\u00e9paratrices. Il p\u00e9n\u00e8tre profond\u00e9ment dans la peau et forme un film imperm\u00e9able, am\u00e9liorant ainsi son \u00e9lasticit\u00e9, r\u00e9duisant la s\u00e9cheresse et les tiraillements caus\u00e9s par les coups de soleil, et aidant la peau \u00e0 retrouver un \u00e9clat sain et hydrat\u00e9. <\/p>\n\n\n\n<h2 class=\"wp-block-heading\">Les fonctions de la lotion solaire<\/h2>\n\n\n\n<p>Notre lotion solaire utilise une vari\u00e9t\u00e9 d&#039;essences v\u00e9g\u00e9tales naturelles dans sa formule, qui a non seulement des fonctions r\u00e9paratrices, mais prend \u00e9galement en compte l&#039;exp\u00e9rience et le confort de l&#039;utilisateur. <\/p>\n\n\n\n<p>1. <strong>Texture fra\u00eeche et non grasse<\/strong>Notre lotion solaire est con\u00e7ue avec une formule l\u00e9g\u00e8re qui p\u00e9n\u00e8tre rapidement dans la peau sans coller. Elle ne laisse donc pas de r\u00e9sidus sur les v\u00eatements et n&#039;affecte pas les activit\u00e9s quotidiennes de l&#039;utilisateur. L&#039;exp\u00e9rience utilisateur est ainsi grandement am\u00e9lior\u00e9e.<\/p>\n\n\n\n<p>2. <strong>Convient \u00e0 une vari\u00e9t\u00e9 de types de peau<\/strong>Notre lotion solaire a subi de nombreux tests de sensibilit\u00e9 et ne contient aucun ingr\u00e9dient irritant ou sensibilisant comme l&#039;alcool. Elle convient aux peaux s\u00e8ches, grasses, mixtes et sensibles, et convient \u00e0 un large \u00e9ventail de client\u00e8les.<\/p>\n\n\n\n<p>3. <strong>Les effets apaisants et rafra\u00eechissants instantan\u00e9s sont importants<\/strong>La lotion solaire contient des ingr\u00e9dients naturels comme l&#039;aloe vera et le calendula. Apr\u00e8s utilisation, elle rafra\u00eechit rapidement la peau, soulage les rougeurs, les gonflements, les br\u00fblures et autres d\u00e9sagr\u00e9ments, et r\u00e9duit les r\u00e9actions inflammatoires apr\u00e8s une exposition au soleil. C&#039;est un choix id\u00e9al pour une r\u00e9paration imm\u00e9diate apr\u00e8s un coup de soleil.<\/p>\n\n\n\n<p>4. <strong>Effet hydratant continu et r\u00e9parateur prolong\u00e9<\/strong>Notre lotion solaire, gr\u00e2ce \u00e0 l&#039;action synergique de multiples facteurs hydratants tels que l&#039;hyaluronate de sodium et le panth\u00e9nol, maintient durablement l&#039;\u00e9quilibre hydrique de la peau et pr\u00e9vient le dess\u00e8chement et la desquamation. Outre un apaisement imm\u00e9diat, elle r\u00e9pare \u00e9galement la barri\u00e8re cutan\u00e9e en continu, am\u00e9liore les d\u00e9fenses cutan\u00e9es et prolonge l&#039;effet r\u00e9parateur apr\u00e8s un coup de soleil. <\/p>\n\n\n\n<h2 class=\"wp-block-heading\">Comment utiliser une lotion contre les coups de soleil ?<\/h2>\n\n\n\n<p>L&#039;utilisation de la lotion solaire est tr\u00e8s simple et rapide. Vous pouvez l&#039;utiliser \u00e0 tout moment, que ce soit pour vos soins quotidiens ou en voyage, pour soulager l&#039;inconfort des coups de soleil. Il suffit de l&#039;appliquer au besoin et de masser d\u00e9licatement pour favoriser l&#039;absorption. Doux et non irritant, il convient \u00e0 tous les types d&#039;utilisateurs. Il est recommand\u00e9 de l&#039;utiliser imm\u00e9diatement apr\u00e8s une exposition au soleil pour un effet r\u00e9parateur optimal. <\/p>\n\n\n\n<p>1. <strong>Nettoyer la peau : <\/strong>Avant d&#039;utiliser le produit, nettoyez la zone br\u00fbl\u00e9e \u00e0 l&#039;eau ti\u00e8de pour \u00e9liminer la transpiration et les impuret\u00e9s qui pourraient r\u00e9duire l&#039;effet r\u00e9parateur. S\u00e9chez ensuite avec une serviette douce ou attendez que l&#039;eau s&#039;\u00e9vapore.<\/p>\n\n\n\n<p>2. <strong>Pressez la lotion : <\/strong>Pressez la lotion du r\u00e9cipient selon vos besoins.<\/p>\n\n\n\n<p>3. <strong>Appliquer uniform\u00e9ment et masser pour faire absorber : <\/strong>Appliquez la lotion d\u00e9licatement et uniform\u00e9ment sur la zone br\u00fbl\u00e9e, en \u00e9vitant de frotter pour ne pas l&#039;ab\u00eemer. Massez ensuite d\u00e9licatement la zone trait\u00e9e pour favoriser l&#039;absorption cutan\u00e9e.<\/p>\n\n\n\n<h2 class=\"wp-block-heading\">Prudence<\/h2>\n\n\n\n<p>1. <strong>Test de r\u00e9actions allergiques :<\/strong> Avant d&#039;utiliser notre lotion solaire pour la premi\u00e8re fois, assurez-vous de l&#039;appliquer sur l&#039;int\u00e9rieur de votre poignet ou derri\u00e8re votre oreille afin d&#039;\u00e9viter toute r\u00e9action allergique. Si aucune r\u00e9action anormale n&#039;appara\u00eet dans les 24 heures, vous pouvez l&#039;utiliser en toute confiance.<\/p>\n\n\n\n<p>2. <strong>\u00c9vitez d\u2019utiliser sur des plaies ou une peau ab\u00eem\u00e9e : <\/strong>S&#039;il y a des blessures ou des dommages \u00e9vidents sur la peau, tels qu&#039;une peau ab\u00eem\u00e9e, des saignements, etc., n&#039;utilisez pas ce produit pour \u00e9viter d&#039;irriter la plaie et de provoquer des dommages.<\/p>\n\n\n\n<p>3. <strong>\u00c9viter le contact avec les yeux : <\/strong>Lorsque vous utilisez une cr\u00e8me solaire, \u00e9vitez le contour des yeux. En cas de contact accidentel avec les yeux, rincez-les imm\u00e9diatement \u00e0 l&#039;eau claire et consultez un m\u00e9decin si n\u00e9cessaire.<\/p>\n\n\n\n<h2 class=\"wp-block-heading\">Conclusion<\/h2>\n\n\n\n<p>La lotion Sunburn est une lotion r\u00e9paratrice qui hydrate, apaise et r\u00e9pare en profondeur la peau. Elle convient \u00e0 diff\u00e9rents types de peau et \u00e0 diff\u00e9rents usages. Nos produits, formul\u00e9s \u00e0 partir d&#039;extraits naturels de plantes, sont rafra\u00eechissants et non gras. Ils soulagent rapidement l&#039;inconfort et la sensation de br\u00fblure caus\u00e9s par les coups de soleil. Nous proposons des services OEM\/ODM pour r\u00e9pondre aux besoins vari\u00e9s de nos clients en mati\u00e8re d&#039;emballage et de positionnement sur le march\u00e9. Pour plus d&#039;informations, n&#039;h\u00e9sitez pas \u00e0 nous contacter.<\/p>","protected":false},"excerpt":{"rendered":"Sunburn Lotion Manufacturing Common Formulas As a professional sunburn lotion manufacturer, we use natural plant extracts and repair ingredients, such as calendula, aloe vera, chamomile, etc., to help your skin quickly repair and calm after sunburn, restore the water and oil balance, and strengthen the skin barrier. At the same time, the formula we use [&hellip;]","protected":false},"featured_media":3190,"menu_order":0,"template":"","meta":[],"product-tag":[],"products":[87],"class_list":["post-3186","product","type-product","status-publish","has-post-thumbnail","hentry","products-sunburn-recovery"],"acf":[],"_links":{"self":[{"href":"https:\/\/www.ruiqigo.com\/fr\/wp-json\/wp\/v2\/product\/3186","targetHints":{"allow":["GET"]}}],"collection":[{"href":"https:\/\/www.ruiqigo.com\/fr\/wp-json\/wp\/v2\/product"}],"about":[{"href":"https:\/\/www.ruiqigo.com\/fr\/wp-json\/wp\/v2\/types\/product"}],"version-history":[{"count":0,"href":"https:\/\/www.ruiqigo.com\/fr\/wp-json\/wp\/v2\/product\/3186\/revisions"}],"wp:featuredmedia":[{"embeddable":true,"href":"https:\/\/www.ruiqigo.com\/fr\/wp-json\/wp\/v2\/media\/3190"}],"wp:attachment":[{"href":"https:\/\/www.ruiqigo.com\/fr\/wp-json\/wp\/v2\/media?parent=3186"}],"wp:term":[{"taxonomy":"product-tag","embeddable":true,"href":"https:\/\/www.ruiqigo.com\/fr\/wp-json\/wp\/v2\/product-tag?post=3186"},{"taxonomy":"products","embeddable":true,"href":"https:\/\/www.ruiqigo.com\/fr\/wp-json\/wp\/v2\/products?post=3186"}],"curies":[{"name":"wp","href":"https:\/\/api.w.org\/{rel}","templated":true}]}}