{"id":3243,"date":"2025-04-29T10:51:22","date_gmt":"2025-04-29T02:51:22","guid":{"rendered":"https:\/\/www.ruiqigo.com\/?post_type=product&#038;p=3243"},"modified":"2025-04-29T10:51:23","modified_gmt":"2025-04-29T02:51:23","slug":"stainless-steel-tongue-scraper","status":"publish","type":"product","link":"https:\/\/www.ruiqigo.com\/fr\/product\/stainless-steel-tongue-scraper","title":{"rendered":"Gratte-langue en acier inoxydable"},"content":{"rendered":"<h2 class=\"wp-block-heading\">Caract\u00e9ristiques du gratte-langue en acier inoxydable<\/h2>\n\n\n\n<p>1. <strong>Mat\u00e9riel<\/strong>: Le gratte-langue en acier inoxydable est fabriqu\u00e9 en acier inoxydable de qualit\u00e9 alimentaire de haute qualit\u00e9 (tel que la qualit\u00e9 304 ou 316), qui pr\u00e9sente une excellente r\u00e9sistance \u00e0 la corrosion, une r\u00e9sistance \u00e0 la rouille et une bonne hygi\u00e8ne. <\/p>\n\n\n\n<p>2. <strong>Structure:<\/strong> Notre gratte-langue en acier inoxydable est g\u00e9n\u00e9ralement en forme de U ou d&#039;arc plat, ce qui s&#039;adapte parfaitement \u00e0 la courbe de la surface de la langue humaine et est plus complet lors du grattage des bact\u00e9ries et du rev\u00eatement de la langue, assurant l&#039;effet de nettoyage.<\/p>\n\n\n\n<p>3. <strong>Traitement des bords :<\/strong> Les bords du gratte-langue en acier inoxydable ont \u00e9t\u00e9 soigneusement polis et sont lisses et arrondis. Ils ne rayent ni la langue ni l&#039;int\u00e9rieur de la bouche pendant l&#039;utilisation, garantissant ainsi la s\u00e9curit\u00e9. <\/p>\n\n\n\n<p>4. <strong>Durable et r\u00e9sistant :<\/strong> L&#039;acier inoxydable est naturellement durable et peut \u00eatre utilis\u00e9 longtemps sans alt\u00e9rer ses performances. Il b\u00e9n\u00e9ficie donc d&#039;une longue dur\u00e9e de vie et r\u00e9siste aux chocs et au vieillissement.<\/p>\n\n\n\n<p>5. <strong>Facile \u00e0 nettoyer : <\/strong>La surface du gratte-langue en acier inoxydable est lisse, peut \u00eatre st\u00e9rilis\u00e9e \u00e0 haute temp\u00e9rature et peut \u00eatre directement rinc\u00e9e, ce qui est tr\u00e8s pratique. <\/p>\n\n\n\n<p>6. <strong>Respectueux de l&#039;environnement et r\u00e9utilisable :<\/strong> Les produits en acier inoxydable peuvent \u00eatre r\u00e9utilis\u00e9s, ce qui est tr\u00e8s respectueux de l\u2019environnement et conforme au concept de d\u00e9veloppement durable. <\/p>\n\n\n\n<h2 class=\"wp-block-heading\">Avantages du gratte-langue en acier inoxydable<\/h2>\n\n\n\n<p>1. <strong>Am\u00e9liorer l\u2019hygi\u00e8ne bucco-dentaire :<\/strong> Un gratte-langue en acier inoxydable peut \u00e9liminer efficacement le d\u00e9p\u00f4t lingual et les bact\u00e9ries, am\u00e9liorer la sant\u00e9 bucco-dentaire, soulager les probl\u00e8mes respiratoires et pr\u00e9venir la mauvaise haleine. Il peut \u00e9galement r\u00e9duire l&#039;incidence des maladies des gencives. <\/p>\n\n\n\n<p>2. <strong>Bonne portabilit\u00e9 : <\/strong>Notre gratte-langue en acier inoxydable est portable et compact, adapt\u00e9 \u00e0 l&#039;emporter avec vous et pratique \u00e0 utiliser lorsque vous sortez, que vous soyez en voyage ou en voyage d&#039;affaires. <\/p>\n\n\n\n<p>3. <strong>Bonne durabilit\u00e9 :<\/strong> L&#039;acier inoxydable est bien connu pour sa bonne durabilit\u00e9, sa r\u00e9sistance \u00e0 la corrosion et sa capacit\u00e9 \u00e0 maintenir d&#039;excellentes performances apr\u00e8s une utilisation \u00e0 long terme ou r\u00e9p\u00e9t\u00e9e. <\/p>\n\n\n\n<p>4. <strong>Facile \u00e0 entretenir :<\/strong> Le gratte-langue en acier inoxydable doit simplement \u00eatre rinc\u00e9 ou st\u00e9rilis\u00e9 \u00e0 l&#039;eau bouillante apr\u00e8s utilisation. Aucun entretien particulier n&#039;est requis, ce qui permet d&#039;\u00e9conomiser beaucoup d&#039;\u00e9nergie et de temps. <\/p>\n\n\n\n<h2 class=\"wp-block-heading\">Groupe cible du gratte-langue en acier inoxydable<\/h2>\n\n\n\n<p>1. <strong>Les personnes qui souffrent de mauvaise haleine : <\/strong>Les personnes qui ont une mauvaise haleine en raison d\u2019un rev\u00eatement lingual \u00e9pais. <\/p>\n\n\n\n<p>2. <strong>Fumeurs et buveurs : <\/strong>Fumer et boire peuvent entra\u00eener des attachements \u00e0 long terme sur la surface de la langue. <\/p>\n\n\n\n<p>3. <strong>Les personnes qui aiment boire du caf\u00e9 et du th\u00e9 au lait :<\/strong> Le caf\u00e9 et le th\u00e9 au lait laissent des d\u00e9p\u00f4ts de pigments sur la surface de la langue, affectant l\u2019hygi\u00e8ne de la surface de la langue.<\/p>\n\n\n\n<p>4. <strong>Les personnes qui pr\u00eatent attention aux soins bucco-dentaires :<\/strong> Ils esp\u00e8rent maintenir une haleine fra\u00eeche et une bouche saine et am\u00e9liorer r\u00e9guli\u00e8rement l\u2019environnement d\u2019hygi\u00e8ne \u00e0 l\u2019int\u00e9rieur de la bouche.<\/p>\n\n\n\n<h2 class=\"wp-block-heading\">Applications du gratte-langue en acier inoxydable<\/h2>\n\n\n\n<p>1. <strong>Soins quotidiens \u00e0 domicile : <\/strong>Vous pouvez l&#039;utiliser apr\u00e8s vous \u00eatre bross\u00e9 les dents le matin ou avant de vous coucher. Vous pouvez \u00e9galement le nettoyer apr\u00e8s les repas si n\u00e9cessaire.<\/p>\n\n\n\n<p>2. <strong>Voyage ou d\u00e9placement professionnel : <\/strong>Vous pouvez l&#039;emporter en voyage ou en d\u00e9placement professionnel pour assurer une bonne hygi\u00e8ne bucco-dentaire lorsque vous \u00eates absent. <\/p>\n\n\n\n<p>3. <strong>Offrir des cadeaux : <\/strong>Il peut \u00eatre utilis\u00e9 comme cadeau de soins bucco-dentaires pour les parents et les amis. <\/p>\n\n\n\n<p>4. <strong>Institutions professionnelles de soins bucco-dentaires :<\/strong> Les cliniques dentaires, les centres de soins bucco-dentaires, etc., utiliseront des gratte-langues en acier inoxydable comme outils auxiliaires. <\/p>\n\n\n\n<h2 class=\"wp-block-heading\">Comment utiliser le gratte-langue en acier inoxydable<\/h2>\n\n\n\n<p>1. Avant utilisation, vous devez rincer le gratte-langue en acier inoxydable avec de l&#039;eau pour vous assurer qu&#039;il n&#039;y a pas de salet\u00e9. <\/p>\n\n\n\n<p>2. Ouvrez la bouche et tirez la langue, et essayez de l&#039;\u00e9tirer \u00e0 plat.<\/p>\n\n\n\n<p>3. Grattez doucement le gratte-langue en acier inoxydable de la racine de la langue jusqu&#039;au bout de la langue, et veillez \u00e0 ne pas aller trop loin pour \u00e9viter les vomissements.<\/p>\n\n\n\n<p>4. R\u00e9p\u00e9tez l&#039;op\u00e9ration 2 \u00e0 3 fois si n\u00e9cessaire. Pour un grattage plus propre, vous pouvez r\u00e9p\u00e9ter l&#039;op\u00e9ration plusieurs fois, mais veillez \u00e0 ne pas le r\u00e9p\u00e9ter trop souvent pour \u00e9viter de vous blesser la langue ou la bouche. Rincez \u00e0 l&#039;eau claire apr\u00e8s chaque grattage.<\/p>\n\n\n\n<p>5. Rincez le gratte-langue en acier inoxydable \u00e0 l&#039;eau apr\u00e8s l&#039;avoir gratt\u00e9. Il peut \u00eatre d\u00e9sinfect\u00e9 \u00e0 l&#039;eau chaude ou nettoy\u00e9 \u00e0 l&#039;eau savonneuse. Rangez-le apr\u00e8s s\u00e9chage.<\/p>\n\n\n\n<p>6. <strong>Recommandation<\/strong>: \u00c0 utiliser avec un bain de bouche pour am\u00e9liorer la sant\u00e9 bucco-dentaire de mani\u00e8re globale. <\/p>","protected":false},"excerpt":{"rendered":"Stainless steel tongue scraper features 1. Material: Stainless steel tongue scraper is made of high-quality food-grade stainless steel (such as 304 or 316 grade), which has excellent corrosion resistance, rust resistance and good hygiene. 2. Structure: Our stainless steel tongue scraper is generally U-shaped or flat arc-shaped, which perfectly fits the curve of the human [&hellip;]","protected":false},"featured_media":3245,"menu_order":0,"template":"","meta":[],"product-tag":[],"products":[169],"class_list":["post-3243","product","type-product","status-publish","has-post-thumbnail","hentry","products-tongue-scraper"],"acf":[],"_links":{"self":[{"href":"https:\/\/www.ruiqigo.com\/fr\/wp-json\/wp\/v2\/product\/3243","targetHints":{"allow":["GET"]}}],"collection":[{"href":"https:\/\/www.ruiqigo.com\/fr\/wp-json\/wp\/v2\/product"}],"about":[{"href":"https:\/\/www.ruiqigo.com\/fr\/wp-json\/wp\/v2\/types\/product"}],"version-history":[{"count":0,"href":"https:\/\/www.ruiqigo.com\/fr\/wp-json\/wp\/v2\/product\/3243\/revisions"}],"wp:featuredmedia":[{"embeddable":true,"href":"https:\/\/www.ruiqigo.com\/fr\/wp-json\/wp\/v2\/media\/3245"}],"wp:attachment":[{"href":"https:\/\/www.ruiqigo.com\/fr\/wp-json\/wp\/v2\/media?parent=3243"}],"wp:term":[{"taxonomy":"product-tag","embeddable":true,"href":"https:\/\/www.ruiqigo.com\/fr\/wp-json\/wp\/v2\/product-tag?post=3243"},{"taxonomy":"products","embeddable":true,"href":"https:\/\/www.ruiqigo.com\/fr\/wp-json\/wp\/v2\/products?post=3243"}],"curies":[{"name":"wp","href":"https:\/\/api.w.org\/{rel}","templated":true}]}}