{"id":3250,"date":"2025-04-29T10:52:15","date_gmt":"2025-04-29T02:52:15","guid":{"rendered":"https:\/\/www.ruiqigo.com\/?post_type=product&#038;p=3250"},"modified":"2025-04-29T10:52:16","modified_gmt":"2025-04-29T02:52:16","slug":"plastic-tongue-scraper","status":"publish","type":"product","link":"https:\/\/www.ruiqigo.com\/fr\/product\/plastic-tongue-scraper","title":{"rendered":"Gratte-langue en plastique"},"content":{"rendered":"<h2 class=\"wp-block-heading\">Caract\u00e9ristiques du gratte-langue en plastique<\/h2>\n\n\n\n<p>1. <strong>Mat\u00e9riau l\u00e9ger : <\/strong>Le gratte-langue en plastique est g\u00e9n\u00e9ralement fabriqu\u00e9 en mat\u00e9riau PP, PE ou PTE de qualit\u00e9 alimentaire, qui est tr\u00e8s l\u00e9ger, s\u00fbr et non toxique. <\/p>\n\n\n\n<p>2. <strong>Faible co\u00fbt: <\/strong>Compar\u00e9s aux gratte-langues en m\u00e9tal, les gratte-langues en plastique sont plus abordables et moins chers, ce qui les rend adapt\u00e9s \u00e0 une popularisation \u00e0 grande \u00e9chelle. <\/p>\n\n\n\n<p>3. <strong>Apparence diversifi\u00e9e :<\/strong> Le gratte-langue en plastique est disponible dans des couleurs riches et diverses, notamment le noir, le gris, le blanc, etc. Vous pouvez choisir la couleur librement.<\/p>\n\n\n\n<p>4. <strong>Bonne flexibilit\u00e9 : <\/strong>Le gratte-langue en plastique a une excellente flexibilit\u00e9, est plus doux lors du nettoyage de la langue et est moins susceptible d&#039;endommager la langue et l&#039;int\u00e9rieur de la bouche, ce qui le rend particuli\u00e8rement adapt\u00e9 aux personnes sensibles.<\/p>\n\n\n\n<h2 class=\"wp-block-heading\">Avantages du gratte-langue en plastique<\/h2>\n\n\n\n<p>1. <strong>L\u00e9ger et portable : <\/strong>Le gratte-langue en plastique est tr\u00e8s l\u00e9ger et facile \u00e0 transporter. Il est facile \u00e0 emporter en voyage ou en d\u00e9placement professionnel. <\/p>\n\n\n\n<p>2. <strong>Rapport qualit\u00e9-prix \u00e9lev\u00e9 :<\/strong> Comme il est fabriqu\u00e9 en plastique, le co\u00fbt est faible, donc le co\u00fbt de production n&#039;est pas \u00e9lev\u00e9 et il peut \u00eatre produit en grande quantit\u00e9, il est donc rentable.<\/p>\n\n\n\n<p>3. <strong>Doux et confortable : <\/strong>Le gratte-langue en plastique est flexible et tr\u00e8s confortable \u00e0 utiliser, ce qui le rend tr\u00e8s adapt\u00e9 aux nouveaux utilisateurs, aux enfants et aux personnes sensibles.<\/p>\n\n\n\n<p>4. <strong>Conception multicolore : <\/strong>Il existe de nombreuses couleurs et les membres de la famille peuvent les utiliser s\u00e9par\u00e9ment pour assurer l&#039;hygi\u00e8ne et la sant\u00e9 bucco-dentaires personnelles et pr\u00e9venir les infections crois\u00e9es.<\/p>\n\n\n\n<h2 class=\"wp-block-heading\">Groupe cible des gratte-langues en plastique<\/h2>\n\n\n\n<p>1. Enfants, adolescents et personnes sensibles aux mat\u00e9riaux des gratte-langues.<\/p>\n\n\n\n<p>2. Comme les fumeurs, les buveurs et les personnes qui aiment manger des aliments au go\u00fbt fort et qui souffrent de mauvaise haleine.<\/p>\n\n\n\n<p>3. Les personnes qui font attention \u00e0 leur hygi\u00e8ne bucco-dentaire personnelle et changent r\u00e9guli\u00e8rement d\u2019outils de soins bucco-dentaires.<\/p>\n\n\n\n<p>4. Les personnes qui ont besoin de soins bucco-dentaires lorsqu&#039;elles voyagent, lors de voyages d&#039;affaires ou lorsqu&#039;elles font du sport pendant une longue p\u00e9riode.<\/p>\n\n\n\n<p>5. Les personnes qui ont une pigmentation sur la langue en raison d\u2019une consommation prolong\u00e9e de caf\u00e9 ou de th\u00e9 au lait.<\/p>\n\n\n\n<h2 class=\"wp-block-heading\">Applications du gratte-langue en plastique<\/h2>\n\n\n\n<p>1. <strong>Soins bucco-dentaires quotidiens \u00e0 domicile : <\/strong>Nettoyez votre langue \u00e0 temps chaque jour \u00e0 la maison pour garder votre haleine fra\u00eeche.<\/p>\n\n\n\n<p>2. <strong>Soins bucco-dentaires pour les enfants :<\/strong> mat\u00e9riau souple et couleurs vari\u00e9es, adapt\u00e9 pour cultiver les habitudes de soins bucco-dentaires des enfants et pr\u00eater attention \u00e0 la sant\u00e9 bucco-dentaire d\u00e8s le plus jeune \u00e2ge.<\/p>\n\n\n\n<p>3. <strong>Utilisation en voyage : <\/strong>Le gratte-langue en plastique est petit et l\u00e9ger, tr\u00e8s pratique \u00e0 transporter, adapt\u00e9 aux voyages d&#039;affaires, aux voyages et au camping.<\/p>\n\n\n\n<p>4. <strong>Salles de sport et bureaux : <\/strong>Nettoyez l\u2019int\u00e9rieur de la bouche apr\u00e8s une s\u00e9ance de sport ou pendant les pauses de travail pour garder une haleine fra\u00eeche et maintenir la sant\u00e9 bucco-dentaire.<\/p>\n\n\n\n<h2 class=\"wp-block-heading\">Comment utiliser le gratte-langue en plastique<\/h2>\n\n\n\n<p>1. Rincez le gratte-langue en plastique \u00e0 l&#039;eau ti\u00e8de avant utilisation pour vous assurer qu&#039;aucune salet\u00e9 ne puisse affecter l&#039;hygi\u00e8ne bucco-dentaire.<\/p>\n\n\n\n<p>2. Ouvrez la bouche et tirez la langue aussi \u00e0 plat que possible pour exposer la surface de la langue.<\/p>\n\n\n\n<p>3. Placez d\u00e9licatement le gratte-langue \u00e0 la racine de la langue et grattez lentement et doucement vers le bout de la langue.<\/p>\n\n\n\n<p>4. R\u00e9p\u00e9tez le grattage plusieurs fois en fonction de l&#039;\u00e9tat du rev\u00eatement de la langue et rincez le gratte-langue \u00e0 l&#039;eau claire apr\u00e8s chaque grattage.<\/p>\n\n\n\n<p>5. Apr\u00e8s utilisation, lavez soigneusement le gratte-langue \u00e0 l&#039;eau claire et vous pouvez utiliser de l&#039;eau savonneuse pour faciliter le nettoyage.<\/p>\n\n\n\n<p>6. <strong>Note: <\/strong>Conserver dans un endroit sec et a\u00e9r\u00e9 pour une utilisation quotidienne afin de pr\u00e9server l&#039;hygi\u00e8ne. S&#039;il s&#039;agit d&#039;un produit jetable, il est recommand\u00e9 de le jeter apr\u00e8s utilisation.<\/p>","protected":false},"excerpt":{"rendered":"Plastic tongue scraper features 1. Light material: plastic tongue scraper is generally made of food grade PP, PE or PTE material, which is very light, safe and non-toxic. 2. Low cost: Compared with metal tongue scrapers, plastic tongue scrapers are more affordable and cheaper, making them suitable for large-scale popularization. 3. Diverse appearance: plastic tongue [&hellip;]","protected":false},"featured_media":3254,"menu_order":0,"template":"","meta":[],"product-tag":[],"products":[169],"class_list":["post-3250","product","type-product","status-publish","has-post-thumbnail","hentry","products-tongue-scraper"],"acf":[],"_links":{"self":[{"href":"https:\/\/www.ruiqigo.com\/fr\/wp-json\/wp\/v2\/product\/3250","targetHints":{"allow":["GET"]}}],"collection":[{"href":"https:\/\/www.ruiqigo.com\/fr\/wp-json\/wp\/v2\/product"}],"about":[{"href":"https:\/\/www.ruiqigo.com\/fr\/wp-json\/wp\/v2\/types\/product"}],"version-history":[{"count":0,"href":"https:\/\/www.ruiqigo.com\/fr\/wp-json\/wp\/v2\/product\/3250\/revisions"}],"wp:featuredmedia":[{"embeddable":true,"href":"https:\/\/www.ruiqigo.com\/fr\/wp-json\/wp\/v2\/media\/3254"}],"wp:attachment":[{"href":"https:\/\/www.ruiqigo.com\/fr\/wp-json\/wp\/v2\/media?parent=3250"}],"wp:term":[{"taxonomy":"product-tag","embeddable":true,"href":"https:\/\/www.ruiqigo.com\/fr\/wp-json\/wp\/v2\/product-tag?post=3250"},{"taxonomy":"products","embeddable":true,"href":"https:\/\/www.ruiqigo.com\/fr\/wp-json\/wp\/v2\/products?post=3250"}],"curies":[{"name":"wp","href":"https:\/\/api.w.org\/{rel}","templated":true}]}}