{"id":326,"date":"2024-07-05T20:16:31","date_gmt":"2024-07-05T12:16:31","guid":{"rendered":"https:\/\/ruiqigo.com\/?post_type=product&#038;p=326"},"modified":"2024-09-26T17:45:54","modified_gmt":"2024-09-26T09:45:54","slug":"bath-and-body-lotion","status":"publish","type":"product","link":"https:\/\/www.ruiqigo.com\/fr\/product\/bath-and-body-lotion","title":{"rendered":"Lotion pour le bain et le corps"},"content":{"rendered":"<h3 class=\"wp-block-heading\">Fabrication de lotions pour le bain et le corps Formules courantes<\/h3>\n\n\n\n<p>Cette lotion est compos\u00e9e de nombreux ingr\u00e9dients naturels de haute qualit\u00e9 : l&#039;hyaluronate de sodium a un excellent effet hydratant et peut hydrater et nourrir la peau en profondeur ; l&#039;allanto\u00efne renforce la barri\u00e8re cutan\u00e9e et am\u00e9liore la s\u00e9cheresse ; l&#039;eau d&#039;aloe vera Cura\u00e7ao est riche en vitamines et min\u00e9raux, ce qui est efficace pour blanchir et adoucir la peau. Ces ingr\u00e9dients sont doux et s\u00fbrs, sans aucun additif chimique, et peuvent vous offrir une exp\u00e9rience de soin de la peau pure et sans additif.<\/p>\n\n\n\n<h3 class=\"wp-block-heading\">Lotion pour le bain et le corps Sc\u00e9narios applicables<\/h3>\n\n\n\n<p>Les lotions pour le bain et le corps conviennent \u00e0 tous les climats. Pendant les mois secs de l&#039;hiver, elle hydrate et nourrit la peau en profondeur, soulageant la s\u00e9cheresse et les tiraillements caus\u00e9s par le froid ; pendant les mois chauds de l&#039;\u00e9t\u00e9, sa texture rafra\u00eechissante et soyeuse s&#039;absorbe rapidement sans provoquer de sensation collante, procurant une hydratation longue dur\u00e9e \u00e0 la peau. Ou nous en avons plus <a href=\"https:\/\/www.ruiqigo.com\/fr\/products\/body-lotion\/\">lotion pour le corps<\/a> options parmi lesquelles choisir.<\/p>\n\n\n\n<h3 class=\"wp-block-heading\">\u00c0 qui s&#039;adresse la lotion pour le bain et le corps<\/h3>\n\n\n\n<p>Les lotions pour le bain et le corps conviennent \u00e0 toutes les personnes de tous \u00e2ges. Elles am\u00e9liorent la s\u00e9cheresse caus\u00e9e par une s\u00e9cr\u00e9tion \u00e9lev\u00e9e de s\u00e9bum et aident \u00e0 lutter contre le vieillissement et l&#039;affaissement et la rugosit\u00e9 de la peau li\u00e9s \u00e0 l&#039;\u00e2ge. Elles conviennent particuli\u00e8rement aux personnes ayant une peau naturellement s\u00e8che, offrant une exp\u00e9rience de soin hydratante et revitalisante longue dur\u00e9e. Si vous avez d&#039;autres besoins, n&#039;h\u00e9sitez pas \u00e0 en savoir plus sur 3TOP <a href=\"https:\/\/www.ruiqigo.com\/fr\/products\/body-care\/\">soins du corps<\/a> produits.<\/p>\n\n\n\n<h3 class=\"wp-block-heading\">Processus de production de lotions pour le bain et le corps<\/h3>\n\n\n\n<p>Tout d&#039;abord, nous contr\u00f4lons strictement la source des mati\u00e8res premi\u00e8res et les processus de production pour garantir que le produit est s\u00fbr et sans danger ; deuxi\u00e8mement, nous utilisons une technologie d&#039;\u00e9mulsification unique, ce qui rend la texture de l&#039;\u00e9mulsion plus lisse et d\u00e9licate, une absorption en douceur ; en outre, nous sommes tr\u00e8s prudents dans la conception de l&#039;emballage, l&#039;utilisation d&#039;une conception ergonomique du corps de la bouteille, facile \u00e0 saisir d&#039;une seule main. Si vous voulez en savoir plus, veuillez consulter les articles connexes <a href=\"https:\/\/www.ruiqigo.com\/fr\/body-lotion-manufacturer-elevating-skincare-standards.html\/\">lotion pour le corps<\/a> informations de fabrication.<\/p>","protected":false},"excerpt":{"rendered":"Bath and body lotion manufacturing Common Formulas This lotion is made with many high quality natural ingredients: Sodium Hyaluronate has excellent moisturizing effect and can deeply hydrate and nourish the skin; Allantoin strengthens the skin barrier and improves dryness; Aloe Vera Cura\u00e7ao Water is rich in vitamins and minerals, which is effective in whitening and [&hellip;]","protected":false},"featured_media":327,"menu_order":0,"template":"","meta":[],"product-tag":[],"products":[56],"class_list":["post-326","product","type-product","status-publish","has-post-thumbnail","hentry","products-body-lotion"],"acf":[],"_links":{"self":[{"href":"https:\/\/www.ruiqigo.com\/fr\/wp-json\/wp\/v2\/product\/326","targetHints":{"allow":["GET"]}}],"collection":[{"href":"https:\/\/www.ruiqigo.com\/fr\/wp-json\/wp\/v2\/product"}],"about":[{"href":"https:\/\/www.ruiqigo.com\/fr\/wp-json\/wp\/v2\/types\/product"}],"version-history":[{"count":0,"href":"https:\/\/www.ruiqigo.com\/fr\/wp-json\/wp\/v2\/product\/326\/revisions"}],"wp:featuredmedia":[{"embeddable":true,"href":"https:\/\/www.ruiqigo.com\/fr\/wp-json\/wp\/v2\/media\/327"}],"wp:attachment":[{"href":"https:\/\/www.ruiqigo.com\/fr\/wp-json\/wp\/v2\/media?parent=326"}],"wp:term":[{"taxonomy":"product-tag","embeddable":true,"href":"https:\/\/www.ruiqigo.com\/fr\/wp-json\/wp\/v2\/product-tag?post=326"},{"taxonomy":"products","embeddable":true,"href":"https:\/\/www.ruiqigo.com\/fr\/wp-json\/wp\/v2\/products?post=326"}],"curies":[{"name":"wp","href":"https:\/\/api.w.org\/{rel}","templated":true}]}}