{"id":3276,"date":"2025-04-29T15:41:35","date_gmt":"2025-04-29T07:41:35","guid":{"rendered":"https:\/\/www.ruiqigo.com\/?post_type=product&#038;p=3276"},"modified":"2025-04-29T15:41:35","modified_gmt":"2025-04-29T07:41:35","slug":"kids-electric-toothbrush","status":"publish","type":"product","link":"https:\/\/www.ruiqigo.com\/fr\/product\/kids-electric-toothbrush","title":{"rendered":"Brosse \u00e0 dents \u00e9lectrique pour enfants"},"content":{"rendered":"<h2 class=\"wp-block-heading\">Caract\u00e9ristiques de la brosse \u00e0 dents \u00e9lectrique pour enfants<\/h2>\n\n\n\n<p>1.<strong> Poils et t\u00eates de brosse : <\/strong>Notre brosse \u00e0 dents \u00e9lectrique pour enfants est sp\u00e9cialement con\u00e7ue pour les enfants. Sa petite t\u00eate de brosse est adapt\u00e9e \u00e0 leur utilisation. Ses poils doux et fins pr\u00e9servent efficacement leurs gencives d\u00e9licates et pr\u00e9viennent les dommages.<\/p>\n\n\n\n<p>2. <strong>Corps respectueux de l&#039;environnement : <\/strong>Le corps de la brosse \u00e0 dents \u00e9lectrique pour enfants est fabriqu\u00e9 \u00e0 partir de mat\u00e9riaux de qualit\u00e9 alimentaire et respectueux de l&#039;environnement. Compacte et l\u00e9g\u00e8re, elle est adapt\u00e9e \u00e0 la main des enfants. Son manche est ergonomique, confortable et antid\u00e9rapant.<\/p>\n\n\n\n<p>3. <strong>Forme mignonne :<\/strong> La brosse \u00e0 dents \u00e9lectrique pour enfants est color\u00e9e et diversifi\u00e9e, souvent avec des motifs de dessins anim\u00e9s, ce qui peut renforcer l&#039;int\u00e9r\u00eat des enfants pour le brossage des dents et cultiver de bonnes habitudes d&#039;hygi\u00e8ne bucco-dentaire.<\/p>\n\n\n\n<p>4. <strong>Conception \u00e9tanche :<\/strong> Le corps est fabriqu\u00e9 en mat\u00e9riau de qualit\u00e9 IPX7, sans danger pour une utilisation dans des environnements humides.<\/p>\n\n\n\n<p>5. <strong>Facile \u00e0 charger : <\/strong>La brosse \u00e0 dents \u00e9lectrique pour enfants peut \u00eatre charg\u00e9e de diverses mani\u00e8res, telles que le chargement USB, le chargement de la batterie ou le chargement sans fil, ce qui est pratique \u00e0 utiliser.<\/p>\n\n\n\n<h2 class=\"wp-block-heading\">Avantages des brosses \u00e0 dents \u00e9lectriques pour enfants<\/h2>\n\n\n\n<p>1.<strong> Fort pouvoir nettoyant : <\/strong>Notre brosse \u00e0 dents \u00e9lectrique pour enfants est \u00e9quip\u00e9e d&#039;une technologie de vibration sonique intelligente et d&#039;une technologie de nettoyage par rotation, qui peut nettoyer en profondeur les espaces entre les dents, \u00e9liminer facilement la plaque et les r\u00e9sidus, et l&#039;effet de nettoyage est tr\u00e8s complet.<\/p>\n\n\n\n<p>2. <strong>Longue dur\u00e9e de vie de la batterie :<\/strong> La brosse \u00e0 dents \u00e9lectrique pour enfants se recharge par USB rapide ou par induction sans fil. Elle ne prend que 2 heures \u00e0 charger et offre une autonomie de plus de 25 jours. Plus besoin de craindre une panne de batterie en d\u00e9placement.<\/p>\n\n\n\n<p>3. <strong>Prot\u00e9gez les dents et les gencives : <\/strong>L&#039;intensit\u00e9 des vibrations de notre brosse \u00e0 dents \u00e9lectrique pour enfants est r\u00e9gl\u00e9e par des professionnels. Mod\u00e9r\u00e9e, douce et efficace, elle n&#039;ab\u00eeme pas les gencives sensibles. Elle est id\u00e9ale pour les premiers soins dentaires des enfants. Nous proposons \u00e9galement plusieurs modes de fonctionnement, tels que le mode nettoyage et le mode sensible, pour r\u00e9pondre aux besoins des enfants de tous \u00e2ges.<\/p>\n\n\n\n<p>4. <strong>La t\u00eate de brosse est rempla\u00e7able : <\/strong>La t\u00eate de brosse de la brosse \u00e0 dents \u00e9lectrique pour enfants est rempla\u00e7able. Lorsque la puissance de nettoyage des poils diminue, vous pouvez la remplacer par une nouvelle t\u00eate, tr\u00e8s \u00e9cologique et \u00e9conomique, et pratique pour une utilisation longue dur\u00e9e.<\/p>\n\n\n\n<p>5. <strong>Conception int\u00e9ressante :<\/strong> Le corps de la brosse \u00e0 dents \u00e9lectrique pour enfants est souvent con\u00e7u avec des \u00e9l\u00e9ments de dessin anim\u00e9, ce qui peut augmenter l&#039;initiative et l&#039;int\u00e9r\u00eat des enfants pour le brossage des dents, r\u00e9duire la r\u00e9sistance et d\u00e9velopper facilement de bonnes habitudes.<\/p>\n\n\n\n<p>6. <strong>Petit et l\u00e9ger : <\/strong>La brosse \u00e0 dents \u00e9lectrique pour enfants est petite et l\u00e9g\u00e8re, et peut \u00eatre tenue d&#039;une seule main. Les muscles de la main des enfants ne sont pas encore compl\u00e8tement d\u00e9velopp\u00e9s\u00a0; cette brosse l\u00e9g\u00e8re convient donc aux enfants de plus de 3\u00a0ans qui souhaitent l&#039;utiliser de mani\u00e8re autonome.<\/p>\n\n\n\n<h2 class=\"wp-block-heading\">Groupe cible des brosses \u00e0 dents \u00e9lectriques pour enfants<\/h2>\n\n\n\n<ul class=\"wp-block-list\">\n<li>Les enfants \u00e2g\u00e9s de 3 ans et plus, en particulier ceux en p\u00e9riode de dents de lait et de dents de remplacement, qui ont besoin de renforcer les soins bucco-dentaires.<\/li>\n<\/ul>\n\n\n\n<ul class=\"wp-block-list\">\n<li>Les enfants qui r\u00e9sistent aux brosses \u00e0 dents traditionnelles et qui ne sont pas tr\u00e8s motiv\u00e9s pour se brosser les dents.<\/li>\n<\/ul>\n\n\n\n<ul class=\"wp-block-list\">\n<li>Enfants qui portent un appareil dentaire pendant un traitement orthodontique.<\/li>\n<\/ul>\n\n\n\n<ul class=\"wp-block-list\">\n<li>Les familles qui pr\u00eatent attention aux soins de sant\u00e9 bucco-dentaire des enfants.<\/li>\n<\/ul>\n\n\n\n<h2 class=\"wp-block-heading\">Applications de brosses \u00e0 dents \u00e9lectriques pour enfants<\/h2>\n\n\n\n<ul class=\"wp-block-list\">\n<li>Soins bucco-dentaires quotidiens pour les enfants \u00e0 domicile.<\/li>\n<\/ul>\n\n\n\n<ul class=\"wp-block-list\">\n<li>\u00c9quipement de brossage de dents portable pour enfants pour les voyages en famille.<\/li>\n<\/ul>\n\n\n\n<ul class=\"wp-block-list\">\n<li>Fournitures d&#039;\u00e9ducation \u00e0 l&#039;hygi\u00e8ne bucco-dentaire pour les jardins d&#039;enfants, les \u00e9coles primaires et autres institutions.<\/li>\n<\/ul>\n\n\n\n<h2 class=\"wp-block-heading\">Technique de fabrication des brosses \u00e0 dents \u00e9lectriques pour enfants<\/h2>\n\n\n\n<p>Notre brosse \u00e0 dents \u00e9lectrique pour enfants est fabriqu\u00e9e \u00e0 partir de mat\u00e9riaux de qualit\u00e9 alimentaire, tels que le plastique PP, le caoutchouc souple TPE, etc. Elle adopte un moulage par injection enti\u00e8rement automatique et une technologie d&#039;assemblage intelligente pour garantir une fr\u00e9quence de vibration stable et un faible bruit. Elle est rigoureusement \u00e9tanche et utilise un proc\u00e9d\u00e9 de soudage par ultrasons ou une structure \u00e0 bague d&#039;\u00e9tanch\u00e9it\u00e9 pour garantir son \u00e9tanch\u00e9it\u00e9. Avant de quitter l&#039;usine, nous effectuons de nombreux contr\u00f4les qualit\u00e9, tels que des tests de r\u00e9sistance aux chutes et d&#039;\u00e9tanch\u00e9it\u00e9, afin de garantir sa conformit\u00e9 aux normes internationales de s\u00e9curit\u00e9. La brosse \u00e0 dents \u00e9lectrique pour enfants est personnalisable OEM\/ODM\u00a0: le motif de la brosse, le logo, l&#039;emballage, etc. <\/p>\n\n\n\n<h2 class=\"wp-block-heading\">Comment utiliser la brosse \u00e0 dents \u00e9lectrique pour enfants<\/h2>\n\n\n\n<p>1. Veuillez charger compl\u00e8tement ou installer de nouvelles piles avant la premi\u00e8re utilisation.<\/p>\n\n\n\n<p>2. Retirez le couvercle de protection de la t\u00eate de brosse et pressez une quantit\u00e9 appropri\u00e9e de dentifrice pour enfants sur les poils.<\/p>\n\n\n\n<p>3. Placez la t\u00eate de brosse dans la bouche, touchez la surface des dents, puis allumez l&#039;appareil.<\/p>\n\n\n\n<p>4. D\u00e9placez doucement la brosse \u00e0 dents, brossez les dents sup\u00e9rieures, les dents inf\u00e9rieures et la surface occlusale dans l&#039;ordre, brossez pendant environ 2 minutes \u00e0 chaque fois et brossez la sensation dans diff\u00e9rentes zones.<\/p>\n\n\n\n<p>5. Coupez l&#039;alimentation apr\u00e8s utilisation, rincez la t\u00eate de brosse \u00e0 l&#039;eau claire, puis s\u00e9chez le corps et placez-le dans un endroit a\u00e9r\u00e9 et sec.<\/p>\n\n\n\n<p>6. Recommandation : remplacez la t\u00eate de brosse tous les trois mois pour garantir l&#039;hygi\u00e8ne et l&#039;effet nettoyant. <\/p>\n\n\n\n<h2 class=\"wp-block-heading\">Conclusion<\/h2>\n\n\n\n<p>La brosse \u00e0 dents \u00e9lectrique pour enfants 3TOP est s\u00fbre, intelligente et ludique. Elle prot\u00e8ge non seulement la sant\u00e9 bucco-dentaire des enfants, mais les aide \u00e9galement \u00e0 d\u00e9velopper de bonnes habitudes de brossage. Nous proposons \u00e9galement une vari\u00e9t\u00e9 de solutions personnalis\u00e9es pour r\u00e9pondre aux diff\u00e9rents besoins de nos clients. Pour toute demande, n&#039;h\u00e9sitez pas \u00e0 nous contacter\u00a0!<\/p>","protected":false},"excerpt":{"rendered":"Kids electric toothbrush features 1. Bristles and brush heads: Our kids electric toothbrush is specially designed for children, with a small brush head, suitable for children to use. The bristles are soft and fine, which can effectively care for children&#8217;s delicate gums and prevent damage. 2. Environmentally friendly body: The body of the kids electric [&hellip;]","protected":false},"featured_media":3277,"menu_order":0,"template":"","meta":[],"product-tag":[],"products":[167],"class_list":["post-3276","product","type-product","status-publish","has-post-thumbnail","hentry","products-toothbrush"],"acf":[],"_links":{"self":[{"href":"https:\/\/www.ruiqigo.com\/fr\/wp-json\/wp\/v2\/product\/3276","targetHints":{"allow":["GET"]}}],"collection":[{"href":"https:\/\/www.ruiqigo.com\/fr\/wp-json\/wp\/v2\/product"}],"about":[{"href":"https:\/\/www.ruiqigo.com\/fr\/wp-json\/wp\/v2\/types\/product"}],"version-history":[{"count":0,"href":"https:\/\/www.ruiqigo.com\/fr\/wp-json\/wp\/v2\/product\/3276\/revisions"}],"wp:featuredmedia":[{"embeddable":true,"href":"https:\/\/www.ruiqigo.com\/fr\/wp-json\/wp\/v2\/media\/3277"}],"wp:attachment":[{"href":"https:\/\/www.ruiqigo.com\/fr\/wp-json\/wp\/v2\/media?parent=3276"}],"wp:term":[{"taxonomy":"product-tag","embeddable":true,"href":"https:\/\/www.ruiqigo.com\/fr\/wp-json\/wp\/v2\/product-tag?post=3276"},{"taxonomy":"products","embeddable":true,"href":"https:\/\/www.ruiqigo.com\/fr\/wp-json\/wp\/v2\/products?post=3276"}],"curies":[{"name":"wp","href":"https:\/\/api.w.org\/{rel}","templated":true}]}}