{"id":331,"date":"2024-07-05T20:22:01","date_gmt":"2024-07-05T12:22:01","guid":{"rendered":"https:\/\/ruiqigo.com\/?post_type=product&#038;p=331"},"modified":"2024-09-26T17:44:36","modified_gmt":"2024-09-26T09:44:36","slug":"retinol-body-lotion","status":"publish","type":"product","link":"https:\/\/www.ruiqigo.com\/fr\/product\/retinol-body-lotion","title":{"rendered":"Lotion corporelle au r\u00e9tinol"},"content":{"rendered":"<h3 class=\"wp-block-heading\">Fabrication de lotions corporelles au r\u00e9tinol Formules courantes<\/h3>\n\n\n\n<p>L&#039;ingr\u00e9dient principal de notre lotion corporelle au r\u00e9tinol est le r\u00e9tinol, une vitamine liposoluble dot\u00e9e d&#039;excellentes propri\u00e9t\u00e9s antioxydantes et r\u00e9paratrices, qui peut am\u00e9liorer efficacement la peau s\u00e8che et rugueuse. En m\u00eame temps, il favorise \u00e9galement la synth\u00e8se du collag\u00e8ne, am\u00e9liorant ainsi la texture de la peau et vous laissant une peau plus d\u00e9licate et plus souple. De plus, le produit ajoute \u00e9galement de la vitamine E, de la glyc\u00e9rine et d&#039;autres ingr\u00e9dients nourrissants naturels, qui peuvent nourrir la peau en profondeur, restaurer l&#039;hydratation de la texture de la peau douce et lisse.<\/p>\n\n\n\n<h3 class=\"wp-block-heading\">Lotion corporelle au r\u00e9tinol Sc\u00e9narios applicables<\/h3>\n\n\n\n<p>Nos lotions corporelles au r\u00e9tinol conviennent \u00e0 toutes les conditions climatiques. Pendant les mois froids et secs de l&#039;hiver, elle se concentre sur la reconstitution de l&#039;hydratation et des nutriments de la peau, soulageant la rugosit\u00e9 et le teint terne caus\u00e9s par l&#039;environnement sec ; pendant les mois chauds et moites de l&#039;\u00e9t\u00e9, elle s&#039;absorbe rapidement sans provoquer de sensation collante, gardant la peau hydrat\u00e9e et hydrat\u00e9e. Ou nous en avons plus <a href=\"https:\/\/www.ruiqigo.com\/fr\/products\/body-lotion\/\">lotion pour le corps<\/a> options parmi lesquelles choisir.<\/p>\n\n\n\n<h3 class=\"wp-block-heading\">\u00c0 qui s&#039;adresse la lotion corporelle au r\u00e9tinol<\/h3>\n\n\n\n<p>Nos lotions corporelles au r\u00e9tinol conviennent \u00e0 tous. Pour les adolescents, il am\u00e9liore la s\u00e9cheresse caus\u00e9e par la production de s\u00e9bum. Pour les personnes d&#039;\u00e2ge moyen et les personnes \u00e2g\u00e9es, il peut r\u00e9parer la rugosit\u00e9 et la s\u00e9cheresse de la peau caus\u00e9es par le passage du temps. Il convient \u00e9galement aux personnes ayant la peau s\u00e8che, offrant une exp\u00e9rience hydratante et rajeunissante longue dur\u00e9e. Si vous avez d&#039;autres besoins, n&#039;h\u00e9sitez pas \u00e0 en savoir plus sur 3TOP <a href=\"https:\/\/www.ruiqigo.com\/fr\/products\/body-care\/\">soins du corps<\/a> produits.<\/p>\n\n\n\n<h3 class=\"wp-block-heading\">Processus de production de la lotion corporelle au r\u00e9tinol<\/h3>\n\n\n\n<p>Les lotions corporelles au r\u00e9tinol sont si sp\u00e9ciales gr\u00e2ce \u00e0 la s\u00e9lection des ingr\u00e9dients actifs et au processus d\u00e9licat. Le r\u00e9tinol de haute qualit\u00e9, un d\u00e9riv\u00e9 de la vitamine A connu pour ses propri\u00e9t\u00e9s anti-\u00e2ge, est utilis\u00e9 pour aider \u00e0 r\u00e9duire les ridules et am\u00e9liorer l&#039;\u00e9lasticit\u00e9 de la peau. Au cours du processus de production, une attention particuli\u00e8re est accord\u00e9e au maintien de la stabilit\u00e9 et de l&#039;activit\u00e9 du r\u00e9tinol, avec des formulations douces et des techniques d&#039;extraction \u00e0 basse temp\u00e9rature pour \u00e9viter la d\u00e9gradation de l&#039;ingr\u00e9dient. De plus, le produit subit un contr\u00f4le de qualit\u00e9 rigoureux pour garantir que chaque application nourrit et r\u00e9pare la peau en douceur mais efficacement. Si vous souhaitez en savoir plus, veuillez consulter les articles associ\u00e9s <a href=\"https:\/\/www.ruiqigo.com\/fr\/body-lotion-manufacturer-elevating-skincare-standards.html\/\">lotion pour le corps<\/a> informations de fabrication.<\/p>","protected":false},"excerpt":{"rendered":"Retinol body lotion manufacturing Common Formulas The core ingredient of our retinol body lotion is retinol, a fat-soluble vitamin with excellent antioxidant and restorative properties, which can effectively improve dry and rough skin. At the same time, it also promotes collagen synthesis, thus improving skin texture and leaving you with a more delicate and supple [&hellip;]","protected":false},"featured_media":332,"menu_order":0,"template":"","meta":[],"product-tag":[],"products":[56],"class_list":["post-331","product","type-product","status-publish","has-post-thumbnail","hentry","products-body-lotion"],"acf":[],"_links":{"self":[{"href":"https:\/\/www.ruiqigo.com\/fr\/wp-json\/wp\/v2\/product\/331","targetHints":{"allow":["GET"]}}],"collection":[{"href":"https:\/\/www.ruiqigo.com\/fr\/wp-json\/wp\/v2\/product"}],"about":[{"href":"https:\/\/www.ruiqigo.com\/fr\/wp-json\/wp\/v2\/types\/product"}],"version-history":[{"count":0,"href":"https:\/\/www.ruiqigo.com\/fr\/wp-json\/wp\/v2\/product\/331\/revisions"}],"wp:featuredmedia":[{"embeddable":true,"href":"https:\/\/www.ruiqigo.com\/fr\/wp-json\/wp\/v2\/media\/332"}],"wp:attachment":[{"href":"https:\/\/www.ruiqigo.com\/fr\/wp-json\/wp\/v2\/media?parent=331"}],"wp:term":[{"taxonomy":"product-tag","embeddable":true,"href":"https:\/\/www.ruiqigo.com\/fr\/wp-json\/wp\/v2\/product-tag?post=331"},{"taxonomy":"products","embeddable":true,"href":"https:\/\/www.ruiqigo.com\/fr\/wp-json\/wp\/v2\/products?post=331"}],"curies":[{"name":"wp","href":"https:\/\/api.w.org\/{rel}","templated":true}]}}