{"id":3311,"date":"2025-05-08T10:24:36","date_gmt":"2025-05-08T02:24:36","guid":{"rendered":"https:\/\/www.ruiqigo.com\/?post_type=product&#038;p=3311"},"modified":"2025-05-08T10:24:36","modified_gmt":"2025-05-08T02:24:36","slug":"adult-toothbrush","status":"publish","type":"product","link":"https:\/\/www.ruiqigo.com\/fr\/product\/adult-toothbrush","title":{"rendered":"Brosse \u00e0 dents pour adulte"},"content":{"rendered":"<h2 class=\"wp-block-heading\">Caract\u00e9ristiques de la brosse \u00e0 dents pour adultes<\/h2>\n\n\n\n<p>La brosse \u00e0 dents pour adultes pr\u00e9sente de nombreuses conceptions pratiques, telles qu&#039;un manche ergonomique, une taille de t\u00eate de brosse raisonnable, des poils doux et moyens, etc. Elle peut r\u00e9pondre aux besoins de nettoyage en profondeur et de confort des adultes en mati\u00e8re de nettoyage buccal et convient \u00e0 diff\u00e9rentes personnes et sc\u00e9narios de nettoyage.<\/p>\n\n\n\n<p>1. <strong>Poign\u00e9e ergonomique : <\/strong>confortable \u00e0 tenir, conception antid\u00e9rapante, fonctionnement flexible, nettoyage facile de la cavit\u00e9 buccale, ergonomique et bonne exp\u00e9rience utilisateur.<\/p>\n\n\n\n<p>2. <strong>Conception de poils diversifi\u00e9e : <\/strong>La brosse \u00e0 dents pour adultes offre une vari\u00e9t\u00e9 d&#039;options de poils, notamment des poils doux, moyens et durs, qui peuvent r\u00e9pondre aux besoins de nettoyage personnalis\u00e9s des utilisateurs.<\/p>\n\n\n\n<p>3. <strong>Mat\u00e9riaux respectueux de l&#039;environnement et s\u00fbrs : <\/strong>Notre brosse \u00e0 dents pour adultes est fabriqu\u00e9e \u00e0 partir de mat\u00e9riaux respectueux de l&#039;environnement et s\u00fbrs. Les poils sont g\u00e9n\u00e9ralement en PBT, en nylon et autres mat\u00e9riaux. Le manche est en composite PP, bambou ou amidon de ma\u00efs, respectueux de l&#039;environnement.<\/p>\n\n\n\n<p>4. <strong>Une vari\u00e9t\u00e9 de styles sont disponibles : <\/strong>Nous fournissons des brosses \u00e0 dents ordinaires, des brosses \u00e0 dents \u00e0 manche en bambou respectueuses de l&#039;environnement, des brosses \u00e0 dents biod\u00e9gradables, des emballages portables de voyage et d&#039;autres styles pour r\u00e9pondre aux divers besoins d&#039;utilisation de diff\u00e9rents utilisateurs.<\/p>\n\n\n\n<p>5. <strong>La taille de la t\u00eate de brosse est adapt\u00e9e : <\/strong>La taille de la t\u00eate de brosse de notre brosse \u00e0 dents pour adultes est conforme \u00e0 la structure buccale des adultes, ce qui permet de nettoyer facilement les dents du fond et les espaces entre les dents, garantissant ainsi l&#039;effet de nettoyage buccal, l&#039;hygi\u00e8ne et la sant\u00e9.<\/p>\n\n\n\n<h2 class=\"wp-block-heading\">Avantages des brosses \u00e0 dents pour adultes<\/h2>\n\n\n\n<p>Notre brosse \u00e0 dents pour adultes offre des avantages tels que la protection des gencives, un puissant pouvoir nettoyant et des mat\u00e9riaux respectueux de l&#039;environnement. Adapt\u00e9e \u00e0 un usage prolong\u00e9 et \u00e0 un usage domestique, elle s&#039;inscrit dans une d\u00e9marche de protection de l&#039;environnement et r\u00e9pond aux besoins des utilisateurs en mati\u00e8re de mode de vie \u00e9cologique.<\/p>\n\n\n\n<p>1. <strong>Nettoyage buccal efficace : <\/strong>Notre brosse \u00e0 dents pour adultes peut nettoyer en profondeur la plaque dentaire et les r\u00e9sidus alimentaires, r\u00e9duire efficacement la plaque dentaire et les probl\u00e8mes de mauvaise haleine et assurer l&#039;hygi\u00e8ne bucco-dentaire.<\/p>\n\n\n\n<p>2. <strong>Poils doux et denses : <\/strong>Les poils de la brosse \u00e0 dents pour adultes sont tr\u00e8s doux et denses, ce qui r\u00e9duit efficacement la stimulation des gencives et les rend moins sensibles. Elle convient aux personnes ayant des gencives sensibles.<\/p>\n\n\n\n<p>3. <strong>\u00c9conomique et pratique :<\/strong> La brosse \u00e0 dents pour adulte est bon march\u00e9 et de haute qualit\u00e9, avec un rapport qualit\u00e9-prix \u00e9lev\u00e9, et convient parfaitement \u00e0 une utilisation \u00e0 long terme et \u00e0 un achat familial.<\/p>\n\n\n\n<p>4. <strong>Maintenir la sant\u00e9 bucco-dentaire :<\/strong> L\u2019utilisation \u00e0 long terme d\u2019une brosse \u00e0 dents pour adultes peut r\u00e9duire l\u2019apparition de probl\u00e8mes bucco-dentaires courants tels que la carie dentaire et la gingivite, et maintenir la sant\u00e9 bucco-dentaire.<\/p>\n\n\n\n<h2 class=\"wp-block-heading\">Groupe cible des brosses \u00e0 dents pour adultes<\/h2>\n\n\n\n<p>Notre brosse \u00e0 dents pour adultes convient \u00e0 un large \u00e9ventail d&#039;adultes.<\/p>\n\n\n\n<p>1. <strong>Soins bucco-dentaires quotidiens g\u00e9n\u00e9raux pour adultes : <\/strong>Vous pouvez utiliser la brosse \u00e0 dents pour adultes pour le nettoyage et les soins bucco-dentaires quotidiens.<\/p>\n\n\n\n<p>2. <strong>Personnes ayant des dents sensibles :<\/strong> Notre brosse \u00e0 dents pour adultes \u00e0 poils souples peut r\u00e9duire efficacement l&#039;inconfort des gencives pendant le brossage et assurer l&#039;effet de nettoyage buccal pour les personnes ayant des dents sensibles.<\/p>\n\n\n\n<p>3. <strong>Voyage en plein air ou voyage d&#039;affaires : <\/strong>Notre brosse \u00e0 dents pour adulte est dot\u00e9e d&#039;un emballage de voyage, qui est tr\u00e8s portable et peut \u00eatre emport\u00e9 avec vous lors de vos voyages ou de vos voyages d&#039;affaires, et ne prendra pas beaucoup de place.<\/p>\n\n\n\n<h2 class=\"wp-block-heading\">Processus de production de brosses \u00e0 dents pour adultes<\/h2>\n\n\n\n<p>Notre brosse \u00e0 dents pour adultes utilise principalement des proc\u00e9d\u00e9s modernes tels que le moulage par injection automatique, la technologie d&#039;implantation de poils et la solidification des poils par thermofusion, afin de garantir la pr\u00e9cision et la standardisation de la forme du manche, ainsi que l&#039;implantation uniforme et appropri\u00e9e des poils dans leurs alv\u00e9oles. \u00c0 la fin de la production, nous nettoyons \u00e9galement uniform\u00e9ment les produits pour garantir l&#039;hygi\u00e8ne de la brosse \u00e0 dents pour adultes.<\/p>\n\n\n\n<p>Si vous avez besoin de personnalisation, le logo, la densit\u00e9 et la duret\u00e9 des poils, la couleur et l&#039;emballage peuvent tous fournir des solutions personnalis\u00e9es. <\/p>\n\n\n\n<h2 class=\"wp-block-heading\">Applications de la brosse \u00e0 dents pour adultes<\/h2>\n\n\n\n<p>La brosse \u00e0 dents pour adulte convient aux sc\u00e9narios d&#039;application suivants et dispose d&#039;une large gamme d&#039;adaptabilit\u00e9 au march\u00e9.<\/p>\n\n\n\n<p>1. <strong>Soins bucco-dentaires quotidiens \u00e0 domicile : <\/strong>Utilisez une brosse \u00e0 dents pour adulte chaque matin et chaque soir pour maintenir une bonne hygi\u00e8ne bucco-dentaire.<\/p>\n\n\n\n<p>2. <strong>Voyages et usage professionnel : <\/strong>Nous avons un ensemble de brosses \u00e0 dents portables pour adultes, indispensables pour les voyages.<\/p>\n\n\n\n<p>3. <strong>H\u00f4tels, compagnies a\u00e9riennes et autres installations de soutien : <\/strong>La brosse \u00e0 dents jetable pour adultes est largement utilis\u00e9e dans les sc\u00e9narios d&#039;h\u00e9bergement et de voyage tels que les h\u00f4tels et les compagnies a\u00e9riennes pour r\u00e9pondre aux besoins de soins bucco-dentaires des utilisateurs.<\/p>\n\n\n\n<p>4. <strong>Publicit\u00e9, promotion et cadeaux : <\/strong>En tant qu&#039;article de soins bucco-dentaires pratique, la brosse \u00e0 dents pour adultes est un bon choix pour la promotion et les cadeaux.<\/p>\n\n\n\n<h2 class=\"wp-block-heading\">Comment utiliser la brosse \u00e0 dents pour adulte<\/h2>\n\n\n\n<p>1. Mouillez la brosse \u00e0 dents avec de l\u2019eau et pressez dessus une quantit\u00e9 de dentifrice de la taille d\u2019une graine de soja.<\/p>\n\n\n\n<p>2. Brossez doucement \u00e0 un angle de 45\u00b0 pr\u00e8s du bord de la gencive.<\/p>\n\n\n\n<p>3. Brossez l\u2019int\u00e9rieur, l\u2019ext\u00e9rieur et le c\u00f4t\u00e9 occlusal des dents dans cet ordre, pendant au moins deux minutes \u00e0 chaque fois.<\/p>\n\n\n\n<p>4. Rincez la brosse \u00e0 dents apr\u00e8s vous \u00eatre bross\u00e9 les dents et placez-la dans un endroit a\u00e9r\u00e9 pour la s\u00e9cher avec la t\u00eate de brosse vers le haut.<\/p>\n\n\n\n<p>Il est recommand\u00e9 de se brosser les dents deux fois par jour pendant au moins deux minutes \u00e0 chaque fois et de remplacer la brosse \u00e0 dents tous les trois mois pour garantir l&#039;effet nettoyant. <\/p>","protected":false},"excerpt":{"rendered":"Adult toothbrush features The adult toothbrush has many practical designs, such as an ergonomic handle, a reasonable brush head size, soft and medium bristles, etc. It can meet the deep cleaning and comfort needs of adults in oral cleaning and is suitable for different people and cleaning scenarios. 1. Ergonomic handle: comfortable to hold, non-slip [&hellip;]","protected":false},"featured_media":3312,"menu_order":0,"template":"","meta":[],"product-tag":[],"products":[167],"class_list":["post-3311","product","type-product","status-publish","has-post-thumbnail","hentry","products-toothbrush"],"acf":[],"_links":{"self":[{"href":"https:\/\/www.ruiqigo.com\/fr\/wp-json\/wp\/v2\/product\/3311","targetHints":{"allow":["GET"]}}],"collection":[{"href":"https:\/\/www.ruiqigo.com\/fr\/wp-json\/wp\/v2\/product"}],"about":[{"href":"https:\/\/www.ruiqigo.com\/fr\/wp-json\/wp\/v2\/types\/product"}],"version-history":[{"count":0,"href":"https:\/\/www.ruiqigo.com\/fr\/wp-json\/wp\/v2\/product\/3311\/revisions"}],"wp:featuredmedia":[{"embeddable":true,"href":"https:\/\/www.ruiqigo.com\/fr\/wp-json\/wp\/v2\/media\/3312"}],"wp:attachment":[{"href":"https:\/\/www.ruiqigo.com\/fr\/wp-json\/wp\/v2\/media?parent=3311"}],"wp:term":[{"taxonomy":"product-tag","embeddable":true,"href":"https:\/\/www.ruiqigo.com\/fr\/wp-json\/wp\/v2\/product-tag?post=3311"},{"taxonomy":"products","embeddable":true,"href":"https:\/\/www.ruiqigo.com\/fr\/wp-json\/wp\/v2\/products?post=3311"}],"curies":[{"name":"wp","href":"https:\/\/api.w.org\/{rel}","templated":true}]}}