{"id":3317,"date":"2025-05-08T10:27:55","date_gmt":"2025-05-08T02:27:55","guid":{"rendered":"https:\/\/www.ruiqigo.com\/?post_type=product&#038;p=3317"},"modified":"2025-05-08T10:27:56","modified_gmt":"2025-05-08T02:27:56","slug":"kids-toothbrush","status":"publish","type":"product","link":"https:\/\/www.ruiqigo.com\/fr\/product\/kids-toothbrush","title":{"rendered":"Brosse \u00e0 dents pour enfants"},"content":{"rendered":"<h2 class=\"wp-block-heading\">Caract\u00e9ristiques de la brosse \u00e0 dents pour enfants<\/h2>\n\n\n\n<p>La conception des brosses \u00e0 dents pour enfants prend pleinement en compte la structure buccale et les habitudes d&#039;utilisation des enfants. Elles sont g\u00e9n\u00e9ralement dot\u00e9es d&#039;une petite t\u00eate de brosse, de poils souples, d&#039;un manche antid\u00e9rapant et d&#039;un design cartoon, \u00e0 la fois pratique et attrayant.<\/p>\n\n\n\n<p>1. <strong>Petite t\u00eate de brosse : <\/strong>La t\u00eate de brosse \u00e0 dents pour enfants est sp\u00e9cialement con\u00e7ue pour la morphologie bucco-dentaire des enfants. Sa petite taille permet un nettoyage en profondeur des dents de lait.<\/p>\n\n\n\n<p>2. <strong>Poils doux : <\/strong>Afin de prot\u00e9ger efficacement les gencives sensibles des enfants et d&#039;\u00e9viter les saignements ou l&#039;usure, notre brosse \u00e0 dents pour enfants utilise des poils ultra doux.<\/p>\n\n\n\n<p>3. <strong>Poign\u00e9e antid\u00e9rapante : <\/strong>La poign\u00e9e est con\u00e7ue selon l&#039;ergonomie, s&#039;adapte parfaitement aux mains des enfants, est confortable \u00e0 tenir et ne glisse pas facilement.<\/p>\n\n\n\n<p>4. <strong>Apparence du dessin anim\u00e9 : <\/strong>L&#039;apparence des brosses \u00e0 dents pour enfants a un design de dessin anim\u00e9, principalement des motifs d&#039;animaux et de dessins anim\u00e9s, ce qui augmente le plaisir, am\u00e9liore l&#039;enthousiasme des enfants pour le brossage des dents, attire les enfants \u00e0 prendre l&#039;initiative de se brosser les dents et d\u00e9veloppe de bonnes habitudes.<\/p>\n\n\n\n<p>5. <strong>Correspondance des couleurs color\u00e9es : <\/strong>Les brosses \u00e0 dents pour enfants ont g\u00e9n\u00e9ralement des couleurs riches et lumineuses, qui attirent l&#039;attention des enfants, stimulent l&#039;initiative de se brosser les dents et aident \u00e0 \u00e9tablir de bonnes habitudes d&#039;hygi\u00e8ne.<\/p>\n\n\n\n<h2 class=\"wp-block-heading\">Avantages des brosses \u00e0 dents pour enfants<\/h2>\n\n\n\n<p>Compar\u00e9e aux brosses \u00e0 dents traditionnelles, l&#039;utilisation d&#039;une brosse \u00e0 dents pour enfants pr\u00e9sente des avantages significatifs pour l&#039;hygi\u00e8ne bucco-dentaire des enfants. Non seulement elle est fabriqu\u00e9e avec un mat\u00e9riau plus s\u00fbr et ses poils sont plus souples, mais sa taille et sa forme sp\u00e9cialement con\u00e7ues pour les enfants les aident \u00e9galement \u00e0 d\u00e9velopper de bonnes habitudes d&#039;hygi\u00e8ne bucco-dentaire.<\/p>\n\n\n\n<p>1. <strong>S\u00e9curit\u00e9 des mat\u00e9riaux : <\/strong>La brosse \u00e0 dents pour enfants utilise un mat\u00e9riau PP, TPE ou silicone de qualit\u00e9 alimentaire, respectueux de l&#039;environnement, s\u00fbr, non toxique et inodore, et r\u00e9pond aux normes de s\u00e9curit\u00e9 des produits pour enfants.<\/p>\n\n\n\n<p>2. <strong>Prot\u00e9ger les dents de lait : <\/strong>Brosse \u00e0 dents pour enfants con\u00e7ue pour les enfants, bien qu&#039;avec des poils doux, peut \u00e9liminer efficacement la plaque dentaire, pr\u00e9venir la carie dentaire et les probl\u00e8mes de gencives chez les enfants et aider les enfants \u00e0 d\u00e9velopper une sant\u00e9 bucco-dentaire saine.<\/p>\n\n\n\n<p>3. <strong>\u00c9ducatif et divertissant : <\/strong>La conception de dessin anim\u00e9 amusante et la correspondance des couleurs color\u00e9es peuvent renforcer l&#039;enthousiasme des enfants pour le brossage quotidien et d\u00e9velopper de bonnes habitudes d&#039;hygi\u00e8ne bucco-dentaire.<\/p>\n\n\n\n<p>4.<strong> Large tranche d&#039;\u00e2ge :<\/strong> De 1 \u00e0 12 ans, notre brosse \u00e0 dents pour enfants peut atteindre une tr\u00e8s large couverture d&#039;\u00e2ge.<\/p>\n\n\n\n<h2 class=\"wp-block-heading\">Groupe cible des brosses \u00e0 dents pour enfants<\/h2>\n\n\n\n<p>La brosse \u00e0 dents pour enfants convient principalement aux nourrissons et aux tout-petits de 1 \u00e0 12 ans. Pour les b\u00e9b\u00e9s de 1 \u00e0 3 ans qui viennent de faire leurs dents, vous pouvez utiliser une brosse \u00e0 dents pour enfants afin de masser d\u00e9licatement leurs gencives et de les aider \u00e0 s&#039;adapter au brossage. Pour les enfants d&#039;\u00e2ge pr\u00e9scolaire de 3 \u00e0 6 ans en p\u00e9riode de dentition temporaire, vous pouvez utiliser des poils souples et des petites t\u00eates de brosse pour un nettoyage bucco-dentaire simple et en douceur. Pour les enfants de plus de 6 ans en p\u00e9riode de remplacement des dents, la brosse \u00e0 dents pour enfants contribue efficacement \u00e0 maintenir une bonne hygi\u00e8ne bucco-dentaire.<\/p>\n\n\n\n<p>De plus, dans les jardins d&#039;enfants, les \u00e9tablissements m\u00e9dicaux pour enfants et d&#039;autres sc\u00e9narios, la brosse \u00e0 dents pour enfants est \u00e9galement une existence indispensable pour l&#039;\u00e9ducation et les soins de sant\u00e9 bucco-dentaire.<\/p>\n\n\n\n<h2 class=\"wp-block-heading\">Processus de production des brosses \u00e0 dents pour enfants<\/h2>\n\n\n\n<p>Kids Toothbrush contr\u00f4le strictement la qualit\u00e9 de chaque maillon du processus de fabrication, du moulage par injection \u00e0 l&#039;implantation des poils, jusqu&#039;au polissage final et \u00e0 l&#039;impression de l&#039;apparence, en utilisant des \u00e9quipements de processus de haute pr\u00e9cision et des mati\u00e8res premi\u00e8res respectueuses de l&#039;environnement pour assurer la s\u00e9curit\u00e9 et la durabilit\u00e9 du produit.&nbsp;<\/p>\n\n\n\n<p>Chaque brosse \u00e0 dents pour enfants sera soumise \u00e0 des inspections strictes avant de quitter l&#039;usine, notamment des tests de solidit\u00e9 des poils, des tests de d\u00e9tection de corps \u00e9trangers et de s\u00e9curit\u00e9 des mat\u00e9riaux, etc., pour garantir que le produit r\u00e9pond aux normes de s\u00e9curit\u00e9 internationales pour les produits pour enfants.<\/p>\n\n\n\n<h2 class=\"wp-block-heading\">Applications de brosse \u00e0 dents pour enfants<\/h2>\n\n\n\n<p>La brosse \u00e0 dents pour enfants offre de nombreuses possibilit\u00e9s d&#039;utilisation. Elle peut \u00eatre utilis\u00e9e comme produit d&#039;hygi\u00e8ne bucco-dentaire quotidien pour les enfants \u00e0 la maison, et convient \u00e9galement \u00e0 l&#039;\u00e9ducation bucco-dentaire dans les structures d\u00e9di\u00e9es aux enfants, comme les cr\u00e8ches.<\/p>\n\n\n\n<p>Au quotidien, \u00e0 la maison, utilisez du dentifrice pour enfants pour vous brosser soigneusement les dents matin et soir afin de pr\u00e9server votre sant\u00e9 bucco-dentaire. De plus, l\u00e9g\u00e8re et facile \u00e0 ranger, cette brosse \u00e0 dents convient \u00e9galement aux enfants en d\u00e9placement. Dans les \u00e9coles maternelles, par exemple, elle peut servir d&#039;outil p\u00e9dagogique pour aider les enfants \u00e0 mieux apprendre \u00e0 se brosser les dents.<\/p>\n\n\n\n<h2 class=\"wp-block-heading\">Comment utiliser la brosse \u00e0 dents pour enfants<\/h2>\n\n\n\n<p>Avant de brosser les dents, choisissez une brosse \u00e0 dents adapt\u00e9e \u00e0 l&#039;\u00e2ge de votre enfant. Trempez-la dans l&#039;eau, essorez-la et appliquez-la sur la brosse. Commencez par l&#039;ext\u00e9rieur des dents et brossez-les successivement sur l&#039;ext\u00e9rieur, l&#039;int\u00e9rieur et la face occlusale. Apr\u00e8s le brossage, rincez la brosse \u00e0 dents \u00e0 l&#039;eau claire et placez-la dans un endroit a\u00e9r\u00e9.<\/p>\n\n\n\n<p>Il est recommand\u00e9 de se brosser les dents matin et soir, chaque jour, avec un dentifrice pour enfants, pendant au moins deux minutes \u00e0 chaque fois pour un nettoyage complet des dents. Rincer la brosse \u00e0 dents de l&#039;enfant apr\u00e8s chaque brossage et la remplacer tous les 2 \u00e0 3 mois.<\/p>","protected":false},"excerpt":{"rendered":"Kids toothbrush features The design of kids toothbrushes fully considers the oral structure and usage habits of children. It usually has a small brush head, soft bristles, a non-slip handle and a cartoon appearance, which is both practical and interesting. 1. Small brush head: The brush head of kids toothbrush is specially designed for children&#8217;s [&hellip;]","protected":false},"featured_media":3318,"menu_order":0,"template":"","meta":[],"product-tag":[],"products":[167],"class_list":["post-3317","product","type-product","status-publish","has-post-thumbnail","hentry","products-toothbrush"],"acf":[],"_links":{"self":[{"href":"https:\/\/www.ruiqigo.com\/fr\/wp-json\/wp\/v2\/product\/3317","targetHints":{"allow":["GET"]}}],"collection":[{"href":"https:\/\/www.ruiqigo.com\/fr\/wp-json\/wp\/v2\/product"}],"about":[{"href":"https:\/\/www.ruiqigo.com\/fr\/wp-json\/wp\/v2\/types\/product"}],"version-history":[{"count":0,"href":"https:\/\/www.ruiqigo.com\/fr\/wp-json\/wp\/v2\/product\/3317\/revisions"}],"wp:featuredmedia":[{"embeddable":true,"href":"https:\/\/www.ruiqigo.com\/fr\/wp-json\/wp\/v2\/media\/3318"}],"wp:attachment":[{"href":"https:\/\/www.ruiqigo.com\/fr\/wp-json\/wp\/v2\/media?parent=3317"}],"wp:term":[{"taxonomy":"product-tag","embeddable":true,"href":"https:\/\/www.ruiqigo.com\/fr\/wp-json\/wp\/v2\/product-tag?post=3317"},{"taxonomy":"products","embeddable":true,"href":"https:\/\/www.ruiqigo.com\/fr\/wp-json\/wp\/v2\/products?post=3317"}],"curies":[{"name":"wp","href":"https:\/\/api.w.org\/{rel}","templated":true}]}}