{"id":3330,"date":"2025-05-08T10:20:55","date_gmt":"2025-05-08T02:20:55","guid":{"rendered":"https:\/\/www.ruiqigo.com\/?post_type=product&#038;p=3330"},"modified":"2025-05-08T10:20:56","modified_gmt":"2025-05-08T02:20:56","slug":"adult-electric-toothbrush","status":"publish","type":"product","link":"https:\/\/www.ruiqigo.com\/fr\/product\/adult-electric-toothbrush","title":{"rendered":"Brosse \u00e0 dents \u00e9lectrique pour adulte"},"content":{"rendered":"<h2 class=\"wp-block-heading\">Caract\u00e9ristiques de la brosse \u00e0 dents \u00e9lectrique pour adultes<\/h2>\n\n\n\n<p>La brosse \u00e0 dents \u00e9lectrique pour adultes offre de nombreuses fonctionnalit\u00e9s pratiques, telles que des vibrations \u00e0 haute fr\u00e9quence, plusieurs modes de nettoyage et une conception \u00e9tanche. Elle am\u00e9liore le confort d&#039;utilisation tout en pr\u00e9servant sa puissance de nettoyage et r\u00e9pond aux besoins bucco-dentaires de diff\u00e9rents utilisateurs.<\/p>\n\n\n\n<p>1. <strong>Vibration \u00e0 haute fr\u00e9quence<\/strong>:La brosse \u00e0 dents \u00e9lectrique pour adulte utilise une fr\u00e9quence de vibration allant jusqu&#039;\u00e0 30 000 \u00e0 40 000 fois par minute et utilise des ondes sonores ou une technologie de vibration rotative pour nettoyer efficacement la plaque dentaire.<\/p>\n\n\n\n<p>2. <strong>Plusieurs modes de nettoyage : <\/strong>Notre brosse \u00e0 dents \u00e9lectrique pour adultes contient g\u00e9n\u00e9ralement plusieurs modes de nettoyage des dents, notamment le nettoyage, la sensibilit\u00e9, le blanchiment, le massage, etc., qui peuvent \u00eatre commut\u00e9s de mani\u00e8re flexible en fonction des besoins bucco-dentaires actuels de l&#039;utilisateur.<\/p>\n\n\n\n<p>3. <strong>Conception \u00e9tanche :<\/strong> Les brosses \u00e0 dents \u00e9lectriques ont g\u00e9n\u00e9ralement une conception \u00e9tanche IPX7 et peuvent \u00eatre compl\u00e8tement lav\u00e9es.<\/p>\n\n\n\n<p>4. <strong>Longue dur\u00e9e de vie de la batterie : <\/strong>Les brosses \u00e0 dents \u00e9lectriques pour adultes utilisent une conception de chargement USB et peuvent \u00eatre utilis\u00e9es pendant 7 \u00e0 30 jours avec une seule charge, ce qui est tr\u00e8s pratique en voyage.<\/p>\n\n\n\n<p>5. <strong>T\u00eate de brosse rempla\u00e7able : <\/strong>\u00c9quip\u00e9 d&#039;une t\u00eate de brosse amovible, il peut \u00eatre remplac\u00e9 tr\u00e8s rapidement lorsque la t\u00eate de brosse est ancienne ou qu&#039;un accident se produit, ce qui permet d&#039;\u00e9conomiser du temps et de l&#039;argent.<\/p>\n\n\n\n<h2 class=\"wp-block-heading\">Avantages de la brosse \u00e0 dents \u00e9lectrique pour adultes<\/h2>\n\n\n\n<p>Par rapport aux brosses \u00e0 dents traditionnelles pour adultes, la brosse \u00e0 dents \u00e9lectrique pour adultes pr\u00e9sente des avantages significatifs en termes d&#039;efficacit\u00e9 de nettoyage et d&#039;exp\u00e9rience utilisateur, et convient particuli\u00e8rement aux personnes soucieuses de leur sant\u00e9 bucco-dentaire.<\/p>\n\n\n\n<p>1. <strong>Efficacit\u00e9 de nettoyage sup\u00e9rieure : <\/strong>Par rapport aux brosses \u00e0 dents manuelles traditionnelles, les brosses \u00e0 dents \u00e9lectriques pour adultes peuvent p\u00e9n\u00e9trer profond\u00e9ment dans les espaces entre les dents et le bord des gencives, \u00e9liminer efficacement la plaque dentaire et am\u00e9liorer les effets de nettoyage.<\/p>\n\n\n\n<p>2. <strong>Prot\u00e9ger les gencives : <\/strong>Une brosse \u00e0 dents \u00e9lectrique pour adulte peut r\u00e9duire les dommages aux gencives qui peuvent \u00eatre caus\u00e9s lors du brossage gr\u00e2ce \u00e0 une fr\u00e9quence de vibration pr\u00e9cise et des poils doux.<\/p>\n\n\n\n<p>3. <strong>R\u00e9duire l\u2019angle mort lors du brossage : <\/strong>La fr\u00e9quence de vibration intelligente aide la t\u00eate de brosse \u00e0 couvrir compl\u00e8tement chaque dent lors du brossage, \u00e9vitant ainsi un nettoyage local inad\u00e9quat.<\/p>\n\n\n\n<p>4. <strong>Exp\u00e9rience utilisateur solide : <\/strong>La conception de l&#039;apparence de la brosse \u00e0 dents \u00e9lectrique pour adulte est tr\u00e8s moderne, et la charge par induction, la commutation de mode et d&#039;autres conceptions peuvent am\u00e9liorer efficacement l&#039;exp\u00e9rience utilisateur.<\/p>\n\n\n\n<p>5. <strong>Convient aux personnes ayant des probl\u00e8mes bucco-dentaires : <\/strong>Pour les personnes souffrant de probl\u00e8mes bucco-dentaires tels que la sensibilit\u00e9 des gencives et l&#039;orthodontie, l&#039;utilisation de la brosse \u00e0 dents \u00e9lectrique pour adultes peut offrir une meilleure exp\u00e9rience de nettoyage.<\/p>\n\n\n\n<h2 class=\"wp-block-heading\">Groupe cible des brosses \u00e0 dents \u00e9lectriques pour adultes<\/h2>\n\n\n\n<p>Une brosse \u00e0 dents \u00e9lectrique pour adultes convient principalement aux personnes de plus de 18 ans, notamment celles qui ont les dents sensibles et celles qui portent un appareil dentaire. Elle convient \u00e9galement aux personnes souffrant de probl\u00e8mes bucco-dentaires tels que la mauvaise haleine, les taches et la plaque dentaire, aux personnes portant un appareil dentaire depuis longtemps ou venant de terminer un traitement orthodontique, et \u00e0 celles qui ont besoin d&#039;une hygi\u00e8ne bucco-dentaire efficace.<\/p>\n\n\n\n<h2 class=\"wp-block-heading\">Processus de production de brosses \u00e0 dents \u00e9lectriques pour adultes<\/h2>\n\n\n\n<p>Notre brosse \u00e0 dents \u00e9lectrique pour adultes est principalement fabriqu\u00e9e gr\u00e2ce \u00e0 de multiples processus tels que le moulage par injection, l&#039;assemblage de pr\u00e9cision, l&#039;\u00e9tanch\u00e9it\u00e9, etc. Le corps de la brosse \u00e0 dents est fabriqu\u00e9 par moulage par injection de haute pr\u00e9cision d&#039;ABS ou de plastique de qualit\u00e9 alimentaire, tandis que les poils sont fix\u00e9s par fusion \u00e0 chaud ou par processus de plantation de m\u00e9tal, et la coque ext\u00e9rieure est scell\u00e9e et \u00e9tanche par soudage par ultrasons ou scellage en spirale.<\/p>\n\n\n\n<p>Une fois la fabrication termin\u00e9e, nous effectuerons des tests de vibrations continus, des tests d&#039;\u00e9tanch\u00e9it\u00e9, etc. sur chaque brosse \u00e0 dents \u00e9lectrique pour garantir la durabilit\u00e9 et la s\u00e9curit\u00e9 du produit.<\/p>\n\n\n\n<h2 class=\"wp-block-heading\">Applications de la brosse \u00e0 dents \u00e9lectrique pour adultes<\/h2>\n\n\n\n<p>La brosse \u00e0 dents \u00e9lectrique pour adulte est \u00e0 la fois pratique et belle et dispose d&#039;un large \u00e9ventail de sc\u00e9narios d&#039;application.<\/p>\n\n\n\n<p>1. <strong>Soins bucco-dentaires quotidiens \u00e0 domicile : <\/strong>La brosse \u00e0 dents \u00e9lectrique pour adulte peut remplacer la brosse \u00e0 dents manuelle comme outil de brossage principal pour assurer l&#039;hygi\u00e8ne bucco-dentaire.<\/p>\n\n\n\n<p>2. <strong>Un incontournable pour les voyages d&#039;affaires : <\/strong>La brosse \u00e0 dents \u00e9lectrique pour adulte est facile \u00e0 transporter et dispose d&#039;une excellente autonomie de batterie, ce qui la rend adapt\u00e9e aux voyageurs et aux hommes d&#039;affaires en voyage d&#039;affaires.<\/p>\n\n\n\n<p>3. <strong>Soins aux patients orthodontiques : <\/strong>Notre brosse \u00e0 dents \u00e9lectrique pour adultes peut aider les patients orthodontiques \u00e0 nettoyer les coins morts des brackets, \u00e0 pr\u00e9venir l&#039;accumulation de plaque dentaire et \u00e0 maintenir l&#039;hygi\u00e8ne et la sant\u00e9 bucco-dentaires.<\/p>\n\n\n\n<p>4. <strong>Offrir un cadeau : <\/strong>La brosse \u00e0 dents \u00e9lectrique pour adulte est un bon produit cadeau, adapt\u00e9 aux cadeaux de vacances, \u00e0 la personnalisation d&#039;entreprise et aux cadeaux de bien-\u00eatre, etc.<\/p>\n\n\n\n<h2 class=\"wp-block-heading\">Comment utiliser la brosse \u00e0 dents \u00e9lectrique pour adulte<\/h2>\n\n\n\n<p>1. <strong>Installez la t\u00eate de brosse et appliquez le dentifrice :<\/strong> Ins\u00e9rez la t\u00eate de brosse dans le manche pour assurer une bonne connexion. Ensuite, appliquez une quantit\u00e9 appropri\u00e9e de dentifrice sur les poils.<\/p>\n\n\n\n<p>2. <strong>D\u00e9marrer le commutateur :<\/strong> S\u00e9lectionnez un mode de brossage qui vous convient, tel que nettoyage, sensible, etc., et d\u00e9marrez l&#039;interrupteur de la brosse \u00e0 dents.<\/p>\n\n\n\n<p>3. <strong>Brossage cloisonn\u00e9 : <\/strong>Nettoyez diff\u00e9rentes zones des dents en s\u00e9quence, environ 30 secondes pour chaque zone, et brossez-vous les dents pendant au moins 2 minutes au total.<\/p>\n\n\n\n<p>4. <strong>Nettoyer la brosse \u00e0 dents apr\u00e8s le brossage : <\/strong>Apr\u00e8s vous \u00eatre bross\u00e9 les dents, rincez la t\u00eate de brosse et le manche \u00e0 l&#039;eau claire et placez-les dans un endroit a\u00e9r\u00e9 pour les faire s\u00e9cher.<\/p>\n\n\n\n<p>Il est recommand\u00e9 de remplacer la t\u00eate de brosse tous les 3 mois pour garantir un nettoyage efficace et une hygi\u00e8ne optimale. Brossez-vous les dents d\u00e9licatement et n&#039;appuyez pas trop fort.<\/p>","protected":false},"excerpt":{"rendered":"Adult electric toothbrush features The adult electric toothbrush has many practical features such as high-frequency vibration, multiple cleaning modes, and a waterproof design. It improves the comfort of use while maintaining the cleaning power and meets the oral needs of various users. 1. High-frequency vibration: The adult electric toothbrush uses a vibration frequency of up [&hellip;]","protected":false},"featured_media":3331,"menu_order":0,"template":"","meta":[],"product-tag":[],"products":[167],"class_list":["post-3330","product","type-product","status-publish","has-post-thumbnail","hentry","products-toothbrush"],"acf":[],"_links":{"self":[{"href":"https:\/\/www.ruiqigo.com\/fr\/wp-json\/wp\/v2\/product\/3330","targetHints":{"allow":["GET"]}}],"collection":[{"href":"https:\/\/www.ruiqigo.com\/fr\/wp-json\/wp\/v2\/product"}],"about":[{"href":"https:\/\/www.ruiqigo.com\/fr\/wp-json\/wp\/v2\/types\/product"}],"version-history":[{"count":0,"href":"https:\/\/www.ruiqigo.com\/fr\/wp-json\/wp\/v2\/product\/3330\/revisions"}],"wp:featuredmedia":[{"embeddable":true,"href":"https:\/\/www.ruiqigo.com\/fr\/wp-json\/wp\/v2\/media\/3331"}],"wp:attachment":[{"href":"https:\/\/www.ruiqigo.com\/fr\/wp-json\/wp\/v2\/media?parent=3330"}],"wp:term":[{"taxonomy":"product-tag","embeddable":true,"href":"https:\/\/www.ruiqigo.com\/fr\/wp-json\/wp\/v2\/product-tag?post=3330"},{"taxonomy":"products","embeddable":true,"href":"https:\/\/www.ruiqigo.com\/fr\/wp-json\/wp\/v2\/products?post=3330"}],"curies":[{"name":"wp","href":"https:\/\/api.w.org\/{rel}","templated":true}]}}