{"id":3350,"date":"2025-05-08T17:01:12","date_gmt":"2025-05-08T09:01:12","guid":{"rendered":"https:\/\/www.ruiqigo.com\/?post_type=product&#038;p=3350"},"modified":"2025-05-08T17:01:13","modified_gmt":"2025-05-08T09:01:13","slug":"portable-oral-irrigator","status":"publish","type":"product","link":"https:\/\/www.ruiqigo.com\/fr\/product\/portable-oral-irrigator","title":{"rendered":"Irrigateur buccal portable"},"content":{"rendered":"<h2 class=\"wp-block-heading\">Caract\u00e9ristiques de l&#039;irrigateur buccal portable<\/h2>\n\n\n\n<p>L&#039;irrigateur buccal portable utilise une technologie de flux d&#039;eau puls\u00e9 \u00e0 haute fr\u00e9quence, combin\u00e9e \u00e0 une conception ergonomique et \u00e0 des buses multifonctionnelles, pour cr\u00e9er un outil de soins bucco-dentaires personnels qui int\u00e8gre un rin\u00e7age et un nettoyage efficaces avec une exp\u00e9rience confortable.<\/p>\n\n\n\n<p>1. <strong>Technologie de d\u00e9bit d&#039;eau puls\u00e9 \u00e0 haute fr\u00e9quence : <\/strong>L&#039;irrigateur buccal portable utilise des colonnes d&#039;eau puls\u00e9es \u00e0 haute pression pour nettoyer en profondeur les espaces entre les dents et les sillons gingivaux, \u00e9liminant ainsi les r\u00e9sidus alimentaires et la plaque dentaire qui y restent.<\/p>\n\n\n\n<p>2. <strong>Mode de nettoyage \u00e0 plusieurs vitesses :<\/strong> L&#039;irrigateur buccal portable offre des modes de nettoyage et de rin\u00e7age \u00e0 plusieurs vitesses, du standard au doux en passant par le puls\u00e9, pour r\u00e9pondre aux diff\u00e9rents besoins de nettoyage des utilisateurs.<\/p>\n\n\n\n<p>3. <strong>Compact et portable : <\/strong>Notre irrigateur buccal portable est compact et l\u00e9ger, et peut \u00eatre pli\u00e9 ou s\u00e9par\u00e9 du r\u00e9servoir d&#039;eau, qui est tr\u00e8s portable et peut \u00eatre facilement mis dans une poche ou un sac \u00e0 dos pour voyager.<\/p>\n\n\n\n<p>4. <strong>Conception de r\u00e9servoir d&#039;eau de grande capacit\u00e9 : <\/strong>Bien qu&#039;il soit tr\u00e8s portable, la capacit\u00e9 du r\u00e9servoir d&#039;eau n&#039;est pas petite, environ 120 ml \u00e0 200 ml, ce qui peut r\u00e9pondre \u00e0 un nettoyage buccal complet.<\/p>\n\n\n\n<p>5. <strong>Buse rempla\u00e7able : <\/strong>L&#039;irrigateur buccal portable est livr\u00e9 avec plusieurs buses, telles que des buses orthodontiques, des buses de soin des gencives, etc., pour garantir qu&#039;il convient aux diff\u00e9rents besoins de soins des diff\u00e9rents utilisateurs.<\/p>\n\n\n\n<h2 class=\"wp-block-heading\">Avantages de l&#039;irrigateur buccal portable<\/h2>\n\n\n\n<p>Compar\u00e9 au fil dentaire traditionnel, l&#039;hydropulseur portable offre un nettoyage plus profond et plus doux, particuli\u00e8rement adapt\u00e9 aux personnes ayant de grands espaces entre les dents et portant un appareil dentaire. Il peut r\u00e9duire consid\u00e9rablement les saignements des gencives, l&#039;accumulation de plaque dentaire et pr\u00e9venir les maladies parodontales.<\/p>\n\n\n\n<p>1. <strong>R\u00e9duire les angles morts du nettoyage buccal : <\/strong>L\u2019utilisation d\u2019un irrigateur buccal portable peut p\u00e9n\u00e9trer dans les zones difficiles \u00e0 nettoyer telles que les espaces entre les dents et les sillons gingivaux, r\u00e9duire les angles morts de nettoyage et assurer l\u2019hygi\u00e8ne bucco-dentaire.<\/p>\n\n\n\n<p>2. <strong>Prot\u00e9gez la sant\u00e9 des gencives : <\/strong>Le d\u00e9bit d&#039;eau d&#039;un irrigateur buccal portable peut masser les gencives, favoriser la circulation sanguine, r\u00e9duire les saignements des gencives et prot\u00e9ger la sant\u00e9 des gencives.<\/p>\n\n\n\n<p>3. <strong>Fonctionnement simple et nettoyage efficace : <\/strong>L&#039;hydropulseur portable est tr\u00e8s simple d&#039;utilisation\u00a0: il se met en marche et se pilote facilement gr\u00e2ce \u00e0 un seul bouton. Il permet \u00e9galement un nettoyage buccal complet et rapide.<\/p>\n\n\n\n<p>4. <strong>\u00c9conomie d&#039;\u00e9nergie et protection de l&#039;environnement : <\/strong>Il est rechargeable et la dur\u00e9e de vie de la batterie est longue apr\u00e8s une charge, et il peut r\u00e9duire la pollution de la batterie et suivre le concept de protection de l&#039;environnement.<\/p>\n\n\n\n<p>5. <strong>Facile \u00e0 transporter : <\/strong>L&#039;irrigateur buccal portable est de petite taille et l\u00e9ger, ce qui en fait un bon partenaire pour les voyages d&#039;affaires et les voyages.<\/p>\n\n\n\n<h2 class=\"wp-block-heading\">Groupe cible des irrigateurs buccaux portables<\/h2>\n\n\n\n<p>Un irrigateur buccal portable convient \u00e0 tous les types de personnes soucieuses de leur sant\u00e9 bucco-dentaire, en particulier celles qui ont des besoins sp\u00e9cifiques en mati\u00e8re de soins bucco-dentaires, comme les porteurs d&#039;appareils orthodontiques, les personnes ayant des gencives sensibles et les personnes \u00e2g\u00e9es.&nbsp;<\/p>\n\n\n\n<p>Les enfants peuvent \u00e9galement l&#039;utiliser sous la supervision de leurs parents pour d\u00e9velopper de bonnes habitudes d&#039;hygi\u00e8ne bucco-dentaire d\u00e8s leur plus jeune \u00e2ge. Selon leurs besoins de nettoyage, les utilisateurs peuvent choisir diff\u00e9rents modes pour un nettoyage optimal.<\/p>\n\n\n\n<h2 class=\"wp-block-heading\">Processus de production d&#039;un irrigateur buccal portable<\/h2>\n\n\n\n<p>L&#039;irrigateur buccal portable est fabriqu\u00e9 en plastique ABS de qualit\u00e9 alimentaire et en silicone \u00e9tanche, trait\u00e9 par moulage par injection et autres proc\u00e9d\u00e9s, offrant une structure compacte et une grande durabilit\u00e9. Il est conforme aux normes internationales CE, RoHS et autres, garantissant ainsi sa s\u00e9curit\u00e9, sa qualit\u00e9 et sa stabilit\u00e9.&nbsp;<\/p>\n\n\n\n<p>Avant de quitter l&#039;usine, il subit de multiples inspections, notamment la dur\u00e9e de vie de la batterie, les tests de pression, l&#039;\u00e9tanch\u00e9it\u00e9 du r\u00e9servoir d&#039;eau et un contr\u00f4le qualit\u00e9 complet pour garantir la qualit\u00e9 du produit.<\/p>\n\n\n\n<h2 class=\"wp-block-heading\">Applications de l&#039;irrigateur buccal portable<\/h2>\n\n\n\n<p>La conception portable et la longue dur\u00e9e de vie de la batterie de l&#039;irrigateur buccal portable le rendent non seulement adapt\u00e9 \u00e0 une utilisation quotidienne \u00e0 la maison pour nettoyer les r\u00e9sidus dentaires, mais \u00e9galement largement utilis\u00e9 dans divers sc\u00e9narios tels que les voyages d&#039;affaires, les pauses d\u00e9jeuner au bureau, etc. Son corps petit et exquis peut \u00eatre facilement rang\u00e9 dans une trousse de toilette, et vous pouvez l&#039;utiliser pour assurer l&#039;hygi\u00e8ne et la sant\u00e9 bucco-dentaires lorsque vous \u00eates en d\u00e9placement, et r\u00e9duire l&#039;apparition de probl\u00e8mes bucco-dentaires.<\/p>\n\n\n\n<h2 class=\"wp-block-heading\">Comment utiliser l&#039;irrigateur buccal portable<\/h2>\n\n\n\n<p>L&#039;irrigateur buccal portable est facile \u00e0 utiliser et rapide, m\u00eame pour la premi\u00e8re fois. Il prend en charge des fonctions telles que l&#039;arr\u00eat intelligent et la m\u00e9moire, am\u00e9liorant consid\u00e9rablement le confort d&#039;utilisation et l&#039;exp\u00e9rience utilisateur.<\/p>\n\n\n\n<p>1. <strong>Installer la buse : <\/strong>Ins\u00e9rez la buse appropri\u00e9e dans la buse de l&#039;irrigateur buccal portable et fixez-la fermement.<\/p>\n\n\n\n<p>2. <strong>Ajouter de l&#039;eau dans le r\u00e9servoir d&#039;eau : <\/strong>Ouvrez l\u2019arriv\u00e9e d\u2019eau du r\u00e9servoir d\u2019eau et versez une quantit\u00e9 appropri\u00e9e d\u2019eau propre ou de bain de bouche dans le r\u00e9servoir d\u2019eau.<\/p>\n\n\n\n<p>3. <strong>S\u00e9lectionnez le mode :<\/strong> Allumez l&#039;appareil et s\u00e9lectionnez la vitesse appropri\u00e9e en fonction de vos besoins personnels.<\/p>\n\n\n\n<p>4. <strong>Commencer le rin\u00e7age : <\/strong>Dirigez la buse vers l&#039;espace entre les dents et d\u00e9placez-la doucement entre les gencives et les dents pour vous assurer que le nettoyage et le rin\u00e7age sont en place.<\/p>\n\n\n\n<p>5. <strong>Nettoyer apr\u00e8s rin\u00e7age : <\/strong>Apr\u00e8s avoir rinc\u00e9 la bouche, videz le r\u00e9servoir d&#039;eau, nettoyez l&#039;unit\u00e9 principale et placez-la dans un endroit a\u00e9r\u00e9 et sec.<\/p>\n\n\n\n<p>Il est recommand\u00e9 de s\u00e9lectionner le mode \u00ab doux \u00bb lors de la premi\u00e8re utilisation pour \u00e9viter toute sensation d&#039;inconfort.<\/p>","protected":false},"excerpt":{"rendered":"Portable oral irrigator features The portable oral irrigator uses high-frequency pulse water flow technology, combined with ergonomic design and multi-functional nozzles, to create a personal oral care tool that integrates efficient rinsing and cleaning with a comfortable experience. 1. High-frequency pulse water flow technology: The portable oral irrigator uses pulsed high-pressure water columns to deeply [&hellip;]","protected":false},"featured_media":3351,"menu_order":0,"template":"","meta":[],"product-tag":[],"products":[168],"class_list":["post-3350","product","type-product","status-publish","has-post-thumbnail","hentry","products-oral-irrigator"],"acf":[],"_links":{"self":[{"href":"https:\/\/www.ruiqigo.com\/fr\/wp-json\/wp\/v2\/product\/3350","targetHints":{"allow":["GET"]}}],"collection":[{"href":"https:\/\/www.ruiqigo.com\/fr\/wp-json\/wp\/v2\/product"}],"about":[{"href":"https:\/\/www.ruiqigo.com\/fr\/wp-json\/wp\/v2\/types\/product"}],"version-history":[{"count":0,"href":"https:\/\/www.ruiqigo.com\/fr\/wp-json\/wp\/v2\/product\/3350\/revisions"}],"wp:featuredmedia":[{"embeddable":true,"href":"https:\/\/www.ruiqigo.com\/fr\/wp-json\/wp\/v2\/media\/3351"}],"wp:attachment":[{"href":"https:\/\/www.ruiqigo.com\/fr\/wp-json\/wp\/v2\/media?parent=3350"}],"wp:term":[{"taxonomy":"product-tag","embeddable":true,"href":"https:\/\/www.ruiqigo.com\/fr\/wp-json\/wp\/v2\/product-tag?post=3350"},{"taxonomy":"products","embeddable":true,"href":"https:\/\/www.ruiqigo.com\/fr\/wp-json\/wp\/v2\/products?post=3350"}],"curies":[{"name":"wp","href":"https:\/\/api.w.org\/{rel}","templated":true}]}}