{"id":3359,"date":"2025-05-15T14:12:54","date_gmt":"2025-05-15T06:12:54","guid":{"rendered":"https:\/\/www.ruiqigo.com\/?post_type=product&#038;p=3359"},"modified":"2025-05-15T14:12:54","modified_gmt":"2025-05-15T06:12:54","slug":"moisturizing-face-cream","status":"publish","type":"product","link":"https:\/\/www.ruiqigo.com\/fr\/product\/moisturizing-face-cream","title":{"rendered":"Cr\u00e8me hydratante pour le visage"},"content":{"rendered":"<h2 class=\"wp-block-heading\">Formules courantes de fabrication de cr\u00e8mes hydratantes pour le visage<\/h2>\n\n\n\n<p>En tant que fabricant professionnel de cr\u00e8mes hydratantes pour le visage, nous s\u00e9lectionnons une vari\u00e9t\u00e9 d&#039;ingr\u00e9dients hydratants et r\u00e9parateurs hautement efficaces et doux, tels que la c\u00e9ramide et l&#039;acide hyaluronique, pour aider la peau \u00e0 s&#039;hydrater en profondeur, \u00e0 r\u00e9parer la barri\u00e8re et \u00e0 am\u00e9liorer la qualit\u00e9 globale de la peau.<\/p>\n\n\n\n<p>1. <strong>C\u00e9ramide :<\/strong> La c\u00e9ramide peut contribuer \u00e0 r\u00e9duire la perte d&#039;eau, \u00e0 r\u00e9parer efficacement la barri\u00e8re cutan\u00e9e et \u00e0 renforcer la r\u00e9sistance de la peau aux stimuli externes. Elle convient aux peaux s\u00e8ches ou sensibles.<\/p>\n\n\n\n<p>2. <strong>Acide hyaluronique : <\/strong>L&#039;acide hyaluronique est un facteur hydratant naturel qui peut absorber des milliers de fois son poids en eau, retenir l&#039;humidit\u00e9 en profondeur et former un film hydratant \u00e0 la surface de la peau, de sorte que la peau reste hydrat\u00e9e et rebondie toute la journ\u00e9e.<\/p>\n\n\n\n<p>3. <strong>Squalane :<\/strong> Le squalane est \u00e9galement un hydratant naturel et parfaitement compatible avec la peau. Rapidement absorb\u00e9, il hydrate durablement la peau tout en la rendant plus lisse. Il ne laisse pas de film gras et ne provoque pas d&#039;acn\u00e9.<\/p>\n\n\n\n<p>4. <strong>Glyc\u00e9rine:<\/strong> La glyc\u00e9rine est un hydratant hydrophile naturel qui peut absorber l\u2019humidit\u00e9 de l\u2019air et la conduire vers les couches profondes de la peau pour maintenir l\u2019hydratation et l\u2019\u00e9lasticit\u00e9 de la peau.<\/p>\n\n\n\n<p>5. <strong>Extrait de Centella asiatica : <\/strong>Il a de bons effets apaisants et r\u00e9parateurs, peut soulager l&#039;inconfort cutan\u00e9, favoriser la production de collag\u00e8ne et am\u00e9liorer la capacit\u00e9 d&#039;auto-gu\u00e9rison de la peau.<\/p>\n\n\n\n<h2 class=\"wp-block-heading\">Les fonctions de la cr\u00e8me hydratante pour le visage<\/h2>\n\n\n\n<p>La cr\u00e8me hydratante visage 3TOP est non seulement douce et naturelle gr\u00e2ce \u00e0 ses ingr\u00e9dients, mais elle offre \u00e9galement de multiples fonctions et une excellente adaptabilit\u00e9. Elle s&#039;adapte \u00e0 tous les \u00e2ges, types de peau et situations d&#039;utilisation. C&#039;est un soin \u00e0 la fois s\u00fbr et efficace.<\/p>\n\n\n\n<p>1. <strong>Hydratation longue dur\u00e9e : <\/strong>En tant que cr\u00e8me hydratante pour le visage, la cr\u00e8me hydratante pour le visage adopte plusieurs m\u00e9canismes de blocage de l&#039;eau pour maintenir l&#039;hydratation de la peau pendant plus de 12 heures, r\u00e9solvant le probl\u00e8me de la peau s\u00e8che et qui p\u00e8le, particuli\u00e8rement adapt\u00e9e aux p\u00e9riodes sensibles de la peau froide, s\u00e8che ou saisonni\u00e8re.<\/p>\n\n\n\n<p>2. <strong>R\u00e9parer la barri\u00e8re cutan\u00e9e : <\/strong>La cr\u00e8me hydratante pour le visage est riche en ingr\u00e9dients r\u00e9parateurs tels que la c\u00e9ramide et la Centella asiatica, qui peuvent aider la peau endommag\u00e9e \u00e0 r\u00e9cup\u00e9rer, stabiliser la barri\u00e8re cutan\u00e9e et am\u00e9liorer la tol\u00e9rance globale de la peau et sa capacit\u00e9 anti-irritation.<\/p>\n\n\n\n<p>3. <strong>Absorption rapide et non grasse : <\/strong>La cr\u00e8me hydratante pour le visage est une cr\u00e8me onctueuse, l\u00e9g\u00e8re et non collante, qui \u00e9vite l&#039;obstruction des pores. Elle est id\u00e9ale pour une hydratation quotidienne et est efficace sur les peaux mixtes.<\/p>\n\n\n\n<p>4.<strong> Convient aux peaux sensibles : <\/strong>Notre cr\u00e8me hydratante visage est compos\u00e9e d&#039;ingr\u00e9dients doux et ne contient ni alcool, ni pigments, ni irritants. Elle pr\u00e9sente un faible risque d&#039;allergies et de rougeurs. Elle peut \u00eatre utilis\u00e9e en toute s\u00e9curit\u00e9 sur les peaux sensibles pour pr\u00e9server leur sant\u00e9.<\/p>\n\n\n\n<h2 class=\"wp-block-heading\">Comment utiliser une cr\u00e8me hydratante pour le visage<\/h2>\n\n\n\n<p>La cr\u00e8me hydratante pour le visage est recommand\u00e9e comme derni\u00e8re \u00e9tape de la routine quotidienne de soins de la peau pour conserver les nutriments des produits de soins de la peau utilis\u00e9s dans les \u00e9tapes pr\u00e9c\u00e9dentes et fournir une hydratation longue dur\u00e9e \u00e0 la peau.<\/p>\n\n\n\n<p>1. <strong>Nettoyer le visage : <\/strong>Utilisez des produits nettoyants pour \u00e9liminer en profondeur la salet\u00e9, l\u2019huile et le maquillage du visage.<\/p>\n\n\n\n<p>2. <strong>Utiliser une lotion\/tonique : <\/strong>Conditionnez la couche corn\u00e9e et aidez les produits de soins de la peau ult\u00e9rieurs \u00e0 \u00eatre absorb\u00e9s.<\/p>\n\n\n\n<p>3. <strong>Pr\u00e9levez une quantit\u00e9 appropri\u00e9e de cr\u00e8me et appliquez-la sur le visage : <\/strong>Utilisez l&#039;annulaire ou le bout des doigts pour pr\u00e9lever une quantit\u00e9 de cr\u00e8me de la taille d&#039;une graine de soja.<\/p>\n\n\n\n<p>4. <strong>Appliquer uniform\u00e9ment et tapoter doucement pour absorber :<\/strong> Appliquer sur le front, les joues, le nez et le menton, puis masser d\u00e9licatement en cercles et uniform\u00e9ment. Vous pouvez masser ou tapoter d\u00e9licatement pour favoriser l&#039;absorption.<\/p>\n\n\n\n<h2 class=\"wp-block-heading\"><strong>Prudence<\/strong><\/h2>\n\n\n\n<p>1. <strong>Veuillez faire un test cutan\u00e9 pour la premi\u00e8re fois :<\/strong> faites une petite quantit\u00e9 de test derri\u00e8re l&#039;oreille ou \u00e0 l&#039;int\u00e9rieur du poignet, et utilisez-le formellement apr\u00e8s 24 heures sans anomalies pour \u00e9viter les allergies.<\/p>\n\n\n\n<p>2. <strong>\u00c9vitez d\u2019utiliser avec des produits tr\u00e8s irritants : <\/strong>\u00e9vitez d&#039;utiliser des produits \u00e0 forte concentration d&#039;acide ou de r\u00e9tinol pour \u00e9viter l&#039;inconfort cutan\u00e9.<\/p>\n\n\n\n<p>3. <strong>\u00c0 consommer d\u00e8s que possible apr\u00e8s ouverture : <\/strong>Il est recommand\u00e9 d&#039;utiliser la cr\u00e8me hydratante pour le visage dans les 6 \u00e0 12 mois apr\u00e8s ouverture pour \u00e9viter l&#039;oxydation et l&#039;inefficacit\u00e9 des ingr\u00e9dients actifs.<\/p>\n\n\n\n<p>4. <strong>Conserver dans un endroit frais et sec : <\/strong>L&#039;environnement de stockage doit \u00e9viter la lumi\u00e8re directe du soleil ou les temp\u00e9ratures et l&#039;humidit\u00e9 \u00e9lev\u00e9es pour maintenir l&#039;activit\u00e9 et la stabilit\u00e9 du produit.<\/p>\n\n\n\n<p>5. <strong>Arr\u00eatez imm\u00e9diatement l\u2019utilisation si vous ressentez une g\u00eane : <\/strong>Si vous ressentez des picotements, des rougeurs ou tout autre inconfort pendant l&#039;utilisation, veuillez arr\u00eater imm\u00e9diatement de l&#039;utiliser et consulter un m\u00e9decin \u00e0 temps.<\/p>\n\n\n\n<h2 class=\"wp-block-heading\">Conclusion<\/h2>\n\n\n\n<p>La cr\u00e8me hydratante visage allie hydratation haute efficacit\u00e9 et r\u00e9paration douce. Elle convient \u00e0 de nombreux usages, des soins quotidiens aux soins professionnels. 3TOP s\u00e9lectionne des ingr\u00e9dients naturels et s\u00fbrs pour une peau hydrat\u00e9e et nourrissante longue dur\u00e9e. Notre cr\u00e8me hydratante visage convient \u00e0 un large public et r\u00e9pond \u00e0 tous les besoins de soins.<\/p>","protected":false},"excerpt":{"rendered":"Moisturizing Face Cream Manufacturing Common Formulas As a professional moisturizing face cream manufacturer, we select a variety of highly effective and gentle moisturizing and repairing ingredients, such as ceramide and hyaluronic acid, to help the skin deeply hydrate, repair the barrier, and improve the overall skin quality. 1. Ceramide: Ceramide can help reduce water loss, [&hellip;]","protected":false},"featured_media":3360,"menu_order":0,"template":"","meta":[],"product-tag":[],"products":[161],"class_list":["post-3359","product","type-product","status-publish","has-post-thumbnail","hentry","products-face-cream"],"acf":[],"_links":{"self":[{"href":"https:\/\/www.ruiqigo.com\/fr\/wp-json\/wp\/v2\/product\/3359","targetHints":{"allow":["GET"]}}],"collection":[{"href":"https:\/\/www.ruiqigo.com\/fr\/wp-json\/wp\/v2\/product"}],"about":[{"href":"https:\/\/www.ruiqigo.com\/fr\/wp-json\/wp\/v2\/types\/product"}],"version-history":[{"count":0,"href":"https:\/\/www.ruiqigo.com\/fr\/wp-json\/wp\/v2\/product\/3359\/revisions"}],"wp:featuredmedia":[{"embeddable":true,"href":"https:\/\/www.ruiqigo.com\/fr\/wp-json\/wp\/v2\/media\/3360"}],"wp:attachment":[{"href":"https:\/\/www.ruiqigo.com\/fr\/wp-json\/wp\/v2\/media?parent=3359"}],"wp:term":[{"taxonomy":"product-tag","embeddable":true,"href":"https:\/\/www.ruiqigo.com\/fr\/wp-json\/wp\/v2\/product-tag?post=3359"},{"taxonomy":"products","embeddable":true,"href":"https:\/\/www.ruiqigo.com\/fr\/wp-json\/wp\/v2\/products?post=3359"}],"curies":[{"name":"wp","href":"https:\/\/api.w.org\/{rel}","templated":true}]}}