{"id":336,"date":"2024-07-05T20:30:17","date_gmt":"2024-07-05T12:30:17","guid":{"rendered":"https:\/\/ruiqigo.com\/?post_type=product&#038;p=336"},"modified":"2024-09-26T17:43:34","modified_gmt":"2024-09-26T09:43:34","slug":"body-lotion-with-spf","status":"publish","type":"product","link":"https:\/\/www.ruiqigo.com\/fr\/product\/body-lotion-with-spf","title":{"rendered":"Lotion pour le corps avec SPF"},"content":{"rendered":"<h3 class=\"wp-block-heading\">Lotion pour le corps avec fabrication de formules courantes SPF<\/h3>\n\n\n\n<p>Les principaux ingr\u00e9dients de protection solaire de cette lotion corporelle SPF sont l&#039;oxyde de zinc et le dioxyde de titane, qui sont reconnus comme des \u00e9crans solaires physiques tr\u00e8s efficaces qui offrent une protection \u00e0 large spectre contre les rayons UVA\/UVB, cr\u00e9ant ainsi une barri\u00e8re fiable pour votre peau. De plus, le produit contient de la vitamine E, un puissant antioxydant qui neutralise les radicaux libres et prot\u00e8ge la peau des dommages caus\u00e9s par la lumi\u00e8re. En m\u00eame temps, la formule contient \u00e9galement de la glyc\u00e9rine, des huiles v\u00e9g\u00e9tales et d&#039;autres ingr\u00e9dients nourrissants qui nourrissent la peau en profondeur, am\u00e9liorent la s\u00e9cheresse et maintiennent votre peau hydrat\u00e9e et lisse.<\/p>\n\n\n\n<h3 class=\"wp-block-heading\">Lotion corporelle avec SPF Sc\u00e9narios applicables<\/h3>\n\n\n\n<p>Cette lotion corporelle SPF est un produit de soin pour tous les temps, mais elle est particuli\u00e8rement adapt\u00e9e aux mois chauds et ensoleill\u00e9s de l&#039;\u00e9t\u00e9, car elle offre \u00e0 votre peau une protection efficace contre le soleil, bloquant les rayons UVA\/UVB et pr\u00e9venant les coups de soleil et l&#039;hyperpigmentation. Ou nous en avons plus <a href=\"https:\/\/www.ruiqigo.com\/fr\/products\/body-lotion\/\">lotion pour le corps<\/a> options parmi lesquelles choisir.<\/p>\n\n\n\n<h3 class=\"wp-block-heading\">\u00c0 qui s&#039;adresse la lotion pour le corps avec SPF ?<\/h3>\n\n\n\n<p>Adapt\u00e9 \u00e0 tous, ce lait corporel SPF offre une protection efficace aux peaux sujettes au bronzage et pr\u00e9vient l&#039;hyperpigmentation. Ses ingr\u00e9dients riches et nourrissants am\u00e9liorent la s\u00e9cheresse qui vient avec l&#039;\u00e2ge. Id\u00e9al pour ceux qui aiment les activit\u00e9s de plein air, cet hydratant corporel offre un soin complet apr\u00e8s-soleil pour la peau \u00e0 tout moment. Si vous avez d&#039;autres besoins, n&#039;h\u00e9sitez pas \u00e0 en savoir plus sur 3TOP <a href=\"https:\/\/www.ruiqigo.com\/fr\/products\/body-care\/\">soins du corps <\/a>produits.<\/p>\n\n\n\n<h3 class=\"wp-block-heading\">Processus de production de lotion corporelle avec SPF<\/h3>\n\n\n\n<p>La lotion pour le corps avec SPF est fabriqu\u00e9e en mettant l&#039;accent sur la combinaison d&#039;agents de protection solaire hautement efficaces avec des ingr\u00e9dients hydratants. La technologie de protection solaire \u00e0 large spectre assure une protection compl\u00e8te contre les UVA et les UVB, tandis que des ingr\u00e9dients antioxydants et hydratants tels que la vitamine E et les huiles v\u00e9g\u00e9tales naturelles sont ajout\u00e9s pour renforcer la barri\u00e8re cutan\u00e9e. La stabilit\u00e9 et la dispersion des \u00e9crans solaires sont strictement contr\u00f4l\u00e9es pendant le processus de production, et des tests de compatibilit\u00e9 cutan\u00e9e sont pass\u00e9s pour garantir que le produit est s\u00fbr et non irritant. De plus, la texture l\u00e9g\u00e8re est con\u00e7ue pour offrir une absorption rapide et une hydratation longue dur\u00e9e afin de r\u00e9pondre aux doubles besoins de protection solaire quotidienne et de soin de la peau. Si vous souhaitez en savoir plus, veuillez consulter les articles associ\u00e9s <a href=\"https:\/\/www.ruiqigo.com\/fr\/body-lotion-manufacturer-elevating-skincare-standards.html\/\">lotion pour le corps<\/a> informations de fabrication.<\/p>","protected":false},"excerpt":{"rendered":"Body lotion with spf manufacturing Common Formulas The core sunscreen ingredients in this spf body lotion are Zinc Oxide and Titanium Dioxide, which are recognized as highly effective physical sunscreens that provide broad-spectrum protection against UVA\/UVB rays, creating a reliable barrier for your skin. In addition, the product contains Vitamin E, a powerful antioxidant that [&hellip;]","protected":false},"featured_media":337,"menu_order":0,"template":"","meta":[],"product-tag":[],"products":[56],"class_list":["post-336","product","type-product","status-publish","has-post-thumbnail","hentry","products-body-lotion"],"acf":[],"_links":{"self":[{"href":"https:\/\/www.ruiqigo.com\/fr\/wp-json\/wp\/v2\/product\/336","targetHints":{"allow":["GET"]}}],"collection":[{"href":"https:\/\/www.ruiqigo.com\/fr\/wp-json\/wp\/v2\/product"}],"about":[{"href":"https:\/\/www.ruiqigo.com\/fr\/wp-json\/wp\/v2\/types\/product"}],"version-history":[{"count":0,"href":"https:\/\/www.ruiqigo.com\/fr\/wp-json\/wp\/v2\/product\/336\/revisions"}],"wp:featuredmedia":[{"embeddable":true,"href":"https:\/\/www.ruiqigo.com\/fr\/wp-json\/wp\/v2\/media\/337"}],"wp:attachment":[{"href":"https:\/\/www.ruiqigo.com\/fr\/wp-json\/wp\/v2\/media?parent=336"}],"wp:term":[{"taxonomy":"product-tag","embeddable":true,"href":"https:\/\/www.ruiqigo.com\/fr\/wp-json\/wp\/v2\/product-tag?post=336"},{"taxonomy":"products","embeddable":true,"href":"https:\/\/www.ruiqigo.com\/fr\/wp-json\/wp\/v2\/products?post=336"}],"curies":[{"name":"wp","href":"https:\/\/api.w.org\/{rel}","templated":true}]}}