{"id":3386,"date":"2025-05-15T14:17:15","date_gmt":"2025-05-15T06:17:15","guid":{"rendered":"https:\/\/www.ruiqigo.com\/?post_type=product&#038;p=3386"},"modified":"2025-05-15T14:17:15","modified_gmt":"2025-05-15T06:17:15","slug":"dark-circle-eye-cream","status":"publish","type":"product","link":"https:\/\/www.ruiqigo.com\/fr\/product\/dark-circle-eye-cream","title":{"rendered":"Cr\u00e8me contour des yeux anti-cernes"},"content":{"rendered":"<h2 class=\"wp-block-heading\">Formules courantes de fabrication de cr\u00e8mes contour des yeux anti-cernes<\/h2>\n\n\n\n<p>3TOP est un fabricant professionnel de cr\u00e8mes contour des yeux anti-cernes. Nous utilisons des ingr\u00e9dients s\u00fbrs, doux et hautement actifs, sp\u00e9cialement con\u00e7us pour att\u00e9nuer les cernes, illuminer le teint et att\u00e9nuer les poches. Elles r\u00e9parent le contour des yeux pour les probl\u00e8mes oculaires tels que la pigmentation et une mauvaise circulation sanguine, et am\u00e9liorent l&#039;\u00e9clat et la fermet\u00e9 de la peau.<\/p>\n\n\n\n<p>1. <strong>Niacinamide : <\/strong>En tant que forme active de la vitamine B3, la niacinamide peut inhiber le transport de la m\u00e9lanine, att\u00e9nuer les cernes et renforcer la barri\u00e8re cutan\u00e9e. Une utilisation prolong\u00e9e peut \u00e9claircir le contour des yeux et am\u00e9liorer la texture g\u00e9n\u00e9rale de la peau.<\/p>\n\n\n\n<p>2. <strong>Caf\u00e9ine:<\/strong> La caf\u00e9ine favorise la circulation sanguine autour des yeux et r\u00e9duit les \u0153d\u00e8mes, ce qui peut att\u00e9nuer efficacement les cernes. Elle stimule \u00e9galement le m\u00e9tabolisme cellulaire, illumine le teint terne et redonne de l&#039;\u00e9nergie au regard.<\/p>\n\n\n\n<p>3. <strong>D\u00e9riv\u00e9s de la vitamine C : <\/strong>Les d\u00e9riv\u00e9s de la vitamine C peuvent \u00e9claircir en douceur la peau du contour des yeux, favoriser la synth\u00e8se du collag\u00e8ne tout en r\u00e9sistant \u00e0 l&#039;oxydation, am\u00e9liorer le teint terne et la fatigue et am\u00e9liorer la brillance de la peau.<\/p>\n\n\n\n<p>4. <strong>T\u00e9trapeptides :<\/strong> Les t\u00e9trapeptides stimulent la synth\u00e8se du collag\u00e8ne, am\u00e9liorent l&#039;\u00e9lasticit\u00e9 de la peau du contour de l&#039;\u0153il et r\u00e9duisent les rides et le rel\u00e2chement du regard li\u00e9s au vieillissement. Ils contribuent \u00e9galement \u00e0 ralentir l&#039;inflammation cutan\u00e9e, rendant la peau du contour de l&#039;\u0153il plus ferme et plus jeune.<\/p>\n\n\n\n<h2 class=\"wp-block-heading\">Les fonctions de la cr\u00e8me contour des yeux anti-cernes<\/h2>\n\n\n\n<p>1. <strong>Hydratation longue dur\u00e9e et r\u00e9tention d&#039;eau : <\/strong>La cr\u00e8me pour les yeux anti-cernes contient de l&#039;acide hyaluronique et de multiples ingr\u00e9dients hydratants, qui peuvent hydrater la peau autour des yeux pendant longtemps, pr\u00e9venir la formation de ridules s\u00e8ches et garder les yeux hydrat\u00e9s et repulp\u00e9s.<\/p>\n\n\n\n<p>2. <strong>Absorption rapide :<\/strong> La cr\u00e8me contour des yeux anti-cernes poss\u00e8de une texture cr\u00e8me l\u00e9g\u00e8re, facilement absorb\u00e9e et p\u00e9n\u00e8tre rapidement dans la peau du contour des yeux. Non grasse, elle convient \u00e0 une utilisation de jour ou avant le maquillage, sans alt\u00e9rer le maquillage.<\/p>\n\n\n\n<p>3. <strong>Doux et non irritant : <\/strong>Notre cr\u00e8me contour des yeux anti-cernes est formul\u00e9e sans parfum ni alcool. Ses ingr\u00e9dients sont doux, ce qui la rend id\u00e9ale pour les peaux sensibles et les femmes enceintes. Son innocuit\u00e9 pour la peau des yeux a \u00e9t\u00e9 test\u00e9e afin de garantir qu&#039;elle ne provoque ni irritation ni inconfort au quotidien.<\/p>\n\n\n\n<p>4. <strong>Fonctions multiples : <\/strong>Outre ses multiples fonctions, telles que raffermissante, apaisante et antioxydante, la cr\u00e8me contour des yeux anti-cernes peut \u00e9galement r\u00e9soudre de nombreux probl\u00e8mes oculaires, comme att\u00e9nuer les cernes et ralentir l&#039;apparition des ridules. Un seul produit, aux multiples fonctions, am\u00e9liore l&#039;efficacit\u00e9 globale des soins de la peau.<\/p>\n\n\n\n<h2 class=\"wp-block-heading\">Comment utiliser la cr\u00e8me contour des yeux anti-cernes<\/h2>\n\n\n\n<p>L&#039;utilisation correcte de la cr\u00e8me contour des yeux contre les cernes peut am\u00e9liorer consid\u00e9rablement son efficacit\u00e9 d&#039;absorption et r\u00e9duire l&#039;effet des cernes.<\/p>\n\n\n\n<p>1. Apr\u00e8s le nettoyage, utilisez un tonique pour revitaliser la peau et la garder hydrat\u00e9e.<\/p>\n\n\n\n<p>2. Pr\u00e9levez une quantit\u00e9 appropri\u00e9e de cr\u00e8me pour les yeux et appliquez-la sous les yeux, au bout des yeux et sur l&#039;arcade sourcili\u00e8re.<\/p>\n\n\n\n<p>3. Tapotez doucement avec l&#039;annulaire jusqu&#039;\u00e0 absorption compl\u00e8te, en \u00e9vitant de tirer sur la peau, ce qui la rel\u00e2cherait. L&#039;utilisation d&#039;un masseur oculaire am\u00e9liorera l&#039;effet.<\/p>\n\n\n\n<p><strong>Recommandation:<\/strong> Utiliser une fois le matin et le soir chaque jour, avec des techniques de massage douces, afin que les ingr\u00e9dients puissent mieux p\u00e9n\u00e9trer la couche inf\u00e9rieure de la peau et activer la microcirculation des yeux.<\/p>\n\n\n\n<h2 class=\"wp-block-heading\">Prudence<\/h2>\n\n\n\n<p>1. <strong>Le massage des yeux doit \u00eatre mod\u00e9r\u00e9 : <\/strong>Le massage doit \u00eatre doux, \u00e9vitez de tirer fort, afin de ne pas irriter la zone fragile des yeux et de provoquer des effets ind\u00e9sirables.<\/p>\n\n\n\n<p>2. <strong>\u00c9vitez le contact direct avec le globe oculaire : <\/strong>Lors de l&#039;utilisation d&#039;une cr\u00e8me contour des yeux, \u00e9vitez le globe oculaire et la racine des cils. En cas de contact accidentel avec les yeux, rincez imm\u00e9diatement \u00e0 l&#039;eau claire.<\/p>\n\n\n\n<p>3. <strong>Effectuer un test de sensibilit\u00e9 pour la premi\u00e8re utilisation : <\/strong>Il est recommand\u00e9 de l&#039;essayer derri\u00e8re les oreilles ou autour des yeux pendant 24 heures, puis de l&#039;utiliser normalement apr\u00e8s avoir confirm\u00e9 qu&#039;il n&#039;y a pas d&#039;irritation.<\/p>\n\n\n\n<p>4. <strong>Utiliser avec un \u00e9cran solaire : <\/strong>Apr\u00e8s avoir utilis\u00e9 ce produit, il est recommand\u00e9 d&#039;utiliser des produits de protection solaire pour emp\u00eacher les rayons ultraviolets d&#039;aggraver le d\u00e9p\u00f4t de pigments et d&#039;am\u00e9liorer l&#039;effet de d\u00e9coloration des cernes.<\/p>\n\n\n\n<h2 class=\"wp-block-heading\">Conclusion<\/h2>\n\n\n\n<p>La Cr\u00e8me Contour des Yeux Anti-Cernes est un soin hautement efficace, sp\u00e9cialement con\u00e7u pour les probl\u00e8mes oculaires. Elle associe plusieurs ingr\u00e9dients actifs pour att\u00e9nuer les cernes, raffermir le contour des yeux et att\u00e9nuer les poches. Sa texture douce p\u00e9n\u00e8tre rapidement et convient \u00e0 tous les types de peau, offrant un \u00e9quilibre parfait entre efficacit\u00e9 et douceur. 3TOP propose une personnalisation des produits pour aider ses clients \u00e0 se d\u00e9marquer et \u00e0 r\u00e9pondre aux besoins sp\u00e9cifiques des diff\u00e9rents march\u00e9s.<\/p>","protected":false},"excerpt":{"rendered":"Dark Circle Eye Cream Manufacturing Common Formulas 3TOP is a professional dark circle eye cream manufacturer. We insist on using safe and mild, highly active ingredients, which are specially designed to reduce dark circles, brighten skin tone, and improve eye bags. It repairs the skin around the eyes for eye problems such as pigmentation and [&hellip;]","protected":false},"featured_media":3387,"menu_order":0,"template":"","meta":[],"product-tag":[],"products":[162],"class_list":["post-3386","product","type-product","status-publish","has-post-thumbnail","hentry","products-eye-cream"],"acf":[],"_links":{"self":[{"href":"https:\/\/www.ruiqigo.com\/fr\/wp-json\/wp\/v2\/product\/3386","targetHints":{"allow":["GET"]}}],"collection":[{"href":"https:\/\/www.ruiqigo.com\/fr\/wp-json\/wp\/v2\/product"}],"about":[{"href":"https:\/\/www.ruiqigo.com\/fr\/wp-json\/wp\/v2\/types\/product"}],"version-history":[{"count":0,"href":"https:\/\/www.ruiqigo.com\/fr\/wp-json\/wp\/v2\/product\/3386\/revisions"}],"wp:featuredmedia":[{"embeddable":true,"href":"https:\/\/www.ruiqigo.com\/fr\/wp-json\/wp\/v2\/media\/3387"}],"wp:attachment":[{"href":"https:\/\/www.ruiqigo.com\/fr\/wp-json\/wp\/v2\/media?parent=3386"}],"wp:term":[{"taxonomy":"product-tag","embeddable":true,"href":"https:\/\/www.ruiqigo.com\/fr\/wp-json\/wp\/v2\/product-tag?post=3386"},{"taxonomy":"products","embeddable":true,"href":"https:\/\/www.ruiqigo.com\/fr\/wp-json\/wp\/v2\/products?post=3386"}],"curies":[{"name":"wp","href":"https:\/\/api.w.org\/{rel}","templated":true}]}}