{"id":3392,"date":"2025-05-15T14:18:35","date_gmt":"2025-05-15T06:18:35","guid":{"rendered":"https:\/\/www.ruiqigo.com\/?post_type=product&#038;p=3392"},"modified":"2025-05-15T14:18:36","modified_gmt":"2025-05-15T06:18:36","slug":"collagen-eye-mask","status":"publish","type":"product","link":"https:\/\/www.ruiqigo.com\/fr\/product\/collagen-eye-mask","title":{"rendered":"Masque pour les yeux au collag\u00e8ne"},"content":{"rendered":"<h2 class=\"wp-block-heading\">Formules courantes de fabrication de masques pour les yeux au collag\u00e8ne<\/h2>\n\n\n\n<p>En tant que fabricant professionnel de masques pour les yeux au collag\u00e8ne, nous s\u00e9lectionnons des ingr\u00e9dients actifs tels que le collag\u00e8ne hydrolys\u00e9 de haute puret\u00e9, l&#039;hyaluronate de sodium et les d\u00e9riv\u00e9s de la vitamine C pour aider \u00e0 resserrer la peau autour des yeux, estomper les cernes, lisser les ridules et apporter des effets hydratants et apaisants durables aux yeux.<\/p>\n\n\n\n<p>1.<strong> Collag\u00e8ne hydrolys\u00e9 :<\/strong> Le collag\u00e8ne hydrolys\u00e9 favorise la r\u00e9g\u00e9n\u00e9ration de l&#039;\u00e9lastine cutan\u00e9e, am\u00e9liore la fermet\u00e9 du contour des yeux, am\u00e9liore les ridules et le rel\u00e2chement du contour des yeux et rend la peau du contour des yeux plus jeune et plus pleine.<\/p>\n\n\n\n<p>2. <strong>Hyaluronate de sodium : <\/strong>L&#039;hyaluronate de sodium est un ingr\u00e9dient hydratant tr\u00e8s efficace qui peut hydrater rapidement le contour des yeux, soulager la s\u00e9cheresse autour des yeux, r\u00e9parer la barri\u00e8re cutan\u00e9e et am\u00e9liorer le confort du produit pendant l&#039;utilisation et l&#039;effet hydratant et de blocage de l&#039;eau \u00e0 long terme.<\/p>\n\n\n\n<p>3. <strong>D\u00e9riv\u00e9s de la vitamine C : <\/strong>Les d\u00e9riv\u00e9s de la vitamine C sont des facteurs de blanchiment doux et stables qui peuvent inhiber efficacement la production de m\u00e9lanine, \u00e9claircir le teint des yeux et am\u00e9liorer les cernes de type pigmentation.<\/p>\n\n\n\n<p>4. <strong>Caf\u00e9ine: <\/strong>La caf\u00e9ine peut acc\u00e9l\u00e9rer la circulation sanguine autour des yeux, aider \u00e0 soulager les poches sous les yeux et les cernes vasculaires et rendre la peau autour des yeux plus fra\u00eeche.<\/p>\n\n\n\n<p>5. <strong>Extrait d&#039;hamam\u00e9lis :<\/strong> Il a un effet apaisant et astringent, peut aider \u00e0 calmer la peau autour des yeux, r\u00e9duire les rougeurs et les gonflements et convient aux personnes ayant la peau sensible.<\/p>\n\n\n\n<h2 class=\"wp-block-heading\">Les fonctions du masque contour des yeux au collag\u00e8ne<\/h2>\n\n\n\n<p>1. <strong>Compresse froide et effet apaisant double en un :<\/strong> Le masque pour les yeux au collag\u00e8ne est fabriqu\u00e9 \u00e0 partir d&#039;un mat\u00e9riau hydrogel, qui est non seulement tr\u00e8s ajust\u00e9 et facile \u00e0 transporter, mais peut \u00e9galement refroidir en continu et soulager la fatigue oculaire pendant l&#039;utilisation, obtenant le double effet de compresse froide et d&#039;apaisement.<\/p>\n\n\n\n<p>2. <strong>R\u00e9paration rapide, effet rapide : <\/strong>Le masque contour des yeux au collag\u00e8ne agit tr\u00e8s rapidement. En seulement 15 minutes, le contour des yeux est consid\u00e9rablement hydrat\u00e9. C&#039;est un choix id\u00e9al pour les p\u00e9riodes d&#039;hydratation, comme apr\u00e8s une veill\u00e9e nocturne et avant le maquillage.<\/p>\n\n\n\n<p>3. <strong>Haute efficacit\u00e9 de p\u00e9n\u00e9tration et d\u2019absorption : <\/strong>Notre masque contour des yeux au collag\u00e8ne est doux et hautement adh\u00e9rent. Il ne glisse pas facilement lorsqu&#039;il est appliqu\u00e9 sur le contour des yeux. Utilis\u00e9 en massage doux, il favorise l&#039;absorption des ingr\u00e9dients essentiels et augmente la p\u00e9n\u00e9tration.<\/p>\n\n\n\n<p>4. <strong>Un patch avec plusieurs effets :<\/strong> Le masque pour les yeux au collag\u00e8ne cible non seulement les cernes, mais soulage \u00e9galement simultan\u00e9ment les probl\u00e8mes tels que les ridules et les poches sous les yeux, am\u00e9liorant ainsi la jeunesse g\u00e9n\u00e9rale du contour des yeux.<\/p>\n\n\n\n<h2 class=\"wp-block-heading\">Comment utiliser le masque pour les yeux au collag\u00e8ne<\/h2>\n\n\n\n<p>Le masque contour des yeux au collag\u00e8ne est facile \u00e0 utiliser et efficace, id\u00e9al pour les soins quotidiens et avant le maquillage. Nous vous recommandons de l&#039;utiliser apr\u00e8s le nettoyage pour maximiser ses effets hydratants et raffermissants.<\/p>\n\n\n\n<p>1. <strong>Nettoyer le contour des yeux : <\/strong>Utilisez un nettoyant doux pour nettoyer soigneusement votre visage et assurez-vous qu\u2019il n\u2019y a pas de r\u00e9sidus d\u2019huile ou de maquillage autour de vos yeux.<\/p>\n\n\n\n<p>2. <strong>Retirer le masque pour les yeux : <\/strong>Apr\u00e8s avoir d\u00e9chir\u00e9 l&#039;emballage, retirez soigneusement le masque pour les yeux pour \u00e9viter de le tirer fort pour ne pas le d\u00e9former.<\/p>\n\n\n\n<p>3. <strong>Appliquer sur les yeux :<\/strong> Appliquez d\u00e9licatement le masque pour les yeux sur la zone des poches sous les yeux et ajustez-le pour qu&#039;il s&#039;adapte.<\/p>\n\n\n\n<p>4. <strong>Attendez 10 \u00e0 20 minutes : <\/strong>Attendez que la peau des yeux absorbe l\u2019essence du masque pour les yeux.<\/p>\n\n\n\n<p>5. <strong>Retirer et masser :<\/strong> Retirez le masque pour les yeux et tapotez le contour des yeux avec l&#039;annulaire pour aider \u00e0 absorber l&#039;essence restante.<\/p>\n\n\n\n<h2 class=\"wp-block-heading\">Prudence<\/h2>\n\n\n\n<p>1. <strong>\u00c9viter le contact direct avec les yeux :<\/strong> Lors de l&#039;utilisation, \u00e9vitez le contact avec les paupi\u00e8res et la racine des cils afin d&#039;\u00e9viter tout contact avec les yeux. En cas de contact accidentel avec les yeux, rincez imm\u00e9diatement \u00e0 l&#039;eau claire.<\/p>\n\n\n\n<p>2. <strong>Ne pas utiliser avec des essences fortes pour les yeux :<\/strong> Pour \u00e9viter toute irritation ou toute absorption excessive, veuillez \u00e9viter d&#039;utiliser ce produit avec des produits hautement actifs tels que l&#039;acide de fruits et le r\u00e9tinol.<\/p>\n\n\n\n<p>3. <strong>Veuillez effectuer un test local avant la premi\u00e8re utilisation : <\/strong>Bien que la formule du masque pour les yeux au collag\u00e8ne soit douce, nous recommandons tout de m\u00eame de tester derri\u00e8re l&#039;oreille ou le poignet avant la premi\u00e8re utilisation pour garantir l&#039;absence d&#039;irritation.<\/p>\n\n\n\n<p>4. <strong>Conserver dans un endroit frais et sec :<\/strong> Les temp\u00e9ratures \u00e9lev\u00e9es et la lumi\u00e8re du soleil peuvent alt\u00e9rer la texture du gel et la stabilit\u00e9 des principes actifs. Il est recommand\u00e9 d&#039;\u00e9viter l&#039;exposition directe au soleil et de conserver le produit dans un endroit frais et sec.<\/p>\n\n\n\n<h2 class=\"wp-block-heading\">Conclusion<\/h2>\n\n\n\n<p>Le masque contour des yeux au collag\u00e8ne est un soin populaire pour les yeux, gr\u00e2ce \u00e0 sa combinaison d&#039;ingr\u00e9dients actifs hautement efficaces et doux, sa texture agr\u00e9able et ses multiples fonctions. Qu&#039;il soit utilis\u00e9 pour la r\u00e9paration quotidienne ou comme soin de premi\u00e8re n\u00e9cessit\u00e9 avant le maquillage, il se distingue par ses effets significatifs et son confort d&#039;utilisation optimal.<\/p>","protected":false},"excerpt":{"rendered":"Collagen Eye Mask Manufacturing Common Formulas As a professional collagen eye mask manufacturer, we select active ingredients such as high-purity hydrolyzed collagen, sodium hyaluronate, and vitamin C derivatives to help tighten the skin around the eyes, fade dark circles, smooth fine lines, and bring long-lasting moisturizing and soothing effects to the eyes. 1. Hydrolyzed collagen: [&hellip;]","protected":false},"featured_media":3393,"menu_order":0,"template":"","meta":[],"product-tag":[],"products":[163],"class_list":["post-3392","product","type-product","status-publish","has-post-thumbnail","hentry","products-eye-mask"],"acf":[],"_links":{"self":[{"href":"https:\/\/www.ruiqigo.com\/fr\/wp-json\/wp\/v2\/product\/3392","targetHints":{"allow":["GET"]}}],"collection":[{"href":"https:\/\/www.ruiqigo.com\/fr\/wp-json\/wp\/v2\/product"}],"about":[{"href":"https:\/\/www.ruiqigo.com\/fr\/wp-json\/wp\/v2\/types\/product"}],"version-history":[{"count":0,"href":"https:\/\/www.ruiqigo.com\/fr\/wp-json\/wp\/v2\/product\/3392\/revisions"}],"wp:featuredmedia":[{"embeddable":true,"href":"https:\/\/www.ruiqigo.com\/fr\/wp-json\/wp\/v2\/media\/3393"}],"wp:attachment":[{"href":"https:\/\/www.ruiqigo.com\/fr\/wp-json\/wp\/v2\/media?parent=3392"}],"wp:term":[{"taxonomy":"product-tag","embeddable":true,"href":"https:\/\/www.ruiqigo.com\/fr\/wp-json\/wp\/v2\/product-tag?post=3392"},{"taxonomy":"products","embeddable":true,"href":"https:\/\/www.ruiqigo.com\/fr\/wp-json\/wp\/v2\/products?post=3392"}],"curies":[{"name":"wp","href":"https:\/\/api.w.org\/{rel}","templated":true}]}}