{"id":3400,"date":"2025-05-15T14:19:58","date_gmt":"2025-05-15T06:19:58","guid":{"rendered":"https:\/\/www.ruiqigo.com\/?post_type=product&#038;p=3400"},"modified":"2025-05-15T14:19:58","modified_gmt":"2025-05-15T06:19:58","slug":"brightening-ampoule","status":"publish","type":"product","link":"https:\/\/www.ruiqigo.com\/fr\/product\/brightening-ampoule","title":{"rendered":"Ampoule \u00e9claircissante"},"content":{"rendered":"<h2 class=\"wp-block-heading\">Formules courantes de fabrication d&#039;ampoules \u00e9claircissantes<\/h2>\n\n\n\n<p>La formule de l&#039;ampoule \u00e9claircissante utilise de multiples ingr\u00e9dients \u00e9claircissants, tels que la niacinamide, l&#039;acide tranexamique, l&#039;arbutine et l&#039;hyaluronate de sodium de haute puret\u00e9. Gr\u00e2ce \u00e0 une technologie stable et \u00e0 des proc\u00e9d\u00e9s \u00e9prouv\u00e9s, elle contribue \u00e0 att\u00e9nuer le teint terne, \u00e0 illuminer le teint et \u00e0 lui apporter une sensation de luminosit\u00e9 et de transparence.<\/p>\n\n\n\n<p>1. <strong>Niacinamide :<\/strong> La niacinamide est un ingr\u00e9dient blanchissant \u00e0 large spectre qui poss\u00e8de d&#039;excellentes propri\u00e9t\u00e9s d&#039;inhibition du transport de la m\u00e9lanine et peut \u00e9galement renforcer la barri\u00e8re cutan\u00e9e. Doux et non irritant, il est efficace pour am\u00e9liorer divers probl\u00e8mes de teint terne.<\/p>\n\n\n\n<p>2. <strong>Acide tranexamique :<\/strong> L&#039;acide tranexamique peut inhiber la pigmentation caus\u00e9e par les rayons ultraviolets, \u00e9claircir les taches et les marques d&#039;acn\u00e9, et poss\u00e8de des effets anti-inflammatoires. Il est particuli\u00e8rement adapt\u00e9 aux peaux sensibles. Il r\u00e9pare la peau tout en \u00e9claircissant le teint et en pr\u00e9venant la pigmentation.<\/p>\n\n\n\n<p>3. <strong>Arbutine : <\/strong>L&#039;arbutine est un ingr\u00e9dient blanchissant s\u00fbr et doux qui r\u00e9duit efficacement la production de m\u00e9lanine et pr\u00e9vient le teint terne en inhibant l&#039;activit\u00e9 de la tyrosinase. Tr\u00e8s stable, elle convient \u00e0 une utilisation \u00e0 long terme. Elle contribue \u00e0 unifier le teint et \u00e0 rehausser l&#039;\u00e9clat du teint.<\/p>\n\n\n\n<p>4. <strong>Hyaluronate de sodium : <\/strong>En tant qu&#039;ingr\u00e9dient hydratant classique, l&#039;hyaluronate de sodium peut efficacement retenir l&#039;humidit\u00e9, augmenter la teneur en humidit\u00e9 de la peau, am\u00e9liorer l&#039;efficacit\u00e9 de p\u00e9n\u00e9tration des ingr\u00e9dients blanchissants et le confort de la peau, et garder la peau hydrat\u00e9e tout en l&#039;\u00e9claircissant.<\/p>\n\n\n\n<p>5. <strong>Glutathion : <\/strong>Le glutathion est un puissant antioxydant souvent utilis\u00e9 dans les soins \u00e9claircissants pour r\u00e9duire la formation de m\u00e9lanine. Il neutralise les radicaux libres, stimule le m\u00e9tabolisme cellulaire, aide la peau \u00e0 rayonner de l&#039;int\u00e9rieur et retarde le vieillissement cutan\u00e9.<\/p>\n\n\n\n<h2 class=\"wp-block-heading\">Les fonctions de l&#039;ampoule \u00e9claircissante<\/h2>\n\n\n\n<p>1. <strong>Essence \u00e0 haute concentration : <\/strong>L&#039;ampoule \u00e9claircissante utilise une texture d&#039;essence active hautement concentr\u00e9e, qui p\u00e9n\u00e8tre rapidement et p\u00e9n\u00e8tre profond\u00e9ment dans la peau. Elle am\u00e9liore rapidement le teint terne et fatigu\u00e9 et convient parfaitement pour r\u00e9veiller la peau ou la r\u00e9parer.<\/p>\n\n\n\n<p>2. <strong>Convient \u00e0 une vari\u00e9t\u00e9 de types de peau :<\/strong> L&#039;ampoule \u00e9claircissante ne contient ni ingr\u00e9dients irritants ni alcool. Sa texture rafra\u00eechissante et non collante, son fort pouvoir hydratant et sa formule conviennent aux peaux s\u00e8ches, grasses et sensibles. Elle peut \u00eatre utilis\u00e9e en toute saison.<\/p>\n\n\n\n<p>3. <strong>Texture pure et l\u00e9g\u00e8re : <\/strong>L&#039;ampoule \u00e9claircissante a une texture transparente et pure. Elle ne blanchit pas et ne s&#039;\u00e9paissit pas apr\u00e8s utilisation. De plus, elle ne s&#039;enl\u00e8ve pas facilement lors du maquillage, ce qui n&#039;affecte pas les soins de la peau ni le maquillage ult\u00e9rieurs.<\/p>\n\n\n\n<p>4. <strong>Convient pour une utilisation avec une vari\u00e9t\u00e9 de produits de soins de la peau : <\/strong>L&#039;ampoule \u00e9claircissante peut \u00eatre utilis\u00e9e seule ou avec des appareils de beaut\u00e9 tels que des instruments de beaut\u00e9 et des vaporisateurs \u00e0 froid pour am\u00e9liorer l&#039;absorption. Elle convient aussi bien aux soins \u00e0 domicile qu&#039;aux salons de beaut\u00e9.<\/p>\n\n\n\n<h2 class=\"wp-block-heading\">Comment utiliser l&#039;ampoule \u00e9claircissante<\/h2>\n\n\n\n<p>L&#039;ampoule \u00e9claircissante est facile \u00e0 utiliser et il est recommand\u00e9 de l&#039;utiliser apr\u00e8s le toner et avant la cr\u00e8me.<\/p>\n\n\n\n<p>1. Apr\u00e8s le nettoyage, utilisez un tonique pour revitaliser votre peau.<\/p>\n\n\n\n<p>2. Ouvrez l&#039;ampoule \u00e9claircissante et d\u00e9posez l&#039;essence dans votre paume ou appliquez-la directement sur votre visage.<\/p>\n\n\n\n<p>3. Frottez et tapotez doucement du bout des doigts pour aider votre peau \u00e0 absorber l&#039;essence.<\/p>\n\n\n\n<p>4. Apr\u00e8s absorption, utilisez une lotion ou une cr\u00e8me pour hydrater et retenir l&#039;humidit\u00e9.<\/p>\n\n\n\n<p><strong>Recommandation: <\/strong>Utiliser une fois le matin et une fois le soir.<\/p>\n\n\n\n<h2 class=\"wp-block-heading\">Prudence<\/h2>\n\n\n\n<p>1. <strong>Effectuer un test cutan\u00e9 avant la premi\u00e8re utilisation :<\/strong> Les ingr\u00e9dients de l&#039;essence concentr\u00e9e \u00e9tant tr\u00e8s actifs, il est recommand\u00e9 aux nouveaux utilisateurs d&#039;effectuer un test cutan\u00e9 derri\u00e8re les oreilles ou le long de la m\u00e2choire pour confirmer qu&#039;il n&#039;y a pas d&#039;inconfort avant de l&#039;utiliser sur l&#039;ensemble du visage.<\/p>\n\n\n\n<p>2. <strong>\u00c9vitez d&#039;utiliser avec des produits fortement acides : <\/strong>L&#039;ampoule \u00e9claircissante contient des ingr\u00e9dients blanchissants actifs. \u00c9vitez de l&#039;utiliser avec des produits \u00e0 base d&#039;acides de fruits ou d&#039;acides A afin de ne pas agresser la barri\u00e8re cutan\u00e9e.<\/p>\n\n\n\n<p>3. <strong>Faites attention \u00e0 la protection solaire apr\u00e8s utilisation : <\/strong>Les produits \u00e9claircissants peuvent am\u00e9liorer la transparence de la peau, mais ils sont \u00e9galement plus sensibles aux rayons ultraviolets. Veuillez utiliser une cr\u00e8me solaire \u00e0 indice \u00e9lev\u00e9 apr\u00e8s utilisation pour \u00e9viter le noircissement.<\/p>\n\n\n\n<p>4. <strong>Ne pas utiliser sur des zones ab\u00eem\u00e9es ou enflamm\u00e9es :<\/strong> S&#039;il y a des plaies ou une inflammation \u00e9videntes sur le visage, veuillez \u00e9viter d&#039;utiliser ce produit pour \u00e9viter tout inconfort ou affecter la r\u00e9cup\u00e9ration.<\/p>\n\n\n\n<p>5. <strong>Conserver dans un endroit sombre : <\/strong>Pour maintenir le meilleur effet de r\u00e9paration, veuillez conserver ce produit dans un endroit frais et sec \u00e0 l&#039;abri de la lumi\u00e8re.<\/p>\n\n\n\n<h2 class=\"wp-block-heading\">Conclusion<\/h2>\n\n\n\n<p>L&#039;ampoule \u00e9claircissante se distingue parmi de nombreux produits de soin \u00e9claircissants gr\u00e2ce \u00e0 sa formule hautement active et \u00e0 son pouvoir \u00e9claircissant \u00e9lev\u00e9. Ce produit associe des ingr\u00e9dients scientifiques et doux pour une utilisation s\u00fbre et une efficacit\u00e9 stable, tout en am\u00e9liorant la sensation de peau. Qu&#039;il soit utilis\u00e9 comme soin \u00e9claircissant quotidien ou comme soin \u00e9claircissant en institut, il constitue un excellent choix.<\/p>","protected":false},"excerpt":{"rendered":"Brightening Ampoule Manufacturing Common Formulas The brightening ampoule formula uses multiple skin-lightening factors such as high-purity niacinamide, tranexamic acid, arbutin and sodium hyaluronate. Through stable technology and mature processes, it helps to lighten dullness, brighten skin tone, and bring a bright and transparent feeling to the skin. 1. Niacinamide: Niacinamide is a broad-spectrum whitening ingredient [&hellip;]","protected":false},"featured_media":3401,"menu_order":0,"template":"","meta":[],"product-tag":[],"products":[171],"class_list":["post-3400","product","type-product","status-publish","has-post-thumbnail","hentry","products-ampoule"],"acf":[],"_links":{"self":[{"href":"https:\/\/www.ruiqigo.com\/fr\/wp-json\/wp\/v2\/product\/3400","targetHints":{"allow":["GET"]}}],"collection":[{"href":"https:\/\/www.ruiqigo.com\/fr\/wp-json\/wp\/v2\/product"}],"about":[{"href":"https:\/\/www.ruiqigo.com\/fr\/wp-json\/wp\/v2\/types\/product"}],"version-history":[{"count":0,"href":"https:\/\/www.ruiqigo.com\/fr\/wp-json\/wp\/v2\/product\/3400\/revisions"}],"wp:featuredmedia":[{"embeddable":true,"href":"https:\/\/www.ruiqigo.com\/fr\/wp-json\/wp\/v2\/media\/3401"}],"wp:attachment":[{"href":"https:\/\/www.ruiqigo.com\/fr\/wp-json\/wp\/v2\/media?parent=3400"}],"wp:term":[{"taxonomy":"product-tag","embeddable":true,"href":"https:\/\/www.ruiqigo.com\/fr\/wp-json\/wp\/v2\/product-tag?post=3400"},{"taxonomy":"products","embeddable":true,"href":"https:\/\/www.ruiqigo.com\/fr\/wp-json\/wp\/v2\/products?post=3400"}],"curies":[{"name":"wp","href":"https:\/\/api.w.org\/{rel}","templated":true}]}}