{"id":341,"date":"2024-07-05T21:27:41","date_gmt":"2024-07-05T13:27:41","guid":{"rendered":"https:\/\/ruiqigo.com\/?post_type=product&#038;p=341"},"modified":"2024-09-26T17:43:03","modified_gmt":"2024-09-26T09:43:03","slug":"vitamin-c-body-lotion","status":"publish","type":"product","link":"https:\/\/www.ruiqigo.com\/fr\/product\/vitamin-c-body-lotion","title":{"rendered":"Lotion corporelle \u00e0 la vitamine C"},"content":{"rendered":"<h2 class=\"wp-block-heading\">Fabrication de lotions corporelles \u00e0 la vitamine C Formules courantes<\/h2>\n\n\n\n<p>L&#039;ingr\u00e9dient principal de cette lotion corporelle \u00e0 la vitamine C est l&#039;acide ascorbique (vitamine C), un puissant antioxydant qui neutralise les radicaux libres, am\u00e9liore le teint terne et la pigmentation et restaure l&#039;\u00e9clat de la peau. De plus, la formule contient \u00e9galement de l&#039;huile de graines de jojoba et des tocoph\u00e9rols et d&#039;autres ingr\u00e9dients nourrissants, qui peuvent hydrater et nourrir la peau en profondeur, am\u00e9liorer la s\u00e9cheresse et la rugosit\u00e9 du probl\u00e8me, de sorte que la peau soit douce et hydrat\u00e9e.<\/p>\n\n\n\n<h2 class=\"wp-block-heading\">Lotion corporelle \u00e0 la vitamine C Sc\u00e9narios applicables<\/h2>\n\n\n\n<p>Les lotions corporelles \u00e0 la vitamine C sont un traitement blanchissant toute la journ\u00e9e, parfait pour celles qui souhaitent blanchir leur peau et augmenter son \u00e9clat gr\u00e2ce aux soins de la peau. Pendant les mois chauds et secs de l&#039;\u00e9t\u00e9, elle hydrate en profondeur la peau et am\u00e9liore la brillance, le teint terne, la s\u00e9cheresse et la rugosit\u00e9. Pendant les mois froids et humides de l&#039;hiver, ses ingr\u00e9dients nourrissants riches nourrissent la peau et soulagent l&#039;inconfort cutan\u00e9 induit par le froid. Ou nous en avons plus <a href=\"https:\/\/www.ruiqigo.com\/fr\/products\/body-lotion\/\">lotion pour le corps<\/a> options parmi lesquelles choisir.<\/p>\n\n\n\n<h2 class=\"wp-block-heading\">\u00c0 qui s&#039;adresse la lotion corporelle \u00e0 la vitamine C<\/h2>\n\n\n\n<p>Les lotions corporelles \u00e0 la vitamine C conviennent aux utilisateurs de tous \u00e2ges. Pour les adolescents, elle peut am\u00e9liorer efficacement le teint terne, la rugosit\u00e9 et d&#039;autres probl\u00e8mes de la peau, afin que la peau retrouve son \u00e9clat ; pour les groupes d&#039;\u00e2ge moyen et les personnes \u00e2g\u00e9es, elle est riche en ingr\u00e9dients nourrissants pour am\u00e9liorer la s\u00e9cheresse caus\u00e9e par le vieillissement, afin que la peau soit douce et hydrat\u00e9e ; en m\u00eame temps, elle convient \u00e9galement \u00e0 ceux qui aiment pratiquer des activit\u00e9s de plein air, afin que la peau b\u00e9n\u00e9ficie toujours d&#039;une gamme compl\u00e8te de soins. Si vous avez d&#039;autres besoins, n&#039;h\u00e9sitez pas \u00e0 en savoir plus sur 3TOP <a href=\"https:\/\/www.ruiqigo.com\/fr\/products\/body-care\/\">soins du corps<\/a> produits.<\/p>\n\n\n\n<h2 class=\"wp-block-heading\">Processus de production de lotion corporelle \u00e0 la vitamine C<\/h2>\n\n\n\n<p>Ce qui rend les lotions corporelles \u00e0 la vitamine C sp\u00e9ciales, c&#039;est leur formule antioxydante unique et leur technologie de production avanc\u00e9e. La s\u00e9lection de d\u00e9riv\u00e9s de vitamine C hautement stables neutralise efficacement les radicaux libres et favorise l&#039;\u00e9claircissement et la r\u00e9paration de la peau. L&#039;extraction \u00e0 froid \u00e0 basse temp\u00e9rature et la technologie de barri\u00e8re \u00e0 l&#039;oxyg\u00e8ne sont utilis\u00e9es dans le processus de production pour garantir que les ingr\u00e9dients actifs de la vitamine C ne sont pas d\u00e9truits, tout en int\u00e9grant des ingr\u00e9dients hydratants tels que l&#039;acide hyaluronique pour obtenir une nutrition en profondeur. Un contr\u00f4le de qualit\u00e9 strict et une formulation sans additif garantissent la s\u00e9curit\u00e9 et l&#039;efficacit\u00e9 du produit, qui convient \u00e0 tous les types de peau. Si vous souhaitez en savoir plus, veuillez consulter les informations connexes <a href=\"https:\/\/www.ruiqigo.com\/fr\/body-lotion-manufacturer-elevating-skincare-standards.html\/\">lotion pour le corps <\/a>informations de fabrication.<\/p>","protected":false},"excerpt":{"rendered":"Vitamin C body lotion manufacturing Common Formulas The core ingredient of this Vitamin C Body Lotion is Ascorbic Acid (Vitamin C), a powerful antioxidant that neutralizes free radicals, improves dullness and pigmentation, and restores skin&#8217;s radiance. In addition, the formula also contains jojoba seed oil and tocopherols and other nourishing ingredients, can deeply hydrate and [&hellip;]","protected":false},"featured_media":342,"menu_order":0,"template":"","meta":[],"product-tag":[],"products":[56],"class_list":["post-341","product","type-product","status-publish","has-post-thumbnail","hentry","products-body-lotion"],"acf":[],"_links":{"self":[{"href":"https:\/\/www.ruiqigo.com\/fr\/wp-json\/wp\/v2\/product\/341","targetHints":{"allow":["GET"]}}],"collection":[{"href":"https:\/\/www.ruiqigo.com\/fr\/wp-json\/wp\/v2\/product"}],"about":[{"href":"https:\/\/www.ruiqigo.com\/fr\/wp-json\/wp\/v2\/types\/product"}],"version-history":[{"count":0,"href":"https:\/\/www.ruiqigo.com\/fr\/wp-json\/wp\/v2\/product\/341\/revisions"}],"wp:featuredmedia":[{"embeddable":true,"href":"https:\/\/www.ruiqigo.com\/fr\/wp-json\/wp\/v2\/media\/342"}],"wp:attachment":[{"href":"https:\/\/www.ruiqigo.com\/fr\/wp-json\/wp\/v2\/media?parent=341"}],"wp:term":[{"taxonomy":"product-tag","embeddable":true,"href":"https:\/\/www.ruiqigo.com\/fr\/wp-json\/wp\/v2\/product-tag?post=341"},{"taxonomy":"products","embeddable":true,"href":"https:\/\/www.ruiqigo.com\/fr\/wp-json\/wp\/v2\/products?post=341"}],"curies":[{"name":"wp","href":"https:\/\/api.w.org\/{rel}","templated":true}]}}