{"id":3453,"date":"2025-05-21T10:12:35","date_gmt":"2025-05-21T02:12:35","guid":{"rendered":"https:\/\/www.ruiqigo.com\/?post_type=product&#038;p=3453"},"modified":"2025-05-21T10:12:35","modified_gmt":"2025-05-21T02:12:35","slug":"oral-care-kit","status":"publish","type":"product","link":"https:\/\/www.ruiqigo.com\/fr\/product\/oral-care-kit","title":{"rendered":"Kit de soins bucco-dentaires"},"content":{"rendered":"<h2 class=\"wp-block-heading\">Caract\u00e9ristiques du kit de soins bucco-dentaires<\/h2>\n\n\n\n<p>Ce kit de soins bucco-dentaires comprend divers outils de base pour le nettoyage bucco-dentaire, notamment des brosses \u00e0 dents, du dentifrice et du fil dentaire. Pratique, il r\u00e9pond aux besoins quotidiens en mati\u00e8re de soins bucco-dentaires. Tous les composants sont fabriqu\u00e9s \u00e0 partir de mat\u00e9riaux de qualit\u00e9 alimentaire ou m\u00e9dicale, hygi\u00e9niques et sains, adapt\u00e9s \u00e0 une utilisation longue dur\u00e9e. L&#039;emballage est ind\u00e9pendant et pratique pour le rangement.<\/p>\n\n\n\n<p><strong>1. Une combinaison de divers outils de soins bucco-dentaires : <\/strong>Les configurations courantes incluent les brosses \u00e0 dents, le dentifrice, le fil dentaire, le bain de bouche, les gratte-langue, etc. Certains ensembles peuvent \u00e9galement \u00eatre personnalis\u00e9s pour ajouter des accessoires tels que des autocollants pour les dents et du gel de nettoyage des dents.<\/p>\n\n\n\n<p><strong>2. Emballage portable : <\/strong>Les kits de soins bucco-dentaires utilisent g\u00e9n\u00e9ralement des sacs portables, des sacs scell\u00e9s ou des emballages ind\u00e9pendants, ce qui est pratique pour les voyages, les voyages d&#039;affaires ou l&#039;hospitalisation.<\/p>\n\n\n\n<p><strong>3. S&#039;adapter aux diff\u00e9rents besoins de soins bucco-dentaires : <\/strong>De nombreux outils sont fournis. Qu&#039;il s&#039;agisse de soins bucco-dentaires simples ou d&#039;un nettoyage buccal en profondeur, les kits de soins bucco-dentaires vous apporteront une exp\u00e9rience agr\u00e9able.<\/p>\n\n\n\n<p><strong>4. S\u00e9curit\u00e9 et hygi\u00e8ne :<\/strong> Tous les accessoires de soins sont jetables ou r\u00e9utilisables mais fabriqu\u00e9s \u00e0 partir de mat\u00e9riaux faciles \u00e0 nettoyer, s\u00fbrs et hygi\u00e9niques, et r\u00e9pondent aux normes et exigences des soins m\u00e9dicaux ou personnels.<\/p>\n\n\n\n<h2 class=\"wp-block-heading\">Avantages du kit de soins bucco-dentaires<\/h2>\n\n\n\n<p>Ce kit de soins bucco-dentaires permet un nettoyage m\u00e9ticuleux gr\u00e2ce \u00e0 une adaptation professionnelle, couvrant les dents, les espaces interdentaires, le rev\u00eatement de la langue et les angles morts. Tr\u00e8s portable, pratique et hygi\u00e9nique, il convient \u00e0 un usage quotidien et \u00e0 la pratique. Sa conception globale allie fonctionnalit\u00e9 et exp\u00e9rience, permettant aux utilisateurs de b\u00e9n\u00e9ficier de soins bucco-dentaires de haute qualit\u00e9 en toute simplicit\u00e9.<\/p>\n\n\n\n<p><strong>1. Un ensemble pour les soins bucco-dentaires : <\/strong>Le kit de soins bucco-dentaires fournit des accessoires de soins bucco-dentaires de base et complets, ce qui permet de gagner du temps lors des achats et est tr\u00e8s efficace.<\/p>\n\n\n\n<p><strong>2. Facile \u00e0 transporter :<\/strong> Il peut \u00eatre facilement transport\u00e9 lors de voyages d&#039;affaires, de voyages, d&#039;hospitalisations, d&#039;activit\u00e9s de plein air, etc., pour maintenir votre hygi\u00e8ne bucco-dentaire \u00e0 tout moment et vous offrir une solution compl\u00e8te de soins bucco-dentaires.<\/p>\n\n\n\n<p><strong>3. \u00c9conomies de co\u00fbts : <\/strong>Par rapport \u00e0 l&#039;achat traditionnel de plusieurs outils d&#039;entretien individuellement, le prix de l&#039;ensemble sera plus rentable, le co\u00fbt sera inf\u00e9rieur et il sera plus rentable.<\/p>\n\n\n\n<p><strong>4. Aide \u00e0 d\u00e9velopper de bonnes habitudes bucco-dentaires :<\/strong> Gr\u00e2ce \u00e0 la combinaison int\u00e9gr\u00e9e d&#039;outils de soins bucco-dentaires, il est utile d&#039;inciter les utilisateurs \u00e0 \u00e9tablir des habitudes quotidiennes de soins bucco-dentaires et \u00e0 promouvoir l&#039;hygi\u00e8ne et la sant\u00e9 bucco-dentaires.<\/p>\n\n\n\n<h2 class=\"wp-block-heading\">Groupe cible du kit de soins bucco-dentaires<\/h2>\n\n\n\n<p>Le kit de soins bucco-dentaires est configur\u00e9 diff\u00e9remment selon l&#039;\u00e2ge et les besoins. La version enfant privil\u00e9gie la s\u00e9curit\u00e9 et la douceur, tandis que la version adulte privil\u00e9gie le pouvoir nettoyant et le contr\u00f4le de l&#039;haleine. De plus, ce produit peut \u00e9galement \u00eatre adapt\u00e9 aux porteurs d&#039;appareils orthodontiques, aux soignants postop\u00e9ratoires, etc., ce qui en fait un choix judicieux pour tous les types d&#039;utilisateurs.<\/p>\n\n\n\n<p><strong>1. Les personnes qui ont besoin de soins bucco-dentaires quotidiens :<\/strong> Les personnes de tout \u00e2ge qui ont besoin de soins bucco-dentaires quotidiens et qui recherchent une bonne sant\u00e9 bucco-dentaire.<\/p>\n\n\n\n<p><strong>2. Enfants et adolescents : <\/strong>Mod\u00e8les con\u00e7us sp\u00e9cifiquement pour les gencives sensibles des enfants et des adolescents afin d&#039;assurer la sant\u00e9 bucco-dentaire.<\/p>\n\n\n\n<p><strong>3. Orthodontistes : <\/strong>\u00c9quip\u00e9 de brossettes interdentaires et de b\u00e2tonnets de fil dentaire, adapt\u00e9 aux personnes qui subissent une correction buccale et portent un appareil dentaire.<\/p>\n\n\n\n<p><strong>4. Les personnes qui voyagent pour affaires : <\/strong>Vous pouvez emporter une trousse de soins bucco-dentaires portable lorsque vous voyagez pour affaires.<\/p>\n\n\n\n<h2 class=\"wp-block-heading\">Applications du kit de soins bucco-dentaires<\/h2>\n\n\n\n<p>Le kit de soins bucco-dentaires convient \u00e0 de multiples sc\u00e9narios de vie et de travail, tels que l&#039;utilisation quotidienne \u00e0 la maison, les voyages d&#039;affaires, les kits de soins m\u00e9dicaux, etc.<\/p>\n\n\n\n<p><strong>1. Soins bucco-dentaires \u00e0 domicile : <\/strong>Utilisez-le chaque matin et soir pour d\u00e9velopper de bonnes habitudes bucco-dentaires.<\/p>\n\n\n\n<p><strong>2. Essentiels pour les voyages et les d\u00e9placements professionnels : <\/strong>facile \u00e0 transporter, indispensable pour les voyages.<\/p>\n\n\n\n<p><strong>3. Trousse de soins m\u00e9dicaux : <\/strong>Il peut aider \u00e0 nettoyer la cavit\u00e9 buccale pendant les soins postop\u00e9ratoires ou l\u2019hospitalisation pour pr\u00e9venir l\u2019infection bact\u00e9rienne.<\/p>\n\n\n\n<p><strong>4. Cadeaux d\u2019affaires :<\/strong> Souvent utilis\u00e9 dans les activit\u00e9s des entreprises dans les secteurs de la sant\u00e9 et de la m\u00e9decine.<\/p>\n\n\n\n<p><strong>5. Configuration du kit d&#039;urgence : <\/strong>Assurez une hygi\u00e8ne bucco-dentaire de base lors d\u2019une op\u00e9ration de sauvetage en cas de catastrophe ou d\u2019aventures en plein air.<\/p>\n\n\n\n<h2 class=\"wp-block-heading\">Comment utiliser le kit de soins bucco-dentaires<\/h2>\n\n\n\n<p>Le kit de soins bucco-dentaires est tr\u00e8s simple et intuitif \u00e0 utiliser. Les utilisateurs peuvent nettoyer l&#039;int\u00e9rieur de la bouche selon l&#039;ordre des soins bucco-dentaires quotidiens pour un r\u00e9sultat complet.<\/p>\n\n\n\n<p><strong>1. Brossez-vous les dents une fois le matin et une fois le soir : <\/strong>Sortez la brosse \u00e0 dents et le dentifrice, pressez une quantit\u00e9 de dentifrice de la taille d&#039;un petit pois, brossez-vous les dents sur diff\u00e9rentes zones pendant 2 \u00e0 3 minutes et rincez-vous la bouche apr\u00e8s le brossage.<\/p>\n\n\n\n<p><strong>2. Utilisez du fil dentaire ou un b\u00e2tonnet de fil dentaire : <\/strong>Ins\u00e9rez-le doucement dans les espaces entre les dents et tirez-le lentement d&#039;avant en arri\u00e8re pour \u00e9liminer la plaque dentaire.<\/p>\n\n\n\n<p><strong>3. Utilisez des brossettes interdentaires (si n\u00e9cessaire) : <\/strong>Ins\u00e9rez-le dans les espaces entre les dents pour nettoyer les r\u00e9sidus dans les espaces plus grands, ce qui convient aux personnes suivant un traitement orthodontique ou \u00e0 celles ayant des espaces plus larges entre les dents.<\/p>\n\n\n\n<p><strong>4. Utilisez un gratte-langue pour nettoyer le rev\u00eatement de la langue (si n\u00e9cessaire) : <\/strong>Grattez doucement la salet\u00e9 sur la surface de la langue de l&#039;int\u00e9rieur vers l&#039;ext\u00e9rieur pour rafra\u00eechir l&#039;haleine.<\/p>\n\n\n\n<p><strong>5. Utilisez un bain de bouche : <\/strong>Versez une quantit\u00e9 appropri\u00e9e de bain de bouche, gargarisez-vous pendant 30 secondes et recrachez, pas besoin de rincer \u00e0 l&#039;eau.<\/p>\n\n\n\n<p><strong>Recommandation: <\/strong>Remplacez r\u00e9guli\u00e8rement les accessoires jetables ou facilement consommables tels que les brosses \u00e0 dents et le fil dentaire dans la trousse de soins bucco-dentaires.<\/p>\n\n\n\n<h2 class=\"wp-block-heading\">Conclusion<\/h2>\n\n\n\n<p>Avec l&#039;acc\u00e9l\u00e9ration du rythme de vie et l&#039;am\u00e9lioration de la sensibilisation \u00e0 la sant\u00e9, les soins bucco-dentaires ne se limitent plus \u00e0 la salle de bain, mais font d\u00e9sormais partie int\u00e9grante du quotidien. L&#039;applicabilit\u00e9 polyvalente du kit de soins bucco-dentaires permet non seulement d&#039;augmenter la fr\u00e9quence d&#039;utilisation des produits, mais aussi de prot\u00e9ger l&#039;hygi\u00e8ne bucco-dentaire dans diff\u00e9rentes situations. C&#039;est un choix id\u00e9al, alliant praticit\u00e9 et esth\u00e9tique.<\/p>","protected":false},"excerpt":{"rendered":"Oral Care Kit Features The oral care kit integrates a variety of basic oral cleaning tools, including toothbrushes, toothpaste, dental floss, etc. The combination is practical and can meet the daily comprehensive oral care needs. All components are supported by food-grade or medical safety materials, which are hygienic and healthy and suitable for long-term use. [&hellip;]","protected":false},"featured_media":3454,"menu_order":0,"template":"","meta":[],"product-tag":[],"products":[160],"class_list":["post-3453","product","type-product","status-publish","has-post-thumbnail","hentry","products-oral-care-kit"],"acf":[],"_links":{"self":[{"href":"https:\/\/www.ruiqigo.com\/fr\/wp-json\/wp\/v2\/product\/3453","targetHints":{"allow":["GET"]}}],"collection":[{"href":"https:\/\/www.ruiqigo.com\/fr\/wp-json\/wp\/v2\/product"}],"about":[{"href":"https:\/\/www.ruiqigo.com\/fr\/wp-json\/wp\/v2\/types\/product"}],"version-history":[{"count":0,"href":"https:\/\/www.ruiqigo.com\/fr\/wp-json\/wp\/v2\/product\/3453\/revisions"}],"wp:featuredmedia":[{"embeddable":true,"href":"https:\/\/www.ruiqigo.com\/fr\/wp-json\/wp\/v2\/media\/3454"}],"wp:attachment":[{"href":"https:\/\/www.ruiqigo.com\/fr\/wp-json\/wp\/v2\/media?parent=3453"}],"wp:term":[{"taxonomy":"product-tag","embeddable":true,"href":"https:\/\/www.ruiqigo.com\/fr\/wp-json\/wp\/v2\/product-tag?post=3453"},{"taxonomy":"products","embeddable":true,"href":"https:\/\/www.ruiqigo.com\/fr\/wp-json\/wp\/v2\/products?post=3453"}],"curies":[{"name":"wp","href":"https:\/\/api.w.org\/{rel}","templated":true}]}}