{"id":346,"date":"2024-07-08T10:40:04","date_gmt":"2024-07-08T02:40:04","guid":{"rendered":"https:\/\/ruiqigo.com\/?post_type=product&#038;p=346"},"modified":"2024-09-26T17:42:19","modified_gmt":"2024-09-26T09:42:19","slug":"hyaluronic-acid-body-lotion","status":"publish","type":"product","link":"https:\/\/www.ruiqigo.com\/fr\/product\/hyaluronic-acid-body-lotion","title":{"rendered":"Lotion corporelle \u00e0 l&#039;acide hyaluronique"},"content":{"rendered":"<h3 class=\"wp-block-heading\">Fabrication de lotions corporelles \u00e0 base d&#039;acide hyaluronique Formules courantes<\/h3>\n\n\n\n<p>L&#039;ingr\u00e9dient principal de cette lotion corporelle \u00e0 l&#039;acide hyaluronique est l&#039;hyaluronate de sodium, un polysaccharide polym\u00e8re naturel dot\u00e9 d&#039;excellentes propri\u00e9t\u00e9s hydratantes. Il peut p\u00e9n\u00e9trer rapidement la peau, former un film protecteur dans la couche interne de la peau, retenir l&#039;humidit\u00e9 de mani\u00e8re durable, de sorte que la peau soit toujours pleine d&#039;\u00e9lasticit\u00e9 et d&#039;hydratation. En m\u00eame temps, la formule contient \u00e9galement de la glyc\u00e9rine et d&#039;autres ingr\u00e9dients nourrissants, qui peuvent hydrater et nourrir la peau en profondeur, am\u00e9liorant ainsi le probl\u00e8me de s\u00e9cheresse et de rugosit\u00e9.<\/p>\n\n\n\n<h3 class=\"wp-block-heading\">Lotion corporelle \u00e0 l&#039;acide hyaluronique Sc\u00e9narios applicables<\/h3>\n\n\n\n<p>Cette lotion corporelle \u00e0 l&#039;acide hyaluronique est un soin de jour pour une hydratation en profondeur et des besoins hydratants de longue dur\u00e9e. Pendant les mois chauds et secs de l&#039;\u00e9t\u00e9, elle r\u00e9hydrate rapidement la peau pour la garder hydrat\u00e9e et repulp\u00e9e, tandis que pendant les mois froids et humides de l&#039;hiver, ses ingr\u00e9dients nourrissants riches nourrissent la peau, soulageant l&#039;inconfort de la s\u00e9cheresse induite par le froid. Quel que soit le climat dans lequel vous vous trouvez, cette lotion vous procurera un soin complet de la peau. Ou nous en avons plus <a href=\"https:\/\/www.ruiqigo.com\/fr\/products\/body-lotion\/\">lotion pour le corps<\/a> options parmi lesquelles choisir.<\/p>\n\n\n\n<h3 class=\"wp-block-heading\">\u00c0 qui s&#039;adressent les lotions corporelles \u00e0 l&#039;acide hyaluronique<\/h3>\n\n\n\n<p>Les lotions corporelles \u00e0 l&#039;acide hyaluronique sont destin\u00e9es \u00e0 celles qui recherchent une hydratation profonde et durable. Elles sont particuli\u00e8rement adapt\u00e9es aux peaux s\u00e8ches ou matures car l&#039;acide hyaluronique attire et retient de grandes quantit\u00e9s d&#039;humidit\u00e9, r\u00e9duisant ainsi la s\u00e9cheresse et les tiraillements. Cette lotion est \u00e9galement un choix id\u00e9al pour les personnes qui ont besoin d&#039;am\u00e9liorer l&#039;\u00e9lasticit\u00e9 et la souplesse de leur peau. Si vous avez d&#039;autres besoins, n&#039;h\u00e9sitez pas \u00e0 en savoir plus sur 3TOP <a href=\"https:\/\/www.ruiqigo.com\/fr\/products\/body-care\/\">soins du corps<\/a> produits.<\/p>\n\n\n\n<h3 class=\"wp-block-heading\">Processus de production de lotion corporelle \u00e0 l&#039;acide hyaluronique<\/h3>\n\n\n\n<p>Les sp\u00e9cialit\u00e9s de production des lotions corporelles \u00e0 l&#039;acide hyaluronique sont sa formule unique et son processus de fabrication raffin\u00e9. L&#039;acide hyaluronique de haute puret\u00e9 est utilis\u00e9 pour assurer sa p\u00e9n\u00e9tration rapide et son effet hydratant profond sur la peau gr\u00e2ce \u00e0 une technologie de coupe mol\u00e9culaire avanc\u00e9e. Le pH et la temp\u00e9rature sont strictement contr\u00f4l\u00e9s pendant le processus de production pour maintenir la stabilit\u00e9 et l&#039;activit\u00e9 de l&#039;acide hyaluronique. De plus, il n&#039;y a pas de parfums ni d&#039;alcool ajout\u00e9s pour r\u00e9duire le risque d&#039;inconfort pouvant provoquer une peau sensible. Si vous souhaitez en savoir plus, veuillez consulter les informations connexes <a href=\"https:\/\/www.ruiqigo.com\/fr\/body-lotion-manufacturer-elevating-skincare-standards.html\/\">lotion pour le corps<\/a> informations de fabrication.<\/p>","protected":false},"excerpt":{"rendered":"Hyaluronic acid body lotion manufacturing Common Formulas The core ingredient of this hyaluronic acid body lotion is sodium hyaluronate, a natural polymer polysaccharide with excellent moisturizing properties. It can quickly penetrate the skin, forming a protective film in the inner layer of the skin, long-lasting lock moisture, so that the skin is always full of [&hellip;]","protected":false},"featured_media":440,"menu_order":0,"template":"","meta":[],"product-tag":[],"products":[56],"class_list":["post-346","product","type-product","status-publish","has-post-thumbnail","hentry","products-body-lotion"],"acf":[],"_links":{"self":[{"href":"https:\/\/www.ruiqigo.com\/fr\/wp-json\/wp\/v2\/product\/346","targetHints":{"allow":["GET"]}}],"collection":[{"href":"https:\/\/www.ruiqigo.com\/fr\/wp-json\/wp\/v2\/product"}],"about":[{"href":"https:\/\/www.ruiqigo.com\/fr\/wp-json\/wp\/v2\/types\/product"}],"version-history":[{"count":0,"href":"https:\/\/www.ruiqigo.com\/fr\/wp-json\/wp\/v2\/product\/346\/revisions"}],"wp:featuredmedia":[{"embeddable":true,"href":"https:\/\/www.ruiqigo.com\/fr\/wp-json\/wp\/v2\/media\/440"}],"wp:attachment":[{"href":"https:\/\/www.ruiqigo.com\/fr\/wp-json\/wp\/v2\/media?parent=346"}],"wp:term":[{"taxonomy":"product-tag","embeddable":true,"href":"https:\/\/www.ruiqigo.com\/fr\/wp-json\/wp\/v2\/product-tag?post=346"},{"taxonomy":"products","embeddable":true,"href":"https:\/\/www.ruiqigo.com\/fr\/wp-json\/wp\/v2\/products?post=346"}],"curies":[{"name":"wp","href":"https:\/\/api.w.org\/{rel}","templated":true}]}}