{"id":3463,"date":"2025-05-21T15:46:41","date_gmt":"2025-05-21T07:46:41","guid":{"rendered":"https:\/\/www.ruiqigo.com\/?post_type=product&#038;p=3463"},"modified":"2025-05-21T15:46:41","modified_gmt":"2025-05-21T07:46:41","slug":"natural-hair-mousse","status":"publish","type":"product","link":"https:\/\/www.ruiqigo.com\/fr\/product\/natural-hair-mousse","title":{"rendered":"Mousse capillaire naturelle"},"content":{"rendered":"<h2 class=\"wp-block-heading\">Formules courantes de fabrication de mousse capillaire naturelle<\/h2>\n\n\n\n<p>3TOP&#039;s Natural s&#039;engage \u00e0 s\u00e9lectionner des ingr\u00e9dients d&#039;origine v\u00e9g\u00e9tale s\u00fbrs, doux et efficaces, sans huile de silicone ni parfums synth\u00e9tiques, pour prot\u00e9ger la sant\u00e9 des cheveux et du cuir chevelu pendant le coiffage. La formule courante de la mousse capillaire naturelle int\u00e8gre une vari\u00e9t\u00e9 d&#039;ingr\u00e9dients v\u00e9g\u00e9taux actifs aux propri\u00e9t\u00e9s r\u00e9paratrices, nourrissantes et antioxydantes, pour un look naturel et rafra\u00eechissant et une chevelure plus r\u00e9sistante.<\/p>\n\n\n\n<p><strong>1. Gomme xanthane : <\/strong>La gomme xanthane est extraite de la fermentation v\u00e9g\u00e9tale et peut fournir un pouvoir coiffant l\u00e9ger \u00e0 mod\u00e9r\u00e9, augmenter l&#039;\u00e9lasticit\u00e9 et le moelleux des cheveux.<\/p>\n\n\n\n<p><strong>2. Huile de coco : <\/strong>L&#039;huile de coco est riche en acides gras \u00e0 cha\u00eene moyenne, tels que l&#039;acide laurique, qui peuvent p\u00e9n\u00e9trer en profondeur la tige capillaire, r\u00e9parer les \u00e9cailles capillaires endommag\u00e9es, pr\u00e9venir la perte de prot\u00e9ines et rendre les cheveux lisses et forts.<\/p>\n\n\n\n<p><strong>3. Glyc\u00e9rine : <\/strong>La glyc\u00e9rine est un hydratant naturel qui peut absorber l&#039;humidit\u00e9 de l&#039;air et retenir l&#039;humidit\u00e9 dans les cheveux, aidant \u00e0 emp\u00eacher les cheveux de se dess\u00e9cher et \u00e0 maintenir la texture douce de la mousse et l&#039;\u00e9lasticit\u00e9 des cheveux.<\/p>\n\n\n\n<p><strong>4. Jus d&#039;Aloe Vera : <\/strong>Le jus d&#039;aloe vera est \u00e9galement un hydratant naturel qui apaise le cuir chevelu, r\u00e9duit les rougeurs et les d\u00e9mangeaisons et r\u00e9pare les cheveux ab\u00eem\u00e9s. Il contribue \u00e9galement \u00e0 retenir l&#039;hydratation et \u00e0 pr\u00e9server la douceur des cheveux pendant le coiffage.<\/p>\n\n\n\n<p><strong>5. Beurre de karit\u00e9 : <\/strong>Le beurre de karit\u00e9 est riche en acides gras et en vitamine E, et poss\u00e8de de puissantes propri\u00e9t\u00e9s hydratantes et antioxydantes. Il forme une barri\u00e8re naturelle \u00e0 la surface des cheveux, les prot\u00e8ge des dommages caus\u00e9s par les appareils chauffants et contr\u00f4le efficacement les frisottis et l&#039;\u00e9lectricit\u00e9 statique.<\/p>\n\n\n\n<h2 class=\"wp-block-heading\">Les fonctions de la mousse capillaire naturelle<\/h2>\n\n\n\n<p>La mousse capillaire naturelle adh\u00e8re au principe de \u00ab\u00a0l\u00e9g\u00e8ret\u00e9 et multi-effets\u00a0\u00bb et est con\u00e7ue pour un coiffage et un soin capillaire naturels. Que vos cheveux soient lisses, boucl\u00e9s, courts ou longs, vous pouvez cr\u00e9er une coiffure id\u00e9ale tout en prenant soin de votre sant\u00e9 capillaire.<\/p>\n\n\n\n<p><strong>1. Fort pouvoir de fixation : <\/strong>S&#039;appuyant sur l&#039;activit\u00e9 v\u00e9g\u00e9tale et des polym\u00e8res doux pour obtenir une fixation flexible, la coiffure est plus naturelle, ni raide ni grumeleuse, adapt\u00e9e au coiffage quotidien et \u00e0 la modification naturelle des boucles.<\/p>\n\n\n\n<p><strong>2. Texture l\u00e9g\u00e8re :<\/strong> La mousse capillaire naturelle a une mousse fine et uniforme, l\u00e9g\u00e8re en main, peut p\u00e9n\u00e9trer rapidement la fibre capillaire, n&#039;obstrue pas les pores, ne laisse pas de grumeaux, convient \u00e0 une utilisation toute la journ\u00e9e.<\/p>\n\n\n\n<p><strong>3. Retient l&#039;humidit\u00e9 et hydrate, anti-frisottis :<\/strong> La mousse capillaire naturelle ajoute plusieurs ingr\u00e9dients hydratants naturels pour former un film d&#039;eau invisible \u00e0 l&#039;ext\u00e9rieur des cheveux, combattant efficacement l&#039;\u00e9lectricit\u00e9 statique, la s\u00e9cheresse et les frisottis, rendant les cheveux doux, brillants et lisses.<\/p>\n\n\n\n<p><strong>4. Doux pour la peau et non irritant :<\/strong> Il ne contient pas d&#039;alcool, de parfums artificiels, de conservateurs allerg\u00e8nes courants, etc. Il aide \u00e0 \u00e9viter les rougeurs et les desquamations du cuir chevelu et peut \u00eatre utilis\u00e9 en toute confiance par les personnes sensibles.<\/p>\n\n\n\n<p><strong>5. Aucun r\u00e9sidu, facile \u00e0 rincer : <\/strong>La mousse capillaire naturelle n&#039;adh\u00e8re pas facilement au cuir chevelu et aux \u00e9cailles des cheveux et peut \u00eatre facilement retir\u00e9e apr\u00e8s le shampooing, vous permettant ainsi de garder vos cheveux frais et sans fardeau sans utiliser de produits de nettoyage puissants.<\/p>\n\n\n\n<h2 class=\"wp-block-heading\">Comment utiliser la mousse capillaire naturelle<\/h2>\n\n\n\n<p>Utiliser une mousse capillaire naturelle est tr\u00e8s simple. Suivez simplement les \u00e9tapes ci-dessous apr\u00e8s le shampoing.<\/p>\n\n\n\n<p><strong>1. Nettoyez vos cheveux : <\/strong>Utilisez un shampooing doux et non irritant pour nettoyer vos cheveux et assurez-vous qu&#039;ils sont propres et sans graisse.<\/p>\n\n\n\n<p><strong>2. S\u00e9chez vos cheveux : <\/strong>Utilisez une serviette s\u00e8che pour s\u00e9cher d\u00e9licatement vos cheveux, en les laissant l\u00e9g\u00e8rement humides.<\/p>\n\n\n\n<p><strong>3. Utiliser le produit : <\/strong>Bien agiter le flacon de mousse et vaporiser une quantit\u00e9 appropri\u00e9e de mousse (environ la taille d&#039;un \u0153uf) dans vos mains.<\/p>\n\n\n\n<p><strong>4. Appliquer uniform\u00e9ment :<\/strong> Appliquez la mousse uniform\u00e9ment sur vos cheveux, des racines aux pointes, en vous assurant que chaque partie est couverte.<\/p>\n\n\n\n<p><strong>5. Style : <\/strong>Utilisez un s\u00e8che-cheveux ou laissez s\u00e9cher \u00e0 l&#039;air libre pour compl\u00e9ter le style selon vos besoins.<\/p>\n\n\n\n<h2 class=\"wp-block-heading\">Prudence<\/h2>\n\n\n\n<p><strong>1. Test d&#039;allergie :<\/strong> Avant la premi\u00e8re utilisation, veuillez tester une petite zone derri\u00e8re l&#039;oreille ou \u00e0 l&#039;int\u00e9rieur du poignet pour vous assurer qu&#039;il n&#039;y a pas de r\u00e9action allergique.<\/p>\n\n\n\n<p><strong>2. \u00c9vitez une utilisation excessive : <\/strong>L&#039;utilisation excessive de mousse capillaire naturelle peut alourdir les cheveux et affecter la sensation naturelle et moelleuse.<\/p>\n\n\n\n<p><strong>3. \u00c9viter le contact avec les yeux :<\/strong> \u00c9vitez tout contact avec les yeux pendant l&#039;utilisation. En cas de contact accidentel avec les yeux, rincez-les imm\u00e9diatement \u00e0 l&#039;eau claire.<\/p>\n\n\n\n<p><strong>4. Tenir hors de port\u00e9e des enfants : <\/strong>Veuillez garder le produit hors de port\u00e9e des enfants pour \u00e9viter toute mauvaise utilisation.<\/p>\n\n\n\n<p><strong>5. Conserver dans un endroit frais :<\/strong> Veuillez stocker ce produit dans un environnement \u00e0 l&#039;abri de la lumi\u00e8re directe du soleil et des temp\u00e9ratures \u00e9lev\u00e9es pour \u00e9viter les risques de s\u00e9curit\u00e9.<\/p>\n\n\n\n<h2 class=\"wp-block-heading\">Conclusion<\/h2>\n\n\n\n<p>Gr\u00e2ce \u00e0 ses ingr\u00e9dients naturels, son excellent effet coiffant et ses multiples bienfaits pour le soin, la mousse capillaire naturelle est devenue un produit de coiffure id\u00e9al. Qu&#039;elle soit utilis\u00e9e quotidiennement ou chez un coiffeur professionnel, elle offre une exp\u00e9rience capillaire saine, naturelle et durable.<\/p>","protected":false},"excerpt":{"rendered":"Natural Hair Mousse Manufacturing Common Formulas 3TOP&#8217;s natural is committed to selecting safe, gentle, and effective plant-derived ingredients that do not contain silicone oil, synthetic fragrances, etc., to protect the health of hair and scalp while styling. The common formula of natural hair mousse incorporates a variety of plant active ingredients with repairing, nourishing, and [&hellip;]","protected":false},"featured_media":3464,"menu_order":0,"template":"","meta":[],"product-tag":[],"products":[165],"class_list":["post-3463","product","type-product","status-publish","has-post-thumbnail","hentry","products-hair-mousse"],"acf":[],"_links":{"self":[{"href":"https:\/\/www.ruiqigo.com\/fr\/wp-json\/wp\/v2\/product\/3463","targetHints":{"allow":["GET"]}}],"collection":[{"href":"https:\/\/www.ruiqigo.com\/fr\/wp-json\/wp\/v2\/product"}],"about":[{"href":"https:\/\/www.ruiqigo.com\/fr\/wp-json\/wp\/v2\/types\/product"}],"version-history":[{"count":0,"href":"https:\/\/www.ruiqigo.com\/fr\/wp-json\/wp\/v2\/product\/3463\/revisions"}],"wp:featuredmedia":[{"embeddable":true,"href":"https:\/\/www.ruiqigo.com\/fr\/wp-json\/wp\/v2\/media\/3464"}],"wp:attachment":[{"href":"https:\/\/www.ruiqigo.com\/fr\/wp-json\/wp\/v2\/media?parent=3463"}],"wp:term":[{"taxonomy":"product-tag","embeddable":true,"href":"https:\/\/www.ruiqigo.com\/fr\/wp-json\/wp\/v2\/product-tag?post=3463"},{"taxonomy":"products","embeddable":true,"href":"https:\/\/www.ruiqigo.com\/fr\/wp-json\/wp\/v2\/products?post=3463"}],"curies":[{"name":"wp","href":"https:\/\/api.w.org\/{rel}","templated":true}]}}