{"id":3468,"date":"2025-05-22T11:45:22","date_gmt":"2025-05-22T03:45:22","guid":{"rendered":"https:\/\/www.ruiqigo.com\/?post_type=product&#038;p=3468"},"modified":"2025-05-22T17:49:34","modified_gmt":"2025-05-22T09:49:34","slug":"lavender-laundry-detergent","status":"publish","type":"product","link":"https:\/\/www.ruiqigo.com\/fr\/product\/lavender-laundry-detergent","title":{"rendered":"Lessive \u00e0 la lavande"},"content":{"rendered":"<h2 class=\"wp-block-heading\">Formules courantes de fabrication de lessive \u00e0 la lavande<\/h2>\n\n\n\n<p>En tant que fournisseur professionnel de d\u00e9tergents \u00e0 lessive, nous s\u00e9lectionnons des tensioactifs doux et non irritants, des huiles essentielles v\u00e9g\u00e9tales naturelles et des additifs multifonctionnels pour obtenir les trois effets majeurs d&#039;un nettoyage puissant, d&#039;une protection et d&#039;un adoucissement des couleurs et d&#039;un parfum longue dur\u00e9e, r\u00e9pondant ainsi aux doubles besoins des utilisateurs en mati\u00e8re de puissance de lavage et de protection des v\u00eatements.<\/p>\n\n\n\n<p><strong>1. Huile essentielle de lavande : <\/strong>L&#039;huile essentielle de lavande, extraite naturellement, poss\u00e8de des propri\u00e9t\u00e9s aromatiques apaisantes pour le corps et l&#039;esprit. Une fois adh\u00e9r\u00e9 aux fibres des v\u00eatements, il diffuse un parfum naturel longue dur\u00e9e, poss\u00e8de un effet antibact\u00e9rien et am\u00e9liore la propret\u00e9 et le confort des v\u00eatements.<\/p>\n\n\n\n<p><strong>2. Complexe enzymatique naturel :<\/strong> Il d\u00e9compose les taches de prot\u00e9ines, d&#039;amidon et de graisse gr\u00e2ce \u00e0 des enzymes biologiques. Il est particuli\u00e8rement adapt\u00e9 pour \u00e9liminer les salissures courantes du quotidien, telles que les taches de transpiration et de nourriture, et pour r\u00e9duire les frottements r\u00e9p\u00e9t\u00e9s sur les tissus.<\/p>\n\n\n\n<p><strong>3. Cocamidopropyl b\u00e9ta\u00efne :<\/strong> D\u00e9riv\u00e9 d&#039;huile de coco naturelle, ce tensioactif non ionique doux \u00e9mulsionne efficacement les taches d&#039;huile et am\u00e9liore le pouvoir nettoyant. Il est \u00e9galement tr\u00e8s doux pour la peau et les tissus et n&#039;ab\u00eeme pas les v\u00eatements.<\/p>\n\n\n\n<p><strong>4. Polycarboxylate de sodium : <\/strong>Cet ingr\u00e9dient peut adoucir l&#039;eau et emp\u00eacher le d\u00e9p\u00f4t d&#039;ions calcium et magn\u00e9sium, emp\u00eacher les v\u00eatements de devenir durs, \u00e9liminer les r\u00e9sidus de lavage et aider \u00e0 prolonger la dur\u00e9e de vie des v\u00eatements.<\/p>\n\n\n\n<h2 class=\"wp-block-heading\">Les fonctions de la lessive \u00e0 la lavande<\/h2>\n\n\n\n<p>La lessive \u00e0 la lavande est devenue le premier choix des clients de nombreux secteurs gr\u00e2ce \u00e0 son excellent pouvoir nettoyant, son efficacit\u00e9 pour l&#039;entretien doux des v\u00eatements et son parfum naturel. Qu&#039;il s&#039;agisse du lavage et de l&#039;entretien quotidiens de la maison ou du nettoyage de la literie d&#039;h\u00f4tel, ce produit r\u00e9pond \u00e0 divers besoins de lavage exigeants gr\u00e2ce \u00e0 ses avantages tels que sa faible formation de mousse, son rin\u00e7age facile, sa s\u00e9curit\u00e9 et son respect de l&#039;environnement. Il offre un effet trois-en-un\u00a0: nettoyage, entretien des v\u00eatements et parfum.<\/p>\n\n\n\n<p><strong>1. \u00c9limination efficace des taches : <\/strong>Le d\u00e9tergent \u00e0 lessive \u00e0 la lavande utilise de puissants facteurs actifs d&#039;\u00e9limination des taches, qui peuvent p\u00e9n\u00e9trer profond\u00e9ment dans la fibre pour d\u00e9composer les taches tenaces, y compris les taches de sueur, les taches d&#039;huile, etc. Il a d&#039;excellentes performances de nettoyage et peut consid\u00e9rablement am\u00e9liorer l&#039;efficacit\u00e9 du lavage.<\/p>\n\n\n\n<p><strong>2. Faible mousse et rin\u00e7age facile :<\/strong> La formule peu moussante de la lessive \u00e0 la lavande convient \u00e0 tous les types de machines \u00e0 laver. Elle mousse mod\u00e9r\u00e9ment pendant le lavage, ne laisse aucun r\u00e9sidu et se rince facilement, ce qui permet d&#039;\u00e9conomiser efficacement l&#039;eau et l&#039;\u00e9lectricit\u00e9 et d&#039;am\u00e9liorer l&#039;efficacit\u00e9 globale.<\/p>\n\n\n\n<p><strong>3. Parfum naturel :<\/strong> Le parfum naturel de lavande est frais et apaisant, sans \u00eatre \u00e2cre, et les v\u00eatements conservent leur parfum longtemps apr\u00e8s le lavage. Il convient aux soins maternels et infantiles, au lavage des v\u00eatements et \u00e0 d&#039;autres applications.<\/p>\n\n\n\n<p><strong>4. Respectueux de l\u2019environnement et non irritant :<\/strong> La lessive \u00e0 la lavande ne contient pas d&#039;ingr\u00e9dients nocifs tels que le phosphore et les azurants fluorescents, et r\u00e9pond aux normes de lavage et d&#039;entretien \u00e9cologiques. Ce produit a \u00e9t\u00e9 test\u00e9 pour les irritations cutan\u00e9es, est hypoallerg\u00e9nique et doux, et convient aux personnes \u00e0 la peau sensible.<\/p>\n\n\n\n<p><strong>5. Entretien doux des v\u00eatements :<\/strong> Des ingr\u00e9dients adoucissants pour tissus sont ajout\u00e9s \u00e0 la formule, ce qui peut prot\u00e9ger les fibres des v\u00eatements tout en nettoyant les taches, prolonger la dur\u00e9e de vie des v\u00eatements et \u00e9viter la d\u00e9coloration, la d\u00e9formation et le r\u00e9tr\u00e9cissement.<\/p>\n\n\n\n<h2 class=\"wp-block-heading\">Comment utiliser la lessive \u00e0 la lavande<\/h2>\n\n\n\n<p><strong>1. Lavage en machine : <\/strong>Ajoutez une quantit\u00e9 appropri\u00e9e de lessive en fonction de la capacit\u00e9 de la machine \u00e0 laver et du degr\u00e9 de salet\u00e9 des v\u00eatements, g\u00e9n\u00e9ralement 30 \u00e0 50 ml\/heure, qui peut \u00eatre directement vers\u00e9e dans la bo\u00eete de lessive ou m\u00e9lang\u00e9e \u00e0 de l&#039;eau avant utilisation.<\/p>\n\n\n\n<p><strong>2. Lavage des mains : <\/strong>Ajoutez 5 \u00e0 10 ml de lessive \u00e0 1 L d&#039;eau et diluez et remuez uniform\u00e9ment, faites tremper les v\u00eatements pendant 5 minutes, puis frottez doucement et rincez abondamment \u00e0 l&#039;eau claire.<\/p>\n\n\n\n<p><strong>Recommandation: <\/strong>Peut \u00eatre utilis\u00e9 avec un adoucissant pour am\u00e9liorer la douceur du tissu et la persistance du parfum.<\/p>\n\n\n\n<h2 class=\"wp-block-heading\">Prudence<\/h2>\n\n\n\n<p><strong>1. \u00c9vitez de m\u00e9langer avec d\u2019autres d\u00e9tergents : <\/strong>Le m\u00e9lange avec d&#039;autres produits nettoyants fortement alcalins ou chlor\u00e9s peut alt\u00e9rer l&#039;efficacit\u00e9 du lavage ou provoquer des r\u00e9actions chimiques inutiles. Il est recommand\u00e9 d&#039;utiliser ce produit seul.<\/p>\n\n\n\n<p><strong>2. Ne pas verser directement sur les v\u00eatements : <\/strong>Pour \u00e9viter que la lessive concentr\u00e9e ne laisse des traces sur la surface des v\u00eatements, assurez-vous de la diluer avant utilisation ou de la r\u00e9partir uniform\u00e9ment dans l&#039;eau avant de l&#039;ajouter aux v\u00eatements.<\/p>\n\n\n\n<p><strong>3. \u00c9vitez la lumi\u00e8re directe du soleil : <\/strong>Veuillez sceller le produit et le conserver dans un endroit frais et sec pour \u00e9viter que les ingr\u00e9dients ne se d\u00e9t\u00e9riorent ou que le parfum ne se volatilise.<\/p>\n\n\n\n<p><strong>4. Tenir hors de port\u00e9e des enfants :<\/strong> Pour \u00e9viter que les enfants n&#039;ing\u00e8rent accidentellement ou ne touchent leurs yeux, veuillez le placer hors de port\u00e9e des enfants et fermer le bouchon du flacon \u00e0 temps apr\u00e8s utilisation.<\/p>\n\n\n\n<h2 class=\"wp-block-heading\">Conclusion<\/h2>\n\n\n\n<p>La lessive \u00e0 la lavande est une lessive efficace, au pouvoir nettoyant en profondeur et au parfum naturel, largement utilis\u00e9e pour le linge de tous les jours, la literie d&#039;h\u00f4tel et d&#039;autres usages. Gr\u00e2ce \u00e0 ses nombreux avantages, comme une protection douce des v\u00eatements et un nettoyage efficace, elle r\u00e9pond aux besoins des utilisateurs pour un lavage efficace et s\u00fbr et constitue un choix id\u00e9al pour ceux qui recherchent un nettoyage de qualit\u00e9 et en profondeur.<\/p>","protected":false},"excerpt":{"rendered":"Lavender Laundry Detergent Manufacturing Common Formulas As a professional laundry detergent supplier, we select mild and non-irritating surfactants, natural plant essential oils and multifunctional additives to achieve the three major effects of powerful cleaning, color protection and softening, and long-lasting fragrance, meeting users&#8217; dual needs for washing power and clothing protection. 1. Lavender essential oil: [&hellip;]","protected":false},"featured_media":3469,"menu_order":0,"template":"","meta":[],"product-tag":[],"products":[180],"class_list":["post-3468","product","type-product","status-publish","has-post-thumbnail","hentry","products-laundry-detergent"],"acf":[],"_links":{"self":[{"href":"https:\/\/www.ruiqigo.com\/fr\/wp-json\/wp\/v2\/product\/3468","targetHints":{"allow":["GET"]}}],"collection":[{"href":"https:\/\/www.ruiqigo.com\/fr\/wp-json\/wp\/v2\/product"}],"about":[{"href":"https:\/\/www.ruiqigo.com\/fr\/wp-json\/wp\/v2\/types\/product"}],"version-history":[{"count":0,"href":"https:\/\/www.ruiqigo.com\/fr\/wp-json\/wp\/v2\/product\/3468\/revisions"}],"wp:featuredmedia":[{"embeddable":true,"href":"https:\/\/www.ruiqigo.com\/fr\/wp-json\/wp\/v2\/media\/3469"}],"wp:attachment":[{"href":"https:\/\/www.ruiqigo.com\/fr\/wp-json\/wp\/v2\/media?parent=3468"}],"wp:term":[{"taxonomy":"product-tag","embeddable":true,"href":"https:\/\/www.ruiqigo.com\/fr\/wp-json\/wp\/v2\/product-tag?post=3468"},{"taxonomy":"products","embeddable":true,"href":"https:\/\/www.ruiqigo.com\/fr\/wp-json\/wp\/v2\/products?post=3468"}],"curies":[{"name":"wp","href":"https:\/\/api.w.org\/{rel}","templated":true}]}}